{"id":3501,"date":"2023-10-27T17:19:54","date_gmt":"2023-10-27T09:19:54","guid":{"rendered":"http:\/\/www3.laiko.net\/?post_type=product&#038;p=3501"},"modified":"2023-10-31T16:16:38","modified_gmt":"2023-10-31T08:16:38","slug":"metal-cascade-mini-ring","status":"publish","type":"product","link":"https:\/\/www.laiko.net\/ru\/product\/\u043c\u0435\u0442\u0430\u043b\u043b\u0438\u0447\u0435\u0441\u043a\u043e\u0435-\u043a\u0430\u0441\u043a\u0430\u0434\u043d\u043e\u0435-\u043c\u0438\u043d\u0438-\u043a\u043e\u043b\u044c\u0446\u043e\/","title":{"rendered":"\u041c\u0435\u0442\u0430\u043b\u043b\u0438\u0447\u0435\u0441\u043a\u043e\u0435 \u043a\u0430\u0441\u043a\u0430\u0434\u043d\u043e\u0435 \u043c\u0438\u043d\u0438-\u043a\u043e\u043b\u044c\u0446\u043e"},"content":{"rendered":"<h2>\u041f\u0430\u0440\u0430\u043c\u0435\u0442\u0440\u044b \u043c\u0435\u0442\u0430\u043b\u043b\u0438\u0447\u0435\u0441\u043a\u043e\u0433\u043e \u043a\u0430\u0441\u043a\u0430\u0434\u043d\u043e\u0433\u043e \u043c\u0438\u043d\u0438-\u043a\u043e\u043b\u044c\u0446\u0430<\/h2>\n<div class=\"overflow_x\">\n<table cellspacing=\"0\" cellpadding=\"0\">\n<colgroup>\n<col \/>\n<col \/>\n<col \/>\n<col span=\"6\" \/><\/colgroup>\n<tbody>\n<tr class=\"firstRow\">\n<td rowspan=\"2\" height=\"54\">\u0420\u0430\u0437\u043c\u0435\u0440 \u0443\u043f\u0430\u043a\u043e\u0432\u043a\u0438<\/td>\n<td colspan=\"2\" rowspan=\"2\">\u0420\u0430\u0437\u043c\u0435\u0440 \u043c\u043c (OD*ID*THK)<\/td>\n<td>\u041d\u0430\u0441\u044b\u043f\u043d\u0430\u044f \u043f\u043b\u043e\u0442\u043d\u043e\u0441\u0442\u044c<\/td>\n<td colspan=\"2\">\u041e\u0431\u044a\u0435\u043c\u043d\u043e\u0435 \u043a\u043e\u043b\u0438\u0447\u0435\u0441\u0442\u0432\u043e<\/td>\n<td>\u041a\u043e\u043d\u043a\u0440\u0435\u0442\u043d\u0430\u044f \u043e\u0431\u043b\u0430\u0441\u0442\u044c<\/td>\n<td>\u041f\u0443\u0441\u0442\u043e\u0442\u0430<\/td>\n<td>\u0424\u0430\u043a\u0442\u043e\u0440<\/td>\n<\/tr>\n<tr>\n<td>\u043a\u0433\/\u043c3<\/td>\n<td colspan=\"2\">\u0448\u0442\/\u043c3<\/td>\n<td>\u043c2\/\u043c3<\/td>\n<td>%<\/td>\n<td>m-1<\/td>\n<\/tr>\n<tr>\n<td height=\"19\">0P<\/td>\n<td colspan=\"2\">\u00d817\u00d7\u00d815\u00d7H6\u00d70,3<\/td>\n<td>472<\/td>\n<td colspan=\"2\">530000<\/td>\n<td>427<\/td>\n<td>94<\/td>\n<td>55<\/td>\n<\/tr>\n<tr>\n<td height=\"19\">1P<\/td>\n<td colspan=\"2\">\u00d825\u00d7\u00d822\u00d7H8\u00d70,3<\/td>\n<td>270<\/td>\n<td colspan=\"2\">150000<\/td>\n<td>230<\/td>\n<td>96<\/td>\n<td>40<\/td>\n<\/tr>\n<tr>\n<td height=\"19\">1.5P<\/td>\n<td colspan=\"2\">\u00d834\u00d7\u00d829\u00d7H11\u00d70,3<\/td>\n<td>201<\/td>\n<td colspan=\"2\">60910<\/td>\n<td>198<\/td>\n<td>97<\/td>\n<td>29<\/td>\n<\/tr>\n<tr>\n<td height=\"19\">2P<\/td>\n<td colspan=\"2\">\u00d843\u00d7\u00d838\u00d7H14\u00d70,4<\/td>\n<td>230<\/td>\n<td colspan=\"2\">33170<\/td>\n<td>164<\/td>\n<td>97<\/td>\n<td>22<\/td>\n<\/tr>\n<tr>\n<td height=\"19\">2.5P<\/td>\n<td colspan=\"2\">\u00d851\u00d7\u00d844\u00d7H17\u00d70,4<\/td>\n<td>186<\/td>\n<td colspan=\"2\">17900<\/td>\n<td>127<\/td>\n<td>97<\/td>\n<td>17<\/td>\n<\/tr>\n<tr>\n<td height=\"19\">3P<\/td>\n<td colspan=\"2\">\u00d866\u00d7\u00d857\u00d7H21\u00d70,4<\/td>\n<td>139<\/td>\n<td colspan=\"2\">8800<\/td>\n<td>105<\/td>\n<td>98<\/td>\n<td>14<\/td>\n<\/tr>\n<tr>\n<td height=\"19\">4P<\/td>\n<td colspan=\"2\">\u00d886\u00d7\u00d876\u00d7H29\u00d70,4<\/td>\n<td>143<\/td>\n<td colspan=\"2\">5000<\/td>\n<td>90<\/td>\n<td>98<\/td>\n<td>10<\/td>\n<\/tr>\n<tr>\n<td height=\"19\">5P<\/td>\n<td colspan=\"2\">\u00d8131\u00d7\u00d8118\u00d7H41\u00d70,6<\/td>\n<td>136<\/td>\n<td colspan=\"2\">1480<\/td>\n<td>65<\/td>\n<td>98<\/td>\n<td>7<\/td>\n<\/tr>\n<\/tbody>\n<\/table>\n<\/div>\n<h2>\u041f\u0440\u0435\u0438\u043c\u0443\u0449\u0435\u0441\u0442\u0432\u0430 \u043c\u0435\u0442\u0430\u043b\u043b\u0438\u0447\u0435\u0441\u043a\u043e\u0433\u043e \u043a\u0430\u0441\u043a\u0430\u0434\u043d\u043e\u0433\u043e \u043c\u0438\u043d\u0438-\u043a\u043e\u043b\u044c\u0446\u0430<\/h2>\n<ul class=\"list-paddingleft-2\">\n<li><strong>\u0421\u043d\u0438\u0436\u0435\u043d\u0438\u0435 \u043f\u0435\u0440\u0435\u043f\u0430\u0434\u0430 \u0434\u0430\u0432\u043b\u0435\u043d\u0438\u044f<\/strong><\/li>\n<\/ul>\n<p>\u0423\u043c\u0435\u043d\u044c\u0448\u0435\u043d\u0438\u0435 \u043f\u0435\u0440\u0435\u043f\u0430\u0434\u0430 \u0434\u0430\u0432\u043b\u0435\u043d\u0438\u044f \u043f\u0440\u043e\u0438\u0441\u0445\u043e\u0434\u0438\u0442 \u0431\u043b\u0430\u0433\u043e\u0434\u0430\u0440\u044f \u0442\u043e\u043c\u0443, \u0447\u0442\u043e \u043d\u0430\u0438\u0431\u043e\u043b\u044c\u0448\u0435\u0435 \u043e\u0442\u0432\u0435\u0440\u0441\u0442\u0438\u0435 \u043a\u0430\u0441\u043a\u0430\u0434\u043d\u043e\u0433\u043e \u043c\u0438\u043d\u0438-\u043a\u043e\u043b\u044c\u0446\u0430 \u0440\u0430\u0441\u043f\u043e\u043b\u043e\u0436\u0435\u043d\u043e \u043f\u0440\u0435\u0438\u043c\u0443\u0449\u0435\u0441\u0442\u0432\u0435\u043d\u043d\u043e \u0432 \u043d\u0430\u043f\u0440\u0430\u0432\u043b\u0435\u043d\u0438\u0438 \u043f\u043e\u0442\u043e\u043a\u0430 \u043f\u0430\u0440\u0430\/\u0436\u0438\u0434\u043a\u043e\u0441\u0442\u0438, \u0447\u0442\u043e \u043e\u0431\u0435\u0441\u043f\u0435\u0447\u0438\u0432\u0430\u0435\u0442 \u0435\u0433\u043e \u0431\u0435\u0441\u043f\u0440\u0435\u043f\u044f\u0442\u0441\u0442\u0432\u0435\u043d\u043d\u043e\u0435 \u043f\u0440\u043e\u0445\u043e\u0436\u0434\u0435\u043d\u0438\u0435, \u0430 \u044d\u0442\u043e \u0437\u043d\u0430\u0447\u0438\u0442\u0435\u043b\u044c\u043d\u043e \u0441\u043d\u0438\u0436\u0430\u0435\u0442 \u043f\u0435\u0440\u0435\u043f\u0430\u0434 \u0434\u0430\u0432\u043b\u0435\u043d\u0438\u044f.<\/p>\n<ul class=\"list-paddingleft-2\">\n<li><strong>\u0423\u0432\u0435\u043b\u0438\u0447\u0435\u043d\u0438\u0435 \u043c\u043e\u0449\u043d\u043e\u0441\u0442\u0438 \u0437\u0430\u0432\u043e\u0434\u0430<\/strong><\/li>\n<\/ul>\n<p>\u0423\u0432\u0435\u043b\u0438\u0447\u0435\u043d\u0438\u0435 \u043f\u0440\u043e\u0438\u0437\u0432\u043e\u0434\u0438\u0442\u0435\u043b\u044c\u043d\u043e\u0441\u0442\u0438 \u0443\u0441\u0442\u0430\u043d\u043e\u0432\u043a\u0438 \u044f\u0432\u043b\u044f\u0435\u0442\u0441\u044f \u043f\u0440\u044f\u043c\u044b\u043c \u0441\u043b\u0435\u0434\u0441\u0442\u0432\u0438\u0435\u043c \u0441\u043d\u0438\u0436\u0435\u043d\u0438\u044f \u043f\u0435\u0440\u0435\u043f\u0430\u0434\u0430 \u0434\u0430\u0432\u043b\u0435\u043d\u0438\u044f, \u043a\u043e\u0442\u043e\u0440\u043e\u0435 \u043e\u0431\u0435\u0441\u043f\u0435\u0447\u0438\u0432\u0430\u044e\u0442 \u043a\u0430\u0441\u043a\u0430\u0434\u043d\u044b\u0435 \u043c\u0438\u043d\u0438-\u043a\u043e\u043b\u044c\u0446\u0430, \u0442\u0430\u043a \u043a\u0430\u043a \u043f\u0440\u0438 \u044d\u0442\u043e\u043c \u0440\u0430\u0431\u043e\u0447\u0430\u044f \u0442\u043e\u0447\u043a\u0430 \u0441\u043c\u0435\u0449\u0430\u0435\u0442\u0441\u044f \u0434\u0430\u043b\u044c\u0448\u0435 \u043e\u0442 \u043a\u0440\u0438\u0442\u0438\u0447\u0435\u0441\u043a\u043e\u0439 \u0442\u043e\u0447\u043a\u0438 \u043f\u0435\u0440\u0435\u043f\u0430\u0434\u0430 \u0434\u0430\u0432\u043b\u0435\u043d\u0438\u044f, \u043f\u0440\u0438 \u043a\u043e\u0442\u043e\u0440\u043e\u0439 \u043f\u0440\u043e\u0438\u0441\u0445\u043e\u0434\u0438\u0442 \u0437\u0430\u0442\u043e\u043f\u043b\u0435\u043d\u0438\u0435. \u042d\u0442\u043e\u0442 \u044d\u0444\u0444\u0435\u043a\u0442 \u043e\u0431\u0435\u0441\u043f\u0435\u0447\u0438\u0432\u0430\u0435\u0442 \u0434\u043e\u043f\u043e\u043b\u043d\u0438\u0442\u0435\u043b\u044c\u043d\u0443\u044e \u043e\u0431\u0440\u0430\u0431\u043e\u0442\u043a\u0443 \u043f\u0430\u0440\u043e\u0432\/\u0436\u0438\u0434\u043a\u043e\u0441\u0442\u0435\u0439 \u0438, \u0441\u043b\u0435\u0434\u043e\u0432\u0430\u0442\u0435\u043b\u044c\u043d\u043e, \u043f\u043e\u0432\u044b\u0448\u0430\u0435\u0442 \u043f\u0440\u043e\u0438\u0437\u0432\u043e\u0434\u0438\u0442\u0435\u043b\u044c\u043d\u043e\u0441\u0442\u044c \u0443\u0441\u0442\u0430\u043d\u043e\u0432\u043a\u0438.<\/p>\n<ul class=\"list-paddingleft-2\">\n<li><strong>\u041f\u043e\u0432\u044b\u0448\u0435\u043d\u043d\u0430\u044f \u0443\u0441\u0442\u043e\u0439\u0447\u0438\u0432\u043e\u0441\u0442\u044c \u043a \u043e\u0431\u0440\u0430\u0437\u043e\u0432\u0430\u043d\u0438\u044e \u043d\u0430\u0433\u0430\u0440\u0430<\/strong><\/li>\n<\/ul>\n<p>\u041f\u043e\u0432\u044b\u0448\u0435\u043d\u043d\u0430\u044f \u0443\u0441\u0442\u043e\u0439\u0447\u0438\u0432\u043e\u0441\u0442\u044c \u043a \u043e\u0431\u0440\u0430\u0437\u043e\u0432\u0430\u043d\u0438\u044e \u043d\u0430\u0433\u0430\u0440\u0430 \u0434\u043e\u0441\u0442\u0438\u0433\u0430\u0435\u0442\u0441\u044f \u0437\u0430 \u0441\u0447\u0435\u0442 \u043d\u0430\u043f\u0440\u0430\u0432\u043b\u0435\u043d\u043d\u043e\u0433\u043e \u0440\u0430\u0441\u043f\u043e\u043b\u043e\u0436\u0435\u043d\u0438\u044f \u043a\u043e\u043b\u0435\u0446 (\u043d\u0430\u0438\u0431\u043e\u043b\u044c\u0448\u0435\u0435 \u043e\u0442\u0432\u0435\u0440\u0441\u0442\u0438\u0435 \u0432 \u043d\u0430\u043f\u0440\u0430\u0432\u043b\u0435\u043d\u0438\u0438 \u043f\u043e\u0442\u043e\u043a\u0430), \u0442\u0430\u043a \u043a\u0430\u043a \u0442\u0432\u0435\u0440\u0434\u044b\u0435 \u0447\u0430\u0441\u0442\u0438\u0446\u044b, \u043f\u043e\u043f\u0430\u0434\u0430\u044e\u0449\u0438\u0435 \u0432 \u043d\u0430\u0431\u0438\u0432\u043d\u043e\u0439 \u0441\u043b\u043e\u0439, \u043b\u0435\u0433\u0447\u0435 \u0432\u044b\u043c\u044b\u0432\u0430\u044e\u0442\u0441\u044f \u0447\u0435\u0440\u0435\u0437 \u043c\u0430\u0442\u0440\u0438\u0446\u0443 \u043d\u0430\u0431\u0438\u0432\u043a\u0438.<\/p>\n<ul class=\"list-paddingleft-2\">\n<li><strong>\u041f\u043e\u0432\u044b\u0448\u0435\u043d\u0438\u0435 \u044d\u0444\u0444\u0435\u043a\u0442\u0438\u0432\u043d\u043e\u0441\u0442\u0438 \u044d\u043a\u0441\u043f\u043b\u0443\u0430\u0442\u0430\u0446\u0438\u0438<\/strong><\/li>\n<\/ul>\n<p>\u0411\u043e\u043b\u0435\u0435 \u0432\u044b\u0441\u043e\u043a\u0430\u044f \u044d\u0444\u0444\u0435\u043a\u0442\u0438\u0432\u043d\u043e\u0441\u0442\u044c \u0440\u0430\u0431\u043e\u0442\u044b \u043e\u0431\u0443\u0441\u043b\u043e\u0432\u043b\u0435\u043d\u0430 \u043f\u0440\u0435\u0438\u043c\u0443\u0449\u0435\u0441\u0442\u0432\u0435\u043d\u043d\u043e\u0439 \u043e\u0440\u0438\u0435\u043d\u0442\u0430\u0446\u0438\u0435\u0439, \u0431\u043b\u0430\u0433\u043e\u0434\u0430\u0440\u044f \u043a\u043e\u0442\u043e\u0440\u043e\u0439 \u0431\u043e\u043b\u044c\u0448\u0430\u044f \u0447\u0430\u0441\u0442\u044c \u043f\u043e\u0432\u0435\u0440\u0445\u043d\u043e\u0441\u0442\u0438 \u043a\u043e\u043b\u044c\u0446\u0430 \u0440\u0430\u0441\u043f\u043e\u043b\u0430\u0433\u0430\u0435\u0442\u0441\u044f \u0432\u0435\u0440\u0442\u0438\u043a\u0430\u043b\u044c\u043d\u043e, \u0430 \u043d\u0435 \u0433\u043e\u0440\u0438\u0437\u043e\u043d\u0442\u0430\u043b\u044c\u043d\u043e, \u0447\u0442\u043e \u0442\u0430\u043a\u0436\u0435 \u0431\u043b\u0430\u0433\u043e\u043f\u0440\u0438\u044f\u0442\u043d\u043e \u0441\u043a\u0430\u0437\u044b\u0432\u0430\u0435\u0442\u0441\u044f \u043d\u0430 \u043c\u0430\u0441\u0441\u043e\u043e\u0431\u043c\u0435\u043d\u0435. \u0412\u044b\u0441\u043e\u043a\u0430\u044f \u044d\u0444\u0444\u0435\u043a\u0442\u0438\u0432\u043d\u043e\u0441\u0442\u044c \u0437\u0430\u0432\u0438\u0441\u0438\u0442 \u043e\u0442 \u0442\u043e\u0433\u043e, \u043d\u0430\u0441\u043a\u043e\u043b\u044c\u043a\u043e \u044d\u0444\u0444\u0435\u043a\u0442\u0438\u0432\u043d\u043e \u0441\u043c\u0430\u0447\u0438\u0432\u0430\u0435\u0442\u0441\u044f \u043a\u0430\u043a \u043c\u043e\u0436\u043d\u043e \u0431\u043e\u043b\u044c\u0448\u0430\u044f \u043f\u043b\u043e\u0449\u0430\u0434\u044c \u043f\u043e\u0432\u0435\u0440\u0445\u043d\u043e\u0441\u0442\u0438.<\/p>","protected":false},"excerpt":{"rendered":"<p>\u041c\u0435\u0442\u0430\u043b\u043b\u0438\u0447\u0435\u0441\u043a\u043e\u0435 \u043a\u0430\u0441\u043a\u0430\u0434\u043d\u043e\u0435 \u043c\u0438\u043d\u0438\u043a\u043e\u043b\u044c\u0446\u043e - \u044d\u0442\u043e \u043d\u043e\u0432\u044b\u0439 \u0442\u0438\u043f \u0434\u044b\u0440\u0447\u0430\u0442\u043e\u0439 \u0443\u043f\u0430\u043a\u043e\u0432\u043a\u0438, \u0438\u0437\u0434\u0435\u043b\u0438\u0435 \u043e\u0431\u043b\u0430\u0434\u0430\u0435\u0442 \u0442\u0430\u043a\u0438\u043c\u0438 \u0441\u0432\u043e\u0439\u0441\u0442\u0432\u0430\u043c\u0438, \u043a\u0430\u043a \u0442\u043e\u043d\u043a\u0430\u044f \u0441\u0442\u0435\u043d\u043a\u0430, \u0442\u0435\u0440\u043c\u043e\u0441\u0442\u043e\u0439\u043a\u043e\u0441\u0442\u044c, \u0431\u043e\u043b\u044c\u0448\u043e\u0439 \u0441\u0432\u043e\u0431\u043e\u0434\u043d\u044b\u0439 \u043e\u0431\u044a\u0435\u043c, \u0432\u044b\u0441\u043e\u043a\u0430\u044f \u0435\u043c\u043a\u043e\u0441\u0442\u044c, \u043d\u0438\u0437\u043a\u043e\u0435 \u0441\u043e\u043f\u0440\u043e\u0442\u0438\u0432\u043b\u0435\u043d\u0438\u0435, \u0432\u044b\u0441\u043e\u043a\u0430\u044f \u044d\u0444\u0444\u0435\u043a\u0442\u0438\u0432\u043d\u043e\u0441\u0442\u044c \u0440\u0430\u0437\u0434\u0435\u043b\u0435\u043d\u0438\u044f \u0438 \u0442.\u0434.<\/p>","protected":false},"featured_media":2813,"template":"","meta":{"_seopress_robots_primary_cat":"","_monsterinsights_skip_tracking":false,"_monsterinsights_sitenote_active":false,"_monsterinsights_sitenote_note":"","_monsterinsights_sitenote_category":0,"_joinchat":[]},"product_cat":[88,103],"product_tag":[],"class_list":["post-3501","product","type-product","status-publish","has-post-thumbnail","hentry","product_cat-cascade-ring-packing","product_cat-metal-tower-packing"],"featured_image_urls":{"full":["https:\/\/www.laiko.net\/wp-content\/uploads\/2023\/10\/frc-76179148814e745a7c39e57d1b4eee4d.jpg",600,350,false],"thumbnail":["https:\/\/www.laiko.net\/wp-content\/uploads\/2023\/10\/frc-76179148814e745a7c39e57d1b4eee4d-150x150.jpg",150,150,true],"medium":["https:\/\/www.laiko.net\/wp-content\/uploads\/2023\/10\/frc-76179148814e745a7c39e57d1b4eee4d-300x175.jpg",300,175,true],"medium_large":["https:\/\/www.laiko.net\/wp-content\/uploads\/2023\/10\/frc-76179148814e745a7c39e57d1b4eee4d.jpg",600,350,false],"large":["https:\/\/www.laiko.net\/wp-content\/uploads\/2023\/10\/frc-76179148814e745a7c39e57d1b4eee4d.jpg",600,350,false],"1536x1536":["https:\/\/www.laiko.net\/wp-content\/uploads\/2023\/10\/frc-76179148814e745a7c39e57d1b4eee4d.jpg",600,350,false],"2048x2048":["https:\/\/www.laiko.net\/wp-content\/uploads\/2023\/10\/frc-76179148814e745a7c39e57d1b4eee4d.jpg",600,350,false],"trp-custom-language-flag":["https:\/\/www.laiko.net\/wp-content\/uploads\/2023\/10\/frc-76179148814e745a7c39e57d1b4eee4d.jpg",18,12,false],"woocommerce_thumbnail":["https:\/\/www.laiko.net\/wp-content\/uploads\/2023\/10\/frc-76179148814e745a7c39e57d1b4eee4d-300x175.jpg",300,175,true],"woocommerce_single":["https:\/\/www.laiko.net\/wp-content\/uploads\/2023\/10\/frc-76179148814e745a7c39e57d1b4eee4d.jpg",600,350,false],"woocommerce_gallery_thumbnail":["https:\/\/www.laiko.net\/wp-content\/uploads\/2023\/10\/frc-76179148814e745a7c39e57d1b4eee4d-100x100.jpg",100,100,true]},"post_excerpt_stackable":"<p>Metal cascade mini ring is a new type of hole-type packing, the product has features such as thin wall, heat resistant, high free volume, high capacity, low resistance, high separation efficiency and so on.<\/p>\n","category_list":"","author_info":{"name":"","url":""},"comments_num":"0 \u043a\u043e\u043c\u043c\u0435\u043d\u0442\u0430\u0440\u0438\u0435\u0432","_links":{"self":[{"href":"https:\/\/www.laiko.net\/ru\/wp-json\/wp\/v2\/product\/3501","targetHints":{"allow":["GET"]}}],"collection":[{"href":"https:\/\/www.laiko.net\/ru\/wp-json\/wp\/v2\/product"}],"about":[{"href":"https:\/\/www.laiko.net\/ru\/wp-json\/wp\/v2\/types\/product"}],"wp:featuredmedia":[{"embeddable":true,"href":"https:\/\/www.laiko.net\/ru\/wp-json\/wp\/v2\/media\/2813"}],"wp:attachment":[{"href":"https:\/\/www.laiko.net\/ru\/wp-json\/wp\/v2\/media?parent=3501"}],"wp:term":[{"taxonomy":"product_cat","embeddable":true,"href":"https:\/\/www.laiko.net\/ru\/wp-json\/wp\/v2\/product_cat?post=3501"},{"taxonomy":"product_tag","embeddable":true,"href":"https:\/\/www.laiko.net\/ru\/wp-json\/wp\/v2\/product_tag?post=3501"}],"curies":[{"name":"wp","href":"https:\/\/api.w.org\/{rel}","templated":true}]}}