{"id":3764,"date":"2023-10-31T16:32:14","date_gmt":"2023-10-31T08:32:14","guid":{"rendered":"http:\/\/www3.laiko.net\/?post_type=product&#038;p=3764"},"modified":"2023-10-31T16:36:18","modified_gmt":"2023-10-31T08:36:18","slug":"tri-pack","status":"publish","type":"product","link":"https:\/\/www.laiko.net\/pt\/produto\/embalagem-tripla\/","title":{"rendered":"Tri Pack"},"content":{"rendered":"<h2>Par\u00e2metros do Tri Pack<\/h2>\n<div class=\"overflow_x\">\n<table>\n<tbody>\n<tr class=\"firstRow\">\n<td colspan=\"2\" height=\"14\">Tamanho em polegadas<\/td>\n<td colspan=\"2\" height=\"14\">1<\/td>\n<td colspan=\"2\" height=\"14\">2<\/td>\n<td colspan=\"2\" height=\"14\">3 1\/2<\/td>\n<\/tr>\n<tr>\n<td colspan=\"2\" height=\"14\">\u00c1rea de superf\u00edcie geom\u00e9trica (ft2\/ft3)<\/td>\n<td colspan=\"2\" height=\"14\">85<\/td>\n<td colspan=\"2\" height=\"14\">48<\/td>\n<td colspan=\"2\" height=\"14\">38<\/td>\n<\/tr>\n<tr>\n<td colspan=\"2\" height=\"14\">Fator de embalagem<\/td>\n<td colspan=\"2\" height=\"14\">28<\/td>\n<td colspan=\"2\" height=\"14\">16<\/td>\n<td colspan=\"2\" height=\"14\">12<\/td>\n<\/tr>\n<tr>\n<td colspan=\"2\" height=\"14\">Ra\u00e7\u00e3o de vazio (%)<\/td>\n<td colspan=\"2\" height=\"14\">90<\/td>\n<td colspan=\"2\" height=\"14\">93.5<\/td>\n<td colspan=\"2\" height=\"14\">95<\/td>\n<\/tr>\n<tr>\n<td colspan=\"2\" height=\"14\">Peso (lb\/ft3)<\/td>\n<td colspan=\"2\" height=\"14\">6.2<\/td>\n<td colspan=\"2\" height=\"14\">4.2<\/td>\n<td colspan=\"2\" height=\"14\">3.3<\/td>\n<\/tr>\n<tr>\n<td colspan=\"2\" height=\"14\">N\u00famero\/ft3<\/td>\n<td colspan=\"2\" height=\"14\">2300<\/td>\n<td colspan=\"2\" height=\"14\">380<\/td>\n<td colspan=\"2\" height=\"14\">48<\/td>\n<\/tr>\n<\/tbody>\n<\/table>\n<\/div>\n<h2>Vantagens do Tri Pack<\/h2>\n<ul class=\"list-paddingleft-2\">\n<li>Elevada efici\u00eancia de lavagem<\/li>\n<li>Profundidade total m\u00ednima de embalagem necess\u00e1ria<\/li>\n<li>Tratamento da \u00e1gua<\/li>\n<li>Transfer\u00eancia de calor<\/li>\n<\/ul>\n<h2>Caracter\u00edsticas das jaeger tri packs<\/h2>\n<p>O acondicionamento de colunas Tri-Pack foi concebido com v\u00e1rias vantagens, especialmente quando comparado com outras op\u00e7\u00f5es. As vantagens do tri-pack incluem:<\/p>\n<ul class=\"list-paddingleft-2\">\n<li>Grande \u00e1rea de superf\u00edcie. A sua forma esf\u00e9rica proporciona uma rela\u00e7\u00e3o mais eficaz entre a \u00e1rea de superf\u00edcie e o vazio do que um anel pall, o que resulta numa grande \u00e1rea de superf\u00edcie ativa.<\/li>\n<li>Queda de press\u00e3o extremamente baixa, distribui\u00e7\u00e3o uniforme de g\u00e1s e l\u00edquido. Os suportes, barras de gotejamento e nervuras exclusivos permitem que o enchimento do purificador tri-pack mantenha uma distribui\u00e7\u00e3o uniforme do l\u00edquido em todo o leito. Proporciona uma queda de press\u00e3o extremamente baixa e maximiza a capacidade de funcionamento.<\/li>\n<li>F\u00e1cil de instalar, evita a forma\u00e7\u00e3o de ninhos e \u00e9 mais f\u00e1cil de separar. Uma vez que o tri-pack n\u00e3o tem superf\u00edcies planas ou pequenas aberturas para reter part\u00edculas, h\u00e1 pouca aglomera\u00e7\u00e3o ou assentamento, o que facilita a remo\u00e7\u00e3o e instala\u00e7\u00e3o desta embalagem.<\/li>\n<li>O empacotamento triplo evita bloqueios de compress\u00e3o e pontos secos que causam passagens de ar e l\u00edquido, que s\u00e3o comuns em empacotamentos mais tradicionais e reduzem a efici\u00eancia do meio.<\/li>\n<li>O empacotamento em torre Tri-Packs tamb\u00e9m elimina as po\u00e7as de \u00e1gua porque n\u00e3o tem cantos e vales e minimiza o desperd\u00edcio de l\u00edquido que escorre pela superf\u00edcie da parede.<\/li>\n<li>Os tri-packs redondos geram dados de desempenho previs\u00edveis que ajudam na conce\u00e7\u00e3o da coluna.<\/li>\n<\/ul>\n<h2>Materiais dispon\u00edveis para a coluna de tri-packs<\/h2>\n<h2>As embalagens incluem:<\/h2>\n<p>Polipropileno (PP).<\/p>\n<p>Polietileno (PE).<\/p>\n<p>Cloreto de polivinilo (PVC).<\/p>\n<p>Cloreto de polivinilo clorado (CPVC).<\/p>\n<p>Fluoreto de polivinilideno (PVDF).<\/p>\n<p>Polipropileno refor\u00e7ado (RPP).<\/p>\n<h2>Aplica\u00e7\u00f5es do tri-pack de pl\u00e1stico<\/h2>\n<p>Como um fabricante experiente de tri-packs, a Naike Chemical oferece tri-packs que s\u00e3o normalmente utilizados em servi\u00e7os e aplica\u00e7\u00f5es de polui\u00e7\u00e3o da \u00e1gua e do ar. Por exemplo, lavagem, destila\u00e7\u00e3o, decapagem, tratamento biol\u00f3gico, remo\u00e7\u00e3o de n\u00e9voa, separa\u00e7\u00e3o de g\u00e1s e l\u00edquido, e torres de arrefecimento.<\/p>","protected":false},"excerpt":{"rendered":"<p>O enchimento da torre Tri Pack em pl\u00e1stico proporciona um contacto superficial m\u00e1ximo entre o g\u00e1s e o l\u00edquido de lavagem, facilitando a forma\u00e7\u00e3o cont\u00ednua de got\u00edculas em todo o leito de enchimento. Isto resulta numa elevada efici\u00eancia de depura\u00e7\u00e3o e minimiza a profundidade total do enchimento necess\u00e1rio.<\/p>\n<p>Tri-pack \u00e9 tamb\u00e9m conhecido como embalagem Hackectten, foi desenvolvido em 1978 por R.A.Jaeger. O Tri-pack \u00e9 composto por muitos ramos de grelha, devido \u00e0 sua forma esf\u00e9rica \u00fanica, \u00e9 f\u00e1cil de molhar e formar uma membrana l\u00edquida na superf\u00edcie, reduzir a resist\u00eancia do fluxo de ar atrav\u00e9s do corpo do leito, especialmente adequado para absor\u00e7\u00e3o de g\u00e1s, dispositivo de purifica\u00e7\u00e3o de gases de escape, permitir a aplica\u00e7\u00e3o a baixa carga l\u00edquida<\/p>","protected":false},"featured_media":1354,"template":"","meta":{"_seopress_robots_primary_cat":"","_monsterinsights_skip_tracking":false,"_monsterinsights_sitenote_active":false,"_monsterinsights_sitenote_note":"","_monsterinsights_sitenote_category":0,"_joinchat":[]},"product_cat":[104],"product_tag":[],"class_list":["post-3764","product","type-product","status-publish","has-post-thumbnail","hentry","product_cat-plastic-tower-packing"],"featured_image_urls":{"full":["https:\/\/www.laiko.net\/wp-content\/uploads\/2023\/10\/frc-a8ae794df32c6d8e3e0acf27f05aff56.jpg",600,350,false],"thumbnail":["https:\/\/www.laiko.net\/wp-content\/uploads\/2023\/10\/frc-a8ae794df32c6d8e3e0acf27f05aff56-150x150.jpg",150,150,true],"medium":["https:\/\/www.laiko.net\/wp-content\/uploads\/2023\/10\/frc-a8ae794df32c6d8e3e0acf27f05aff56-300x175.jpg",300,175,true],"medium_large":["https:\/\/www.laiko.net\/wp-content\/uploads\/2023\/10\/frc-a8ae794df32c6d8e3e0acf27f05aff56.jpg",600,350,false],"large":["https:\/\/www.laiko.net\/wp-content\/uploads\/2023\/10\/frc-a8ae794df32c6d8e3e0acf27f05aff56.jpg",600,350,false],"1536x1536":["https:\/\/www.laiko.net\/wp-content\/uploads\/2023\/10\/frc-a8ae794df32c6d8e3e0acf27f05aff56.jpg",600,350,false],"2048x2048":["https:\/\/www.laiko.net\/wp-content\/uploads\/2023\/10\/frc-a8ae794df32c6d8e3e0acf27f05aff56.jpg",600,350,false],"trp-custom-language-flag":["https:\/\/www.laiko.net\/wp-content\/uploads\/2023\/10\/frc-a8ae794df32c6d8e3e0acf27f05aff56.jpg",18,12,false],"woocommerce_thumbnail":["https:\/\/www.laiko.net\/wp-content\/uploads\/2023\/10\/frc-a8ae794df32c6d8e3e0acf27f05aff56-300x175.jpg",300,175,true],"woocommerce_single":["https:\/\/www.laiko.net\/wp-content\/uploads\/2023\/10\/frc-a8ae794df32c6d8e3e0acf27f05aff56.jpg",600,350,false],"woocommerce_gallery_thumbnail":["https:\/\/www.laiko.net\/wp-content\/uploads\/2023\/10\/frc-a8ae794df32c6d8e3e0acf27f05aff56-100x100.jpg",100,100,true]},"post_excerpt_stackable":"<p>Plastic Tri Pack tower packing provides maximum surface contact between the gas and the scrubbing liquid by facilitating continuous formation of droplets throughout the packed bed. This results in high scrubbing efficiency, and minimizes total packing depth required.<\/p>\n<p>Tri-pack is also known as Hackectten packing, was developed in 1978 by R.A.Jaeger. Tri-pack is composed of many branches of grille, because of the unique spherical shape, it is easy to be wetting and form a liquid membrane on the surface, reduce the resistance of the airflow through the bed body, especially suitable for gas absorption, exhaust gas purification device, \u00a0enable to apply at low liquid load<\/p>\n","category_list":"","author_info":{"name":"","url":""},"comments_num":"0 comments","_links":{"self":[{"href":"https:\/\/www.laiko.net\/pt\/wp-json\/wp\/v2\/product\/3764","targetHints":{"allow":["GET"]}}],"collection":[{"href":"https:\/\/www.laiko.net\/pt\/wp-json\/wp\/v2\/product"}],"about":[{"href":"https:\/\/www.laiko.net\/pt\/wp-json\/wp\/v2\/types\/product"}],"wp:featuredmedia":[{"embeddable":true,"href":"https:\/\/www.laiko.net\/pt\/wp-json\/wp\/v2\/media\/1354"}],"wp:attachment":[{"href":"https:\/\/www.laiko.net\/pt\/wp-json\/wp\/v2\/media?parent=3764"}],"wp:term":[{"taxonomy":"product_cat","embeddable":true,"href":"https:\/\/www.laiko.net\/pt\/wp-json\/wp\/v2\/product_cat?post=3764"},{"taxonomy":"product_tag","embeddable":true,"href":"https:\/\/www.laiko.net\/pt\/wp-json\/wp\/v2\/product_tag?post=3764"}],"curies":[{"name":"wp","href":"https:\/\/api.w.org\/{rel}","templated":true}]}}