{"id":3543,"date":"2023-10-28T15:51:42","date_gmt":"2023-10-28T07:51:42","guid":{"rendered":"http:\/\/www3.laiko.net\/?post_type=product&#038;p=3543"},"modified":"2023-11-10T15:33:06","modified_gmt":"2023-11-10T07:33:06","slug":"porous-ceramic-ball","status":"publish","type":"product","link":"https:\/\/www.laiko.net\/pt\/produto\/bola-de-ceramica-porosa\/","title":{"rendered":"Bola de cer\u00e2mica"},"content":{"rendered":"<p>A esfera de cer\u00e2mica de alumina \u00e9 amplamente utilizada na ind\u00fastria petroqu\u00edmica, na ind\u00fastria qu\u00edmica, na ind\u00fastria de fertilizantes, na ind\u00fastria de g\u00e1s natural e na prote\u00e7\u00e3o do ambiente, etc., que funciona principalmente como material de cobertura e de apoio para o catalisador em torres de rea\u00e7\u00e3o. O seu papel principal \u00e9 acelerar a distribui\u00e7\u00e3o do g\u00e1s ou do l\u00edquido e apoiar ou proteger o catalisador ativo, que tem uma resist\u00eancia mec\u00e2nica significativamente inferior.<\/p>\n<h2>Par\u00e2metros da bola de cer\u00e2mica<\/h2>\n<table width=\"360\">\n<tbody>\n<tr>\n<td colspan=\"2\" width=\"144\">Nome do produto Item<\/td>\n<td colspan=\"3\" width=\"216\">Esfera de cer\u00e2mica (tipo normal)<\/td>\n<\/tr>\n<tr>\n<td colspan=\"2\" width=\"144\">Di\u00e2metro (\u03a6)mm<\/td>\n<td colspan=\"3\" width=\"216\">3,6,8,10<\/td>\n<\/tr>\n<tr>\n<td colspan=\"2\" width=\"144\">Al2O3<\/td>\n<td colspan=\"3\" width=\"216\">17-23%<\/td>\n<\/tr>\n<tr>\n<td colspan=\"2\" width=\"144\">Al2O3 +SiO2(%)<\/td>\n<td colspan=\"3\" width=\"216\">\u226592%<\/td>\n<\/tr>\n<tr>\n<td colspan=\"2\" width=\"144\">Fe2O3(%)<\/td>\n<td colspan=\"3\" width=\"216\">\uff1c1%<\/td>\n<\/tr>\n<tr>\n<td colspan=\"2\" width=\"144\">CaO (%)<\/td>\n<td colspan=\"3\" width=\"216\">\uff1c1.5%<\/td>\n<\/tr>\n<tr>\n<td colspan=\"2\" width=\"144\">MgO(%)<\/td>\n<td colspan=\"3\" width=\"216\">\uff1c2.5%<\/td>\n<\/tr>\n<tr>\n<td colspan=\"2\" width=\"144\">K2O+Na2O(%)<\/td>\n<td colspan=\"3\" width=\"216\">\uff1c4.0%<\/td>\n<\/tr>\n<tr>\n<td colspan=\"2\" width=\"144\">TiO2 (%)<\/td>\n<td colspan=\"3\" width=\"216\">\uff1c0.5%<\/td>\n<\/tr>\n<tr>\n<td colspan=\"2\" width=\"144\">Absor\u00e7\u00e3o de \u00e1gua<\/td>\n<td colspan=\"3\" width=\"216\">\uff1c3%<\/td>\n<\/tr>\n<tr>\n<td colspan=\"2\" width=\"144\">Resist\u00eancia aos \u00e1cidos<\/td>\n<td colspan=\"3\" width=\"216\">\uff1e98%<\/td>\n<\/tr>\n<tr>\n<td colspan=\"2\" width=\"144\">Resist\u00eancia aos \u00e1lcalis<\/td>\n<td colspan=\"3\" width=\"216\">\uff1e80%<\/td>\n<\/tr>\n<tr>\n<td colspan=\"2\" width=\"144\">Temperatura de funcionamento (\u00b0C)<\/td>\n<td colspan=\"3\" width=\"216\">\uff1e980<\/td>\n<\/tr>\n<tr>\n<td colspan=\"2\" width=\"144\">Resist\u00eancia \u00e0 fragmenta\u00e7\u00e3o (\u00b0C)<\/td>\n<td colspan=\"3\" width=\"216\">\uff1e300<\/td>\n<\/tr>\n<tr>\n<td colspan=\"2\" width=\"144\">Gravidade (g\/cm3)<\/td>\n<td colspan=\"3\">2.3-2.4<\/td>\n<\/tr>\n<tr>\n<td colspan=\"2\" width=\"144\">Dureza de Mohs M\u00e1x.<\/td>\n<td colspan=\"3\" width=\"216\">6.5<\/td>\n<\/tr>\n<\/tbody>\n<\/table>","protected":false},"excerpt":{"rendered":"<p>A bola de cer\u00e2mica \/ bola de cer\u00e2mica inerte tem caracter\u00edsticas qu\u00edmicas est\u00e1veis e uma baixa taxa de absor\u00e7\u00e3o de \u00e1gua, resistente a altas temperaturas e altas press\u00f5es. Tamb\u00e9m \u00e9 resistente \u00e0 corros\u00e3o de \u00e1cidos, \u00e1lcalis e alguns outros solventes org\u00e2nicos. Podem suportar as r\u00e1pidas mudan\u00e7as de temperatura durante o processo de fabrico.<\/p>\n<p>&nbsp;<\/p>","protected":false},"featured_media":4021,"template":"","meta":{"_seopress_robots_primary_cat":"","_monsterinsights_skip_tracking":false,"_monsterinsights_sitenote_active":false,"_monsterinsights_sitenote_note":"","_monsterinsights_sitenote_category":0,"_joinchat":[]},"product_cat":[84,102],"product_tag":[],"class_list":["post-3543","product","type-product","status-publish","has-post-thumbnail","hentry","product_cat-ceramic-ball","product_cat-ceramic-tower-packing"],"featured_image_urls":{"full":["https:\/\/www.laiko.net\/wp-content\/uploads\/2023\/10\/ceramic-ball-4.jpg",600,350,false],"thumbnail":["https:\/\/www.laiko.net\/wp-content\/uploads\/2023\/10\/ceramic-ball-4-150x150.jpg",150,150,true],"medium":["https:\/\/www.laiko.net\/wp-content\/uploads\/2023\/10\/ceramic-ball-4-300x175.jpg",300,175,true],"medium_large":["https:\/\/www.laiko.net\/wp-content\/uploads\/2023\/10\/ceramic-ball-4.jpg",600,350,false],"large":["https:\/\/www.laiko.net\/wp-content\/uploads\/2023\/10\/ceramic-ball-4.jpg",600,350,false],"1536x1536":["https:\/\/www.laiko.net\/wp-content\/uploads\/2023\/10\/ceramic-ball-4.jpg",600,350,false],"2048x2048":["https:\/\/www.laiko.net\/wp-content\/uploads\/2023\/10\/ceramic-ball-4.jpg",600,350,false],"trp-custom-language-flag":["https:\/\/www.laiko.net\/wp-content\/uploads\/2023\/10\/ceramic-ball-4.jpg",18,12,false],"woocommerce_thumbnail":["https:\/\/www.laiko.net\/wp-content\/uploads\/2023\/10\/ceramic-ball-4-300x175.jpg",300,175,true],"woocommerce_single":["https:\/\/www.laiko.net\/wp-content\/uploads\/2023\/10\/ceramic-ball-4.jpg",600,350,false],"woocommerce_gallery_thumbnail":["https:\/\/www.laiko.net\/wp-content\/uploads\/2023\/10\/ceramic-ball-4-100x100.jpg",100,100,true]},"post_excerpt_stackable":"<p>Ceramic Ball \/Inert Ceramic Ball has stable chemical features and a low rate of water absorption, resistant to high temperature and high pressure. It is also resistant to the corrosion of acid, alkali and some other organic solvents. They can stand the rapid changes in temperature during the manufacturing process.<\/p>\n<p>&nbsp;<\/p>\n","category_list":"","author_info":{"name":"","url":""},"comments_num":"0 comments","_links":{"self":[{"href":"https:\/\/www.laiko.net\/pt\/wp-json\/wp\/v2\/product\/3543","targetHints":{"allow":["GET"]}}],"collection":[{"href":"https:\/\/www.laiko.net\/pt\/wp-json\/wp\/v2\/product"}],"about":[{"href":"https:\/\/www.laiko.net\/pt\/wp-json\/wp\/v2\/types\/product"}],"wp:featuredmedia":[{"embeddable":true,"href":"https:\/\/www.laiko.net\/pt\/wp-json\/wp\/v2\/media\/4021"}],"wp:attachment":[{"href":"https:\/\/www.laiko.net\/pt\/wp-json\/wp\/v2\/media?parent=3543"}],"wp:term":[{"taxonomy":"product_cat","embeddable":true,"href":"https:\/\/www.laiko.net\/pt\/wp-json\/wp\/v2\/product_cat?post=3543"},{"taxonomy":"product_tag","embeddable":true,"href":"https:\/\/www.laiko.net\/pt\/wp-json\/wp\/v2\/product_tag?post=3543"}],"curies":[{"name":"wp","href":"https:\/\/api.w.org\/{rel}","templated":true}]}}