{"id":3542,"date":"2023-10-28T15:49:15","date_gmt":"2023-10-28T07:49:15","guid":{"rendered":"http:\/\/www3.laiko.net\/?post_type=product&#038;p=3542"},"modified":"2023-11-10T15:48:04","modified_gmt":"2023-11-10T07:48:04","slug":"high-alumina-ball","status":"publish","type":"product","link":"https:\/\/www.laiko.net\/pt\/produto\/bola-de-alta-alumina\/","title":{"rendered":"Esfera de alta alumina"},"content":{"rendered":"<h2>Vis\u00e3o geral da esfera de moagem de alta alumina<\/h2>\n<p>A alumina activada \u00e9 um tipo importante de\u00a0<a href=\"https:\/\/www.laiko.net\/products\/ceramic-ball\/\" target=\"_self\" rel=\"noopener\">material de embalagem em cer\u00e2mica<\/a>\u00a0que tem as vantagens de uma grande \u00e1rea de superf\u00edcie, muitos microporos, boa dispers\u00e3o, por isso tem uma elevada afinidade para a \u00e1gua\/impureza e catalisador ativado. De acordo com as aplica\u00e7\u00f5es das esferas, existem 3 tipos de Sorvente de Alumina Activada, Dessecante de Alumina Activada e Transportador de Catalisador de Alumina Activada. Entretanto, a composi\u00e7\u00e3o interior da fase cristalina foi dividida em modo Y e X-P.<\/p>\n<h2>Propriedades f\u00edsicas dos meios de moagem de alta alumina<\/h2>\n<div class=\"overflow_x\">\n<table cellspacing=\"0\" cellpadding=\"0\">\n<tbody>\n<tr class=\"firstRow\">\n<td height=\"74\">Indicadores<\/td>\n<td>Al2O3 %<\/td>\n<td>Perda de igni\u00e7\u00e3o %<\/td>\n<td>\u00c1rea de superf\u00edcie\u33a1\/g<\/td>\n<td>Volume de poros ml\/g<\/td>\n<td>Densidade a granel g\/ml<\/td>\n<td>Resist\u00eancia ao esmagamento N\/A<\/td>\n<td>Abras\u00e3o %<\/td>\n<td>Tamanho mm<\/td>\n<\/tr>\n<tr>\n<td rowspan=\"6\" height=\"448\">Requisitos t\u00e9cnicos<\/td>\n<td>\u226592<\/td>\n<td>\u22648.0<\/td>\n<td>\u2265300<\/td>\n<td>\u22650.40<\/td>\n<td>0.70-0.80<\/td>\n<td>\u226560<\/td>\n<td>\u22640.3<\/td>\n<td>\uffe01-3<\/td>\n<\/tr>\n<tr>\n<td>\u226592<\/td>\n<td>\u22648.0<\/td>\n<td>\u2265300<\/td>\n<td>\u22650.40<\/td>\n<td>0.70-0.80<\/td>\n<td>\u2265100<\/td>\n<td>\u22640.3<\/td>\n<td>\uffe02-4<\/td>\n<\/tr>\n<tr>\n<td>\u226592<\/td>\n<td>\u22648.0<\/td>\n<td>\u2265300<\/td>\n<td>\u22650.40<\/td>\n<td>0.70-0.80<\/td>\n<td>\u2265140<\/td>\n<td>\u22640.3<\/td>\n<td>\uffe03-5<\/td>\n<\/tr>\n<tr>\n<td>\u226592<\/td>\n<td>\u22648.0<\/td>\n<td>\u2265300<\/td>\n<td>\u22650.40<\/td>\n<td>0.70-0.80<\/td>\n<td>\u2265180<\/td>\n<td>\u22640.3<\/td>\n<td>\uffe04-6<\/td>\n<\/tr>\n<tr>\n<td>\u226592<\/td>\n<td>\u22648.0<\/td>\n<td>\u2265280<\/td>\n<td>\u22650.40<\/td>\n<td>0.70-0.80<\/td>\n<td>\u2265220<\/td>\n<td>\u22640.3<\/td>\n<td>\uffe05-7<\/td>\n<\/tr>\n<tr>\n<td>\u226592<\/td>\n<td>\u22648.0<\/td>\n<td>\u2265240<\/td>\n<td>\u22650.40<\/td>\n<td>0.70-0.80<\/td>\n<td>\u2265260<\/td>\n<td>\u22640.3<\/td>\n<td>\uffe06-8<\/td>\n<\/tr>\n<\/tbody>\n<\/table>\n<\/div>\n<p>KA401: destina-se a ser utilizado como adsorvente<br \/>\nKA402: destina-se a desfluoriza\u00e7\u00e3o<br \/>\nKA403: destina-se a ser absorvido na produ\u00e7\u00e3o de perixido de hidrog\u00e9nio (H2O2)<br \/>\nKA404: destina-se ao suporte do catalisador<br \/>\nKA405: destina-se a desidrata\u00e7\u00e3o e secagem em separa\u00e7\u00e3o de ar, etc.<\/p>\n<h2>Aplica\u00e7\u00e3o de esferas de alta alumina<\/h2>\n<p>As esferas activadas s\u00e3o amplamente utilizadas no agente de secagem de gases e l\u00edquidos multiformes, tamb\u00e9m funcionam como sorvente, dessecante, suporte de catalisador em reactores para a ind\u00fastria petroqu\u00edmica, ind\u00fastria qu\u00edmica, ind\u00fastria de fertilizantes e assim por diante.<\/p>","protected":false},"excerpt":{"rendered":"<p>A Alumina Activada tem as vantagens de uma grande \u00e1rea de superf\u00edcie, muitos mciro-poros, boa dispers\u00e3o, pelo que tem uma elevada afinidade para a \u00e1gua\/impureza e catalisador ativado. De acordo com as aplica\u00e7\u00f5es das esferas, existem 3 tipos de Sorvente de Alumina Activada, Dessecante de Alumina Activada e Transportador de Catalisador de Alumina Activada. Entretanto, a composi\u00e7\u00e3o interior da fase cristalina foi dividida em modo Y e X-P.<\/p>","protected":false},"featured_media":1296,"template":"","meta":{"_seopress_robots_primary_cat":"","_monsterinsights_skip_tracking":false,"_monsterinsights_sitenote_active":false,"_monsterinsights_sitenote_note":"","_monsterinsights_sitenote_category":0,"_joinchat":[]},"product_cat":[84,102],"product_tag":[],"class_list":["post-3542","product","type-product","status-publish","has-post-thumbnail","hentry","product_cat-ceramic-ball","product_cat-ceramic-tower-packing"],"featured_image_urls":{"full":["https:\/\/www.laiko.net\/wp-content\/uploads\/2023\/10\/frc-ed3841f2570b3d6ef9b21303589c277e.jpg",600,350,false],"thumbnail":["https:\/\/www.laiko.net\/wp-content\/uploads\/2023\/10\/frc-ed3841f2570b3d6ef9b21303589c277e-150x150.jpg",150,150,true],"medium":["https:\/\/www.laiko.net\/wp-content\/uploads\/2023\/10\/frc-ed3841f2570b3d6ef9b21303589c277e-300x175.jpg",300,175,true],"medium_large":["https:\/\/www.laiko.net\/wp-content\/uploads\/2023\/10\/frc-ed3841f2570b3d6ef9b21303589c277e.jpg",600,350,false],"large":["https:\/\/www.laiko.net\/wp-content\/uploads\/2023\/10\/frc-ed3841f2570b3d6ef9b21303589c277e.jpg",600,350,false],"1536x1536":["https:\/\/www.laiko.net\/wp-content\/uploads\/2023\/10\/frc-ed3841f2570b3d6ef9b21303589c277e.jpg",600,350,false],"2048x2048":["https:\/\/www.laiko.net\/wp-content\/uploads\/2023\/10\/frc-ed3841f2570b3d6ef9b21303589c277e.jpg",600,350,false],"trp-custom-language-flag":["https:\/\/www.laiko.net\/wp-content\/uploads\/2023\/10\/frc-ed3841f2570b3d6ef9b21303589c277e.jpg",18,12,false],"woocommerce_thumbnail":["https:\/\/www.laiko.net\/wp-content\/uploads\/2023\/10\/frc-ed3841f2570b3d6ef9b21303589c277e-300x175.jpg",300,175,true],"woocommerce_single":["https:\/\/www.laiko.net\/wp-content\/uploads\/2023\/10\/frc-ed3841f2570b3d6ef9b21303589c277e.jpg",600,350,false],"woocommerce_gallery_thumbnail":["https:\/\/www.laiko.net\/wp-content\/uploads\/2023\/10\/frc-ed3841f2570b3d6ef9b21303589c277e-100x100.jpg",100,100,true]},"post_excerpt_stackable":"<p>Activated Alumina has the advantages of large surface area, many mciro-pores, well disperser, so it has a high affinity for water\/impurity and activated catalyst. According to the applications of balls, there are 3 types of Activated Alumina Sorbent, Activated Alumina Desiccant and Activated Alumina Catalyst carrier. Meantime interior composition of the crystal phase was divided into mode Y and X-P.<\/p>\n","category_list":"","author_info":{"name":"","url":""},"comments_num":"0 comments","_links":{"self":[{"href":"https:\/\/www.laiko.net\/pt\/wp-json\/wp\/v2\/product\/3542","targetHints":{"allow":["GET"]}}],"collection":[{"href":"https:\/\/www.laiko.net\/pt\/wp-json\/wp\/v2\/product"}],"about":[{"href":"https:\/\/www.laiko.net\/pt\/wp-json\/wp\/v2\/types\/product"}],"wp:featuredmedia":[{"embeddable":true,"href":"https:\/\/www.laiko.net\/pt\/wp-json\/wp\/v2\/media\/1296"}],"wp:attachment":[{"href":"https:\/\/www.laiko.net\/pt\/wp-json\/wp\/v2\/media?parent=3542"}],"wp:term":[{"taxonomy":"product_cat","embeddable":true,"href":"https:\/\/www.laiko.net\/pt\/wp-json\/wp\/v2\/product_cat?post=3542"},{"taxonomy":"product_tag","embeddable":true,"href":"https:\/\/www.laiko.net\/pt\/wp-json\/wp\/v2\/product_tag?post=3542"}],"curies":[{"name":"wp","href":"https:\/\/api.w.org\/{rel}","templated":true}]}}