{"id":3540,"date":"2023-10-28T15:45:12","date_gmt":"2023-10-28T07:45:12","guid":{"rendered":"http:\/\/www3.laiko.net\/?post_type=product&#038;p=3540"},"modified":"2023-10-31T16:55:47","modified_gmt":"2023-10-31T08:55:47","slug":"lanpack","status":"publish","type":"product","link":"https:\/\/www.laiko.net\/pt\/produto\/lanpack\/","title":{"rendered":"Lanpack"},"content":{"rendered":"<h2>Par\u00e2metros do Lanpack<\/h2>\n<div class=\"overflow_x\">\n<table width=\"432\" cellspacing=\"0\" cellpadding=\"0\">\n<colgroup>\n<col span=\"6\" width=\"72\" \/><\/colgroup>\n<tbody>\n<tr class=\"firstRow\">\n<td width=\"72\" height=\"32\">Tamanho<\/td>\n<td width=\"72\">\u00c1rea de superf\u00edcie<\/td>\n<td width=\"72\">Taxa de vazio<\/td>\n<td width=\"72\">N\u00famero da embalagem<\/td>\n<td width=\"72\">Densidade da embalagem<\/td>\n<td width=\"72\">Fator de embalagem a seco<\/td>\n<\/tr>\n<tr>\n<td width=\"72\" height=\"18\">mm<\/td>\n<td width=\"72\">m2\/m3<\/td>\n<td width=\"72\">%<\/td>\n<td width=\"72\">pe\u00e7a\/m3<\/td>\n<td width=\"72\">k\/m3<\/td>\n<td width=\"72\">m-1<\/td>\n<\/tr>\n<tr>\n<td width=\"72\" height=\"18\">60<\/td>\n<td width=\"72\">222<\/td>\n<td width=\"72\">89<\/td>\n<td width=\"72\">7060<\/td>\n<td width=\"72\">84<\/td>\n<td width=\"72\">69<\/td>\n<\/tr>\n<tr>\n<td width=\"72\" height=\"18\">90<\/td>\n<td width=\"72\">144<\/td>\n<td width=\"72\">92.5<\/td>\n<td width=\"72\">1760<\/td>\n<td width=\"72\">56<\/td>\n<td width=\"72\">46<\/td>\n<\/tr>\n<\/tbody>\n<\/table>\n<\/div>\n<h2>Caracter\u00edsticas do Lanpack<\/h2>\n<ul class=\"list-paddingleft-2\">\n<li>Elevada capacidade de caudais de g\u00e1s e de l\u00edquido<\/li>\n<li>Queda de press\u00e3o extremamente baixa<\/li>\n<li>Carga l\u00edquida elevada<\/li>\n<li>Elevada efici\u00eancia de separa\u00e7\u00e3o<\/li>\n<li>Elevada efici\u00eancia de transfer\u00eancia de massa<\/li>\n<\/ul>\n<h2>Aplica\u00e7\u00e3o da embalagem Lanpac<\/h2>\n<p>Antes de compreender a aplica\u00e7\u00e3o Da embalagem Lanpac, EM primeiro lugar, UMA breve introdu\u00e7\u00e3o \u00e0s vantagens estruturais Da embalagem Lanpac, o que NOS facilitar\u00e1 a compreens\u00e3o Da SUA aplica\u00e7\u00e3o.<\/p>\n<p>O design inovador da geometria da embalagem Lanpac tem uma estrutura de fluxo de embalagem mais razo\u00e1vel, pequena queda de resist\u00eancia, forte capacidade de processamento, alto efeito de transfer\u00eancia de massa, grande elasticidade de carga, mais for\u00e7a da estrutura de design de embalagem, maior vida \u00fatil, e o mesmo material para manter a embalagem n\u00e3o deforma a temperatura de aplica\u00e7\u00e3o \u00e9 mais alta, estrutura de forma elegante e alto \u00edndice de vazios, tem excelentes caracter\u00edsticas anti-incrustantes e anti-entupimento, melhora significativamente a \u00e1rea de contacto g\u00e1s\/l\u00edquido equivalente. A embalagem Lanpac tem uma conce\u00e7\u00e3o \u00fanica que permite o acesso \u00e0 superf\u00edcie dos l\u00edquidos de escape e de depura\u00e7\u00e3o. O produto tem uma efici\u00eancia de purga muito elevada e provou ser um excelente enchimento de torre para aplica\u00e7\u00f5es com cargas l\u00edquidas elevadas.<\/p>\n<p>As principais aplica\u00e7\u00f5es da embalagem Lanpac s\u00e3o nas seguintes \u00e1reas:<\/p>\n<p>1. A embalagem Lanpac \u00e9 utilizada em sistemas de absor\u00e7\u00e3o de regenera\u00e7\u00e3o de \u00e1cido de siderurgia, bem como em tanques de decapagem, tanques electrol\u00edticos, tanques de armazenamento e v\u00e1rios outros locais especiais. A embalagem Lanpac tamb\u00e9m \u00e9 amplamente utilizada nas ind\u00fastrias qu\u00edmica, farmac\u00eautica, alimentar e de prote\u00e7\u00e3o ambiental, especialmente para a purifica\u00e7\u00e3o profunda de \u00e1gua pot\u00e1vel, \u00e1guas residuais, tratamento de gases residuais e extra\u00e7\u00e3o de metais preciosos, recupera\u00e7\u00e3o de solventes, etc.<\/p>\n<p>2. A embalagem Lanpac \u00e9 tamb\u00e9m aplicada na extra\u00e7\u00e3o de g\u00e1s Torre de embalagem para remo\u00e7\u00e3o de PCE das \u00e1guas subterr\u00e2neas.<\/p>\n<p>3. A embalagem Lanpac \u00e9 utilizada para resolver o problema da destila\u00e7\u00e3o de metanol\/\u00e1gua para os fabricantes de produtos farmac\u00eauticos, ap\u00f3s a aplica\u00e7\u00e3o da embalagem, a taxa de alimenta\u00e7\u00e3o pode ser duplicada, a queda de press\u00e3o \u00e9 reduzida e a efici\u00eancia da transfer\u00eancia de massa \u00e9 melhorada;<\/p>\n<p>4. A embalagem Lanpac \u00e9 tamb\u00e9m utilizada em f\u00e1bricas de papel para aumentar o caudal de g\u00e1s na torre de depura\u00e7\u00e3o da f\u00e1brica de pasta de papel em 40%, o que pode reduzir o entupimento.<\/p>\n<p><img decoding=\"async\" title=\"lanpac-embalagem-em-transito.jpg\" src=\"https:\/\/laiko.net\/uploads\/image\/20220802\/lanpac-packing-in-transit.jpg\" alt=\"lanpac-embalagem-em-transito.jpg\" \/><\/p>","protected":false},"excerpt":{"rendered":"<p>A embalagem Lanpack de pl\u00e1stico para embalagem em torre \u00e9 a carater\u00edstica mais distintiva. Este design permite uma efici\u00eancia de lavagem extraordinariamente elevada, minimizando a quantidade de meios e a profundidade de embalagem necess\u00e1ria. Entretanto, o design da haste uniformemente espa\u00e7ada pode eliminar em grande parte o entupimento. A distribui\u00e7\u00e3o vertical descendente da haste de cada camada n\u00e3o s\u00f3 quebra grandes got\u00edculas, como tamb\u00e9m forma muitas \u00e1reas de contacto g\u00e1s-l\u00edquido. Isso ir\u00e1 melhorar a efici\u00eancia da separa\u00e7\u00e3o. A embalagem de pl\u00e1stico Lanpack \u00e9 amplamente utilizada em lavadores h\u00famidos e decapagem de g\u00e1s.<\/p>","protected":false},"featured_media":2518,"template":"","meta":{"_seopress_robots_primary_cat":"","_monsterinsights_skip_tracking":false,"_monsterinsights_sitenote_active":false,"_monsterinsights_sitenote_note":"","_monsterinsights_sitenote_category":0,"_joinchat":[]},"product_cat":[106,104],"product_tag":[],"class_list":["post-3540","product","type-product","status-publish","has-post-thumbnail","hentry","product_cat-lanpack","product_cat-plastic-tower-packing"],"featured_image_urls":{"full":["https:\/\/www.laiko.net\/wp-content\/uploads\/2023\/10\/frc-1c9593058c81c068e00c33cab25d2e42.jpg",600,350,false],"thumbnail":["https:\/\/www.laiko.net\/wp-content\/uploads\/2023\/10\/frc-1c9593058c81c068e00c33cab25d2e42-150x150.jpg",150,150,true],"medium":["https:\/\/www.laiko.net\/wp-content\/uploads\/2023\/10\/frc-1c9593058c81c068e00c33cab25d2e42-300x175.jpg",300,175,true],"medium_large":["https:\/\/www.laiko.net\/wp-content\/uploads\/2023\/10\/frc-1c9593058c81c068e00c33cab25d2e42.jpg",600,350,false],"large":["https:\/\/www.laiko.net\/wp-content\/uploads\/2023\/10\/frc-1c9593058c81c068e00c33cab25d2e42.jpg",600,350,false],"1536x1536":["https:\/\/www.laiko.net\/wp-content\/uploads\/2023\/10\/frc-1c9593058c81c068e00c33cab25d2e42.jpg",600,350,false],"2048x2048":["https:\/\/www.laiko.net\/wp-content\/uploads\/2023\/10\/frc-1c9593058c81c068e00c33cab25d2e42.jpg",600,350,false],"trp-custom-language-flag":["https:\/\/www.laiko.net\/wp-content\/uploads\/2023\/10\/frc-1c9593058c81c068e00c33cab25d2e42.jpg",18,12,false],"woocommerce_thumbnail":["https:\/\/www.laiko.net\/wp-content\/uploads\/2023\/10\/frc-1c9593058c81c068e00c33cab25d2e42-300x175.jpg",300,175,true],"woocommerce_single":["https:\/\/www.laiko.net\/wp-content\/uploads\/2023\/10\/frc-1c9593058c81c068e00c33cab25d2e42.jpg",600,350,false],"woocommerce_gallery_thumbnail":["https:\/\/www.laiko.net\/wp-content\/uploads\/2023\/10\/frc-1c9593058c81c068e00c33cab25d2e42-100x100.jpg",100,100,true]},"post_excerpt_stackable":"<p>Plastic Lanpack Packing For Tower Packing is the most distinguishing feature. This design enables an extraordinarily high scrubbing efficiency while minimizing the amount of media and packing depth required. Meanwhile, Evenly spaced rod design can largely eliminate clogging. Each layer&#8217;s vertical downward rod&#8217;s distribution is not only broken large droplet, but also form many gas-liquid contacting areas. It will improve separation efficiency. Plastic Lanpack Packing is widely used in wet scrubber &amp; gas stripping.<\/p>\n","category_list":"","author_info":{"name":"","url":""},"comments_num":"0 comments","_links":{"self":[{"href":"https:\/\/www.laiko.net\/pt\/wp-json\/wp\/v2\/product\/3540","targetHints":{"allow":["GET"]}}],"collection":[{"href":"https:\/\/www.laiko.net\/pt\/wp-json\/wp\/v2\/product"}],"about":[{"href":"https:\/\/www.laiko.net\/pt\/wp-json\/wp\/v2\/types\/product"}],"wp:featuredmedia":[{"embeddable":true,"href":"https:\/\/www.laiko.net\/pt\/wp-json\/wp\/v2\/media\/2518"}],"wp:attachment":[{"href":"https:\/\/www.laiko.net\/pt\/wp-json\/wp\/v2\/media?parent=3540"}],"wp:term":[{"taxonomy":"product_cat","embeddable":true,"href":"https:\/\/www.laiko.net\/pt\/wp-json\/wp\/v2\/product_cat?post=3540"},{"taxonomy":"product_tag","embeddable":true,"href":"https:\/\/www.laiko.net\/pt\/wp-json\/wp\/v2\/product_tag?post=3540"}],"curies":[{"name":"wp","href":"https:\/\/api.w.org\/{rel}","templated":true}]}}