{"id":3538,"date":"2023-10-28T15:45:25","date_gmt":"2023-10-28T07:45:25","guid":{"rendered":"http:\/\/www3.laiko.net\/?post_type=product&#038;p=3538"},"modified":"2023-10-31T15:57:37","modified_gmt":"2023-10-31T07:57:37","slug":"ceramic-grinding-ball","status":"publish","type":"product","link":"https:\/\/www.laiko.net\/pt\/produto\/bola-de-moagem-de-ceramica\/","title":{"rendered":"Esfera de moagem de cer\u00e2mica"},"content":{"rendered":"<h2>Vantagens da esfera de moagem de cer\u00e2mica<\/h2>\n<ul class=\"list-paddingleft-2\">\n<li>Resist\u00eancia e morte do estafilococo dourado\u226590%<\/li>\n<li>Resistir e matar o bacilo Coli \u226590%<\/li>\n<li>Quantidade de gera\u00e7\u00e3o de i\u00f5es negativos: 150\uff5e300p\/s.cm3<\/li>\n<li>Subst\u00e2ncia mineral insol\u00favel, de liberta\u00e7\u00e3o gradual<\/li>\n<\/ul>\n<h2>Principais ingredientes das esferas de meios cer\u00e2micos<\/h2>\n<ul class=\"list-paddingleft-2\">\n<li>P\u00f3 de nanoprata: 1%<\/li>\n<li>Pedra Maifan: 50\uff5e60%<\/li>\n<li>\u00d3xido de zinco: cerca de 2,5%<\/li>\n<li>Caulino: 10\uff5e15%<\/li>\n<li>P\u00f3 de infravermelhos distantes: 10%<\/li>\n<li>Argila de qualidade superior: 20\uff5e30%<\/li>\n<\/ul>\n<p>&nbsp;<\/p>\n<h2>Especifica\u00e7\u00f5es das esferas de moagem de cer\u00e2mica<\/h2>\n<p>2-4mm,3-5mm,5-8mm, ou personalizado dispon\u00edvel para este\u00a0<a href=\"https:\/\/www.laiko.net\/products\/ceramic-ball\/\" target=\"_self\" rel=\"noopener\">material de embalagem em cer\u00e2mica<\/a>.<\/p>\n<h2>Embalagem e Armazenamento de Meios de Moagem Cer\u00e2micos<\/h2>\n<p>Embalagem com sacos de pl\u00e1stico, 25kg\/saco, ou personalizada<\/p>\n<p>Proteger da chuva e evitar a humidade. Armazenar num local seco.<\/p>\n<h2>Instru\u00e7\u00f5es de utiliza\u00e7\u00e3o das esferas de moagem de cer\u00e2mica<\/h2>\n<ol class=\"list-paddingleft-2\">\n<li>Deve lavar com \u00e1gua limpa por duas vezes no primeiro, ent\u00e3o pode ser usado diretamente para o tratamento de \u00e1gua pot\u00e1vel. Nota: a temperatura mais alta de uso \u00e9 de 950 \u2103<\/li>\n<li>Antes do banho, para evitar que as bolas de cer\u00e2mica de gr\u00e2nulos pequenos deslizem do bocal e provoquem fen\u00f3menos de contus\u00e3o no corpo humano, \u00e9 prefer\u00edvel colocar no interior um peda\u00e7o de membrana filtrante de algod\u00e3o PP com cerca de 5\u00b5m de di\u00e2metro interior.<\/li>\n<li>\u00c9 prefer\u00edvel n\u00e3o utilizar champ\u00f4 e lo\u00e7\u00e3o de banho l\u00edquidos \u00e1cidos para evitar que a neutraliza\u00e7\u00e3o entre a \u00e1gua alcalina depois de tratada pelas bolas de cer\u00e2mica e o l\u00edquido de banho \u00e1cido influencie o efeito do banho.<\/li>\n<\/ol>","protected":false},"excerpt":{"rendered":"<div class=\"summary\">\n<p>Um tipo de bola de prote\u00e7\u00e3o ambiental e de cuidados de sa\u00fade que \u00e9 feita principalmente de turmalina mineral natural n\u00e3o met\u00e1lica, argila de porcelana e argila de alta qualidade por tecnologia de cominui\u00e7\u00e3o nanom\u00e9trica, f\u00f3rmula especial e t\u00e9cnicas de aglomera\u00e7\u00e3o, e utilizada com a bola de cer\u00e2mica para eliminar bact\u00e9rias de purificadores de \u00e1gua, fibra t\u00eaxtil, etc.<\/p>\n<\/div>","protected":false},"featured_media":1308,"template":"","meta":{"_seopress_robots_primary_cat":"","_monsterinsights_skip_tracking":false,"_monsterinsights_sitenote_active":false,"_monsterinsights_sitenote_note":"","_monsterinsights_sitenote_category":0,"_joinchat":[]},"product_cat":[84,102],"product_tag":[],"class_list":["post-3538","product","type-product","status-publish","has-post-thumbnail","hentry","product_cat-ceramic-ball","product_cat-ceramic-tower-packing"],"featured_image_urls":{"full":["https:\/\/www.laiko.net\/wp-content\/uploads\/2023\/10\/frc-f49035de06940ffd536d485737c8d5a1.jpg",600,350,false],"thumbnail":["https:\/\/www.laiko.net\/wp-content\/uploads\/2023\/10\/frc-f49035de06940ffd536d485737c8d5a1-150x150.jpg",150,150,true],"medium":["https:\/\/www.laiko.net\/wp-content\/uploads\/2023\/10\/frc-f49035de06940ffd536d485737c8d5a1-300x175.jpg",300,175,true],"medium_large":["https:\/\/www.laiko.net\/wp-content\/uploads\/2023\/10\/frc-f49035de06940ffd536d485737c8d5a1.jpg",600,350,false],"large":["https:\/\/www.laiko.net\/wp-content\/uploads\/2023\/10\/frc-f49035de06940ffd536d485737c8d5a1.jpg",600,350,false],"1536x1536":["https:\/\/www.laiko.net\/wp-content\/uploads\/2023\/10\/frc-f49035de06940ffd536d485737c8d5a1.jpg",600,350,false],"2048x2048":["https:\/\/www.laiko.net\/wp-content\/uploads\/2023\/10\/frc-f49035de06940ffd536d485737c8d5a1.jpg",600,350,false],"trp-custom-language-flag":["https:\/\/www.laiko.net\/wp-content\/uploads\/2023\/10\/frc-f49035de06940ffd536d485737c8d5a1.jpg",18,12,false],"woocommerce_thumbnail":["https:\/\/www.laiko.net\/wp-content\/uploads\/2023\/10\/frc-f49035de06940ffd536d485737c8d5a1-300x175.jpg",300,175,true],"woocommerce_single":["https:\/\/www.laiko.net\/wp-content\/uploads\/2023\/10\/frc-f49035de06940ffd536d485737c8d5a1.jpg",600,350,false],"woocommerce_gallery_thumbnail":["https:\/\/www.laiko.net\/wp-content\/uploads\/2023\/10\/frc-f49035de06940ffd536d485737c8d5a1-100x100.jpg",100,100,true]},"post_excerpt_stackable":"<div class=\"summary\">\n<p>One kind of environmental protection and health care ball that is mainly made of the natural nonmetal mineral tourmaline, porcelain clay and high-grade clay by nanometer comminution technology, special formula and agglomeration techniques, and used with the ceramic ball for eliminating bacterium of water purifiers, textile fiber, etc.<\/p>\n<\/div>\n","category_list":"","author_info":{"name":"","url":""},"comments_num":"0 comments","_links":{"self":[{"href":"https:\/\/www.laiko.net\/pt\/wp-json\/wp\/v2\/product\/3538","targetHints":{"allow":["GET"]}}],"collection":[{"href":"https:\/\/www.laiko.net\/pt\/wp-json\/wp\/v2\/product"}],"about":[{"href":"https:\/\/www.laiko.net\/pt\/wp-json\/wp\/v2\/types\/product"}],"wp:featuredmedia":[{"embeddable":true,"href":"https:\/\/www.laiko.net\/pt\/wp-json\/wp\/v2\/media\/1308"}],"wp:attachment":[{"href":"https:\/\/www.laiko.net\/pt\/wp-json\/wp\/v2\/media?parent=3538"}],"wp:term":[{"taxonomy":"product_cat","embeddable":true,"href":"https:\/\/www.laiko.net\/pt\/wp-json\/wp\/v2\/product_cat?post=3538"},{"taxonomy":"product_tag","embeddable":true,"href":"https:\/\/www.laiko.net\/pt\/wp-json\/wp\/v2\/product_tag?post=3538"}],"curies":[{"name":"wp","href":"https:\/\/api.w.org\/{rel}","templated":true}]}}