{"id":3537,"date":"2023-10-28T15:41:19","date_gmt":"2023-10-28T07:41:19","guid":{"rendered":"http:\/\/www3.laiko.net\/?post_type=product&#038;p=3537"},"modified":"2023-10-31T16:56:12","modified_gmt":"2023-10-31T08:56:12","slug":"q-pack","status":"publish","type":"product","link":"https:\/\/www.laiko.net\/pt\/produto\/pacote-q\/","title":{"rendered":"Pacote Q"},"content":{"rendered":"<h2>Par\u00e2metros do Q-pack<\/h2>\n<div class=\"overflow_x\">\n<table cellspacing=\"0\" cellpadding=\"0\">\n<colgroup>\n<col \/>\n<col \/>\n<col \/>\n<col span=\"3\" \/><\/colgroup>\n<tbody>\n<tr class=\"firstRow\">\n<td height=\"22\">Tamanho<\/td>\n<td colspan=\"5\">82,5 mm \u00d7 95 mm<\/td>\n<\/tr>\n<tr>\n<td height=\"22\">Voidage<\/td>\n<td colspan=\"5\">96.30%<\/td>\n<\/tr>\n<tr>\n<td height=\"22\">N\u00famero a granel<\/td>\n<td colspan=\"5\">1165 n\/m3<\/td>\n<\/tr>\n<tr>\n<td height=\"22\">Densidade aparente<\/td>\n<td colspan=\"5\">33,7 kg\/m3<\/td>\n<\/tr>\n<tr>\n<td height=\"22\">Fator de embalagem a seco<\/td>\n<td colspan=\"5\">23 m-1<\/td>\n<\/tr>\n<tr>\n<td height=\"22\">Embalagem<\/td>\n<td colspan=\"5\">sacos de pl\u00e1stico, caixas de cart\u00e3o<\/td>\n<\/tr>\n<tr>\n<td height=\"22\">Material<\/td>\n<td colspan=\"5\">PE, PP, RPP, PVC, CPVC e PVDF.<\/td>\n<\/tr>\n<\/tbody>\n<\/table>\n<\/div>\n<h2>Vantagens do Q-pack<\/h2>\n<ul class=\"list-paddingleft-2\">\n<li>Elevada fra\u00e7\u00e3o de vazio.<\/li>\n<li>Baixa queda de press\u00e3o.<\/li>\n<li>Grande superf\u00edcie de contacto g\u00e1s-l\u00edquido.<\/li>\n<li>Resist\u00eancia \u00e0 incrusta\u00e7\u00e3o e ao entupimento.<\/li>\n<li>Alta efici\u00eancia de separa\u00e7\u00e3o.<\/li>\n<li>Manuten\u00e7\u00e3o c\u00f3moda.<\/li>\n<\/ul>","protected":false},"excerpt":{"rendered":"<p>A embalagem de pl\u00e1stico Q-Pack Tower \u00e9 um tipo de embalagem aleat\u00f3ria de pl\u00e1stico de alta capacidade. Tem uma estrutura octogonal especial. Esta estrutura tem uma superf\u00edcie geom\u00e9trica, grandes orif\u00edcios e um pequeno volume. Pode garantir a alta efici\u00eancia do Q-Pack de pl\u00e1stico na separa\u00e7\u00e3o \u00f3leo-\u00e1gua. Este tipo de embalagem aleat\u00f3ria \u00e9 f\u00e1cil de operar e instalar. Tem alta efici\u00eancia de separa\u00e7\u00e3o e baixos custos de manuten\u00e7\u00e3o.  A embalagem em torre Q-Pack de pl\u00e1stico \u00e9 adequada para o tratamento de \u00e1gua pot\u00e1vel, recupera\u00e7\u00e3o de \u00e1guas residuais e tratamento biol\u00f3gico. \u00c9 amplamente utilizado como dispositivo de filtragem no processo de tratamento de \u00e1gua pot\u00e1vel, sistema de dessaliniza\u00e7\u00e3o de \u00e1gua do mar e sistema de controlo de COV (compostos org\u00e2nicos vol\u00e1teis).<\/p>","protected":false},"featured_media":2537,"template":"","meta":{"_seopress_robots_primary_cat":"","_monsterinsights_skip_tracking":false,"_monsterinsights_sitenote_active":false,"_monsterinsights_sitenote_note":"","_monsterinsights_sitenote_category":0,"_joinchat":[]},"product_cat":[104,107],"product_tag":[],"class_list":["post-3537","product","type-product","status-publish","has-post-thumbnail","hentry","product_cat-plastic-tower-packing","product_cat-q-pack"],"featured_image_urls":{"full":["https:\/\/www.laiko.net\/wp-content\/uploads\/2023\/10\/frc-e08c8a4b4487bd9e236deaac3773f89d.jpg",600,350,false],"thumbnail":["https:\/\/www.laiko.net\/wp-content\/uploads\/2023\/10\/frc-e08c8a4b4487bd9e236deaac3773f89d-150x150.jpg",150,150,true],"medium":["https:\/\/www.laiko.net\/wp-content\/uploads\/2023\/10\/frc-e08c8a4b4487bd9e236deaac3773f89d-300x175.jpg",300,175,true],"medium_large":["https:\/\/www.laiko.net\/wp-content\/uploads\/2023\/10\/frc-e08c8a4b4487bd9e236deaac3773f89d.jpg",600,350,false],"large":["https:\/\/www.laiko.net\/wp-content\/uploads\/2023\/10\/frc-e08c8a4b4487bd9e236deaac3773f89d.jpg",600,350,false],"1536x1536":["https:\/\/www.laiko.net\/wp-content\/uploads\/2023\/10\/frc-e08c8a4b4487bd9e236deaac3773f89d.jpg",600,350,false],"2048x2048":["https:\/\/www.laiko.net\/wp-content\/uploads\/2023\/10\/frc-e08c8a4b4487bd9e236deaac3773f89d.jpg",600,350,false],"trp-custom-language-flag":["https:\/\/www.laiko.net\/wp-content\/uploads\/2023\/10\/frc-e08c8a4b4487bd9e236deaac3773f89d.jpg",18,12,false],"woocommerce_thumbnail":["https:\/\/www.laiko.net\/wp-content\/uploads\/2023\/10\/frc-e08c8a4b4487bd9e236deaac3773f89d-300x175.jpg",300,175,true],"woocommerce_single":["https:\/\/www.laiko.net\/wp-content\/uploads\/2023\/10\/frc-e08c8a4b4487bd9e236deaac3773f89d.jpg",600,350,false],"woocommerce_gallery_thumbnail":["https:\/\/www.laiko.net\/wp-content\/uploads\/2023\/10\/frc-e08c8a4b4487bd9e236deaac3773f89d-100x100.jpg",100,100,true]},"post_excerpt_stackable":"<p>Plastic Q-Pack Tower Packing is a kind of high-capacity plastic random packing. It has a special octagonal structure. This structure has a geometric surface, large holes and a small volume. It can ensure Plastic Q-Pack&#8217;s high efficiency in oil-water separation. This type of random packing is easy to operate and install. It has high separation efficiency and low maintenance costs. \u00a0Plastic Q-Pack tower packing is fit for drinking water treatment, wastewater reclamation and biological treatment. It is widely used as filter devices in potable water treatment process, seawater desalination system and VOC (volatile organic compounds) control system.<\/p>\n","category_list":"","author_info":{"name":"","url":""},"comments_num":"0 comments","_links":{"self":[{"href":"https:\/\/www.laiko.net\/pt\/wp-json\/wp\/v2\/product\/3537","targetHints":{"allow":["GET"]}}],"collection":[{"href":"https:\/\/www.laiko.net\/pt\/wp-json\/wp\/v2\/product"}],"about":[{"href":"https:\/\/www.laiko.net\/pt\/wp-json\/wp\/v2\/types\/product"}],"wp:featuredmedia":[{"embeddable":true,"href":"https:\/\/www.laiko.net\/pt\/wp-json\/wp\/v2\/media\/2537"}],"wp:attachment":[{"href":"https:\/\/www.laiko.net\/pt\/wp-json\/wp\/v2\/media?parent=3537"}],"wp:term":[{"taxonomy":"product_cat","embeddable":true,"href":"https:\/\/www.laiko.net\/pt\/wp-json\/wp\/v2\/product_cat?post=3537"},{"taxonomy":"product_tag","embeddable":true,"href":"https:\/\/www.laiko.net\/pt\/wp-json\/wp\/v2\/product_tag?post=3537"}],"curies":[{"name":"wp","href":"https:\/\/api.w.org\/{rel}","templated":true}]}}