{"id":3536,"date":"2023-09-28T15:38:42","date_gmt":"2023-09-28T07:38:42","guid":{"rendered":"http:\/\/www3.laiko.net\/?post_type=product&#038;p=3536"},"modified":"2023-11-10T15:01:30","modified_gmt":"2023-11-10T07:01:30","slug":"fire-arresting-material","status":"publish","type":"product","link":"https:\/\/www.laiko.net\/pt\/produto\/material-corta-fogo\/","title":{"rendered":"Material de prote\u00e7\u00e3o contra inc\u00eandios"},"content":{"rendered":"<h2>Par\u00e2metros do material de prote\u00e7\u00e3o contra inc\u00eandios<\/h2>\n<div class=\"overflow_x\">\n<table cellspacing=\"0\">\n<tbody>\n<tr class=\"firstRow\">\n<td valign=\"top\">Artigos<\/td>\n<td valign=\"top\">Varia\u00e7\u00e3o admiss\u00edvel<\/td>\n<\/tr>\n<tr>\n<td valign=\"center\">h(mm)<\/td>\n<td valign=\"center\">\u00b10,02mm<\/td>\n<\/tr>\n<tr>\n<td valign=\"center\">\u03bb(mm)<\/td>\n<td valign=\"center\">\u00b10,05mm<\/td>\n<\/tr>\n<tr>\n<td valign=\"center\">\u03b1<\/td>\n<td valign=\"center\">\u00b15\u00b0<\/td>\n<\/tr>\n<tr>\n<td valign=\"center\">L(mm)<\/td>\n<td valign=\"center\">\u00b10,2mm<\/td>\n<\/tr>\n<tr>\n<td valign=\"center\">D(mm)<\/td>\n<td valign=\"center\">\u00b10.2mm(D\uff1e120~400mm)<\/td>\n<\/tr>\n<\/tbody>\n<\/table>\n<\/div>\n<h2>Vis\u00e3o geral do material de prote\u00e7\u00e3o contra inc\u00eandios<\/h2>\n<p>O Matenal Corta-Fogo \u00e9 constitu\u00eddo por placas onduladas em torno de uma determinada dimens\u00e3o da placa do veio. O di\u00e2metro do n\u00facleo ondulado resistente ao fogo e o di\u00e2metro do eixo s\u00e3o determinados pela empresa. Os par\u00e2metros da espessura, largura, \u00e2ngulo do v\u00e9rtice, altura do pico e espa\u00e7amento do pico do cart\u00e3o canelado utilizado para enrolar o n\u00facleo ondulado resistente ao fogo s\u00e3o igualmente determinados pela empresa (as quest\u00f5es espec\u00edficas s\u00e3o determinadas em fun\u00e7\u00e3o da capacidade de transforma\u00e7\u00e3o efectiva). O cart\u00e3o canelado \u00e9 feito de uma placa de a\u00e7o inoxid\u00e1vel 304 de uma determinada espessura. Onde h \u00e9 a altura da onda, \u03bb \u00e9 o passo da onda, \u03b4 \u00e9 a espessura da placa ondulada 0,1 mm, \u03b1 \u00e9 o \u00e2ngulo do \u00e1pice 90 \u00b0 e L \u00e9 a largura da tira ondulada. O valor h da altura da onda \u00e9 prefer\u00edvel para cumprir as condi\u00e7\u00f5es. Se outras condi\u00e7\u00f5es de processamento n\u00e3o puderem atender aos requisitos estabelecidos pela empresa, primeiro certifique-se de que o valor h da altura da onda atende \u00e0s condi\u00e7\u00f5es de projeto. A dist\u00e2ncia da onda \u03bb e o \u00e2ngulo do v\u00e9rtice \u03b1 satisfazem uma delas. Para al\u00e9m da espessura do cart\u00e3o canelado de 0,1 mm, o \u00e2ngulo do v\u00e9rtice \u00e9 de 90\u00b0 e o material \u00e9 304.<\/p>\n<h2>Vantagens do material de prote\u00e7\u00e3o contra inc\u00eandios<\/h2>\n<ul class=\"list-paddingleft-2\">\n<li>Evitar eficazmente a propaga\u00e7\u00e3o de gases inflam\u00e1veis, chamas de l\u00edquidos<\/li>\n<li>Impedir a t\u00eampera e provocar uma explos\u00e3o<\/li>\n<\/ul>","protected":false},"excerpt":{"rendered":"<p>O material corta-fogo \u00e9 um dos componentes mais importantes de um corta-chamas. Os corta-chamas podem impedir eficazmente a propaga\u00e7\u00e3o da chama de gases e l\u00edquidos inflam\u00e1veis e impedir a t\u00eampera e provocar uma explos\u00e3o. As chapas onduladas retardadoras de chama destes corta-chamas s\u00e3o normalmente onduladas atrav\u00e9s da prensagem de tiras de a\u00e7o inoxid\u00e1vel ou de materiais de liga de cobre-n\u00edquel. A dimens\u00e3o das ondula\u00e7\u00f5es \u00e9 determinada pela natureza do g\u00e1s e pela velocidade de retardamento da chama.<\/p>","protected":false},"featured_media":2556,"template":"","meta":{"_seopress_robots_primary_cat":"","_monsterinsights_skip_tracking":false,"_monsterinsights_sitenote_active":false,"_monsterinsights_sitenote_note":"","_monsterinsights_sitenote_category":0,"_joinchat":[]},"product_cat":[108,103],"product_tag":[],"class_list":["post-3536","product","type-product","status-publish","has-post-thumbnail","hentry","product_cat-fire-arresting-material","product_cat-metal-tower-packing"],"featured_image_urls":{"full":["https:\/\/www.laiko.net\/wp-content\/uploads\/2023\/10\/frc-3c81e929594dadd7c36ed39a01ce674a.jpg",600,350,false],"thumbnail":["https:\/\/www.laiko.net\/wp-content\/uploads\/2023\/10\/frc-3c81e929594dadd7c36ed39a01ce674a-150x150.jpg",150,150,true],"medium":["https:\/\/www.laiko.net\/wp-content\/uploads\/2023\/10\/frc-3c81e929594dadd7c36ed39a01ce674a-300x175.jpg",300,175,true],"medium_large":["https:\/\/www.laiko.net\/wp-content\/uploads\/2023\/10\/frc-3c81e929594dadd7c36ed39a01ce674a.jpg",600,350,false],"large":["https:\/\/www.laiko.net\/wp-content\/uploads\/2023\/10\/frc-3c81e929594dadd7c36ed39a01ce674a.jpg",600,350,false],"1536x1536":["https:\/\/www.laiko.net\/wp-content\/uploads\/2023\/10\/frc-3c81e929594dadd7c36ed39a01ce674a.jpg",600,350,false],"2048x2048":["https:\/\/www.laiko.net\/wp-content\/uploads\/2023\/10\/frc-3c81e929594dadd7c36ed39a01ce674a.jpg",600,350,false],"trp-custom-language-flag":["https:\/\/www.laiko.net\/wp-content\/uploads\/2023\/10\/frc-3c81e929594dadd7c36ed39a01ce674a.jpg",18,12,false],"woocommerce_thumbnail":["https:\/\/www.laiko.net\/wp-content\/uploads\/2023\/10\/frc-3c81e929594dadd7c36ed39a01ce674a-300x175.jpg",300,175,true],"woocommerce_single":["https:\/\/www.laiko.net\/wp-content\/uploads\/2023\/10\/frc-3c81e929594dadd7c36ed39a01ce674a.jpg",600,350,false],"woocommerce_gallery_thumbnail":["https:\/\/www.laiko.net\/wp-content\/uploads\/2023\/10\/frc-3c81e929594dadd7c36ed39a01ce674a-100x100.jpg",100,100,true]},"post_excerpt_stackable":"<p>Fire-arresting material is one of the most important components of a flame arrester. Flame arresters can effectively prevent the flame spread of flammable gas and liquid and prevent tempering and causing an explosion. The flame retardant corrugated plates in such flame arresters are usually corrugated by pressing stainless steel strips or copper-nickel alloy materials. The size of the corrugations is determined by the nature of the gas and the flame retarding speed.<\/p>\n","category_list":"","author_info":{"name":"","url":""},"comments_num":"0 comments","_links":{"self":[{"href":"https:\/\/www.laiko.net\/pt\/wp-json\/wp\/v2\/product\/3536","targetHints":{"allow":["GET"]}}],"collection":[{"href":"https:\/\/www.laiko.net\/pt\/wp-json\/wp\/v2\/product"}],"about":[{"href":"https:\/\/www.laiko.net\/pt\/wp-json\/wp\/v2\/types\/product"}],"wp:featuredmedia":[{"embeddable":true,"href":"https:\/\/www.laiko.net\/pt\/wp-json\/wp\/v2\/media\/2556"}],"wp:attachment":[{"href":"https:\/\/www.laiko.net\/pt\/wp-json\/wp\/v2\/media?parent=3536"}],"wp:term":[{"taxonomy":"product_cat","embeddable":true,"href":"https:\/\/www.laiko.net\/pt\/wp-json\/wp\/v2\/product_cat?post=3536"},{"taxonomy":"product_tag","embeddable":true,"href":"https:\/\/www.laiko.net\/pt\/wp-json\/wp\/v2\/product_tag?post=3536"}],"curies":[{"name":"wp","href":"https:\/\/api.w.org\/{rel}","templated":true}]}}