{"id":3532,"date":"2023-10-28T15:23:32","date_gmt":"2023-10-28T07:23:32","guid":{"rendered":"http:\/\/www3.laiko.net\/?post_type=product&#038;p=3532"},"modified":"2023-10-28T15:23:33","modified_gmt":"2023-10-28T07:23:33","slug":"water-removal-agent-for-lithium-ion-battery-electrolytes","status":"publish","type":"product","link":"https:\/\/www.laiko.net\/pt\/produto\/agente-de-remocao-de-agua-para-electrolitos-de-baterias-de-ioes-de-litio\/","title":{"rendered":"Agente de remo\u00e7\u00e3o de \u00e1gua para electr\u00f3litos de baterias de i\u00f5es de l\u00edtio"},"content":{"rendered":"<h2>Aplica\u00e7\u00e3o:<\/h2>\n<p>A Naike Chemical desenvolveu um material f\u00edsico de remo\u00e7\u00e3o de \u00e1gua atualizado, especificamente concebido para a ind\u00fastria de baterias de l\u00edtio. Este material poroso \u00e0 base de l\u00edtio permanece est\u00e1vel e n\u00e3o reage quimicamente com o eletr\u00f3lito. Em vez disso, absorve a \u00e1gua do eletr\u00f3lito da bateria de i\u00f5es de l\u00edtio. Idealmente, podem ser alcan\u00e7adas efici\u00eancias de remo\u00e7\u00e3o de \u00e1gua inferiores a 10 PPM com o nosso material f\u00edsico de remo\u00e7\u00e3o de \u00e1gua atualizado. Isto garantir\u00e1 a pureza do eletr\u00f3lito ao n\u00e3o introduzir grandes quantidades de impurezas durante a desidrata\u00e7\u00e3o. Em particular, a Naike Chemical oferece servi\u00e7os de reciclagem p\u00f3s-utiliza\u00e7\u00e3o que apoiam a troca de materiais usados por novos, de modo a que os materiais f\u00edsicos de remo\u00e7\u00e3o de \u00e1gua possam ser reutilizados v\u00e1rias vezes. Sob certas condi\u00e7\u00f5es, espera-se que o material seja reciclado mais de 10 vezes, tornando-o n\u00e3o s\u00f3 amigo do ambiente e eficiente em termos energ\u00e9ticos, mas tamb\u00e9m reduzindo o custo de fabrico dos electr\u00f3litos das baterias de i\u00f5es de l\u00edtio.<\/p>\n<h2>Vantagens do nosso f\u00edsico atualizado<\/h2>\n<h2>material de remo\u00e7\u00e3o de \u00e1gua:<\/h2>\n<div class=\"overflow_x\">\n<table cellspacing=\"0\" cellpadding=\"0\">\n<colgroup>\n<col width=\"85\" \/>\n<col width=\"72\" \/>\n<col width=\"83\" \/>\n<col span=\"3\" width=\"72\" \/>\n<col width=\"42\" \/>\n<col span=\"2\" width=\"72\" \/>\n<col width=\"91\" \/><\/colgroup>\n<tbody>\n<tr class=\"firstRow\">\n<td colspan=\"3\">Artigos<\/td>\n<td colspan=\"4\">Material de remo\u00e7\u00e3o f\u00edsica de \u00e1gua atualizado<\/td>\n<td colspan=\"3\">Agentes qu\u00edmicos de remo\u00e7\u00e3o de \u00e1gua<\/td>\n<\/tr>\n<tr>\n<td colspan=\"3\">Efeitos da remo\u00e7\u00e3o de \u00e1gua<\/td>\n<td colspan=\"4\">Inferior a 10PPM<\/td>\n<td colspan=\"3\">Inferior a 10PPM<\/td>\n<\/tr>\n<tr>\n<td colspan=\"3\">Impureza<\/td>\n<td colspan=\"4\">\u00a0Quantidades vestigiais de i\u00f5es<\/td>\n<td colspan=\"3\">Grandes quantidades de i\u00f5es<\/td>\n<\/tr>\n<tr>\n<td colspan=\"3\">Pureza do eletr\u00f3lito<\/td>\n<td colspan=\"4\">Elevado<\/td>\n<td colspan=\"3\">Baixa<\/td>\n<\/tr>\n<tr>\n<td colspan=\"3\">Processo de cristaliza\u00e7\u00e3o<\/td>\n<td colspan=\"4\">Conveni\u00eancia<\/td>\n<td colspan=\"3\">Complexidade<\/td>\n<\/tr>\n<tr>\n<td colspan=\"3\">Vida \u00fatil<\/td>\n<td colspan=\"4\">Utiliza\u00e7\u00e3o c\u00edclica a longo prazo<\/td>\n<td colspan=\"3\">Descart\u00e1vel<\/td>\n<\/tr>\n<tr>\n<td colspan=\"3\">Custo inicial<\/td>\n<td colspan=\"4\">Moderado<\/td>\n<td colspan=\"3\">Caro<\/td>\n<\/tr>\n<tr>\n<td colspan=\"3\">Custo final<\/td>\n<td colspan=\"4\">Baixa<\/td>\n<td colspan=\"3\">Elevado<\/td>\n<\/tr>\n<\/tbody>\n<\/table>\n<\/div>\n<h2>Vantagens do nosso f\u00edsico atualizado<\/h2>\n<h2>material de remo\u00e7\u00e3o de \u00e1gua:<\/h2>\n<div class=\"overflow_x\">\n<table width=\"733\" cellspacing=\"0\" cellpadding=\"0\">\n<colgroup>\n<col width=\"85\" \/>\n<col width=\"72\" \/>\n<col width=\"83\" \/>\n<col span=\"3\" width=\"72\" \/>\n<col width=\"42\" \/>\n<col span=\"2\" width=\"72\" \/>\n<col width=\"91\" \/><\/colgroup>\n<tbody>\n<tr class=\"firstRow\">\n<td colspan=\"3\" width=\"240\" height=\"39\">Artigos<\/td>\n<td colspan=\"4\" width=\"258\">\u00a0Material de remo\u00e7\u00e3o f\u00edsica de \u00e1gua atualizado<\/td>\n<td colspan=\"3\" width=\"235\">Materiais f\u00edsicos tradicionais de remo\u00e7\u00e3o de \u00e1gua<\/td>\n<\/tr>\n<tr>\n<td colspan=\"3\" width=\"240\" height=\"27\">Efeitos da remo\u00e7\u00e3o de \u00e1gua<\/td>\n<td colspan=\"4\" width=\"258\">Inferior a 10PPM<\/td>\n<td colspan=\"3\" width=\"235\">Inferior a 10PPM<\/td>\n<\/tr>\n<tr>\n<td colspan=\"3\" width=\"240\" height=\"27\">Taxa de absor\u00e7\u00e3o do l\u00edquido original<\/td>\n<td colspan=\"4\" width=\"258\">\u00a0Nenhum<\/td>\n<td colspan=\"3\" width=\"235\">Um determinado montante ou superior<\/td>\n<\/tr>\n<tr>\n<td colspan=\"3\" width=\"240\" height=\"27\">Impureza<\/td>\n<td colspan=\"4\" width=\"258\">\u00a0Quantidades vestigiais de cati\u00f5es<\/td>\n<td colspan=\"3\" width=\"235\">Grandes quantidades de ani\u00f5es<\/td>\n<\/tr>\n<tr>\n<td colspan=\"3\" width=\"240\" height=\"27\">Cristaliza\u00e7\u00e3o<\/td>\n<td colspan=\"4\" width=\"258\">Elevado<\/td>\n<td colspan=\"3\" width=\"235\">\u00a0M\u00e9dio<\/td>\n<\/tr>\n<tr>\n<td colspan=\"3\" width=\"240\" height=\"27\">Vida \u00fatil<\/td>\n<td colspan=\"4\" width=\"258\">Utiliza\u00e7\u00e3o c\u00edclica a longo prazo<\/td>\n<td colspan=\"3\" width=\"235\">Utiliza\u00e7\u00e3o c\u00edclica a longo prazo<\/td>\n<\/tr>\n<tr>\n<td colspan=\"3\" width=\"240\" height=\"27\">Custo inicial<\/td>\n<td colspan=\"4\" width=\"258\">Elevado<\/td>\n<td colspan=\"3\" width=\"235\">Baixa<\/td>\n<\/tr>\n<tr>\n<td colspan=\"3\" width=\"240\" height=\"27\">Custo final<\/td>\n<td colspan=\"4\" width=\"258\">Baixa<\/td>\n<td colspan=\"3\" width=\"235\">Elevado<\/td>\n<\/tr>\n<\/tbody>\n<\/table>\n<\/div>\n<h2>Especifica\u00e7\u00e3o:<\/h2>\n<p>O impacto significativo do nosso agente f\u00edsico de remo\u00e7\u00e3o de \u00e1gua atualizado na melhoria do desempenho das baterias de i\u00f5es de l\u00edtio \u00e9 demonstrado principalmente por:<\/p>\n<p>1. Maior estabilidade t\u00e9rmica<\/p>\n<p>2. Maior condutividade el\u00e9ctrica<\/p>\n<p>3. Melhor resist\u00eancia \u00e0 hidr\u00f3lise<\/p>\n<p>4. Melhor desempenho a baixas temperaturas<\/p>","protected":false},"excerpt":{"rendered":"<p>Como os electr\u00f3litos s\u00e3o altamente sens\u00edveis \u00e0 humidade, a remo\u00e7\u00e3o da \u00e1gua \u00e9 um componente crucial na produ\u00e7\u00e3o de electr\u00f3litos para baterias de i\u00f5es de l\u00edtio. Atualmente, os m\u00e9todos de remo\u00e7\u00e3o de \u00e1gua para electr\u00f3litos de baterias de i\u00f5es de l\u00edtio s\u00e3o principalmente a remo\u00e7\u00e3o f\u00edsica e qu\u00edmica da \u00e1gua. A remo\u00e7\u00e3o qu\u00edmica da \u00e1gua utiliza agentes qu\u00edmicos para remover a \u00e1gua dos electr\u00f3litos. No entanto, tamb\u00e9m introduz outras impurezas, tornando a purifica\u00e7\u00e3o mais complicada. Al\u00e9m disso, os agentes qu\u00edmicos de desidrata\u00e7\u00e3o s\u00e3o consum\u00edveis caros que n\u00e3o podem ser reciclados e aumentam o custo de fabrico dos electr\u00f3litos das baterias de i\u00f5es de l\u00edtio.<\/p>","protected":false},"featured_media":3533,"template":"","meta":{"_seopress_robots_primary_cat":"","_monsterinsights_skip_tracking":false,"_monsterinsights_sitenote_active":false,"_monsterinsights_sitenote_note":"","_monsterinsights_sitenote_category":0,"_joinchat":[]},"product_cat":[97],"product_tag":[],"class_list":["post-3532","product","type-product","status-publish","has-post-thumbnail","hentry","product_cat-water-removal-agent-for-lithium-ion-battery-electrolytes"],"featured_image_urls":{"full":["https:\/\/www.laiko.net\/wp-content\/uploads\/2023\/10\/6R4A2787-scaled.jpg",2560,1707,false],"thumbnail":["https:\/\/www.laiko.net\/wp-content\/uploads\/2023\/10\/6R4A2787-150x150.jpg",150,150,true],"medium":["https:\/\/www.laiko.net\/wp-content\/uploads\/2023\/10\/6R4A2787-300x200.jpg",300,200,true],"medium_large":["https:\/\/www.laiko.net\/wp-content\/uploads\/2023\/10\/6R4A2787-768x512.jpg",768,512,true],"large":["https:\/\/www.laiko.net\/wp-content\/uploads\/2023\/10\/6R4A2787-1024x683.jpg",1024,683,true],"1536x1536":["https:\/\/www.laiko.net\/wp-content\/uploads\/2023\/10\/6R4A2787-1536x1024.jpg",1536,1024,true],"2048x2048":["https:\/\/www.laiko.net\/wp-content\/uploads\/2023\/10\/6R4A2787-2048x1365.jpg",2048,1365,true],"trp-custom-language-flag":["https:\/\/www.laiko.net\/wp-content\/uploads\/2023\/10\/6R4A2787-scaled.jpg",18,12,false],"woocommerce_thumbnail":["https:\/\/www.laiko.net\/wp-content\/uploads\/2023\/10\/6R4A2787-300x200.jpg",300,200,true],"woocommerce_single":["https:\/\/www.laiko.net\/wp-content\/uploads\/2023\/10\/6R4A2787-600x400.jpg",600,400,true],"woocommerce_gallery_thumbnail":["https:\/\/www.laiko.net\/wp-content\/uploads\/2023\/10\/6R4A2787-100x100.jpg",100,100,true]},"post_excerpt_stackable":"<p>As electrolytes are highly sensitive to moisture, water removal is a crucial component in the production of electrolytes for lithium-ion batteries. Currently, water removal methods for Li-ion battery electrolytes are mainly physical and chemical water removal. Chemical water removal uses chemical agents to remove water from electrolytes. However, it will also introduces other impurities, making purification more complicated. In addition, chemical dewatering agents are expensive consumables that cannot be recycled and will increase the manufacturing cost of lithium-ion battery electrolytes.<\/p>\n","category_list":"","author_info":{"name":"","url":""},"comments_num":"0 comments","_links":{"self":[{"href":"https:\/\/www.laiko.net\/pt\/wp-json\/wp\/v2\/product\/3532","targetHints":{"allow":["GET"]}}],"collection":[{"href":"https:\/\/www.laiko.net\/pt\/wp-json\/wp\/v2\/product"}],"about":[{"href":"https:\/\/www.laiko.net\/pt\/wp-json\/wp\/v2\/types\/product"}],"wp:featuredmedia":[{"embeddable":true,"href":"https:\/\/www.laiko.net\/pt\/wp-json\/wp\/v2\/media\/3533"}],"wp:attachment":[{"href":"https:\/\/www.laiko.net\/pt\/wp-json\/wp\/v2\/media?parent=3532"}],"wp:term":[{"taxonomy":"product_cat","embeddable":true,"href":"https:\/\/www.laiko.net\/pt\/wp-json\/wp\/v2\/product_cat?post=3532"},{"taxonomy":"product_tag","embeddable":true,"href":"https:\/\/www.laiko.net\/pt\/wp-json\/wp\/v2\/product_tag?post=3532"}],"curies":[{"name":"wp","href":"https:\/\/api.w.org\/{rel}","templated":true}]}}