{"id":3528,"date":"2023-10-28T14:59:51","date_gmt":"2023-10-28T06:59:51","guid":{"rendered":"http:\/\/www3.laiko.net\/?post_type=product&#038;p=3528"},"modified":"2023-10-31T16:53:35","modified_gmt":"2023-10-31T08:53:35","slug":"plastic-snowflake-ring","status":"publish","type":"product","link":"https:\/\/www.laiko.net\/pt\/produto\/anel-de-plastico-com-floco-de-neve\/","title":{"rendered":"Anel de pl\u00e1stico com floco de neve"},"content":{"rendered":"<h2>Par\u00e2metros do anel de floco de neve de pl\u00e1stico<\/h2>\n<div class=\"overflow_x\">\n<table>\n<colgroup>\n<col \/>\n<col \/>\n<col \/>\n<col \/>\n<col \/>\n<col \/>\n<col \/>\n<col \/>\n<col \/><\/colgroup>\n<tbody>\n<tr class=\"firstRow\">\n<td colspan=\"2\" height=\"14\">Desempenho\/Material<\/td>\n<td height=\"14\">PE<\/td>\n<td height=\"14\">PP<\/td>\n<td height=\"14\">RPP<\/td>\n<td height=\"14\">PVC<\/td>\n<td height=\"14\">CPVC<\/td>\n<td colspan=\"2\" height=\"14\">PVDF<\/td>\n<\/tr>\n<tr>\n<td colspan=\"2\" height=\"14\">Densidade (g\/cm3)<\/td>\n<td height=\"14\">0.94-0.96<\/td>\n<td height=\"14\">0.89-0.91<\/td>\n<td height=\"14\">0.93-0.94<\/td>\n<td height=\"14\">1.32-1.44<\/td>\n<td height=\"14\">1.50-1.54<\/td>\n<td colspan=\"2\" height=\"14\">1.75-1.78<\/td>\n<\/tr>\n<tr>\n<td colspan=\"2\" height=\"14\">Temperatura de funcionamento (\u2103)<\/td>\n<td height=\"14\">90<\/td>\n<td height=\"14\">&gt;100<\/td>\n<td height=\"14\">&gt;120<\/td>\n<td height=\"14\">&gt;60<\/td>\n<td height=\"14\">&gt;90<\/td>\n<td colspan=\"2\" height=\"14\">&gt;150<\/td>\n<\/tr>\n<tr>\n<td colspan=\"2\" height=\"14\">Resist\u00eancia \u00e0 corros\u00e3o qu\u00edmica<\/td>\n<td height=\"14\">Bom<\/td>\n<td height=\"14\">Bom<\/td>\n<td height=\"14\">Bom<\/td>\n<td height=\"14\">Bom<\/td>\n<td height=\"14\">Bom<\/td>\n<td colspan=\"2\" height=\"14\">Bom<\/td>\n<\/tr>\n<tr>\n<td colspan=\"2\" height=\"14\">Resist\u00eancia \u00e0 compress\u00e3o (MPa)<\/td>\n<td height=\"14\">&gt;6.0<\/td>\n<td height=\"14\">&gt;6.5<\/td>\n<td height=\"14\">&gt;7.0<\/td>\n<td height=\"14\">&gt;6.0<\/td>\n<td height=\"14\">&gt;8.0<\/td>\n<td colspan=\"2\" height=\"14\">&gt;10.0<\/td>\n<\/tr>\n<\/tbody>\n<\/table>\n<\/div>\n<h2>Vantagens do anel de pl\u00e1stico em forma de floco de neve<\/h2>\n<ul class=\"list-paddingleft-2\">\n<li>Volume livre elevado<\/li>\n<li>Baixa queda de press\u00e3o<\/li>\n<li>Altura reduzida da unidade de transfer\u00eancia de massa<\/li>\n<li>Ponto de inunda\u00e7\u00e3o elevado<\/li>\n<li>Pequena gravidade espec\u00edfica<\/li>\n<li>Elevada efici\u00eancia de transfer\u00eancia de massa<\/li>\n<\/ul>","protected":false},"excerpt":{"rendered":"<p>Para a torre m\u00e1xima de desempenho, o Snowflake Ring oferece uma combina\u00e7\u00e3o \u00fanica de efici\u00eancia de separa\u00e7\u00e3o superior e alta capacidade. \u00c9 amplamente aplicado na ind\u00fastria de processamento qu\u00edmico, incluindo a produ\u00e7\u00e3o de cloro e bromo. \u00c9 o dispositivo de transfer\u00eancia de massa preferido para depuradores de emerg\u00eancia em processos que envolvem halog\u00e9neos, devido ao seu desempenho superior numa vasta gama de funcionamento. \u00c9 frequentemente utilizado em aplica\u00e7\u00f5es ambientais, tais como depura\u00e7\u00e3o e decapagem.<\/p>","protected":false},"featured_media":3062,"template":"","meta":{"_seopress_robots_primary_cat":"","_monsterinsights_skip_tracking":false,"_monsterinsights_sitenote_active":false,"_monsterinsights_sitenote_note":"","_monsterinsights_sitenote_category":0,"_joinchat":[]},"product_cat":[104,105],"product_tag":[],"class_list":["post-3528","product","type-product","status-publish","has-post-thumbnail","hentry","product_cat-plastic-tower-packing","product_cat-snowflake-ring-packing"],"featured_image_urls":{"full":["https:\/\/www.laiko.net\/wp-content\/uploads\/2023\/10\/frc-86973adffb2bda8473e9b028ca6531f4.jpg",600,350,false],"thumbnail":["https:\/\/www.laiko.net\/wp-content\/uploads\/2023\/10\/frc-86973adffb2bda8473e9b028ca6531f4-150x150.jpg",150,150,true],"medium":["https:\/\/www.laiko.net\/wp-content\/uploads\/2023\/10\/frc-86973adffb2bda8473e9b028ca6531f4-300x175.jpg",300,175,true],"medium_large":["https:\/\/www.laiko.net\/wp-content\/uploads\/2023\/10\/frc-86973adffb2bda8473e9b028ca6531f4.jpg",600,350,false],"large":["https:\/\/www.laiko.net\/wp-content\/uploads\/2023\/10\/frc-86973adffb2bda8473e9b028ca6531f4.jpg",600,350,false],"1536x1536":["https:\/\/www.laiko.net\/wp-content\/uploads\/2023\/10\/frc-86973adffb2bda8473e9b028ca6531f4.jpg",600,350,false],"2048x2048":["https:\/\/www.laiko.net\/wp-content\/uploads\/2023\/10\/frc-86973adffb2bda8473e9b028ca6531f4.jpg",600,350,false],"trp-custom-language-flag":["https:\/\/www.laiko.net\/wp-content\/uploads\/2023\/10\/frc-86973adffb2bda8473e9b028ca6531f4.jpg",18,12,false],"woocommerce_thumbnail":["https:\/\/www.laiko.net\/wp-content\/uploads\/2023\/10\/frc-86973adffb2bda8473e9b028ca6531f4-300x175.jpg",300,175,true],"woocommerce_single":["https:\/\/www.laiko.net\/wp-content\/uploads\/2023\/10\/frc-86973adffb2bda8473e9b028ca6531f4.jpg",600,350,false],"woocommerce_gallery_thumbnail":["https:\/\/www.laiko.net\/wp-content\/uploads\/2023\/10\/frc-86973adffb2bda8473e9b028ca6531f4-100x100.jpg",100,100,true]},"post_excerpt_stackable":"<p>For the maximum tower of performance, Snowflake Ring offers a unique combination of superior separation efficiency and high capacity. It is widely applied in the Chemical Processing Industry, including Chlorine and Bromine Production. It is the preferred mass transfer device for emergency scrubbers in processes involving halogens because of its superior performance over a wide operating range. It is often used in environmental applications, such as scrubbing and stripping.<\/p>\n","category_list":"","author_info":{"name":"","url":""},"comments_num":"0 comments","_links":{"self":[{"href":"https:\/\/www.laiko.net\/pt\/wp-json\/wp\/v2\/product\/3528","targetHints":{"allow":["GET"]}}],"collection":[{"href":"https:\/\/www.laiko.net\/pt\/wp-json\/wp\/v2\/product"}],"about":[{"href":"https:\/\/www.laiko.net\/pt\/wp-json\/wp\/v2\/types\/product"}],"wp:featuredmedia":[{"embeddable":true,"href":"https:\/\/www.laiko.net\/pt\/wp-json\/wp\/v2\/media\/3062"}],"wp:attachment":[{"href":"https:\/\/www.laiko.net\/pt\/wp-json\/wp\/v2\/media?parent=3528"}],"wp:term":[{"taxonomy":"product_cat","embeddable":true,"href":"https:\/\/www.laiko.net\/pt\/wp-json\/wp\/v2\/product_cat?post=3528"},{"taxonomy":"product_tag","embeddable":true,"href":"https:\/\/www.laiko.net\/pt\/wp-json\/wp\/v2\/product_tag?post=3528"}],"curies":[{"name":"wp","href":"https:\/\/api.w.org\/{rel}","templated":true}]}}