{"id":3527,"date":"2023-10-28T15:11:44","date_gmt":"2023-10-28T07:11:44","guid":{"rendered":"http:\/\/www3.laiko.net\/?post_type=product&#038;p=3527"},"modified":"2023-10-28T15:11:45","modified_gmt":"2023-10-28T07:11:45","slug":"lithium-carbonates","status":"publish","type":"product","link":"https:\/\/www.laiko.net\/pt\/produto\/carbonatos-de-litio\/","title":{"rendered":"Carbonatos de l\u00edtio"},"content":{"rendered":"<h2>Par\u00e2metros dos carbonatos de l\u00edtio para venda<\/h2>\n<div class=\"overflow_x\">\n<table cellspacing=\"0\">\n<tbody>\n<tr class=\"firstRow\">\n<td>Propriedades qu\u00edmicas<\/td>\n<td>Especifica\u00e7\u00e3o(wt%)<\/td>\n<td>\u00a0Tipo Valor(wt%)<\/td>\n<\/tr>\n<tr>\n<td>Li2CO3<\/td>\n<td>\u226599.5<\/td>\n<td>99.5<\/td>\n<\/tr>\n<tr>\n<td>Na<\/td>\n<td>\u22640.025<\/td>\n<td>0.015<\/td>\n<\/tr>\n<tr>\n<td>K<\/td>\n<td>\u22640.001<\/td>\n<td>0.0003<\/td>\n<\/tr>\n<tr>\n<td>Mg<\/td>\n<td>\u22640.008<\/td>\n<td>0.001<\/td>\n<\/tr>\n<tr>\n<td>Ca<\/td>\n<td>\u22640.005<\/td>\n<td>0.0030<\/td>\n<\/tr>\n<tr>\n<td>Al<\/td>\n<td>\u22640.001<\/td>\n<td>0.0005<\/td>\n<\/tr>\n<tr>\n<td>Fe<\/td>\n<td>\u22640.001<\/td>\n<td>0.0005<\/td>\n<\/tr>\n<tr>\n<td>Ni<\/td>\n<td>\u22640.001<\/td>\n<td>0.0001<\/td>\n<\/tr>\n<tr>\n<td>Cu<\/td>\n<td>\u22640.0003<\/td>\n<td>0.0001<\/td>\n<\/tr>\n<tr>\n<td>Pb<\/td>\n<td>\u22640.0003<\/td>\n<td>0.0001<\/td>\n<\/tr>\n<tr>\n<td>SO42-<\/td>\n<td>\u22640.080<\/td>\n<td>0.015<\/td>\n<\/tr>\n<tr>\n<td>Cl<\/td>\n<td>\u22640.003<\/td>\n<td>0.002<\/td>\n<\/tr>\n<tr>\n<td>Mn<\/td>\n<td>\u22640.0003<\/td>\n<td>0.0001<\/td>\n<\/tr>\n<tr>\n<td>Si<\/td>\n<td>\u22640.003<\/td>\n<td>0.002<\/td>\n<\/tr>\n<tr>\n<td>Zn<\/td>\n<td>\u22640.0003<\/td>\n<td>0.0001<\/td>\n<\/tr>\n<tr>\n<td>H2O<\/td>\n<td>\u22640.25<\/td>\n<td>0.15<\/td>\n<\/tr>\n<tr>\n<td>D50(um)<\/td>\n<td>\u22646um<\/td>\n<td>5um<\/td>\n<\/tr>\n<\/tbody>\n<\/table>\n<\/div>\n<h2>Seguran\u00e7a:<\/h2>\n<p>Manter afastado do calor. Manter afastado de fontes de igni\u00e7\u00e3o. Ligar \u00e0 terra todo o equipamento que contenha material. N\u00e3o ingerir. N\u00e3o respirar a poeira. Se ingerido, procurar imediatamente aconselhamento m\u00e9dico e mostrar o recipiente ou o r\u00f3tulo. Manter afastado de subst\u00e2ncias incompat\u00edveis, tais como agentes oxidantes. Antes de utilizar este produto, consulte os Msds para obter orienta\u00e7\u00f5es completas sobre seguran\u00e7a e manuseamento.<\/p>\n<h2>Armazenamento de carbonato de l\u00edtio para venda:<\/h2>\n<p>Manter o recipiente bem fechado. Manter o recipiente numa \u00e1rea fresca e bem ventilada. Ar sens\u00edvel \u00e0 luz. Armazenar em recipientes resistentes \u00e0 luz. Deve ser armazenado no interior, em paletes, a temperaturas normais. Se armazenado de acordo com as recomenda\u00e7\u00f5es, o prazo de validade m\u00e1ximo \u00e9 de tr\u00eas anos.<\/p>\n<h2>Embalagem de carbonato de l\u00edtio para venda:<\/h2>\n<p>Em saco de papel kraft de 25 kg \/20 kg, saco a granel de 500 kg ou tambor de 100 kg.<\/p>\n<p>Transporte: O produto n\u00e3o est\u00e1 classificado como qu\u00edmico perigoso, adequado para transporte mar\u00edtimo, ferrovi\u00e1rio, a\u00e9reo e rodovi\u00e1rio. Prestar aten\u00e7\u00e3o \u00e0 resist\u00eancia \u00e0 humidade e aos \u00e1cidos durante o transporte.<\/p>","protected":false},"excerpt":{"rendered":"<p><strong>Carbonatos de l\u00edtio 99.5% N\u00edvel da bateria ou li2co3 de qualidade industrial<\/strong>\u00a0\u00e9 utilizado principalmente para materiais sint\u00e9ticos de p\u00f3los positivos de baterias de i\u00f5es de l\u00edtio, tais como cobaltato de l\u00edtio (LiCoO2), \u00f3xido de l\u00edtio e mangan\u00eas (LiMn2O4), fosfato de ferro tern\u00e1rio e l\u00edtio (LiFePO4\/LFP). Tamb\u00e9m utilizado em semicondutores, televis\u00e3o, energia, cer\u00e2mica, catalisadores e outros sectores.<\/p>","protected":false},"featured_media":3530,"template":"","meta":{"_seopress_robots_primary_cat":"","_monsterinsights_skip_tracking":false,"_monsterinsights_sitenote_active":false,"_monsterinsights_sitenote_note":"","_monsterinsights_sitenote_category":0,"_joinchat":[]},"product_cat":[95],"product_tag":[],"class_list":["post-3527","product","type-product","status-publish","has-post-thumbnail","hentry","product_cat-lithium-carbonates"],"featured_image_urls":{"full":["https:\/\/www.laiko.net\/wp-content\/uploads\/2023\/10\/B9M2DZNZQTTUBF@0Z4AJ.png",366,300,false],"thumbnail":["https:\/\/www.laiko.net\/wp-content\/uploads\/2023\/10\/B9M2DZNZQTTUBF@0Z4AJ-150x150.png",150,150,true],"medium":["https:\/\/www.laiko.net\/wp-content\/uploads\/2023\/10\/B9M2DZNZQTTUBF@0Z4AJ-300x246.png",300,246,true],"medium_large":["https:\/\/www.laiko.net\/wp-content\/uploads\/2023\/10\/B9M2DZNZQTTUBF@0Z4AJ.png",366,300,false],"large":["https:\/\/www.laiko.net\/wp-content\/uploads\/2023\/10\/B9M2DZNZQTTUBF@0Z4AJ.png",366,300,false],"1536x1536":["https:\/\/www.laiko.net\/wp-content\/uploads\/2023\/10\/B9M2DZNZQTTUBF@0Z4AJ.png",366,300,false],"2048x2048":["https:\/\/www.laiko.net\/wp-content\/uploads\/2023\/10\/B9M2DZNZQTTUBF@0Z4AJ.png",366,300,false],"trp-custom-language-flag":["https:\/\/www.laiko.net\/wp-content\/uploads\/2023\/10\/B9M2DZNZQTTUBF@0Z4AJ.png",15,12,false],"woocommerce_thumbnail":["https:\/\/www.laiko.net\/wp-content\/uploads\/2023\/10\/B9M2DZNZQTTUBF@0Z4AJ-300x246.png",300,246,true],"woocommerce_single":["https:\/\/www.laiko.net\/wp-content\/uploads\/2023\/10\/B9M2DZNZQTTUBF@0Z4AJ.png",366,300,false],"woocommerce_gallery_thumbnail":["https:\/\/www.laiko.net\/wp-content\/uploads\/2023\/10\/B9M2DZNZQTTUBF@0Z4AJ-100x100.png",100,100,true]},"post_excerpt_stackable":"<p><strong>lithium Carbonates 99.5% Battery Level or Industry grade li2co3<\/strong>\u00a0is mainly used for synthetic lithium -ion battery positive pole material such as Lithium cobaltate(LiCoO2),\u00a0Lithium manganese oxide(LiMn2O4),\u00a0Ternary and Lithium iron phosphate(LiFePO4\/LFP). Also used in semiconductor, television, energy, ceramics,\u00a0 catalyst and other sectors.<\/p>\n","category_list":"","author_info":{"name":"","url":""},"comments_num":"0 comments","_links":{"self":[{"href":"https:\/\/www.laiko.net\/pt\/wp-json\/wp\/v2\/product\/3527","targetHints":{"allow":["GET"]}}],"collection":[{"href":"https:\/\/www.laiko.net\/pt\/wp-json\/wp\/v2\/product"}],"about":[{"href":"https:\/\/www.laiko.net\/pt\/wp-json\/wp\/v2\/types\/product"}],"wp:featuredmedia":[{"embeddable":true,"href":"https:\/\/www.laiko.net\/pt\/wp-json\/wp\/v2\/media\/3530"}],"wp:attachment":[{"href":"https:\/\/www.laiko.net\/pt\/wp-json\/wp\/v2\/media?parent=3527"}],"wp:term":[{"taxonomy":"product_cat","embeddable":true,"href":"https:\/\/www.laiko.net\/pt\/wp-json\/wp\/v2\/product_cat?post=3527"},{"taxonomy":"product_tag","embeddable":true,"href":"https:\/\/www.laiko.net\/pt\/wp-json\/wp\/v2\/product_tag?post=3527"}],"curies":[{"name":"wp","href":"https:\/\/api.w.org\/{rel}","templated":true}]}}