{"id":3526,"date":"2023-10-28T14:54:00","date_gmt":"2023-10-28T06:54:00","guid":{"rendered":"http:\/\/www3.laiko.net\/?post_type=product&#038;p=3526"},"modified":"2023-10-31T16:26:08","modified_gmt":"2023-10-31T08:26:08","slug":"plastic-tellerette-ring","status":"publish","type":"product","link":"https:\/\/www.laiko.net\/pt\/produto\/anel-de-plastico-para-tiaras\/","title":{"rendered":"Anel de pl\u00e1stico Tellerette"},"content":{"rendered":"<h2>Par\u00e2metros do anel de pl\u00e1stico Tellerette<\/h2>\n<div class=\"overflow_x\">\n<table>\n<colgroup>\n<col \/>\n<col \/>\n<col \/>\n<col \/>\n<col \/>\n<col \/>\n<col \/>\n<col \/>\n<col \/><\/colgroup>\n<tbody>\n<tr class=\"firstRow\">\n<td height=\"42\">D\u00d7H\u00d7\u03b4 mm<\/td>\n<td height=\"42\">\u00c1rea espec\u00edfica m2\/m3<\/td>\n<td height=\"42\">Taxa de vazio %<\/td>\n<td colspan=\"2\" height=\"42\">N\u00famero a granel g\/m3<\/td>\n<td colspan=\"2\" height=\"42\">Densidade da embalagem (kg\/m3)<\/td>\n<td colspan=\"2\" height=\"42\">F fator m-1<\/td>\n<\/tr>\n<tr>\n<td height=\"14\">25*9*(1.5*2)<\/td>\n<td height=\"14\">195<\/td>\n<td height=\"14\">82<\/td>\n<td colspan=\"2\" height=\"14\">170000<\/td>\n<td colspan=\"2\" height=\"14\">90<\/td>\n<td colspan=\"2\" height=\"14\">488<\/td>\n<\/tr>\n<tr>\n<td height=\"14\">47*19*(3*3)<\/td>\n<td height=\"14\">185<\/td>\n<td height=\"14\">88<\/td>\n<td colspan=\"2\" height=\"14\">32500<\/td>\n<td colspan=\"2\" height=\"14\">111<\/td>\n<td colspan=\"2\" height=\"14\">271<\/td>\n<\/tr>\n<tr>\n<td height=\"14\">51*19*(3*3)<\/td>\n<td height=\"14\">180<\/td>\n<td height=\"14\">89<\/td>\n<td colspan=\"2\" height=\"14\">25000<\/td>\n<td colspan=\"2\" height=\"14\">103<\/td>\n<td colspan=\"2\" height=\"14\">255<\/td>\n<\/tr>\n<tr>\n<td height=\"14\">59*19*(3*3)<\/td>\n<td height=\"14\">150<\/td>\n<td height=\"14\">92<\/td>\n<td colspan=\"2\" height=\"14\">17500<\/td>\n<td colspan=\"2\" height=\"14\">86<\/td>\n<td colspan=\"2\" height=\"14\">213<\/td>\n<\/tr>\n<tr>\n<td height=\"14\">73*28*(3*4)<\/td>\n<td height=\"14\">127<\/td>\n<td height=\"14\">89<\/td>\n<td colspan=\"2\" height=\"14\">8000<\/td>\n<td colspan=\"2\" height=\"14\">80<\/td>\n<td colspan=\"2\" height=\"14\">180<\/td>\n<\/tr>\n<tr>\n<td height=\"14\">95*37*(3*6)<\/td>\n<td height=\"14\">94<\/td>\n<td height=\"14\">90<\/td>\n<td colspan=\"2\" height=\"14\">3900<\/td>\n<td colspan=\"2\" height=\"14\">88<\/td>\n<td colspan=\"2\" height=\"14\">129<\/td>\n<\/tr>\n<tr>\n<td height=\"14\">145*48*(3*6)<\/td>\n<td height=\"14\">65<\/td>\n<td height=\"14\">95<\/td>\n<td colspan=\"2\" height=\"14\">1100<\/td>\n<td colspan=\"2\" height=\"14\">48<\/td>\n<td colspan=\"2\" height=\"14\">76<\/td>\n<\/tr>\n<\/tbody>\n<\/table>\n<\/div>\n<h2>Vantagens da argola de pl\u00e1stico para Tellerette<\/h2>\n<ul class=\"list-paddingleft-2\">\n<li>Idade do grande vazio<\/li>\n<li>Baixa queda de press\u00e3o<\/li>\n<li>Peso reduzido<\/li>\n<li>Elevada efici\u00eancia de transfer\u00eancia<\/li>\n<li>Sufici\u00eancia g\u00e1s-l\u00edquido Contacto<\/li>\n<li>Torre de lavagem<\/li>\n<li>Torre de refina\u00e7\u00e3o<\/li>\n<\/ul>","protected":false},"excerpt":{"rendered":"<p>O anel de pl\u00e1stico Tellerette da NAIKE foi concebido por Tell A J em 1956, o chamado Teller Rosette Ring. As elipses da embalagem s\u00e3o constitu\u00eddas por muitos c\u00edrculos entrela\u00e7ados. Para uma carga l\u00edquida elevada na lacuna da embalagem, prolonga o tempo de contacto g\u00e1s-l\u00edquido e aumenta a efici\u00eancia da transfer\u00eancia. Com base nestas caracter\u00edsticas de grande vazio, baixa queda de press\u00e3o. A sufici\u00eancia do contacto g\u00e1s-l\u00edquido, o baixo peso, a elevada efici\u00eancia de transfer\u00eancia, est\u00e1 amplamente dispon\u00edvel na torre de lavagem e refina\u00e7\u00e3o.<\/p>","protected":false},"featured_media":3041,"template":"","meta":{"_seopress_robots_primary_cat":"","_monsterinsights_skip_tracking":false,"_monsterinsights_sitenote_active":false,"_monsterinsights_sitenote_note":"","_monsterinsights_sitenote_category":0,"_joinchat":[]},"product_cat":[104,96],"product_tag":[],"class_list":["post-3526","product","type-product","status-publish","has-post-thumbnail","hentry","product_cat-plastic-tower-packing","product_cat-tellerette-ring"],"featured_image_urls":{"full":["https:\/\/www.laiko.net\/wp-content\/uploads\/2023\/10\/frc-f44b05595eb82ae068d56c4b6b3a5390.jpg",600,350,false],"thumbnail":["https:\/\/www.laiko.net\/wp-content\/uploads\/2023\/10\/frc-f44b05595eb82ae068d56c4b6b3a5390-150x150.jpg",150,150,true],"medium":["https:\/\/www.laiko.net\/wp-content\/uploads\/2023\/10\/frc-f44b05595eb82ae068d56c4b6b3a5390-300x175.jpg",300,175,true],"medium_large":["https:\/\/www.laiko.net\/wp-content\/uploads\/2023\/10\/frc-f44b05595eb82ae068d56c4b6b3a5390.jpg",600,350,false],"large":["https:\/\/www.laiko.net\/wp-content\/uploads\/2023\/10\/frc-f44b05595eb82ae068d56c4b6b3a5390.jpg",600,350,false],"1536x1536":["https:\/\/www.laiko.net\/wp-content\/uploads\/2023\/10\/frc-f44b05595eb82ae068d56c4b6b3a5390.jpg",600,350,false],"2048x2048":["https:\/\/www.laiko.net\/wp-content\/uploads\/2023\/10\/frc-f44b05595eb82ae068d56c4b6b3a5390.jpg",600,350,false],"trp-custom-language-flag":["https:\/\/www.laiko.net\/wp-content\/uploads\/2023\/10\/frc-f44b05595eb82ae068d56c4b6b3a5390.jpg",18,12,false],"woocommerce_thumbnail":["https:\/\/www.laiko.net\/wp-content\/uploads\/2023\/10\/frc-f44b05595eb82ae068d56c4b6b3a5390-300x175.jpg",300,175,true],"woocommerce_single":["https:\/\/www.laiko.net\/wp-content\/uploads\/2023\/10\/frc-f44b05595eb82ae068d56c4b6b3a5390.jpg",600,350,false],"woocommerce_gallery_thumbnail":["https:\/\/www.laiko.net\/wp-content\/uploads\/2023\/10\/frc-f44b05595eb82ae068d56c4b6b3a5390-100x100.jpg",100,100,true]},"post_excerpt_stackable":"<p>NAIKE \u00a0Plastic Tellerette Ring was designed by Tell A J in 1956, so-called Teller Rosette Ring. The Packing liked\u00a0ellipse s consist of many enlaced cirques. For High liquid load in lacuna of packing, so prolong time of gas liquid contact, enhance the efficiency of transfer. Based on these characteristics of big void age, Low-pressure drop. The sufficiency gas liquid contact, low weight, high efficiency of transfer, it is widely available in the washing, refining Tower.<\/p>\n","category_list":"","author_info":{"name":"","url":""},"comments_num":"0 comments","_links":{"self":[{"href":"https:\/\/www.laiko.net\/pt\/wp-json\/wp\/v2\/product\/3526","targetHints":{"allow":["GET"]}}],"collection":[{"href":"https:\/\/www.laiko.net\/pt\/wp-json\/wp\/v2\/product"}],"about":[{"href":"https:\/\/www.laiko.net\/pt\/wp-json\/wp\/v2\/types\/product"}],"wp:featuredmedia":[{"embeddable":true,"href":"https:\/\/www.laiko.net\/pt\/wp-json\/wp\/v2\/media\/3041"}],"wp:attachment":[{"href":"https:\/\/www.laiko.net\/pt\/wp-json\/wp\/v2\/media?parent=3526"}],"wp:term":[{"taxonomy":"product_cat","embeddable":true,"href":"https:\/\/www.laiko.net\/pt\/wp-json\/wp\/v2\/product_cat?post=3526"},{"taxonomy":"product_tag","embeddable":true,"href":"https:\/\/www.laiko.net\/pt\/wp-json\/wp\/v2\/product_tag?post=3526"}],"curies":[{"name":"wp","href":"https:\/\/api.w.org\/{rel}","templated":true}]}}