{"id":3525,"date":"2023-10-28T14:47:25","date_gmt":"2023-10-28T06:47:25","guid":{"rendered":"http:\/\/www3.laiko.net\/?post_type=product&#038;p=3525"},"modified":"2023-10-31T16:21:17","modified_gmt":"2023-10-31T08:21:17","slug":"metal-tellerette-ring","status":"publish","type":"product","link":"https:\/\/www.laiko.net\/pt\/produto\/anel-de-metal-para-tiaras\/","title":{"rendered":"Anel Tellerette em metal"},"content":{"rendered":"<h2>Par\u00e2metros do anel de metal Tellerette<\/h2>\n<div class=\"overflow_x\">\n<table>\n<tbody>\n<tr class=\"firstRow\">\n<td colspan=\"1\" rowspan=\"1\" height=\"20\">\n<div data-spm-anchor-id=\"a2700.details.pronpeci14.i2.5c9eebfdRu81dA\">Nome do produto<\/div>\n<\/td>\n<td colspan=\"1\" rowspan=\"1\" height=\"20\">\n<div>Artigo<\/div>\n<\/td>\n<td colspan=\"1\" rowspan=\"1\" height=\"20\">\n<div>Tamanho D*H*T(mm)<\/div>\n<\/td>\n<td colspan=\"1\" rowspan=\"1\" height=\"20\">\n<div>N\u00famero por m\u00b3<\/div>\n<\/td>\n<td colspan=\"1\" rowspan=\"1\" height=\"20\">\n<div data-spm-anchor-id=\"a2700.details.pronpeci14.i3.5c9eebfdRu81dA\">\u00c1rea de superf\u00edcie m2\/m\u00b3<\/div>\n<\/td>\n<td colspan=\"1\" rowspan=\"1\" height=\"20\">\n<div>Volume livre<br \/>\n%<\/div>\n<\/td>\n<\/tr>\n<tr>\n<td colspan=\"1\" rowspan=\"4\" height=\"20\">\n<div>\n<div data-spm-anchor-id=\"0.0.0.i18.3a524f05AJX782\">Anel com roseta de metal<\/div>\n<\/div>\n<\/td>\n<td colspan=\"1\" rowspan=\"1\" height=\"20\">\n<div>Dg50<\/div>\n<\/td>\n<td colspan=\"1\" rowspan=\"1\" height=\"20\">\n<div>50&#215;25<\/div>\n<\/td>\n<td colspan=\"1\" rowspan=\"1\" height=\"20\">\n<div>19180<\/div>\n<\/td>\n<td colspan=\"1\" rowspan=\"1\" height=\"20\">\n<div>112.8<\/div>\n<\/td>\n<td colspan=\"1\" rowspan=\"1\" height=\"20\">\n<div>96<\/div>\n<\/td>\n<\/tr>\n<tr>\n<td colspan=\"1\" rowspan=\"1\" height=\"20\">\n<div>Dg75<\/div>\n<\/td>\n<td colspan=\"1\" rowspan=\"1\" height=\"20\">\n<div>75&#215;27.5<\/div>\n<\/td>\n<td colspan=\"1\" rowspan=\"1\" height=\"20\">\n<div>8000<\/div>\n<\/td>\n<td colspan=\"1\" rowspan=\"1\" height=\"20\">\n<div>136<\/div>\n<\/td>\n<td colspan=\"1\" rowspan=\"1\" height=\"20\">\n<div>97<\/div>\n<\/td>\n<\/tr>\n<tr>\n<td colspan=\"1\" rowspan=\"1\" height=\"20\">\n<div>Dg100<\/div>\n<\/td>\n<td colspan=\"1\" rowspan=\"1\" height=\"20\">\n<div>100&#215;40<\/div>\n<\/td>\n<td colspan=\"1\" rowspan=\"1\" height=\"20\">\n<div>2600<\/div>\n<\/td>\n<td colspan=\"1\" rowspan=\"1\" height=\"20\">\n<div>140<\/div>\n<\/td>\n<td colspan=\"1\" rowspan=\"1\" height=\"20\">\n<div>96.5<\/div>\n<\/td>\n<\/tr>\n<tr>\n<td colspan=\"1\" rowspan=\"1\" height=\"20\">\n<div>Dg108<\/div>\n<\/td>\n<td colspan=\"1\" rowspan=\"1\" height=\"20\">\n<div>108&#215;45<\/div>\n<\/td>\n<td colspan=\"1\" rowspan=\"1\" height=\"20\">\n<div>1760<\/div>\n<\/td>\n<td colspan=\"1\" rowspan=\"1\" height=\"20\">\n<div>53.4<\/div>\n<\/td>\n<td colspan=\"1\" rowspan=\"1\" height=\"20\">\n<div>95<\/div>\n<\/td>\n<\/tr>\n<\/tbody>\n<\/table>\n<\/div>\n<h2>Vantagens do anel Tellerette em metal<\/h2>\n<ul class=\"list-paddingleft-2\">\n<li>Baixa queda de press\u00e3o<\/li>\n<li>Ponto de inunda\u00e7\u00e3o elevado<\/li>\n<li>Alta efici\u00eancia<\/li>\n<li>Contacto uniforme g\u00e1s-l\u00edquido<\/li>\n<\/ul>","protected":false},"excerpt":{"rendered":"<p>A embalagem de metal Tellerette \u00e9 uma elipse composta por v\u00e1rios c\u00edrculos entrela\u00e7ados. Devido ao seu elevado armazenamento de l\u00edquido na lacuna da embalagem, prolonga o tempo de contacto g\u00e1s-l\u00edquido e aumenta a efici\u00eancia da transfer\u00eancia. Tem a carater\u00edstica de grande vazio, baixa queda de press\u00e3o, contacto g\u00e1s-l\u00edquido suficiente, peso leve. O enchimento da torre Tellerette de metal \u00e9 estampado com uma folha fina de metal, esticada numa malha de calandragem espec\u00edfica, a superf\u00edcie numa malha regular em forma de diamante, para manter as regras geom\u00e9tricas da malha de arame ondulado. O enchimento Tellerette pode ser processado com uma variedade de materiais, pelo que apresenta uma boa resist\u00eancia \u00e0 corros\u00e3o.<\/p>","protected":false},"featured_media":3053,"template":"","meta":{"_seopress_robots_primary_cat":"","_monsterinsights_skip_tracking":false,"_monsterinsights_sitenote_active":false,"_monsterinsights_sitenote_note":"","_monsterinsights_sitenote_category":0,"_joinchat":[]},"product_cat":[103,96],"product_tag":[],"class_list":["post-3525","product","type-product","status-publish","has-post-thumbnail","hentry","product_cat-metal-tower-packing","product_cat-tellerette-ring"],"featured_image_urls":{"full":["https:\/\/www.laiko.net\/wp-content\/uploads\/2023\/10\/frc-62654b1bd8f54d962b8fa03a9a027622.jpg",600,350,false],"thumbnail":["https:\/\/www.laiko.net\/wp-content\/uploads\/2023\/10\/frc-62654b1bd8f54d962b8fa03a9a027622-150x150.jpg",150,150,true],"medium":["https:\/\/www.laiko.net\/wp-content\/uploads\/2023\/10\/frc-62654b1bd8f54d962b8fa03a9a027622-300x175.jpg",300,175,true],"medium_large":["https:\/\/www.laiko.net\/wp-content\/uploads\/2023\/10\/frc-62654b1bd8f54d962b8fa03a9a027622.jpg",600,350,false],"large":["https:\/\/www.laiko.net\/wp-content\/uploads\/2023\/10\/frc-62654b1bd8f54d962b8fa03a9a027622.jpg",600,350,false],"1536x1536":["https:\/\/www.laiko.net\/wp-content\/uploads\/2023\/10\/frc-62654b1bd8f54d962b8fa03a9a027622.jpg",600,350,false],"2048x2048":["https:\/\/www.laiko.net\/wp-content\/uploads\/2023\/10\/frc-62654b1bd8f54d962b8fa03a9a027622.jpg",600,350,false],"trp-custom-language-flag":["https:\/\/www.laiko.net\/wp-content\/uploads\/2023\/10\/frc-62654b1bd8f54d962b8fa03a9a027622.jpg",18,12,false],"woocommerce_thumbnail":["https:\/\/www.laiko.net\/wp-content\/uploads\/2023\/10\/frc-62654b1bd8f54d962b8fa03a9a027622-300x175.jpg",300,175,true],"woocommerce_single":["https:\/\/www.laiko.net\/wp-content\/uploads\/2023\/10\/frc-62654b1bd8f54d962b8fa03a9a027622.jpg",600,350,false],"woocommerce_gallery_thumbnail":["https:\/\/www.laiko.net\/wp-content\/uploads\/2023\/10\/frc-62654b1bd8f54d962b8fa03a9a027622-100x100.jpg",100,100,true]},"post_excerpt_stackable":"<p>Metal Tellerette Packing like ellipse that made of many enlaced cirques. Due to its high liquid storage in lacuna of packing, it prolongs time of gas-liquid contact, enhances transfer efficiency. It has the characteristic of large voidage, low pressure drop, sufficiency gas-liquid contact, light weight. Metal Tellerette Tower Packing is stamped with a thin sheet of metal, stretched into a specific calendaring mesh, the surface into a regular diamond-shaped mesh, to maintain the geometric rules of the corrugated wire mesh. Tellerette filler can be processed with a variety of materials, and thus good corrosion resistance.<\/p>\n","category_list":"","author_info":{"name":"","url":""},"comments_num":"0 comments","_links":{"self":[{"href":"https:\/\/www.laiko.net\/pt\/wp-json\/wp\/v2\/product\/3525","targetHints":{"allow":["GET"]}}],"collection":[{"href":"https:\/\/www.laiko.net\/pt\/wp-json\/wp\/v2\/product"}],"about":[{"href":"https:\/\/www.laiko.net\/pt\/wp-json\/wp\/v2\/types\/product"}],"wp:featuredmedia":[{"embeddable":true,"href":"https:\/\/www.laiko.net\/pt\/wp-json\/wp\/v2\/media\/3053"}],"wp:attachment":[{"href":"https:\/\/www.laiko.net\/pt\/wp-json\/wp\/v2\/media?parent=3525"}],"wp:term":[{"taxonomy":"product_cat","embeddable":true,"href":"https:\/\/www.laiko.net\/pt\/wp-json\/wp\/v2\/product_cat?post=3525"},{"taxonomy":"product_tag","embeddable":true,"href":"https:\/\/www.laiko.net\/pt\/wp-json\/wp\/v2\/product_tag?post=3525"}],"curies":[{"name":"wp","href":"https:\/\/api.w.org\/{rel}","templated":true}]}}