{"id":3524,"date":"2023-10-28T14:41:51","date_gmt":"2023-10-28T06:41:51","guid":{"rendered":"http:\/\/www3.laiko.net\/?post_type=product&#038;p=3524"},"modified":"2023-10-31T15:57:49","modified_gmt":"2023-10-31T07:57:49","slug":"ceramic-super-intalox-saddle-ring","status":"publish","type":"product","link":"https:\/\/www.laiko.net\/pt\/produto\/anel-de-selim-ceramico-super-intalox\/","title":{"rendered":"Anel de selim Super Intalox em cer\u00e2mica"},"content":{"rendered":"<p><strong>Par\u00e2metros do anel de selim Super Intalox em cer\u00e2mica<\/strong><\/p>\n<div class=\"overflow_x\">\n<table cellspacing=\"0\" cellpadding=\"0\">\n<tbody>\n<tr class=\"firstRow\">\n<td>Nome<\/td>\n<td>Normal<br \/>\nmm<\/td>\n<td>\nDi\u00e2metro*Altura*<br \/>\nEspessura mm<\/td>\n<td>\u00c1rea de superf\u00edcie<br \/>\nm<sup>2<\/sup>\/m<sup>3<\/sup><\/td>\n<td>\nEspa\u00e7o vazio<br \/>\n%<\/td>\n<td>Densidade aparente<br \/>\nkg\/m<sup>3<\/sup><\/td>\n<td>\nN\u00e3o h\u00e1 elementos<br \/>\npor\/m<sup>3<\/sup><\/td>\n<td>\nFator de embalagem<br \/>\nm<sup>-1<\/sup><\/td>\n<\/tr>\n<tr>\n<td rowspan=\"4\">Super Intalox<\/td>\n<td>\u00f825<\/td>\n<td>25*19*3<\/td>\n<td>160<\/td>\n<td>78<\/td>\n<td>530<\/td>\n<td>52000<\/td>\n<td>337<\/td>\n<\/tr>\n<tr>\n<td>\u00f838<\/td>\n<td>38*30*4<\/td>\n<td>102<\/td>\n<td>80<\/td>\n<td>480<\/td>\n<td>16000<\/td>\n<td>199<\/td>\n<\/tr>\n<tr>\n<td>\u00f850<\/td>\n<td>50*40*5<\/td>\n<td>88<\/td>\n<td>81<\/td>\n<td>450<\/td>\n<td>7300<\/td>\n<td>166<\/td>\n<\/tr>\n<tr>\n<td>\u00f876<\/td>\n<td>76*57*9<\/td>\n<td>58<\/td>\n<td>82<\/td>\n<td>430<\/td>\n<td>1600<\/td>\n<td>105<\/td>\n<\/tr>\n<\/tbody>\n<\/table>\n<\/div>","protected":false},"excerpt":{"rendered":"<p>A Super Intalox cer\u00e2mica \u00e9 um tipo de embalagem aleat\u00f3ria desenvolvida com base no anel de sela, em que ambos os bordos lisos s\u00e3o alterados para bordos ondulados ou ondulados. Em compara\u00e7\u00e3o com o selim normal, esta estrutura do super selim pode garantir que o espa\u00e7o entre os selins seja muito maior quando estes s\u00e3o empilhados na coluna de forma aleat\u00f3ria.<\/p>\n<p>Por conseguinte, a resist\u00eancia ao vapor-l\u00edquido \u00e9 reduzida e facilita o fluxo e a distribui\u00e7\u00e3o do vapor-l\u00edquido atrav\u00e9s do leito de empacotamento. Como resultado, a queda de press\u00e3o \u00e9 baixa e a efici\u00eancia da transfer\u00eancia de massa \u00e9 alta.<\/p>\n<p>Com caracter\u00edsticas de alta resist\u00eancia mec\u00e2nica, alta estabilidade qu\u00edmica e excelente resist\u00eancia ao calor, o Super Saddle pode resistir a altas ou baixas temperaturas, \u00e1cidos (exceto HF), \u00e1lcalis, sal e v\u00e1rios solventes org\u00e2nicos. \u00c9 amplamente aplicada em v\u00e1rias torres de embalagem de desseca\u00e7\u00e3o, absor\u00e7\u00e3o, arrefecimento, lavagem e regenera\u00e7\u00e3o em ind\u00fastrias petroqu\u00edmicas, qu\u00edmicas, metal\u00fargicas, de gera\u00e7\u00e3o de g\u00e1s e oxig\u00e9nio.<\/p>","protected":false},"featured_media":2906,"template":"","meta":{"_seopress_robots_primary_cat":"","_monsterinsights_skip_tracking":false,"_monsterinsights_sitenote_active":false,"_monsterinsights_sitenote_note":"","_monsterinsights_sitenote_category":0,"_joinchat":[]},"product_cat":[102,92],"product_tag":[],"class_list":["post-3524","product","type-product","status-publish","has-post-thumbnail","hentry","product_cat-ceramic-tower-packing","product_cat-intalox-saddle"],"featured_image_urls":{"full":["https:\/\/www.laiko.net\/wp-content\/uploads\/2023\/10\/frc-1d4835e6a120ba0f2677beb9903049f8.jpg",600,350,false],"thumbnail":["https:\/\/www.laiko.net\/wp-content\/uploads\/2023\/10\/frc-1d4835e6a120ba0f2677beb9903049f8-150x150.jpg",150,150,true],"medium":["https:\/\/www.laiko.net\/wp-content\/uploads\/2023\/10\/frc-1d4835e6a120ba0f2677beb9903049f8-300x175.jpg",300,175,true],"medium_large":["https:\/\/www.laiko.net\/wp-content\/uploads\/2023\/10\/frc-1d4835e6a120ba0f2677beb9903049f8.jpg",600,350,false],"large":["https:\/\/www.laiko.net\/wp-content\/uploads\/2023\/10\/frc-1d4835e6a120ba0f2677beb9903049f8.jpg",600,350,false],"1536x1536":["https:\/\/www.laiko.net\/wp-content\/uploads\/2023\/10\/frc-1d4835e6a120ba0f2677beb9903049f8.jpg",600,350,false],"2048x2048":["https:\/\/www.laiko.net\/wp-content\/uploads\/2023\/10\/frc-1d4835e6a120ba0f2677beb9903049f8.jpg",600,350,false],"trp-custom-language-flag":["https:\/\/www.laiko.net\/wp-content\/uploads\/2023\/10\/frc-1d4835e6a120ba0f2677beb9903049f8.jpg",18,12,false],"woocommerce_thumbnail":["https:\/\/www.laiko.net\/wp-content\/uploads\/2023\/10\/frc-1d4835e6a120ba0f2677beb9903049f8-300x175.jpg",300,175,true],"woocommerce_single":["https:\/\/www.laiko.net\/wp-content\/uploads\/2023\/10\/frc-1d4835e6a120ba0f2677beb9903049f8.jpg",600,350,false],"woocommerce_gallery_thumbnail":["https:\/\/www.laiko.net\/wp-content\/uploads\/2023\/10\/frc-1d4835e6a120ba0f2677beb9903049f8-100x100.jpg",100,100,true]},"post_excerpt_stackable":"<p>Ceramic Super Intalox is a kind of random packing further developed on the basis of Saddle Ring, which both smooth edges are changed to hackly or ripple edges. Comparing with normal saddle, such structure of super saddle can ensure that interspace will be increased a lot when saddles are stacked in the column randomly.<\/p>\n<p>Therefore, the resistance to vapor-liquid is decreased and it facilitates flow and distribution of vapor-liquid through the packing bed. As a result, pressure drop is low and mass transfer efficiency is high.<\/p>\n<p>With the characters of high mechanical strength, high chemical stability, and excellent heat endurance, Super Saddle can resist high or low temperature, acid (except HF), alkali, salt and various organic solvents. It&#8217;s widely applied in various packing towers of desiccation, absorption, cooling, washing, and regeneration in industries of petrochemical, chemical, metallurgy, gas and oxygen generation.<\/p>\n","category_list":"","author_info":{"name":"","url":""},"comments_num":"0 comments","_links":{"self":[{"href":"https:\/\/www.laiko.net\/pt\/wp-json\/wp\/v2\/product\/3524","targetHints":{"allow":["GET"]}}],"collection":[{"href":"https:\/\/www.laiko.net\/pt\/wp-json\/wp\/v2\/product"}],"about":[{"href":"https:\/\/www.laiko.net\/pt\/wp-json\/wp\/v2\/types\/product"}],"wp:featuredmedia":[{"embeddable":true,"href":"https:\/\/www.laiko.net\/pt\/wp-json\/wp\/v2\/media\/2906"}],"wp:attachment":[{"href":"https:\/\/www.laiko.net\/pt\/wp-json\/wp\/v2\/media?parent=3524"}],"wp:term":[{"taxonomy":"product_cat","embeddable":true,"href":"https:\/\/www.laiko.net\/pt\/wp-json\/wp\/v2\/product_cat?post=3524"},{"taxonomy":"product_tag","embeddable":true,"href":"https:\/\/www.laiko.net\/pt\/wp-json\/wp\/v2\/product_tag?post=3524"}],"curies":[{"name":"wp","href":"https:\/\/api.w.org\/{rel}","templated":true}]}}