{"id":3521,"date":"2023-10-28T14:38:04","date_gmt":"2023-10-28T06:38:04","guid":{"rendered":"http:\/\/www3.laiko.net\/?post_type=product&#038;p=3521"},"modified":"2023-10-28T14:38:04","modified_gmt":"2023-10-28T06:38:04","slug":"mlm","status":"publish","type":"product","link":"https:\/\/www.laiko.net\/pt\/produto\/mlm\/","title":{"rendered":"MLM"},"content":{"rendered":"<h2>Par\u00e2metros do MLM<\/h2>\n<div class=\"overflow_x\">\n<table>\n<tbody>\n<tr class=\"firstRow\">\n<td height=\"14\">Artigo<\/td>\n<td height=\"14\">Unidade<\/td>\n<td height=\"14\">MLM-125<\/td>\n<td height=\"14\">MLM-160<\/td>\n<td height=\"14\">MLM-180<\/td>\n<td height=\"14\">MLM-200<\/td>\n<td height=\"14\">Tipo MLM-S<\/td>\n<\/tr>\n<tr>\n<td height=\"14\">Dimens\u00e3o<\/td>\n<td height=\"14\">mm<\/td>\n<td height=\"14\">305x305x101<\/td>\n<td height=\"14\">305x305x101<\/td>\n<td height=\"14\">305x305x101<\/td>\n<td height=\"14\">305x305x101<\/td>\n<td height=\"14\">305x305x101<\/td>\n<\/tr>\n<tr>\n<td height=\"14\">\u00c1rea de superf\u00edcie<\/td>\n<td height=\"14\">m2\/m3-ft2\/ft3<\/td>\n<td height=\"14\">410\/125<\/td>\n<td height=\"14\">525\/160<\/td>\n<td height=\"14\">590\/180<\/td>\n<td height=\"14\">655\/200<\/td>\n<td height=\"14\">722\/220<\/td>\n<\/tr>\n<tr>\n<td height=\"14\">Densidade<\/td>\n<td height=\"14\">g\/cm3<\/td>\n<td height=\"14\">2.25-2.35<\/td>\n<td height=\"14\">2.25-2.35<\/td>\n<td height=\"14\">2.25-2.35<\/td>\n<td height=\"14\">2.25-2.35<\/td>\n<td height=\"14\">2.25-2.35<\/td>\n<\/tr>\n<tr>\n<td height=\"14\">Peso<\/td>\n<td height=\"14\">Kg\/m3<\/td>\n<td height=\"14\">800<\/td>\n<td height=\"14\">850<\/td>\n<td height=\"14\">950<\/td>\n<td height=\"14\">980<\/td>\n<td height=\"14\">1000<\/td>\n<\/tr>\n<tr>\n<td height=\"14\">Resist\u00eancia aos \u00e1cidos<\/td>\n<td height=\"14\">%<\/td>\n<td height=\"14\">\u22644<\/td>\n<td height=\"14\">\u22644<\/td>\n<td height=\"14\">\u22644<\/td>\n<td height=\"14\">\u22644<\/td>\n<td height=\"14\">\u22644<\/td>\n<\/tr>\n<tr>\n<td height=\"14\">Absor\u00e7\u00e3o de \u00e1gua<\/td>\n<td height=\"14\">%<\/td>\n<td height=\"14\">&lt;0.5<\/td>\n<td height=\"14\">&lt;0.5<\/td>\n<td height=\"14\">&lt;0.5<\/td>\n<td height=\"14\">&lt;0.5<\/td>\n<td height=\"14\">&lt;0.5<\/td>\n<\/tr>\n<tr>\n<td height=\"14\">Espa\u00e7o livre<\/td>\n<td height=\"14\">%<\/td>\n<td height=\"14\">69<\/td>\n<td height=\"14\">61<\/td>\n<td height=\"14\">56<\/td>\n<td height=\"14\">51<\/td>\n<td height=\"14\">54<\/td>\n<\/tr>\n<tr>\n<td height=\"14\">Temperatura m\u00e1xima de funcionamento<\/td>\n<td height=\"14\">\u2103<\/td>\n<td height=\"14\">1180<\/td>\n<td height=\"14\">1180<\/td>\n<td height=\"14\">1180<\/td>\n<td height=\"14\">1180<\/td>\n<td height=\"14\">1180<\/td>\n<\/tr>\n<tr>\n<td height=\"14\">Capacidade t\u00e9rmica<\/td>\n<td height=\"14\">(kJ\/m2-\u00b0C)<\/td>\n<td height=\"14\">670<\/td>\n<td height=\"14\">810<\/td>\n<td height=\"14\">940<\/td>\n<td height=\"14\">1070<\/td>\n<td height=\"14\">1070<\/td>\n<\/tr>\n<tr>\n<td height=\"14\">Resist\u00eancia ao esmagamento<\/td>\n<td height=\"14\">lb\/ft2<\/td>\n<td height=\"14\">4210<\/td>\n<td height=\"14\">5380<\/td>\n<td height=\"14\">6120<\/td>\n<td height=\"14\">7340<\/td>\n<td height=\"14\">7340<\/td>\n<\/tr>\n<tr>\n<td rowspan=\"5\" height=\"71\">Caracter\u00edstica<\/td>\n<td colspan=\"6\" height=\"14\">Elevado desempenho de armazenamento de calor<\/td>\n<\/tr>\n<tr>\n<td colspan=\"6\" height=\"14\">Elevada efici\u00eancia de transfer\u00eancia de calor<\/td>\n<\/tr>\n<tr>\n<td colspan=\"6\" height=\"14\">\u00c1rea de superf\u00edcie espec\u00edfica mais elevada<\/td>\n<\/tr>\n<tr>\n<td colspan=\"6\" height=\"14\">Baixa queda de press\u00e3o<\/td>\n<\/tr>\n<tr>\n<td colspan=\"6\" height=\"14\">Custos de funcionamento muito baixos<\/td>\n<\/tr>\n<\/tbody>\n<\/table>\n<\/div>\n<h2>Vantagens do MLM<\/h2>\n<ul class=\"list-paddingleft-2\">\n<li>\u00c1rea de superf\u00edcie espec\u00edfica elevada<\/li>\n<li>Elevada capacidade t\u00e9rmica espec\u00edfica<\/li>\n<li>Excelente condutividade t\u00e9rmica<\/li>\n<li>Baixa queda de press\u00e3o<\/li>\n<li>Resistente \u00e0 obstru\u00e7\u00e3o<\/li>\n<li>Pre\u00e7o baixo com elevado desempenho<\/li>\n<\/ul>","protected":false},"excerpt":{"rendered":"<p data-spm-anchor-id=\"a2700.details.pronpeci14.i0.5f4b7e19WXn5A9\"><span data-spm-anchor-id=\"a2700.details.pronpeci14.i2.5f4b7e19WXn5A9\">O meio cer\u00e2mico multicamada (MLM) \u00e9 um tipo de enchimento estruturado concebido para equipamentos de redu\u00e7\u00e3o de emiss\u00f5es de COV - Oxida\u00e7\u00e3o T\u00e9rmica Regenerativa (RTO). O MLM \u00e9 constitu\u00eddo por uma placa de cer\u00e2mica com um pino. O MLM obteve uma patente dos EUA para inven\u00e7\u00e3o e uma patente chinesa para modelos de utilidade devido ao seu design de estrutura especial.<\/span><\/p>\n<p>O produto foi exportado para a Europa, os Estados Unidos, o Sudeste Asi\u00e1tico, mais de 30 pa\u00edses e \u00e9 a primeira escolha de meios de troca de calor para o sistema RTO que \u00e9 utilizado para a emiss\u00e3o de COVs de produtos qu\u00edmicos, metalurgia, pintura e assim por diante.<\/p>","protected":false},"featured_media":1681,"template":"","meta":{"_seopress_robots_primary_cat":"","_monsterinsights_skip_tracking":false,"_monsterinsights_sitenote_active":false,"_monsterinsights_sitenote_note":"","_monsterinsights_sitenote_category":0,"_joinchat":[]},"product_cat":[94],"product_tag":[],"class_list":["post-3521","product","type-product","status-publish","has-post-thumbnail","hentry","product_cat-honeycomb-ceramics"],"featured_image_urls":{"full":["https:\/\/www.laiko.net\/wp-content\/uploads\/2023\/10\/frc-128497209e6d52013288c1b60c259ee7.jpg",600,350,false],"thumbnail":["https:\/\/www.laiko.net\/wp-content\/uploads\/2023\/10\/frc-128497209e6d52013288c1b60c259ee7-150x150.jpg",150,150,true],"medium":["https:\/\/www.laiko.net\/wp-content\/uploads\/2023\/10\/frc-128497209e6d52013288c1b60c259ee7-300x175.jpg",300,175,true],"medium_large":["https:\/\/www.laiko.net\/wp-content\/uploads\/2023\/10\/frc-128497209e6d52013288c1b60c259ee7.jpg",600,350,false],"large":["https:\/\/www.laiko.net\/wp-content\/uploads\/2023\/10\/frc-128497209e6d52013288c1b60c259ee7.jpg",600,350,false],"1536x1536":["https:\/\/www.laiko.net\/wp-content\/uploads\/2023\/10\/frc-128497209e6d52013288c1b60c259ee7.jpg",600,350,false],"2048x2048":["https:\/\/www.laiko.net\/wp-content\/uploads\/2023\/10\/frc-128497209e6d52013288c1b60c259ee7.jpg",600,350,false],"trp-custom-language-flag":["https:\/\/www.laiko.net\/wp-content\/uploads\/2023\/10\/frc-128497209e6d52013288c1b60c259ee7.jpg",18,12,false],"woocommerce_thumbnail":["https:\/\/www.laiko.net\/wp-content\/uploads\/2023\/10\/frc-128497209e6d52013288c1b60c259ee7-300x175.jpg",300,175,true],"woocommerce_single":["https:\/\/www.laiko.net\/wp-content\/uploads\/2023\/10\/frc-128497209e6d52013288c1b60c259ee7.jpg",600,350,false],"woocommerce_gallery_thumbnail":["https:\/\/www.laiko.net\/wp-content\/uploads\/2023\/10\/frc-128497209e6d52013288c1b60c259ee7-100x100.jpg",100,100,true]},"post_excerpt_stackable":"<p data-spm-anchor-id=\"a2700.details.pronpeci14.i0.5f4b7e19WXn5A9\"><span data-spm-anchor-id=\"a2700.details.pronpeci14.i2.5f4b7e19WXn5A9\">Multi-layer ceramic media (MLM) is a type of structured packing designed for VOC emission reduction equipment &#8211; Regenerative Thermal Oxidation (RTO). MLM is made of a ceramic plate with prong. MLM obtained a US patent for invention and a Chinese patent for utility models because of its special structure design.<\/span><\/p>\n<p>The product has been exported to Europe, the United States, Southeast Asia, more than 30 countries and is the first choice of heat exchange media for RTO system which used for the VOCs emission of chemical, metallurgy, painting and so on.<\/p>\n","category_list":"","author_info":{"name":"","url":""},"comments_num":"0 comments","_links":{"self":[{"href":"https:\/\/www.laiko.net\/pt\/wp-json\/wp\/v2\/product\/3521","targetHints":{"allow":["GET"]}}],"collection":[{"href":"https:\/\/www.laiko.net\/pt\/wp-json\/wp\/v2\/product"}],"about":[{"href":"https:\/\/www.laiko.net\/pt\/wp-json\/wp\/v2\/types\/product"}],"wp:featuredmedia":[{"embeddable":true,"href":"https:\/\/www.laiko.net\/pt\/wp-json\/wp\/v2\/media\/1681"}],"wp:attachment":[{"href":"https:\/\/www.laiko.net\/pt\/wp-json\/wp\/v2\/media?parent=3521"}],"wp:term":[{"taxonomy":"product_cat","embeddable":true,"href":"https:\/\/www.laiko.net\/pt\/wp-json\/wp\/v2\/product_cat?post=3521"},{"taxonomy":"product_tag","embeddable":true,"href":"https:\/\/www.laiko.net\/pt\/wp-json\/wp\/v2\/product_tag?post=3521"}],"curies":[{"name":"wp","href":"https:\/\/api.w.org\/{rel}","templated":true}]}}