{"id":3520,"date":"2023-10-28T14:39:09","date_gmt":"2023-10-28T06:39:09","guid":{"rendered":"http:\/\/www3.laiko.net\/?post_type=product&#038;p=3520"},"modified":"2023-12-05T10:21:15","modified_gmt":"2023-12-05T02:21:15","slug":"plastic-intalox-saddles-ring","status":"publish","type":"product","link":"https:\/\/www.laiko.net\/pt\/produto\/anel-de-selim-intalox-de-plastico\/","title":{"rendered":"Anel de selas Intalox de pl\u00e1stico"},"content":{"rendered":"<h2>Par\u00e2metros do anel de sela Intalox de pl\u00e1stico<\/h2>\n<div class=\"overflow_x\">\n<table>\n<tbody>\n<tr class=\"firstRow\">\n<td height=\"42\">D\u00d7H\u00d7\u03b4 mm<\/td>\n<td height=\"42\">\u00c1rea espec\u00edfica m2\/m3<\/td>\n<td height=\"42\">Taxa de vazio %<\/td>\n<td colspan=\"2\" height=\"42\">N\u00famero a granel g\/m3<\/td>\n<td colspan=\"2\" height=\"42\">Densidade da embalagem (kg\/m3)<\/td>\n<td colspan=\"2\" height=\"42\">F fator m-1<\/td>\n<\/tr>\n<tr>\n<td height=\"14\">25*12.5*1.2<\/td>\n<td height=\"14\">288<\/td>\n<td height=\"14\">84.7<\/td>\n<td colspan=\"2\" height=\"14\">97680<\/td>\n<td colspan=\"2\" height=\"14\">102<\/td>\n<td colspan=\"2\" height=\"14\">473<\/td>\n<\/tr>\n<tr>\n<td height=\"14\">38*19*1.2<\/td>\n<td height=\"14\">265<\/td>\n<td height=\"14\">95<\/td>\n<td colspan=\"2\" height=\"14\">25200<\/td>\n<td colspan=\"2\" height=\"14\">63<\/td>\n<td colspan=\"2\" height=\"14\">405<\/td>\n<\/tr>\n<tr>\n<td height=\"14\">50*25*1.5<\/td>\n<td height=\"14\">250<\/td>\n<td height=\"14\">96<\/td>\n<td colspan=\"2\" height=\"14\">9400<\/td>\n<td colspan=\"2\" height=\"14\">75.2<\/td>\n<td colspan=\"2\" height=\"14\">332<\/td>\n<\/tr>\n<tr>\n<td height=\"14\">76*38*3.0<\/td>\n<td height=\"14\">200<\/td>\n<td height=\"14\">97<\/td>\n<td colspan=\"2\" height=\"14\">3700<\/td>\n<td colspan=\"2\" height=\"14\">59.2<\/td>\n<td colspan=\"2\" height=\"14\">289<\/td>\n<\/tr>\n<\/tbody>\n<\/table>\n<\/div>\n<h2>Vantagem do anel de sela Intalox de pl\u00e1stico<\/h2>\n<ul class=\"list-paddingleft-2\">\n<li>Grande vazio<\/li>\n<li>Baixa queda de press\u00e3o<\/li>\n<li>Altura reduzida da unidade de transfer\u00eancia de massa<\/li>\n<li>Baixo peso espec\u00edfico<\/li>\n<li>Abund\u00e2ncia de contacto g\u00e1s-l\u00edquido<\/li>\n<li>Excelente efic\u00e1cia de transfer\u00eancia<\/li>\n<\/ul>","protected":false},"excerpt":{"rendered":"<p>A parte central do anel de sela Intalox de pl\u00e1stico da NAIKE \u00e9 o canal de l\u00edquido em arco, de modo que o fluxo de ar junto com o canal de l\u00edquido em arco. Como grande vazio, baixa queda de press\u00e3o, baixa altura da unidade de transfer\u00eancia de massa, baixo peso espec\u00edfico, abund\u00e2ncia de contacto g\u00e1s-l\u00edquido, a excelente efici\u00eancia de transfer\u00eancia, a temperatura de aplica\u00e7\u00e3o varia de 60 a 150 graus. \u00c9 amplamente adotado na torre de embalagem de cloreto de alum\u00ednio, petr\u00f3leo, g\u00e1s de carv\u00e3o, qu\u00edmica, ind\u00fastria ambiental, etc.<\/p>","protected":false},"featured_media":2935,"template":"","meta":{"_seopress_robots_primary_cat":"none","_monsterinsights_skip_tracking":false,"_monsterinsights_sitenote_active":false,"_monsterinsights_sitenote_note":"","_monsterinsights_sitenote_category":0,"_joinchat":[]},"product_cat":[92,104],"product_tag":[],"class_list":["post-3520","product","type-product","status-publish","has-post-thumbnail","hentry","product_cat-intalox-saddle","product_cat-plastic-tower-packing"],"featured_image_urls":{"full":["https:\/\/www.laiko.net\/wp-content\/uploads\/2023\/10\/frc-297ba43fe1874097778f9e5e3b1c264f.jpg",600,350,false],"thumbnail":["https:\/\/www.laiko.net\/wp-content\/uploads\/2023\/10\/frc-297ba43fe1874097778f9e5e3b1c264f-150x150.jpg",150,150,true],"medium":["https:\/\/www.laiko.net\/wp-content\/uploads\/2023\/10\/frc-297ba43fe1874097778f9e5e3b1c264f-300x175.jpg",300,175,true],"medium_large":["https:\/\/www.laiko.net\/wp-content\/uploads\/2023\/10\/frc-297ba43fe1874097778f9e5e3b1c264f.jpg",600,350,false],"large":["https:\/\/www.laiko.net\/wp-content\/uploads\/2023\/10\/frc-297ba43fe1874097778f9e5e3b1c264f.jpg",600,350,false],"1536x1536":["https:\/\/www.laiko.net\/wp-content\/uploads\/2023\/10\/frc-297ba43fe1874097778f9e5e3b1c264f.jpg",600,350,false],"2048x2048":["https:\/\/www.laiko.net\/wp-content\/uploads\/2023\/10\/frc-297ba43fe1874097778f9e5e3b1c264f.jpg",600,350,false],"trp-custom-language-flag":["https:\/\/www.laiko.net\/wp-content\/uploads\/2023\/10\/frc-297ba43fe1874097778f9e5e3b1c264f.jpg",18,12,false],"woocommerce_thumbnail":["https:\/\/www.laiko.net\/wp-content\/uploads\/2023\/10\/frc-297ba43fe1874097778f9e5e3b1c264f-300x175.jpg",300,175,true],"woocommerce_single":["https:\/\/www.laiko.net\/wp-content\/uploads\/2023\/10\/frc-297ba43fe1874097778f9e5e3b1c264f.jpg",600,350,false],"woocommerce_gallery_thumbnail":["https:\/\/www.laiko.net\/wp-content\/uploads\/2023\/10\/frc-297ba43fe1874097778f9e5e3b1c264f-100x100.jpg",100,100,true]},"post_excerpt_stackable":"<p>NAIKE Plastic Intalox Saddle Ring&#8217;middle part of this packing is the arc liquid channel so that the flow of air along with arc liquid channel. As big voidage, low pressure drop, low height of mass transfer unit, low specific weight, abundant of gas liquid contact, the excellent efficiency of transfer, the application temperature ranges in 60 to 150 degree. It is widely adopted in packing tower of AlkailiChloride, petroleum, coal gas, chemical, environment industry etc.<\/p>\n","category_list":"","author_info":{"name":"","url":""},"comments_num":"0 comments","_links":{"self":[{"href":"https:\/\/www.laiko.net\/pt\/wp-json\/wp\/v2\/product\/3520","targetHints":{"allow":["GET"]}}],"collection":[{"href":"https:\/\/www.laiko.net\/pt\/wp-json\/wp\/v2\/product"}],"about":[{"href":"https:\/\/www.laiko.net\/pt\/wp-json\/wp\/v2\/types\/product"}],"wp:featuredmedia":[{"embeddable":true,"href":"https:\/\/www.laiko.net\/pt\/wp-json\/wp\/v2\/media\/2935"}],"wp:attachment":[{"href":"https:\/\/www.laiko.net\/pt\/wp-json\/wp\/v2\/media?parent=3520"}],"wp:term":[{"taxonomy":"product_cat","embeddable":true,"href":"https:\/\/www.laiko.net\/pt\/wp-json\/wp\/v2\/product_cat?post=3520"},{"taxonomy":"product_tag","embeddable":true,"href":"https:\/\/www.laiko.net\/pt\/wp-json\/wp\/v2\/product_tag?post=3520"}],"curies":[{"name":"wp","href":"https:\/\/api.w.org\/{rel}","templated":true}]}}