{"id":3519,"date":"2023-10-28T14:35:33","date_gmt":"2023-10-28T06:35:33","guid":{"rendered":"http:\/\/www3.laiko.net\/?post_type=product&#038;p=3519"},"modified":"2023-10-28T14:35:34","modified_gmt":"2023-10-28T06:35:34","slug":"infrared-ceramic-plate","status":"publish","type":"product","link":"https:\/\/www.laiko.net\/pt\/produto\/placa-de-ceramica-para-infravermelhos\/","title":{"rendered":"Placa de cer\u00e2mica para infravermelhos"},"content":{"rendered":"<h2>Par\u00e2metros da placa cer\u00e2mica de infravermelhos<\/h2>\n<div class=\"overflow_x\">\n<table cellspacing=\"0\" cellpadding=\"0\">\n<colgroup>\n<col \/>\n<col \/>\n<col \/><\/colgroup>\n<tbody>\n<tr class=\"firstRow\">\n<td height=\"16\">Artigo<\/td>\n<td>\u00edndice<\/td>\n<td>Especifica\u00e7\u00f5es<\/td>\n<\/tr>\n<tr>\n<td height=\"16\">Materiais<\/td>\n<td>Cordierite<\/td>\n<td rowspan=\"8\">Podemos fornecer-lhe o produto que desejar<\/td>\n<\/tr>\n<tr>\n<td height=\"16\">Absor\u00e7\u00e3o de \u00e1gua<\/td>\n<td align=\"right\">50.40%<\/td>\n<\/tr>\n<tr>\n<td height=\"16\">Porosidade aberta<\/td>\n<td align=\"right\">61%<\/td>\n<\/tr>\n<tr>\n<td height=\"16\">Suaviza\u00e7\u00e3o da temperatura<\/td>\n<td>&gt;1280\u2103<\/td>\n<\/tr>\n<tr>\n<td height=\"16\">Gravidade espec\u00edfica<\/td>\n<td>0. 9-1,10kg \/ cm3<\/td>\n<\/tr>\n<tr>\n<td height=\"16\">temperatura da superf\u00edcie de cozedura<\/td>\n<td>1000-1200\u2103<\/td>\n<\/tr>\n<tr>\n<td height=\"16\">Liberta\u00e7\u00e3o de CO<\/td>\n<td align=\"right\">\u22640,01%<\/td>\n<\/tr>\n<tr>\n<td height=\"16\">Liberta\u00e7\u00e3o de NOX<\/td>\n<td>\u22645ppm<\/td>\n<\/tr>\n<\/tbody>\n<\/table>\n<\/div>\n<h2>Vis\u00e3o geral da placa de cer\u00e2mica para infravermelhos<\/h2>\n<p>Poupan\u00e7a de g\u00e1s superior a 22%<br \/>\nFazer combust\u00e3o inflam\u00e1vel<br \/>\nDiminuir a elimina\u00e7\u00e3o de gases venenosos CO e NOx e eliminar o fator que prejudica a sa\u00fade do corpo humano.<br \/>\nSeguran\u00e7a de funcionamento sem influ\u00eancia do vento em funcionamento no exterior.<\/p>\n<p>A cer\u00e2mica alveolar de placa cer\u00e2mica de combust\u00e3o por infravermelhos da nossa empresa pode ser aplicada a diferentes gases. Quando o cliente faz o pedido, ele ou ela deve fornecer os par\u00e2metros como o tamanho do produto, CPSI, forma da c\u00e9lula, o estilo do g\u00e1s, a forma na parte superior.<br \/>\nSe o cliente necessitar de um com catalisador revestido, deve fornecer a cor do catalisador.<\/p>\n<h2>Vantagens da placa cer\u00e2mica de infravermelhos<\/h2>\n<ul class=\"list-paddingleft-2\">\n<li>Poupa o consumo de energia 20-50%.<\/li>\n<li>Queima sem chama, baixo ru\u00eddo.<\/li>\n<li>Reduzir a formula\u00e7\u00e3o de gases nocivos como o CO, NOx, etc. por uma grande margem (mais de 70%)<\/li>\n<li>Forte dire\u00e7\u00e3o do vento, utiliza\u00e7\u00e3o segura.<\/li>\n<\/ul>","protected":false},"excerpt":{"rendered":"<p>A cer\u00e2mica alveolar como placa cer\u00e2mica de combust\u00e3o por infravermelhos \u00e9 fabricada com material de cordierite de elevada pureza e utilizada no fog\u00e3o a g\u00e1s. Este produto tem boa resist\u00eancia ao choque t\u00e9rmico (n\u00e3o h\u00e1 fissuras no produto se a cer\u00e2mica alveolar com 1000 estiver na \u00e1gua com 20 durante 3 vezes), elevada resist\u00eancia mec\u00e2nica (a resist\u00eancia ao esmagamento \u00e9 de 20 MPa na parte superior e 5 MPa na parte lateral), boa resist\u00eancia a altas temperaturas, elevada resist\u00eancia \u00e0 eros\u00e3o. Se for revestida com um catalisador preto, a cer\u00e2mica alveolar pode transferir o calor por radia\u00e7\u00e3o infravermelha e este estilo de combust\u00e3o tem vantagens mais not\u00e1veis em compara\u00e7\u00e3o com a combust\u00e3o normal do fog\u00e3o a g\u00e1s, como abaixo:<\/p>","protected":false},"featured_media":1689,"template":"","meta":{"_seopress_robots_primary_cat":"","_monsterinsights_skip_tracking":false,"_monsterinsights_sitenote_active":false,"_monsterinsights_sitenote_note":"","_monsterinsights_sitenote_category":0,"_joinchat":[]},"product_cat":[94],"product_tag":[],"class_list":["post-3519","product","type-product","status-publish","has-post-thumbnail","hentry","product_cat-honeycomb-ceramics"],"featured_image_urls":{"full":["https:\/\/www.laiko.net\/wp-content\/uploads\/2023\/10\/frc-14846040cdb5212936c5d8d3716ef066.jpg",600,350,false],"thumbnail":["https:\/\/www.laiko.net\/wp-content\/uploads\/2023\/10\/frc-14846040cdb5212936c5d8d3716ef066-150x150.jpg",150,150,true],"medium":["https:\/\/www.laiko.net\/wp-content\/uploads\/2023\/10\/frc-14846040cdb5212936c5d8d3716ef066-300x175.jpg",300,175,true],"medium_large":["https:\/\/www.laiko.net\/wp-content\/uploads\/2023\/10\/frc-14846040cdb5212936c5d8d3716ef066.jpg",600,350,false],"large":["https:\/\/www.laiko.net\/wp-content\/uploads\/2023\/10\/frc-14846040cdb5212936c5d8d3716ef066.jpg",600,350,false],"1536x1536":["https:\/\/www.laiko.net\/wp-content\/uploads\/2023\/10\/frc-14846040cdb5212936c5d8d3716ef066.jpg",600,350,false],"2048x2048":["https:\/\/www.laiko.net\/wp-content\/uploads\/2023\/10\/frc-14846040cdb5212936c5d8d3716ef066.jpg",600,350,false],"trp-custom-language-flag":["https:\/\/www.laiko.net\/wp-content\/uploads\/2023\/10\/frc-14846040cdb5212936c5d8d3716ef066.jpg",18,12,false],"woocommerce_thumbnail":["https:\/\/www.laiko.net\/wp-content\/uploads\/2023\/10\/frc-14846040cdb5212936c5d8d3716ef066-300x175.jpg",300,175,true],"woocommerce_single":["https:\/\/www.laiko.net\/wp-content\/uploads\/2023\/10\/frc-14846040cdb5212936c5d8d3716ef066.jpg",600,350,false],"woocommerce_gallery_thumbnail":["https:\/\/www.laiko.net\/wp-content\/uploads\/2023\/10\/frc-14846040cdb5212936c5d8d3716ef066-100x100.jpg",100,100,true]},"post_excerpt_stackable":"<p>Honeycomb ceramic as the infrared combustion ceramic plate is made by the high purity cordierite material and used in the gas-fired stove. This product has good thermal shock resistance (no cracks on the product if the honeycomb ceramic with 1000 is in the water with 20 \u00a0for 3 times), high mechanical strength (crushing strength is 20MPa on the top and 5MPa on the side), good endurance for high temperature, high resistance for erosion. If coated with a black catalyst, the honeycomb ceramic can transfer the heat by infrared radiation style and this combustion style has more outstanding advantages comparing to the normal gas-fired stove combustion as below:<\/p>\n","category_list":"","author_info":{"name":"","url":""},"comments_num":"0 comments","_links":{"self":[{"href":"https:\/\/www.laiko.net\/pt\/wp-json\/wp\/v2\/product\/3519","targetHints":{"allow":["GET"]}}],"collection":[{"href":"https:\/\/www.laiko.net\/pt\/wp-json\/wp\/v2\/product"}],"about":[{"href":"https:\/\/www.laiko.net\/pt\/wp-json\/wp\/v2\/types\/product"}],"wp:featuredmedia":[{"embeddable":true,"href":"https:\/\/www.laiko.net\/pt\/wp-json\/wp\/v2\/media\/1689"}],"wp:attachment":[{"href":"https:\/\/www.laiko.net\/pt\/wp-json\/wp\/v2\/media?parent=3519"}],"wp:term":[{"taxonomy":"product_cat","embeddable":true,"href":"https:\/\/www.laiko.net\/pt\/wp-json\/wp\/v2\/product_cat?post=3519"},{"taxonomy":"product_tag","embeddable":true,"href":"https:\/\/www.laiko.net\/pt\/wp-json\/wp\/v2\/product_tag?post=3519"}],"curies":[{"name":"wp","href":"https:\/\/api.w.org\/{rel}","templated":true}]}}