{"id":3517,"date":"2023-10-28T14:35:47","date_gmt":"2023-10-28T06:35:47","guid":{"rendered":"http:\/\/www3.laiko.net\/?post_type=product&#038;p=3517"},"modified":"2023-10-31T15:57:56","modified_gmt":"2023-10-31T07:57:56","slug":"ceramic-saddle-packing","status":"publish","type":"product","link":"https:\/\/www.laiko.net\/pt\/produto\/embalagem-de-sela-ceramica\/","title":{"rendered":"Embalagem de sela de cer\u00e2mica"},"content":{"rendered":"<h2>Par\u00e2metros da embalagem de sela de cer\u00e2mica<\/h2>\n<div class=\"overflow_x\">\n<table cellspacing=\"0\" cellpadding=\"0\">\n<colgroup>\n<col \/>\n<col \/>\n<col \/>\n<col \/>\n<col \/>\n<col \/>\n<col \/><\/colgroup>\n<tbody>\n<tr class=\"firstRow\">\n<td height=\"16\">Nome<\/td>\n<td>Sze<\/td>\n<td>Di\u00e2metro (mm)<\/td>\n<td>Peso (kg\/m3)<\/td>\n<td>Pe\u00e7as (m3)<\/td>\n<td>\u00c1rea de superf\u00edcie (m2\/m3)<\/td>\n<td>Vazio(%)<\/td>\n<\/tr>\n<tr>\n<td rowspan=\"6\" height=\"99\">Anel de sela intalox em cer\u00e2mica<\/td>\n<td>\u03a613<\/td>\n<td>13*13*2<\/td>\n<td>880<\/td>\n<td align=\"right\">450000<\/td>\n<td align=\"right\">480<\/td>\n<td align=\"right\">65<\/td>\n<\/tr>\n<tr>\n<td>\u03a616<\/td>\n<td>16*12*2<\/td>\n<td>710<\/td>\n<td align=\"right\">382000<\/td>\n<td align=\"right\">450<\/td>\n<td align=\"right\">70<\/td>\n<\/tr>\n<tr>\n<td>\u03a625<\/td>\n<td>25*19*3<\/td>\n<td>680<\/td>\n<td align=\"right\">84000<\/td>\n<td align=\"right\">250<\/td>\n<td align=\"right\">74<\/td>\n<\/tr>\n<tr>\n<td>\u03a638<\/td>\n<td>38*30*4<\/td>\n<td>630<\/td>\n<td align=\"right\">25000<\/td>\n<td align=\"right\">164<\/td>\n<td align=\"right\">75<\/td>\n<\/tr>\n<tr>\n<td>\u03a650<\/td>\n<td>50*40*5<\/td>\n<td>580<\/td>\n<td align=\"right\">9300<\/td>\n<td align=\"right\">142<\/td>\n<td align=\"right\">76<\/td>\n<\/tr>\n<tr>\n<td>\u03a676<\/td>\n<td>76*57*9<\/td>\n<td>520<\/td>\n<td align=\"right\">1800<\/td>\n<td align=\"right\">92<\/td>\n<td align=\"right\">78<\/td>\n<\/tr>\n<\/tbody>\n<\/table>\n<\/div>\n<h2>Vantagens da embalagem de sela de cer\u00e2mica<\/h2>\n<ul class=\"list-paddingleft-2\">\n<li>\n<div>Baixa queda de press\u00e3o e elevada efici\u00eancia<\/div>\n<\/li>\n<li>\n<div>Grande \u00e1rea interfacial efectiva<\/div>\n<\/li>\n<li>\n<div>Elevada resist\u00eancia mec\u00e2nica<\/div>\n<\/li>\n<li>\n<div>Baixo custo<\/div>\n<\/li>\n<\/ul>\n<h2>Material de embalagem da sela de cer\u00e2mica<\/h2>\n<p>O material de empacotamento em sela de cer\u00e2mica \u00e9 um tipo de empacotamento aleat\u00f3rio utilizado em colunas de destila\u00e7\u00e3o e absor\u00e7\u00e3o nas ind\u00fastrias qu\u00edmica e petroqu\u00edmica. Consiste em pequenas pe\u00e7as cer\u00e2micas em forma de sela que s\u00e3o empilhadas em camadas para criar uma \u00e1rea de superf\u00edcie elevada para o contacto entre as fases gasosa e l\u00edquida.<\/p>\n<p>O material cer\u00e2mico oferece v\u00e1rias vantagens em rela\u00e7\u00e3o a outros tipos de materiais de embalagem, como pl\u00e1stico ou metal. Por exemplo, o enchimento de sela em cer\u00e2mica tem uma elevada resist\u00eancia ao choque t\u00e9rmico e \u00e0 corros\u00e3o, tornando-o adequado para utiliza\u00e7\u00e3o em ambientes qu\u00edmicos agressivos e de alta temperatura. Al\u00e9m disso, a sua forma \u00fanica permite uma distribui\u00e7\u00e3o eficaz do l\u00edquido e uma baixa queda de press\u00e3o, resultando numa maior efici\u00eancia e desempenho da coluna.<\/p>\n<p>O material cer\u00e2mico de enchimento de sela est\u00e1 dispon\u00edvel em v\u00e1rios tamanhos e formas para se adaptar a diferentes tamanhos de colunas e requisitos de processo. O material cer\u00e2mico mais utilizado \u00e9 a alumina, embora tamb\u00e9m possam ser utilizados outros materiais como a zirc\u00f3nia e a tit\u00e2nia. A escolha do material depende dos requisitos espec\u00edficos do processo, como a resist\u00eancia qu\u00edmica e a gama de temperaturas.<\/p>\n<h2>Selas de cer\u00e2mica Aplica\u00e7\u00e3o<\/h2>\n<p>As selas de cer\u00e2mica s\u00e3o normalmente utilizadas como material de enchimento em colunas de destila\u00e7\u00e3o e absor\u00e7\u00e3o nas ind\u00fastrias qu\u00edmica e petroqu\u00edmica. Proporcionam uma grande \u00e1rea de superf\u00edcie para o contacto entre as fases gasosa e l\u00edquida, permitindo a separa\u00e7\u00e3o e purifica\u00e7\u00e3o eficientes de v\u00e1rios compostos qu\u00edmicos.<\/p>\n<p>Algumas das aplica\u00e7\u00f5es dos selins de cer\u00e2mica incluem:<\/p>\n<p><strong>Destila\u00e7\u00e3o de petr\u00f3leo bruto:<\/strong>\u00a0As selas de cer\u00e2mica s\u00e3o utilizadas em colunas de destila\u00e7\u00e3o de petr\u00f3leo bruto para separar diferentes frac\u00e7\u00f5es de petr\u00f3leo bruto com base nos seus pontos de ebuli\u00e7\u00e3o. A grande \u00e1rea de superf\u00edcie das selas permite a separa\u00e7\u00e3o eficiente dos diferentes componentes do petr\u00f3leo bruto, como a gasolina, o gas\u00f3leo e os lubrificantes.<\/p>\n<p><strong>Absor\u00e7\u00e3o de gases:<\/strong>\u00a0As selas de cer\u00e2mica podem ser utilizadas para remover impurezas ou gases indesejados de fluxos de g\u00e1s. O fluxo de g\u00e1s \u00e9 passado atrav\u00e9s de uma coluna cheia de selas cer\u00e2micas e as impurezas s\u00e3o absorvidas pela superf\u00edcie das selas.<\/p>\n<p><strong>Processamento qu\u00edmico:\u00a0<\/strong>As selas de cer\u00e2mica s\u00e3o utilizadas no processamento qu\u00edmico para separar e purificar v\u00e1rios compostos qu\u00edmicos. Podem ser utilizadas para a recupera\u00e7\u00e3o de solventes, desidrata\u00e7\u00e3o e remo\u00e7\u00e3o de impurezas de fluxos qu\u00edmicos.<\/p>\n<p><strong>Tratamento da \u00e1gua:\u00a0<\/strong>As selas de cer\u00e2mica podem ser utilizadas em processos de tratamento de \u00e1gua para remover impurezas e contaminantes da \u00e1gua. S\u00e3o normalmente utilizadas em processos de dessaliniza\u00e7\u00e3o para remover o sal e outros minerais da \u00e1gua do mar.<\/p>\n<p>Em geral, as selas de cer\u00e2mica oferecem uma \u00e1rea de superf\u00edcie elevada, baixa queda de press\u00e3o e excelente resist\u00eancia qu\u00edmica, tornando-as uma escolha popular para v\u00e1rias aplica\u00e7\u00f5es nas ind\u00fastrias qu\u00edmica e petroqu\u00edmica.<\/p>","protected":false},"excerpt":{"rendered":"<p>O empanque de sela Intalox em cer\u00e2mica divide-se em dois tipos diferentes de produtos de acordo com as suas propriedades, um \u00e9 frequentemente utilizado no dom\u00ednio das ind\u00fastrias qu\u00edmicas e petroqu\u00edmicas, o outro \u00e9 principalmente utilizado em \u00e1reas ambientais, como o equipamento RTO (Regenerative Thermal Oxidizers). Mas ambas s\u00e3o as embalagens de alto desempenho mais frequentemente utilizadas e apresentam vantagens para a maioria das aplica\u00e7\u00f5es em compara\u00e7\u00e3o com outras formas. A sua superf\u00edcie lisa confere uma elevada resist\u00eancia qu\u00edmica e proporciona aos an\u00e9is de sela Intalox cer\u00e2micos (Ceramic Intalox Saddle) um elevado n\u00edvel de estabilidade. Devido \u00e0 sua forma simples, o empanque Intalox Saddle em cer\u00e2mica pode ser produzido pelo fabricante de selas de cer\u00e2mica a um custo relativamente baixo.<\/p>","protected":false},"featured_media":2957,"template":"","meta":{"_seopress_robots_primary_cat":"","_monsterinsights_skip_tracking":false,"_monsterinsights_sitenote_active":false,"_monsterinsights_sitenote_note":"","_monsterinsights_sitenote_category":0,"_joinchat":[]},"product_cat":[102,92],"product_tag":[],"class_list":["post-3517","product","type-product","status-publish","has-post-thumbnail","hentry","product_cat-ceramic-tower-packing","product_cat-intalox-saddle"],"featured_image_urls":{"full":["https:\/\/www.laiko.net\/wp-content\/uploads\/2023\/10\/frc-32baeda9b47d5c753b2ec970a8f20c29.jpg",600,350,false],"thumbnail":["https:\/\/www.laiko.net\/wp-content\/uploads\/2023\/10\/frc-32baeda9b47d5c753b2ec970a8f20c29-150x150.jpg",150,150,true],"medium":["https:\/\/www.laiko.net\/wp-content\/uploads\/2023\/10\/frc-32baeda9b47d5c753b2ec970a8f20c29-300x175.jpg",300,175,true],"medium_large":["https:\/\/www.laiko.net\/wp-content\/uploads\/2023\/10\/frc-32baeda9b47d5c753b2ec970a8f20c29.jpg",600,350,false],"large":["https:\/\/www.laiko.net\/wp-content\/uploads\/2023\/10\/frc-32baeda9b47d5c753b2ec970a8f20c29.jpg",600,350,false],"1536x1536":["https:\/\/www.laiko.net\/wp-content\/uploads\/2023\/10\/frc-32baeda9b47d5c753b2ec970a8f20c29.jpg",600,350,false],"2048x2048":["https:\/\/www.laiko.net\/wp-content\/uploads\/2023\/10\/frc-32baeda9b47d5c753b2ec970a8f20c29.jpg",600,350,false],"trp-custom-language-flag":["https:\/\/www.laiko.net\/wp-content\/uploads\/2023\/10\/frc-32baeda9b47d5c753b2ec970a8f20c29.jpg",18,12,false],"woocommerce_thumbnail":["https:\/\/www.laiko.net\/wp-content\/uploads\/2023\/10\/frc-32baeda9b47d5c753b2ec970a8f20c29-300x175.jpg",300,175,true],"woocommerce_single":["https:\/\/www.laiko.net\/wp-content\/uploads\/2023\/10\/frc-32baeda9b47d5c753b2ec970a8f20c29.jpg",600,350,false],"woocommerce_gallery_thumbnail":["https:\/\/www.laiko.net\/wp-content\/uploads\/2023\/10\/frc-32baeda9b47d5c753b2ec970a8f20c29-100x100.jpg",100,100,true]},"post_excerpt_stackable":"<p>Ceramic Intalox Saddle Packing is divided into two different types of products according to their properties, one is often used in the field of Chemical and Petrochemical industries, another is mainly used in environmental areas such as RTO (Regenerative Thermal Oxidizers) equipment. But both of them are the most frequently used high-performance packing and exhibit advantages for most applications in comparison with other shapes. Their smooth surface imparts a high chemical resistance and provides Ceramic Intalox saddle rings (Ceramic Intalox Saddle) with a high level of stability. Due to their simple form, ceramic Intalox Saddle packing can be produced by ceramic saddles manufacturer at a relatively low cost.<\/p>\n","category_list":"","author_info":{"name":"","url":""},"comments_num":"0 comments","_links":{"self":[{"href":"https:\/\/www.laiko.net\/pt\/wp-json\/wp\/v2\/product\/3517","targetHints":{"allow":["GET"]}}],"collection":[{"href":"https:\/\/www.laiko.net\/pt\/wp-json\/wp\/v2\/product"}],"about":[{"href":"https:\/\/www.laiko.net\/pt\/wp-json\/wp\/v2\/types\/product"}],"wp:featuredmedia":[{"embeddable":true,"href":"https:\/\/www.laiko.net\/pt\/wp-json\/wp\/v2\/media\/2957"}],"wp:attachment":[{"href":"https:\/\/www.laiko.net\/pt\/wp-json\/wp\/v2\/media?parent=3517"}],"wp:term":[{"taxonomy":"product_cat","embeddable":true,"href":"https:\/\/www.laiko.net\/pt\/wp-json\/wp\/v2\/product_cat?post=3517"},{"taxonomy":"product_tag","embeddable":true,"href":"https:\/\/www.laiko.net\/pt\/wp-json\/wp\/v2\/product_tag?post=3517"}],"curies":[{"name":"wp","href":"https:\/\/api.w.org\/{rel}","templated":true}]}}