{"id":3514,"date":"2023-10-28T14:30:19","date_gmt":"2023-10-28T06:30:19","guid":{"rendered":"http:\/\/www3.laiko.net\/?post_type=product&#038;p=3514"},"modified":"2023-11-11T17:46:49","modified_gmt":"2023-11-11T09:46:49","slug":"honeycomb-ceramic","status":"publish","type":"product","link":"https:\/\/www.laiko.net\/pt\/produto\/ceramica-alveolar\/","title":{"rendered":"Cer\u00e2mica alveolar"},"content":{"rendered":"<h2>Par\u00e2metros da cer\u00e2mica alveolar<\/h2>\n<div class=\"overflow_x\">\n<table cellspacing=\"0\" cellpadding=\"0\">\n<colgroup>\n<col \/>\n<col \/>\n<col \/>\n<col \/>\n<col \/><\/colgroup>\n<tbody>\n<tr class=\"firstRow\">\n<td colspan=\"5\" height=\"13\">Especifica\u00e7\u00e3o<\/td>\n<\/tr>\n<tr>\n<td height=\"13\">Dimens\u00f5es (mm)<\/td>\n<td>Especifica\u00e7\u00f5es<\/td>\n<td>Unidades inglesas<\/td>\n<td>Unidades m\u00e9tricas<\/td>\n<td>Observa\u00e7\u00f5es<\/td>\n<\/tr>\n<tr>\n<td rowspan=\"5\" height=\"67\">150*150*300<\/td>\n<td>25*25 canais<\/td>\n<td><\/td>\n<td><\/td>\n<td rowspan=\"5\">Tamb\u00e9m dispon\u00edvel com qualquer comprimento entre 50mm-300mm<\/td>\n<\/tr>\n<tr>\n<td>Largura dos canais<\/td>\n<td>0,193 in<\/td>\n<td>4,9\u00b10,1 mm<\/td>\n<\/tr>\n<tr>\n<td>Espessura da parede<\/td>\n<td>0,043 in<\/td>\n<td>1,1\u00b10,1 mm<\/td>\n<\/tr>\n<tr>\n<td>\u00c1rea de superf\u00edcie espec\u00edfica<\/td>\n<td>164,6 ft2\/ ft3<\/td>\n<td>540 m2\/m3<\/td>\n<\/tr>\n<tr>\n<td>Sec\u00e7\u00e3o transversal livre<\/td>\n<td>67%<\/td>\n<td>67%<\/td>\n<\/tr>\n<tr>\n<td rowspan=\"5\" height=\"67\">150*150*300<\/td>\n<td>59*59 canais<\/td>\n<td><\/td>\n<td><\/td>\n<td rowspan=\"5\">Tamb\u00e9m dispon\u00edvel com qualquer comprimento entre 50mm-300mm<\/td>\n<\/tr>\n<tr>\n<td>Largura dos canais<\/td>\n<td>0,118 in<\/td>\n<td>3,0\u00b10,1 mm<\/td>\n<\/tr>\n<tr>\n<td>Espessura da parede<\/td>\n<td>0,027 in<\/td>\n<td>0,7\u00b10,1 mm<\/td>\n<\/tr>\n<tr>\n<td>\u00c1rea de superf\u00edcie espec\u00edfica<\/td>\n<td>251,5 p\u00e9s2\/ p\u00e9s3<\/td>\n<td>825 m2\/m3<\/td>\n<\/tr>\n<tr>\n<td>Sec\u00e7\u00e3o transversal livre<\/td>\n<td>65%<\/td>\n<td>65%<\/td>\n<\/tr>\n<tr>\n<td rowspan=\"5\" height=\"67\">150*150*300<\/td>\n<td>50*50 canais<\/td>\n<td><\/td>\n<td><\/td>\n<td rowspan=\"5\">Tamb\u00e9m dispon\u00edvel com qualquer comprimento entre 50mm-300mm<\/td>\n<\/tr>\n<tr>\n<td>Largura dos canais<\/td>\n<td>0,079 in<\/td>\n<td>2,0\u00b10,1 mm<\/td>\n<\/tr>\n<tr>\n<td>Espessura da parede<\/td>\n<td>0,020 in<\/td>\n<td>0,5\u00b10,1 mm<\/td>\n<\/tr>\n<tr>\n<td>\u00c1rea de superf\u00edcie espec\u00edfica<\/td>\n<td>375,0 ft2\/ ft3<\/td>\n<td>1230 m2\/m3<\/td>\n<\/tr>\n<tr>\n<td>Sec\u00e7\u00e3o transversal livre<\/td>\n<td>63%<\/td>\n<td>63%<\/td>\n<\/tr>\n<tr>\n<td rowspan=\"5\" height=\"67\">150*150*300<\/td>\n<td>25*25 canais<\/td>\n<td><\/td>\n<td><\/td>\n<td rowspan=\"5\">Tamb\u00e9m dispon\u00edvel com qualquer comprimento entre 50mm-300mm<\/td>\n<\/tr>\n<tr>\n<td>Largura dos canais<\/td>\n<td>0,091 in<\/td>\n<td>2,3\u00b10,1 mm<\/td>\n<\/tr>\n<tr>\n<td>Espessura da parede<\/td>\n<td>0,027 in<\/td>\n<td>0,7\u00b10,1 mm<\/td>\n<\/tr>\n<tr>\n<td>\u00c1rea de superf\u00edcie espec\u00edfica<\/td>\n<td>306,4 ft2\/ ft3<\/td>\n<td>1005 m2\/m3<\/td>\n<\/tr>\n<tr>\n<td>Sec\u00e7\u00e3o transversal livre<\/td>\n<td>57%<\/td>\n<td>57%<\/td>\n<\/tr>\n<tr>\n<td rowspan=\"5\" height=\"67\">150*150*300<\/td>\n<td>20*20 canais<\/td>\n<td><\/td>\n<td><\/td>\n<td rowspan=\"5\">Tamb\u00e9m dispon\u00edvel com qualquer comprimento entre 50mm-300mm<\/td>\n<\/tr>\n<tr>\n<td>Largura dos canais<\/td>\n<td>0,244 in<\/td>\n<td>6,2\u00b10,1 mm<\/td>\n<\/tr>\n<tr>\n<td>Espessura da parede<\/td>\n<td>0,043 in<\/td>\n<td>1,1\u00b10,1 mm<\/td>\n<\/tr>\n<tr>\n<td>\u00c1rea de superf\u00edcie espec\u00edfica<\/td>\n<td>164,6 ft2\/ ft3<\/td>\n<td>540 m2\/m3<\/td>\n<\/tr>\n<tr>\n<td>Sec\u00e7\u00e3o transversal livre<\/td>\n<td>67%<\/td>\n<td>67%<\/td>\n<\/tr>\n<tr>\n<td rowspan=\"5\" height=\"67\">150*150*300<\/td>\n<td>35*35 canais<\/td>\n<td><\/td>\n<td><\/td>\n<td rowspan=\"5\">Tamb\u00e9m dispon\u00edvel com qualquer comprimento entre 50mm-300mm<\/td>\n<\/tr>\n<tr>\n<td>Largura dos canais<\/td>\n<td>0,142 in<\/td>\n<td>3,6\u00b10,1 mm<\/td>\n<\/tr>\n<tr>\n<td>Espessura da parede<\/td>\n<td>0,020 in<\/td>\n<td>0,5\u00b10,1 mm<\/td>\n<\/tr>\n<tr>\n<td>\u00c1rea de superf\u00edcie espec\u00edfica<\/td>\n<td>245,4 ft2\/ ft3<\/td>\n<td>805 m2\/m3<\/td>\n<\/tr>\n<tr>\n<td>Sec\u00e7\u00e3o transversal livre<\/td>\n<td>79%<\/td>\n<td>79%<\/td>\n<\/tr>\n<tr>\n<td rowspan=\"5\" height=\"67\">150*150*300<\/td>\n<td>43*43 canais<\/td>\n<td><\/td>\n<td><\/td>\n<td rowspan=\"5\">Tamb\u00e9m dispon\u00edvel com qualquer comprimento entre 50mm-300mm<\/td>\n<\/tr>\n<tr>\n<td>Largura dos canais<\/td>\n<td>0,114 in<\/td>\n<td>2,9\u00b10,1 mm<\/td>\n<\/tr>\n<tr>\n<td>Espessura da parede<\/td>\n<td>0,020 in<\/td>\n<td>0,5\u00b10,1 mm<\/td>\n<\/tr>\n<tr>\n<td>\u00c1rea de superf\u00edcie espec\u00edfica<\/td>\n<td>304,9 ft2\/ ft3<\/td>\n<td>1000 m2\/m3<\/td>\n<\/tr>\n<tr>\n<td>Sec\u00e7\u00e3o transversal livre<\/td>\n<td>72%<\/td>\n<td>72%<\/td>\n<\/tr>\n<\/tbody>\n<\/table>\n<\/div>\n<h2>Vantagens da cer\u00e2mica alveolar<\/h2>\n<ul class=\"list-paddingleft-2\">\n<li>Poupa o consumo de energia 20-50%.<\/li>\n<li>Queima sem chama, baixo ru\u00eddo.<\/li>\n<li>Reduzir a formula\u00e7\u00e3o de gases nocivos como o CO, NOx, etc. por uma grande margem (mais de 70%)<\/li>\n<li>Forte dire\u00e7\u00e3o do vento, utiliza\u00e7\u00e3o segura<\/li>\n<\/ul>","protected":false},"excerpt":{"rendered":"<p>A cer\u00e2mica em favo de mel \u00e9 uma nova cer\u00e2mica industrial porosa desenvolvida. Como corpo de armazenamento de calor, tem as propriedades de resist\u00eancia \u00e0 corros\u00e3o, grande \u00e1rea de superf\u00edcie espec\u00edfica, pequena resist\u00eancia ao calor, boa condutividade t\u00e9rmica e excelente desempenho de resist\u00eancia ao choque t\u00e9rmico, realiza rapidamente a troca de calor e reduz a energia, amplamente utilizada no campo industrial. A cer\u00e2mica alveolar como meio de troca de calor \u00e9 a pe\u00e7a chave para a tecnologia HTAC (High-Temperature Air Combustion) de armazenamento de calor. \u00c9 a melhor escolha para RTO, permutador de calor e outros produtos de prote\u00e7\u00e3o ambiental e de poupan\u00e7a de energia.<\/p>","protected":false},"featured_media":4065,"template":"","meta":{"_seopress_robots_primary_cat":"","_monsterinsights_skip_tracking":false,"_monsterinsights_sitenote_active":false,"_monsterinsights_sitenote_note":"","_monsterinsights_sitenote_category":0,"_joinchat":[]},"product_cat":[94],"product_tag":[],"class_list":["post-3514","product","type-product","status-publish","has-post-thumbnail","hentry","product_cat-honeycomb-ceramics"],"featured_image_urls":{"full":["https:\/\/www.laiko.net\/wp-content\/uploads\/2023\/11\/honeycomb-ceramic-2.jpg",600,350,false],"thumbnail":["https:\/\/www.laiko.net\/wp-content\/uploads\/2023\/11\/honeycomb-ceramic-2-150x150.jpg",150,150,true],"medium":["https:\/\/www.laiko.net\/wp-content\/uploads\/2023\/11\/honeycomb-ceramic-2-300x175.jpg",300,175,true],"medium_large":["https:\/\/www.laiko.net\/wp-content\/uploads\/2023\/11\/honeycomb-ceramic-2.jpg",600,350,false],"large":["https:\/\/www.laiko.net\/wp-content\/uploads\/2023\/11\/honeycomb-ceramic-2.jpg",600,350,false],"1536x1536":["https:\/\/www.laiko.net\/wp-content\/uploads\/2023\/11\/honeycomb-ceramic-2.jpg",600,350,false],"2048x2048":["https:\/\/www.laiko.net\/wp-content\/uploads\/2023\/11\/honeycomb-ceramic-2.jpg",600,350,false],"trp-custom-language-flag":["https:\/\/www.laiko.net\/wp-content\/uploads\/2023\/11\/honeycomb-ceramic-2.jpg",18,12,false],"woocommerce_thumbnail":["https:\/\/www.laiko.net\/wp-content\/uploads\/2023\/11\/honeycomb-ceramic-2-300x175.jpg",300,175,true],"woocommerce_single":["https:\/\/www.laiko.net\/wp-content\/uploads\/2023\/11\/honeycomb-ceramic-2.jpg",600,350,false],"woocommerce_gallery_thumbnail":["https:\/\/www.laiko.net\/wp-content\/uploads\/2023\/11\/honeycomb-ceramic-2-100x100.jpg",100,100,true]},"post_excerpt_stackable":"<p>Honeycomb ceramic is a new developed porous industrial ceramic. As heat storage body, it has the properties of corrosion resistance, large specific surface area, small heat resistance, good thermal conductivity and excellent thermal-shock resistance performance, realize quickly exchanging heat and reducing energy, widely used in the industrial field. The honeycomb ceramic as the heat exchange media is the key part for heat storage HTAC (High-Temperature Air Combustion) technology. It is the best choice for RTO, heat exchanger and other environmental protection and energy-saving products.<\/p>\n","category_list":"","author_info":{"name":"","url":""},"comments_num":"0 comments","_links":{"self":[{"href":"https:\/\/www.laiko.net\/pt\/wp-json\/wp\/v2\/product\/3514","targetHints":{"allow":["GET"]}}],"collection":[{"href":"https:\/\/www.laiko.net\/pt\/wp-json\/wp\/v2\/product"}],"about":[{"href":"https:\/\/www.laiko.net\/pt\/wp-json\/wp\/v2\/types\/product"}],"wp:featuredmedia":[{"embeddable":true,"href":"https:\/\/www.laiko.net\/pt\/wp-json\/wp\/v2\/media\/4065"}],"wp:attachment":[{"href":"https:\/\/www.laiko.net\/pt\/wp-json\/wp\/v2\/media?parent=3514"}],"wp:term":[{"taxonomy":"product_cat","embeddable":true,"href":"https:\/\/www.laiko.net\/pt\/wp-json\/wp\/v2\/product_cat?post=3514"},{"taxonomy":"product_tag","embeddable":true,"href":"https:\/\/www.laiko.net\/pt\/wp-json\/wp\/v2\/product_tag?post=3514"}],"curies":[{"name":"wp","href":"https:\/\/api.w.org\/{rel}","templated":true}]}}