{"id":3513,"date":"2023-10-28T14:26:33","date_gmt":"2023-10-28T06:26:33","guid":{"rendered":"http:\/\/www3.laiko.net\/?post_type=product&#038;p=3513"},"modified":"2024-03-02T11:17:25","modified_gmt":"2024-03-02T03:17:25","slug":"activated-alumina","status":"publish","type":"product","link":"https:\/\/www.laiko.net\/pt\/produto\/alumina-activada\/","title":{"rendered":"Alumina activada"},"content":{"rendered":"<h2>Tamanho da alumina activada<\/h2>\n<p>Activated alumina ball in 1-3mm, 3-5mm, 5-8mm.<\/p>\n<p><img loading=\"lazy\" decoding=\"async\" class=\"alignnone wp-image-5178\" src=\"https:\/\/www.laiko.net\/wp-content\/uploads\/2023\/10\/Activated-Alumina-300x300.jpg\" alt=\"\" width=\"374\" height=\"374\" srcset=\"https:\/\/www.laiko.net\/wp-content\/uploads\/2023\/10\/Activated-Alumina-300x300.jpg 300w, https:\/\/www.laiko.net\/wp-content\/uploads\/2023\/10\/Activated-Alumina-150x150.jpg 150w, https:\/\/www.laiko.net\/wp-content\/uploads\/2023\/10\/Activated-Alumina-768x768.jpg 768w, https:\/\/www.laiko.net\/wp-content\/uploads\/2023\/10\/Activated-Alumina-12x12.jpg 12w, https:\/\/www.laiko.net\/wp-content\/uploads\/2023\/10\/Activated-Alumina-600x600.jpg 600w, https:\/\/www.laiko.net\/wp-content\/uploads\/2023\/10\/Activated-Alumina-100x100.jpg 100w, https:\/\/www.laiko.net\/wp-content\/uploads\/2023\/10\/Activated-Alumina.jpg 800w\" sizes=\"auto, (max-width: 374px) 100vw, 374px\" \/><\/p>\n<h2>Aplica\u00e7\u00e3o da alumina activada<\/h2>\n<p>Activated alumina is widely utilized in the drying agent of multiform gas and liquid, also function is used as sorbent, desiccant, catalyst support in reactors for petrochemical industry, chemical industry, fertilizer industry and so on.<\/p>\n<h2>Especifica\u00e7\u00e3o de alumina activada<\/h2>\n<div class=\"overflow_x\">\n<table cellspacing=\"0\">\n<tbody>\n<tr class=\"firstRow\">\n<td colspan=\"3\" valign=\"center\">Tipo<\/td>\n<td valign=\"center\">KA401<br \/>\nAbsorvente<\/td>\n<td valign=\"center\">KA402<br \/>\nDesfluoridizador<\/td>\n<td valign=\"center\">KA403<br \/>\nAbsorvente de H<sub>2<\/sub>O<sub>2<\/sub><\/td>\n<td valign=\"center\">KA404<br \/>\nAnticloro<\/td>\n<td valign=\"center\">KA405<br \/>\nSuporte do catalisador<\/td>\n<td valign=\"center\">KA406<br \/>\nAbsorvente na separa\u00e7\u00e3o do ar<\/td>\n<\/tr>\n<tr>\n<td colspan=\"3\" valign=\"center\">Apar\u00eancia<\/td>\n<td colspan=\"6\" valign=\"center\">Bola branca<\/td>\n<\/tr>\n<tr>\n<td colspan=\"3\" valign=\"center\">Fase do cristal principal<\/td>\n<td valign=\"center\">\u03c7-\u03c1<\/td>\n<td valign=\"center\">\u03c7-\u03c1<\/td>\n<td valign=\"center\">\u03b3<\/td>\n<td valign=\"center\">\u03c7-\u03c1<\/td>\n<td valign=\"center\">\u03b3<\/td>\n<td valign=\"center\">\u03c7-\u03c1<\/td>\n<\/tr>\n<tr>\n<td rowspan=\"3\" valign=\"center\">Composi\u00e7\u00e3o qu\u00edmica<\/td>\n<td colspan=\"2\" valign=\"center\">Al2O3<\/td>\n<td valign=\"center\">\u226593<\/td>\n<td valign=\"center\">\u226593<\/td>\n<td valign=\"center\">\u226592<\/td>\n<td valign=\"center\">\u226590<\/td>\n<td valign=\"center\">\u226593<\/td>\n<td valign=\"center\">\u226590<\/td>\n<\/tr>\n<tr>\n<td colspan=\"2\" valign=\"center\">Na2O<\/td>\n<td valign=\"center\">1-2.5<\/td>\n<td valign=\"center\">\u22640.3<\/td>\n<td valign=\"center\">\u22640.5<\/td>\n<td valign=\"center\"><\/td>\n<td valign=\"center\">0.15-0.3<\/td>\n<td valign=\"center\">\u22640.3<\/td>\n<\/tr>\n<tr>\n<td colspan=\"2\" valign=\"center\">I.L<\/td>\n<td valign=\"center\">6-9<\/td>\n<td valign=\"center\">6-8<\/td>\n<td valign=\"center\">\u22648<\/td>\n<td valign=\"center\">\u2264<\/td>\n<td valign=\"center\">\u22645<\/td>\n<td valign=\"center\">6-8<\/td>\n<\/tr>\n<tr>\n<td colspan=\"3\" valign=\"center\">Densidade a granel,g\/ml<\/td>\n<td valign=\"center\">0.7-0.87<\/td>\n<td valign=\"center\">0.70-0.75<\/td>\n<td valign=\"center\">0.65-0.75<\/td>\n<td valign=\"center\">0.68-0.78<\/td>\n<td valign=\"center\">0.70-0.80<\/td>\n<td valign=\"center\">0.68-0.72<\/td>\n<\/tr>\n<tr>\n<td colspan=\"3\" valign=\"center\">\u00c1rea de superf\u00edcie,m<sup>2<\/sup>\/g<\/td>\n<td valign=\"center\">270-360<\/td>\n<td valign=\"center\">\u2265280<\/td>\n<td valign=\"center\">200-260<\/td>\n<td valign=\"center\">\u2265300<\/td>\n<td valign=\"center\">\u2265200<\/td>\n<td valign=\"center\">\u2265300<\/td>\n<\/tr>\n<tr>\n<td colspan=\"3\" valign=\"center\">Volume de poros,ml\/g<\/td>\n<td valign=\"center\">0.3-0.45<\/td>\n<td valign=\"center\">0.3-0.42<\/td>\n<td valign=\"center\">0.4-0.46<\/td>\n<td valign=\"center\">0.3-0.5<\/td>\n<td valign=\"center\">0.4<\/td>\n<td valign=\"center\">0.3-0.5<\/td>\n<\/tr>\n<tr>\n<td colspan=\"3\" valign=\"center\">Absor\u00e7\u00e3o est\u00e1tica,<\/td>\n<td valign=\"center\">\u00c1gua<br \/>\n15-17<\/td>\n<td valign=\"center\">Fluorina<\/p>\n<p>0.12<\/td>\n<td valign=\"center\">\u00c1gua<br \/>\n50<\/td>\n<td valign=\"center\">Cloro<br \/>\n10-20<\/td>\n<td valign=\"center\">\u00c1gua<br \/>\n50-70<\/td>\n<td valign=\"center\">\u00c1gua<br \/>\n17-19<\/td>\n<\/tr>\n<tr>\n<td colspan=\"3\" valign=\"center\">Atividade,<\/td>\n<td valign=\"center\">&#8211;<\/td>\n<td valign=\"center\">&#8211;<\/td>\n<td valign=\"center\">56-62<\/td>\n<td valign=\"center\">&#8211;<\/td>\n<td valign=\"center\">&#8211;<\/td>\n<td valign=\"center\">&#8211;<\/td>\n<\/tr>\n<tr>\n<td colspan=\"3\" valign=\"center\">Perda por abras\u00e3o,<\/td>\n<td valign=\"center\">\u22640.5<\/td>\n<td valign=\"center\">\u22641.0<\/td>\n<td valign=\"center\">\u22641.0<\/td>\n<td valign=\"center\">\u22640.7<\/td>\n<td valign=\"center\">\u22640.4<\/td>\n<td valign=\"center\">\u22640.8<\/td>\n<\/tr>\n<tr>\n<td colspan=\"2\" rowspan=\"4\" valign=\"center\">Resist\u00eancia ao esmagamento, N\/gr\u00e3o<\/td>\n<td valign=\"center\">\u03a61-2<\/td>\n<td valign=\"center\">\u226540<\/td>\n<td valign=\"center\">\u226540<\/td>\n<td valign=\"center\">&#8211;<\/td>\n<td valign=\"center\">\u226540<\/td>\n<td valign=\"center\">&#8211;<\/td>\n<td valign=\"center\">&#8211;<\/td>\n<\/tr>\n<tr>\n<td valign=\"center\">\u03a62-3<\/td>\n<td valign=\"center\">\u226560<\/td>\n<td valign=\"center\">\u226560<\/td>\n<td valign=\"center\">&#8211;<\/td>\n<td valign=\"center\">&#8211;<\/td>\n<td valign=\"center\">&#8211;<\/td>\n<td valign=\"center\">&#8211;<\/td>\n<\/tr>\n<tr>\n<td valign=\"center\">\u03a63-5<\/td>\n<td valign=\"center\">\u2265100<\/td>\n<td valign=\"center\">&#8211;<\/td>\n<td valign=\"center\">\u2265100<\/td>\n<td valign=\"center\">\u226582<\/td>\n<td valign=\"center\">\u2265100<\/td>\n<td valign=\"center\">\u2265100<\/td>\n<\/tr>\n<tr>\n<td valign=\"center\">\u03a64-6<\/td>\n<td valign=\"center\">\u2265120<\/td>\n<td valign=\"center\">&#8211;<\/td>\n<td valign=\"center\">\u2265130<\/td>\n<td valign=\"center\">\u2265120<\/td>\n<td valign=\"center\">\u2265120<\/td>\n<td valign=\"center\">\u2265110<\/td>\n<\/tr>\n<\/tbody>\n<\/table>\n<\/div>\n<p>KA401: destina-se a ser utilizado como adsorvente<\/p>\n<p>KA402: destina-se a desfluoriza\u00e7\u00e3o<\/p>\n<p>KA403: destina-se a ser absorvido na produ\u00e7\u00e3o de perixido de hidrog\u00e9nio (H2O2)<\/p>\n<p>KA404: destina-se ao suporte do catalisador<\/p>\n<p>KA405: destina-se a desidrata\u00e7\u00e3o e secagem em separa\u00e7\u00e3o de ar, etc.<\/p>","protected":false},"excerpt":{"rendered":"<p>For the reason of activated alumina&#8217;s\u00a0 large capacity of absorption, large surface area, high strength and thermal stability, it has been widely used as an absorber, desiccant and catalyst carrier in chemical, petrochemical and fertilizer industry.<\/p>\n<p>It can also be widely used in the deep drying of cracked gas, ethylene and propylene, hydrogen-generation, air separation, instrument air drying and fluorine treatment for H2O2, also in the absorbing pollution material, such as H2S, SO2, HF and paraffin in the water gas. So it has a high affinity for water\/impurity and active catalyst. According to the applications of balls, there are 3 types of Activated Alumina Sorbent, Activated Alumina Desiccant and Activated Alumina Catalyst carrier. Meantime interior composition of the crystal phase was divided into mode Y and X-P. We are a leading manufacturer of high-quality activated alumina products, which are specially designed to meet the diverse needs of various industries.<\/p>","protected":false},"featured_media":3353,"template":"","meta":{"_seopress_robots_primary_cat":"","_monsterinsights_skip_tracking":false,"_monsterinsights_sitenote_active":false,"_monsterinsights_sitenote_note":"","_monsterinsights_sitenote_category":0,"_joinchat":[]},"product_cat":[93],"product_tag":[],"class_list":["post-3513","product","type-product","status-publish","has-post-thumbnail","hentry","product_cat-activated-alumina"],"featured_image_urls":{"full":["https:\/\/www.laiko.net\/wp-content\/uploads\/2023\/10\/activated-alumina-1.png",393,296,false],"thumbnail":["https:\/\/www.laiko.net\/wp-content\/uploads\/2023\/10\/activated-alumina-1-150x150.png",150,150,true],"medium":["https:\/\/www.laiko.net\/wp-content\/uploads\/2023\/10\/activated-alumina-1-300x226.png",300,226,true],"medium_large":["https:\/\/www.laiko.net\/wp-content\/uploads\/2023\/10\/activated-alumina-1.png",393,296,false],"large":["https:\/\/www.laiko.net\/wp-content\/uploads\/2023\/10\/activated-alumina-1.png",393,296,false],"1536x1536":["https:\/\/www.laiko.net\/wp-content\/uploads\/2023\/10\/activated-alumina-1.png",393,296,false],"2048x2048":["https:\/\/www.laiko.net\/wp-content\/uploads\/2023\/10\/activated-alumina-1.png",393,296,false],"trp-custom-language-flag":["https:\/\/www.laiko.net\/wp-content\/uploads\/2023\/10\/activated-alumina-1.png",16,12,false],"woocommerce_thumbnail":["https:\/\/www.laiko.net\/wp-content\/uploads\/2023\/10\/activated-alumina-1-300x226.png",300,226,true],"woocommerce_single":["https:\/\/www.laiko.net\/wp-content\/uploads\/2023\/10\/activated-alumina-1.png",393,296,false],"woocommerce_gallery_thumbnail":["https:\/\/www.laiko.net\/wp-content\/uploads\/2023\/10\/activated-alumina-1-100x100.png",100,100,true]},"post_excerpt_stackable":"<p>For the reason of activated alumina&#8217;s\u00a0 large capacity of absorption, large surface area, high strength and thermal stability, it has been widely used as an absorber, desiccant and catalyst carrier in chemical, petrochemical and fertilizer industry.<\/p>\n<p>It can also be widely used in the deep drying of cracked gas, ethylene and propylene, hydrogen-generation, air separation, instrument air drying and fluorine treatment for H2O2, also in the absorbing pollution material, such as H2S, SO2, HF and paraffin in the water gas. So it has a high affinity for water\/impurity and active catalyst. According to the applications of balls, there are 3 types of Activated Alumina Sorbent, Activated Alumina Desiccant and Activated Alumina Catalyst carrier. Meantime interior composition of the crystal phase was divided into mode Y and X-P. We are a leading manufacturer of high-quality activated alumina products, which are specially designed to meet the diverse needs of various industries.<\/p>\n","category_list":"","author_info":{"name":"","url":""},"comments_num":"0 comments","_links":{"self":[{"href":"https:\/\/www.laiko.net\/pt\/wp-json\/wp\/v2\/product\/3513","targetHints":{"allow":["GET"]}}],"collection":[{"href":"https:\/\/www.laiko.net\/pt\/wp-json\/wp\/v2\/product"}],"about":[{"href":"https:\/\/www.laiko.net\/pt\/wp-json\/wp\/v2\/types\/product"}],"wp:featuredmedia":[{"embeddable":true,"href":"https:\/\/www.laiko.net\/pt\/wp-json\/wp\/v2\/media\/3353"}],"wp:attachment":[{"href":"https:\/\/www.laiko.net\/pt\/wp-json\/wp\/v2\/media?parent=3513"}],"wp:term":[{"taxonomy":"product_cat","embeddable":true,"href":"https:\/\/www.laiko.net\/pt\/wp-json\/wp\/v2\/product_cat?post=3513"},{"taxonomy":"product_tag","embeddable":true,"href":"https:\/\/www.laiko.net\/pt\/wp-json\/wp\/v2\/product_tag?post=3513"}],"curies":[{"name":"wp","href":"https:\/\/api.w.org\/{rel}","templated":true}]}}