{"id":3512,"date":"2023-10-28T14:22:51","date_gmt":"2023-10-28T06:22:51","guid":{"rendered":"http:\/\/www3.laiko.net\/?post_type=product&#038;p=3512"},"modified":"2023-10-28T14:22:51","modified_gmt":"2023-10-28T06:22:51","slug":"packing-support-grid-support","status":"publish","type":"product","link":"https:\/\/www.laiko.net\/pt\/produto\/suporte-de-embalagem-suporte-de-grelha\/","title":{"rendered":"Suporte de embalagem\/Suporte de grelha"},"content":{"rendered":"<h2>Vantagens do Packing Support\/Grid Support<\/h2>\n<p>O suporte de empacotamento multi-feixe \u00e9 considerado como uma das melhores grelhas de suporte de empacotamento aleat\u00f3rio.<\/p>\n<ul class=\"list-paddingleft-2\">\n<li>Largura fixa de 290 mm. \u00c9 montado com v\u00e1rias vigas de suporte, com uma largura de 290 mm e uma altura de 250-300 mm.<\/li>\n<li>Dist\u00e2ncia fixa de drenagem de l\u00edquidos de 10 mm. Cada viga vizinha tem um passo de 10 mm para a drenagem de l\u00edquidos.<\/li>\n<li>Tamanho da abertura inferior a 10 mm. As aberturas de ranhura, quadradas ou redondas na viga s\u00e3o mais pequenas do que 10 mm, o que pode impedir a fuga da embalagem de 10 mm.<\/li>\n<li>Conce\u00e7\u00e3o seccional. Conce\u00e7\u00e3o em sec\u00e7\u00f5es para facilitar o transporte e a instala\u00e7\u00e3o e a entrada a partir da via de acesso.<\/li>\n<li>Canal separado para l\u00edquido e g\u00e1s. O g\u00e1s sobe a partir do topo da viga e o l\u00edquido flui para baixo a partir da via plana para fornecer uma queda de press\u00e3o extremamente baixa.<\/li>\n<li>Com ou sem arma\u00e7\u00e3o exterior. O suporte de embalagem com v\u00e1rias vigas pode ser concebido com ou sem estrutura exterior para se adaptar a diferentes di\u00e2metros da torre de embalagem.<\/li>\n<li>O tamanho e a estrutura podem ser personalizados de acordo com os desenhos do cliente.<\/li>\n<\/ul>\n<h2>Material do suporte da embalagem\/suporte da grelha<\/h2>\n<p>a\u00e7o carbono, a\u00e7o inoxid\u00e1vel incluindo 304, 304L, 316, 316L, 321, 410 etc.<\/p>\n<p>De acordo com o material, o suporte de embalagem multi-feixe tem o suporte de metal e suporte de pl\u00e1stico.<\/p>\n<h2>Temperatura de funcionamento do suporte de embalagem\/suporte de rede<\/h2>\n<p>Suporte da embalagem em a\u00e7o inoxid\u00e1vel &lt; 300 \u00b0C.<br \/>\nSuporte da embalagem em a\u00e7o-carbono &lt; 200 \u00b0C.<br \/>\nSuporte de pl\u00e1stico da embalagem&lt;100\u00b0C (PTFE para 250 \u00b0C)<\/p>","protected":false},"excerpt":{"rendered":"<p>O suporte de embalagem de v\u00e1rias vigas, tamb\u00e9m designado por suporte de corcunda, como o pr\u00f3prio nome indica, \u00e9 constitu\u00eddo por v\u00e1rias vigas de suporte. Pode ser feito de metal (a\u00e7o carbono, a\u00e7o inoxid\u00e1vel), pl\u00e1stico (PP, PVDF, CPVC), pl\u00e1stico refor\u00e7ado com fibras (FRP) e materiais cer\u00e2micos. O suporte de embalagem multifeixe \u00e9 amplamente utilizado na torre de absor\u00e7\u00e3o, na torre de lavagem e nas torres de destila\u00e7\u00e3o para suporte de embalagem aleat\u00f3ria. Tem uma \u00e1rea aberta elevada, uma queda de press\u00e3o extremamente baixa e caminhos separados de g\u00e1s e l\u00edquido para uma elevada efici\u00eancia de transfer\u00eancia de massa.<\/p>","protected":false},"featured_media":1964,"template":"","meta":{"_seopress_robots_primary_cat":"","_monsterinsights_skip_tracking":false,"_monsterinsights_sitenote_active":false,"_monsterinsights_sitenote_note":"","_monsterinsights_sitenote_category":0,"_joinchat":[]},"product_cat":[90],"product_tag":[],"class_list":["post-3512","product","type-product","status-publish","has-post-thumbnail","hentry","product_cat-column-internals"],"featured_image_urls":{"full":["https:\/\/www.laiko.net\/wp-content\/uploads\/2023\/10\/frc-7860bc0ad37d6bd7028f2dab54e988cd.jpg",1000,607,false],"thumbnail":["https:\/\/www.laiko.net\/wp-content\/uploads\/2023\/10\/frc-7860bc0ad37d6bd7028f2dab54e988cd-150x150.jpg",150,150,true],"medium":["https:\/\/www.laiko.net\/wp-content\/uploads\/2023\/10\/frc-7860bc0ad37d6bd7028f2dab54e988cd-300x182.jpg",300,182,true],"medium_large":["https:\/\/www.laiko.net\/wp-content\/uploads\/2023\/10\/frc-7860bc0ad37d6bd7028f2dab54e988cd-768x466.jpg",768,466,true],"large":["https:\/\/www.laiko.net\/wp-content\/uploads\/2023\/10\/frc-7860bc0ad37d6bd7028f2dab54e988cd.jpg",1000,607,false],"1536x1536":["https:\/\/www.laiko.net\/wp-content\/uploads\/2023\/10\/frc-7860bc0ad37d6bd7028f2dab54e988cd.jpg",1000,607,false],"2048x2048":["https:\/\/www.laiko.net\/wp-content\/uploads\/2023\/10\/frc-7860bc0ad37d6bd7028f2dab54e988cd.jpg",1000,607,false],"trp-custom-language-flag":["https:\/\/www.laiko.net\/wp-content\/uploads\/2023\/10\/frc-7860bc0ad37d6bd7028f2dab54e988cd.jpg",18,12,false],"woocommerce_thumbnail":["https:\/\/www.laiko.net\/wp-content\/uploads\/2023\/10\/frc-7860bc0ad37d6bd7028f2dab54e988cd-300x182.jpg",300,182,true],"woocommerce_single":["https:\/\/www.laiko.net\/wp-content\/uploads\/2023\/10\/frc-7860bc0ad37d6bd7028f2dab54e988cd-600x364.jpg",600,364,true],"woocommerce_gallery_thumbnail":["https:\/\/www.laiko.net\/wp-content\/uploads\/2023\/10\/frc-7860bc0ad37d6bd7028f2dab54e988cd-100x100.jpg",100,100,true]},"post_excerpt_stackable":"<p>Multi-beam packing support, also named as hump support, as its name says, is made of several support beams. It can be made of metallic (carbon steel, stainless steel), plastic (PP, PVDF, CPVC), fibre-reinforced plastic (FRP) and ceramic materials. Multi-beam packing support is widely used in the absorption tower, washing tower and Distillation towers for random packing support. It has a high open area, extremely low-pressure drop and separated gas and liquid paths for high mass transfer efficiency.<\/p>\n","category_list":"","author_info":{"name":"","url":""},"comments_num":"0 comments","_links":{"self":[{"href":"https:\/\/www.laiko.net\/pt\/wp-json\/wp\/v2\/product\/3512","targetHints":{"allow":["GET"]}}],"collection":[{"href":"https:\/\/www.laiko.net\/pt\/wp-json\/wp\/v2\/product"}],"about":[{"href":"https:\/\/www.laiko.net\/pt\/wp-json\/wp\/v2\/types\/product"}],"wp:featuredmedia":[{"embeddable":true,"href":"https:\/\/www.laiko.net\/pt\/wp-json\/wp\/v2\/media\/1964"}],"wp:attachment":[{"href":"https:\/\/www.laiko.net\/pt\/wp-json\/wp\/v2\/media?parent=3512"}],"wp:term":[{"taxonomy":"product_cat","embeddable":true,"href":"https:\/\/www.laiko.net\/pt\/wp-json\/wp\/v2\/product_cat?post=3512"},{"taxonomy":"product_tag","embeddable":true,"href":"https:\/\/www.laiko.net\/pt\/wp-json\/wp\/v2\/product_tag?post=3512"}],"curies":[{"name":"wp","href":"https:\/\/api.w.org\/{rel}","templated":true}]}}