{"id":3510,"date":"2023-10-28T14:18:13","date_gmt":"2023-10-28T06:18:13","guid":{"rendered":"http:\/\/www3.laiko.net\/?post_type=product&#038;p=3510"},"modified":"2023-11-10T10:53:03","modified_gmt":"2023-11-10T02:53:03","slug":"liquid-collector-liquid-distributor","status":"publish","type":"product","link":"https:\/\/www.laiko.net\/pt\/produto\/coletor-de-liquidos-distribuidor-de-liquidos\/","title":{"rendered":"Coletor de l\u00edquidos\/Distribuidor de l\u00edquidos"},"content":{"rendered":"<p><strong>Par\u00e2metros do coletor\/distribuidor de l\u00edquido<\/strong><\/p>\n<div class=\"overflow_x\">\n<table cellspacing=\"0\" cellpadding=\"0\">\n<colgroup>\n<col \/>\n<col \/>\n<col \/>\n<col \/>\n<col \/>\n<col \/>\n<col span=\"2\" \/><\/colgroup>\n<tbody>\n<tr class=\"firstRow\">\n<td colspan=\"8\" height=\"16\">Dados t\u00e9cnicos<\/td>\n<\/tr>\n<tr>\n<td height=\"36\">ITEM<\/td>\n<td colspan=\"2\">Distribuidor de l\u00edquido de escada de orif\u00edcio<\/td>\n<td>Bico de pulveriza\u00e7\u00e3o distribuidor de l\u00edquido<\/td>\n<td>Distribuidor de l\u00edquido para panela de orif\u00edcio<\/td>\n<td>Distribuidor de l\u00edquido com orif\u00edcio de passagem<\/td>\n<td>Distribuidor de l\u00edquido por calha de orif\u00edcio<\/td>\n<td>Distribuidor de l\u00edquidos de calha de barragem<\/td>\n<\/tr>\n<tr>\n<td height=\"16\">For\u00e7a de acionamento<\/td>\n<td colspan=\"2\">press\u00e3o<\/td>\n<td>press\u00e3o<\/td>\n<td>gravidade<\/td>\n<td>gravidade<\/td>\n<td>gravidade<\/td>\n<td>gravidade<\/td>\n<\/tr>\n<tr>\n<td height=\"16\">Distribuir a capacidade<\/td>\n<td colspan=\"2\">m\u00e9dio<\/td>\n<td>Baixa a m\u00e9dia<\/td>\n<td>elevado<\/td>\n<td>elevado<\/td>\n<td>m\u00e9dio<\/td>\n<td>m\u00e9dio<\/td>\n<\/tr>\n<tr>\n<td height=\"16\">Gama de carga<\/td>\n<td colspan=\"2\">baixo<\/td>\n<td>baixo<\/td>\n<td>m\u00e9dio<\/td>\n<td>m\u00e9dio<\/td>\n<td>m\u00e9dio<\/td>\n<td>elevado<\/td>\n<\/tr>\n<tr>\n<td height=\"16\">Carga l\u00edquida (m3\/m2.h)<\/td>\n<td colspan=\"2\">0.25~1.5<\/td>\n<td>Vasta gama<\/td>\n<td>Vasta gama<\/td>\n<td>Vasta gama<\/td>\n<td>Vasta gama<\/td>\n<td>Vasta gama<\/td>\n<\/tr>\n<tr>\n<td height=\"16\">Di\u00e2metro (m)<\/td>\n<td colspan=\"2\">&gt; 0.45<\/td>\n<td>aleat\u00f3rio<\/td>\n<td>normal aleat\u00f3ria &lt; 1,2<\/td>\n<td>normal aleat\u00f3ria &lt; 1,2<\/td>\n<td>aleat\u00f3rio<\/td>\n<td>aleat\u00f3rio<\/td>\n<\/tr>\n<tr>\n<td height=\"16\">Resistente a incrusta\u00e7\u00f5es<\/td>\n<td colspan=\"2\">elevado<\/td>\n<td>Baixa a m\u00e9dia<\/td>\n<td>elevado<\/td>\n<td>m\u00e9dio<\/td>\n<td>baixo<\/td>\n<td>baixo<\/td>\n<\/tr>\n<tr>\n<td height=\"16\">Resist\u00eancia ao g\u00e1s<\/td>\n<td colspan=\"2\">baixo<\/td>\n<td>baixo<\/td>\n<td>elevado<\/td>\n<td>Baixa a m\u00e9dia<\/td>\n<td>elevado<\/td>\n<td>elevado<\/td>\n<\/tr>\n<tr>\n<td height=\"16\">Requisito de nivelamento<\/td>\n<td colspan=\"2\">n\u00e3o<\/td>\n<td>n\u00e3o<\/td>\n<td>sim<\/td>\n<td>sim<\/td>\n<td>sim<\/td>\n<td>sim<\/td>\n<\/tr>\n<tr>\n<td height=\"16\">Efeito sobre a corros\u00e3o<\/td>\n<td colspan=\"2\">elevado<\/td>\n<td>baixo<\/td>\n<td>elevado<\/td>\n<td>elevado<\/td>\n<td>baixo<\/td>\n<td>baixo<\/td>\n<\/tr>\n<tr>\n<td height=\"16\">Efeito na espessura do l\u00edquido<\/td>\n<td colspan=\"2\">n\u00e3o<\/td>\n<td>n\u00e3o<\/td>\n<td>sim<\/td>\n<td>sim<\/td>\n<td>sim<\/td>\n<td>sim<\/td>\n<\/tr>\n<tr>\n<td height=\"16\">Arrastamento de l\u00edquidos<\/td>\n<td colspan=\"2\">sim<\/td>\n<td>sim<\/td>\n<td>n\u00e3o<\/td>\n<td>n\u00e3o<\/td>\n<td>n\u00e3o<\/td>\n<td>n\u00e3o<\/td>\n<\/tr>\n<tr>\n<td height=\"16\">Arrastamento de l\u00edquidos<\/td>\n<td colspan=\"2\">baixo<\/td>\n<td>baixo<\/td>\n<td>elevado<\/td>\n<td>m\u00e9dio<\/td>\n<td>m\u00e9dio<\/td>\n<td>m\u00e9dio<\/td>\n<\/tr>\n<\/tbody>\n<\/table>\n<\/div>","protected":false},"excerpt":{"rendered":"<p>Do ponto de vista do processo, os elementos internos da coluna mais importantes s\u00e3o os distribuidores de l\u00edquido. \u00c9 necess\u00e1rio um distribuidor de l\u00edquido em todos os locais da coluna onde \u00e9 introduzido um fluxo de l\u00edquido externo. Para al\u00e9m dos pDo ponto de vista do processo, os elementos internos da coluna mais importantes s\u00e3o os distribuidores de l\u00edquido. \u00c9 necess\u00e1rio um distribuidor de l\u00edquido em todos os locais da coluna onde \u00e9 introduzido um fluxo de l\u00edquido externo. Para al\u00e9m de fornecer um padr\u00e3o uniforme de distribui\u00e7\u00e3o de l\u00edquido para o topo do leito compactado, o distribuidor deve fornecer uma \u00e1rea de passagem de g\u00e1s suficiente para evitar uma queda de alta press\u00e3o ou arrastamento de l\u00edquido. O distribuidor de l\u00edquido deve ter um r\u00e1cio de abertura elevado e ser resistente a incrusta\u00e7\u00f5es. A tabela abaixo apresenta alguns distribuidores convencionais.roporcionando um padr\u00e3o uniforme de distribui\u00e7\u00e3o de l\u00edquido para o topo do leito compactado, o distribuidor deve fornecer \u00e1rea de passagem de g\u00e1s suficiente para evitar uma queda de alta press\u00e3o ou arrastamento de l\u00edquido. O distribuidor de l\u00edquido deve ter um r\u00e1cio de abertura elevado e ser resistente a incrusta\u00e7\u00f5es. A tabela abaixo apresenta alguns distribuidores convencionais.<\/p>","protected":false},"featured_media":4006,"template":"","meta":{"_seopress_robots_primary_cat":"","_monsterinsights_skip_tracking":false,"_monsterinsights_sitenote_active":false,"_monsterinsights_sitenote_note":"","_monsterinsights_sitenote_category":0,"_joinchat":[]},"product_cat":[90],"product_tag":[],"class_list":["post-3510","product","type-product","status-publish","has-post-thumbnail","hentry","product_cat-column-internals"],"featured_image_urls":{"full":["https:\/\/www.laiko.net\/wp-content\/uploads\/2023\/10\/Liquid-Collector.jpg",600,350,false],"thumbnail":["https:\/\/www.laiko.net\/wp-content\/uploads\/2023\/10\/Liquid-Collector-150x150.jpg",150,150,true],"medium":["https:\/\/www.laiko.net\/wp-content\/uploads\/2023\/10\/Liquid-Collector-300x175.jpg",300,175,true],"medium_large":["https:\/\/www.laiko.net\/wp-content\/uploads\/2023\/10\/Liquid-Collector.jpg",600,350,false],"large":["https:\/\/www.laiko.net\/wp-content\/uploads\/2023\/10\/Liquid-Collector.jpg",600,350,false],"1536x1536":["https:\/\/www.laiko.net\/wp-content\/uploads\/2023\/10\/Liquid-Collector.jpg",600,350,false],"2048x2048":["https:\/\/www.laiko.net\/wp-content\/uploads\/2023\/10\/Liquid-Collector.jpg",600,350,false],"trp-custom-language-flag":["https:\/\/www.laiko.net\/wp-content\/uploads\/2023\/10\/Liquid-Collector.jpg",18,12,false],"woocommerce_thumbnail":["https:\/\/www.laiko.net\/wp-content\/uploads\/2023\/10\/Liquid-Collector-300x175.jpg",300,175,true],"woocommerce_single":["https:\/\/www.laiko.net\/wp-content\/uploads\/2023\/10\/Liquid-Collector.jpg",600,350,false],"woocommerce_gallery_thumbnail":["https:\/\/www.laiko.net\/wp-content\/uploads\/2023\/10\/Liquid-Collector-100x100.jpg",100,100,true]},"post_excerpt_stackable":"<p>From a process standpoint, the most important column internals is liquid distributors. A liquid distributor is required at all locations in the column where an external liquid stream is introduced. In addition to pFrom a process standpoint, the most important column internals is liquid distributors. A liquid distributor is required at all locations in the column where an external liquid stream is introduced. In addition to providing a uniform liquid distribution pattern to the top of the packed bed, the distributor must provide sufficient gas passage area to avoid a high-pressure drop or liquid entrainment. The liquid distributor should have a high turndown ratio and be resistant to fouling. The table listed below gives some conventional distributors.roviding a uniform liquid distribution pattern to the top of the packed bed, the distributor must provide sufficient gas passage area to avoid a high-pressure drop or liquid entrainment. The liquid distributor should have a high turndown ratio and be resistant to fouling. The table listed below gives some conventional distributors.<\/p>\n","category_list":"","author_info":{"name":"","url":""},"comments_num":"0 comments","_links":{"self":[{"href":"https:\/\/www.laiko.net\/pt\/wp-json\/wp\/v2\/product\/3510","targetHints":{"allow":["GET"]}}],"collection":[{"href":"https:\/\/www.laiko.net\/pt\/wp-json\/wp\/v2\/product"}],"about":[{"href":"https:\/\/www.laiko.net\/pt\/wp-json\/wp\/v2\/types\/product"}],"wp:featuredmedia":[{"embeddable":true,"href":"https:\/\/www.laiko.net\/pt\/wp-json\/wp\/v2\/media\/4006"}],"wp:attachment":[{"href":"https:\/\/www.laiko.net\/pt\/wp-json\/wp\/v2\/media?parent=3510"}],"wp:term":[{"taxonomy":"product_cat","embeddable":true,"href":"https:\/\/www.laiko.net\/pt\/wp-json\/wp\/v2\/product_cat?post=3510"},{"taxonomy":"product_tag","embeddable":true,"href":"https:\/\/www.laiko.net\/pt\/wp-json\/wp\/v2\/product_tag?post=3510"}],"curies":[{"name":"wp","href":"https:\/\/api.w.org\/{rel}","templated":true}]}}