{"id":3508,"date":"2023-10-28T14:12:10","date_gmt":"2023-10-28T06:12:10","guid":{"rendered":"http:\/\/www3.laiko.net\/?post_type=product&#038;p=3508"},"modified":"2023-10-28T14:12:10","modified_gmt":"2023-10-28T06:12:10","slug":"pad-demister-with-frame-mist-eliminator-with-frame","status":"publish","type":"product","link":"https:\/\/www.laiko.net\/pt\/produto\/desembacador-de-almofada-com-quadro-eliminador-de-nevoa-com-quadro\/","title":{"rendered":"Desembaciador de almofadas com moldura\/Eliminador de n\u00e9voa com moldura"},"content":{"rendered":"<h2>Par\u00e2metros do Pad Demister<\/h2>\n<h2>Com moldura\/eliminador de n\u00e9voa Com moldura<\/h2>\n<table cellspacing=\"0\" cellpadding=\"0\">\n<colgroup>\n<col \/>\n<col \/>\n<col \/>\n<col \/><\/colgroup>\n<tbody>\n<tr class=\"firstRow\">\n<td height=\"22\">Modelo<\/td>\n<td colspan=\"3\">40-100 60-150 ,140-400<\/td>\n<\/tr>\n<tr>\n<td height=\"22\">Capacidade de peso<\/td>\n<td colspan=\"3\">168 Kg\/m3<\/td>\n<\/tr>\n<tr>\n<td height=\"22\">\u00c1rea de superf\u00edcie espec\u00edfica<\/td>\n<td colspan=\"3\">529,6 m2\/m3<\/td>\n<\/tr>\n<tr>\n<td height=\"22\">Porosidade<\/td>\n<td colspan=\"3\">0,9788\u03b5<\/td>\n<\/tr>\n<tr>\n<td colspan=\"4\" height=\"22\">Tipo de alta efici\u00eancia<\/td>\n<\/tr>\n<tr>\n<td height=\"18\">Modelo<\/td>\n<td colspan=\"3\">60-100 80-150 200-400 80-100<\/td>\n<\/tr>\n<tr>\n<td height=\"18\">Capacidade de peso<\/td>\n<td colspan=\"3\">128kg\/m3<\/td>\n<\/tr>\n<tr>\n<td height=\"18\">\u00c1rea de superf\u00edcie espec\u00edfica<\/td>\n<td colspan=\"3\">403,5 m2\/m3<\/td>\n<\/tr>\n<tr>\n<td height=\"18\">Porosidade<\/td>\n<td colspan=\"3\">0,9839\u03b5<\/td>\n<\/tr>\n<tr>\n<td colspan=\"4\" height=\"18\">Tipo de alta corrida<\/td>\n<\/tr>\n<tr>\n<td height=\"18\">Modelo<\/td>\n<td colspan=\"3\">20-40, 30-80, 40-120,50-120<\/td>\n<\/tr>\n<tr>\n<td height=\"18\">C\u00f3digo do formul\u00e1rio<\/td>\n<td colspan=\"3\">RH<\/td>\n<\/tr>\n<tr>\n<td height=\"18\">Capacidade de peso<\/td>\n<td colspan=\"3\">168 Kg\/m3<\/td>\n<\/tr>\n<tr>\n<td height=\"18\">\u00c1rea de superf\u00edcie espec\u00edfica<\/td>\n<td colspan=\"3\">529,6m2\/m3<\/td>\n<\/tr>\n<tr>\n<td height=\"18\">Porosidade<\/td>\n<td colspan=\"3\">0,9788\u03b5<\/td>\n<\/tr>\n<\/tbody>\n<\/table>\n<h2><\/h2>\n<h2>Material da almofada desemba\u00e7ador<\/h2>\n<p>As almofadas desemba\u00e7adoras s\u00e3o comumente usadas em processos industriais para remover got\u00edculas l\u00edquidas de fluxos de g\u00e1s. Eles consistem em uma malha de fios met\u00e1licos tricotados ou tecidos ou fibras sint\u00e9ticas que fornecem uma grande \u00e1rea de superf\u00edcie para que as got\u00edculas se aglutinem e formem got\u00edculas maiores que podem ser removidas do fluxo de g\u00e1s.<\/p>\n<p>Os materiais mais comumente usados para almofadas desemba\u00e7adoras s\u00e3o a\u00e7o inoxid\u00e1vel e polipropileno. O a\u00e7o inoxid\u00e1vel \u00e9 um material dur\u00e1vel e resistente \u00e0 corros\u00e3o que pode suportar altas temperaturas e ambientes qu\u00edmicos agressivos, tornando-o adequado para uso em uma ampla gama de aplica\u00e7\u00f5es. O polipropileno, por outro lado, \u00e9 um material leve e econ\u00f4mico, frequentemente usado em aplica\u00e7\u00f5es menos exigentes.<\/p>\n<p>Outros materiais que podem ser usados para almofadas desemba\u00e7adoras incluem cobre, alum\u00ednio e v\u00e1rios tipos de fibras sint\u00e9ticas, como poli\u00e9ster e n\u00e1ilon. A escolha do material depende dos requisitos espec\u00edficos da aplica\u00e7\u00e3o, como vaz\u00e3o do g\u00e1s, temperatura e composi\u00e7\u00e3o qu\u00edmica.<\/p>\n<h2>Instala\u00e7\u00e3o da almofada desemba\u00e7adora<\/h2>\n<p>A instala\u00e7\u00e3o de uma almofada desemba\u00e7adora requer considera\u00e7\u00e3o cuidadosa de v\u00e1rios fatores, como o tipo de equipamento em que ser\u00e1 usada, a taxa de fluxo de g\u00e1s e o n\u00edvel de efici\u00eancia desejado. Aqui est\u00e3o algumas etapas gerais a serem seguidas ao instalar uma almofada desemba\u00e7adora:<\/p>\n<p>Determine o tamanho e o formato apropriados da almofada desemba\u00e7adora com base nos requisitos do equipamento e do processo.<\/p>\n<p>Instale a almofada desemba\u00e7adora no local designado, certificando-se de que esteja devidamente fixada e apoiada para evitar movimentos ou danos.<\/p>\n<p>Certifique-se de que a dire\u00e7\u00e3o do fluxo de g\u00e1s seja perpendicular \u00e0 face da almofada do desemba\u00e7ador para maximizar sua efici\u00eancia.<\/p>\n<p>Forne\u00e7a espa\u00e7o adequado ao redor da almofada do desemba\u00e7ador para permitir o fluxo adequado de g\u00e1s e evitar qualquer interfer\u00eancia com equipamentos ou estruturas adjacentes.<\/p>\n<p>Verifique regularmente a almofada do desemba\u00e7ador quanto a sinais de desgaste ou danos e substitua-a se necess\u00e1rio para manter o desempenho ideal.<\/p>","protected":false},"excerpt":{"rendered":"<p>A malha de arame tricotada \u00e9 um tipo de malha de arame tricotada em um tipo espec\u00edfico. \u00c9 usado para desemba\u00e7ador de malha de arame, separador de \u00f3leo-g\u00e1s, removedor de poeira, aparelho de despoeiramento, dispositivo de prote\u00e7\u00e3o ambiental, v\u00e1rios dispositivos de separa\u00e7\u00e3o e filtragem, elimina\u00e7\u00e3o de filtragem para autom\u00f3veis e tratores, veda\u00e7\u00e3o, absor\u00e7\u00e3o de choque, abafamento e purifica\u00e7\u00e3o de componentes para autom\u00f3veis, tamb\u00e9m conforme usado para interfer\u00eancia eletromagn\u00e9tica e dispositivos de blindagem para aparelhos el\u00e9tricos.<\/p>","protected":false},"featured_media":1641,"template":"","meta":{"_seopress_robots_primary_cat":"","_monsterinsights_skip_tracking":false,"_monsterinsights_sitenote_active":false,"_monsterinsights_sitenote_note":"","_monsterinsights_sitenote_category":0,"_joinchat":[]},"product_cat":[90],"product_tag":[],"class_list":["post-3508","product","type-product","status-publish","has-post-thumbnail","hentry","product_cat-column-internals"],"featured_image_urls":{"full":["https:\/\/www.laiko.net\/wp-content\/uploads\/2023\/10\/frc-6149feba05627db2f1d1d1efa5d1a92f.jpg",600,350,false],"thumbnail":["https:\/\/www.laiko.net\/wp-content\/uploads\/2023\/10\/frc-6149feba05627db2f1d1d1efa5d1a92f-150x150.jpg",150,150,true],"medium":["https:\/\/www.laiko.net\/wp-content\/uploads\/2023\/10\/frc-6149feba05627db2f1d1d1efa5d1a92f-300x175.jpg",300,175,true],"medium_large":["https:\/\/www.laiko.net\/wp-content\/uploads\/2023\/10\/frc-6149feba05627db2f1d1d1efa5d1a92f.jpg",600,350,false],"large":["https:\/\/www.laiko.net\/wp-content\/uploads\/2023\/10\/frc-6149feba05627db2f1d1d1efa5d1a92f.jpg",600,350,false],"1536x1536":["https:\/\/www.laiko.net\/wp-content\/uploads\/2023\/10\/frc-6149feba05627db2f1d1d1efa5d1a92f.jpg",600,350,false],"2048x2048":["https:\/\/www.laiko.net\/wp-content\/uploads\/2023\/10\/frc-6149feba05627db2f1d1d1efa5d1a92f.jpg",600,350,false],"trp-custom-language-flag":["https:\/\/www.laiko.net\/wp-content\/uploads\/2023\/10\/frc-6149feba05627db2f1d1d1efa5d1a92f.jpg",18,12,false],"woocommerce_thumbnail":["https:\/\/www.laiko.net\/wp-content\/uploads\/2023\/10\/frc-6149feba05627db2f1d1d1efa5d1a92f-300x175.jpg",300,175,true],"woocommerce_single":["https:\/\/www.laiko.net\/wp-content\/uploads\/2023\/10\/frc-6149feba05627db2f1d1d1efa5d1a92f.jpg",600,350,false],"woocommerce_gallery_thumbnail":["https:\/\/www.laiko.net\/wp-content\/uploads\/2023\/10\/frc-6149feba05627db2f1d1d1efa5d1a92f-100x100.jpg",100,100,true]},"post_excerpt_stackable":"<p>Knitted Wire Mesh is a kind of wire mesh knitted in particular type. It is used for wire mesh demister, oil-gas separator, dust remover, dedusting apparatus, environmental protection device, various separating and filtering devices, filtering eliminate for auto and tractor, sealing, shock absorption, muffling and purifying components for auto, as well as used for electromagnetic interference and shielding devices for electric apparatus.<\/p>\n","category_list":"","author_info":{"name":"","url":""},"comments_num":"0 comments","_links":{"self":[{"href":"https:\/\/www.laiko.net\/pt\/wp-json\/wp\/v2\/product\/3508","targetHints":{"allow":["GET"]}}],"collection":[{"href":"https:\/\/www.laiko.net\/pt\/wp-json\/wp\/v2\/product"}],"about":[{"href":"https:\/\/www.laiko.net\/pt\/wp-json\/wp\/v2\/types\/product"}],"wp:featuredmedia":[{"embeddable":true,"href":"https:\/\/www.laiko.net\/pt\/wp-json\/wp\/v2\/media\/1641"}],"wp:attachment":[{"href":"https:\/\/www.laiko.net\/pt\/wp-json\/wp\/v2\/media?parent=3508"}],"wp:term":[{"taxonomy":"product_cat","embeddable":true,"href":"https:\/\/www.laiko.net\/pt\/wp-json\/wp\/v2\/product_cat?post=3508"},{"taxonomy":"product_tag","embeddable":true,"href":"https:\/\/www.laiko.net\/pt\/wp-json\/wp\/v2\/product_tag?post=3508"}],"curies":[{"name":"wp","href":"https:\/\/api.w.org\/{rel}","templated":true}]}}