{"id":3507,"date":"2023-10-28T14:07:13","date_gmt":"2023-10-28T06:07:13","guid":{"rendered":"http:\/\/www3.laiko.net\/?post_type=product&#038;p=3507"},"modified":"2023-10-31T16:44:20","modified_gmt":"2023-10-31T08:44:20","slug":"vane-type-demister","status":"publish","type":"product","link":"https:\/\/www.laiko.net\/pt\/produto\/desembaciador-de-tipo-palheta\/","title":{"rendered":"Desembaciador tipo palheta"},"content":{"rendered":"<h2>Par\u00e2metros do Desemba\u00e7ador do Tipo Palhetas<\/h2>\n<div class=\"overflow_x\">\n<table cellspacing=\"0\" cellpadding=\"0\">\n<colgroup>\n<col \/>\n<col \/>\n<col \/>\n<col \/><\/colgroup>\n<tbody>\n<tr class=\"firstRow\">\n<td height=\"16\">artigos<\/td>\n<td colspan=\"3\">Introdu\u00e7\u00e3o espec\u00edfica<\/td>\n<\/tr>\n<tr>\n<td height=\"16\">Materiais do eliminador de n\u00e9voa tipo palheta<\/td>\n<td>PP<\/td>\n<td>A\u00e7o inoxid\u00e1vel<\/td>\n<td>Fibra de vidro<\/td>\n<\/tr>\n<tr>\n<td height=\"16\">Resist\u00eancia \u00e0 temperatura<\/td>\n<td>70-80\u2103<\/td>\n<td align=\"right\">200\u2103<\/td>\n<td>130\u2103<\/td>\n<\/tr>\n<tr>\n<td height=\"16\">Espessura da placa deflectora<\/td>\n<td colspan=\"3\">1-3mm ou personalizado<\/td>\n<\/tr>\n<tr>\n<td height=\"16\">Intervalo entre placas deflectoras<\/td>\n<td colspan=\"3\">20mm, 25mm, 30mm ou personalizado<\/td>\n<\/tr>\n<\/tbody>\n<\/table>\n<\/div>\n<h2>Caracter\u00edsticas do Desemba\u00e7ador tipo palheta<\/h2>\n<ul class=\"list-paddingleft-2\">\n<li>M\u00e1xima capta\u00e7\u00e3o de desvios atrav\u00e9s de uma conce\u00e7\u00e3o eficiente<\/li>\n<li>N\u00e3o obstrui e \u00e9 f\u00e1cil de limpar<\/li>\n<li>F\u00e1cil de manusear, levantar e remover para inspe\u00e7\u00e3o e manuten\u00e7\u00e3o do sistema de distribui\u00e7\u00e3o de \u00e1gua e na superf\u00edcie de transfer\u00eancia<\/li>\n<li>M\u00f3dulos encaixados para garantir uma jun\u00e7\u00e3o estanque<\/li>\n<li>Resist\u00eancia \u00e0 corros\u00e3o<\/li>\n<li>Ajuste perfeito: kits de tamanhos espec\u00edficos para cada modelo<\/li>\n<\/ul>\n<h2>Vantagens do Desemba\u00e7ador do Tipo Palhetas<\/h2>\n<p>Elevada resist\u00eancia ao desgaste e longa vida \u00fatil.<\/p>","protected":false},"excerpt":{"rendered":"<p>O eliminador de n\u00e9voa tipo palheta \u00e9 normalmente utilizado em condi\u00e7\u00f5es de funcionamento sujas ou de bloqueio. As palhetas podem ser divididas em poligonais e aerodin\u00e2micas por geometria.<\/p>","protected":false},"featured_media":1655,"template":"","meta":{"_seopress_robots_primary_cat":"","_monsterinsights_skip_tracking":false,"_monsterinsights_sitenote_active":false,"_monsterinsights_sitenote_note":"","_monsterinsights_sitenote_category":0,"_joinchat":[]},"product_cat":[90],"product_tag":[],"class_list":["post-3507","product","type-product","status-publish","has-post-thumbnail","hentry","product_cat-column-internals"],"featured_image_urls":{"full":["https:\/\/www.laiko.net\/wp-content\/uploads\/2023\/10\/frc-a786946560dbffe004195f3b006fc054.jpg",600,350,false],"thumbnail":["https:\/\/www.laiko.net\/wp-content\/uploads\/2023\/10\/frc-a786946560dbffe004195f3b006fc054-150x150.jpg",150,150,true],"medium":["https:\/\/www.laiko.net\/wp-content\/uploads\/2023\/10\/frc-a786946560dbffe004195f3b006fc054-300x175.jpg",300,175,true],"medium_large":["https:\/\/www.laiko.net\/wp-content\/uploads\/2023\/10\/frc-a786946560dbffe004195f3b006fc054.jpg",600,350,false],"large":["https:\/\/www.laiko.net\/wp-content\/uploads\/2023\/10\/frc-a786946560dbffe004195f3b006fc054.jpg",600,350,false],"1536x1536":["https:\/\/www.laiko.net\/wp-content\/uploads\/2023\/10\/frc-a786946560dbffe004195f3b006fc054.jpg",600,350,false],"2048x2048":["https:\/\/www.laiko.net\/wp-content\/uploads\/2023\/10\/frc-a786946560dbffe004195f3b006fc054.jpg",600,350,false],"trp-custom-language-flag":["https:\/\/www.laiko.net\/wp-content\/uploads\/2023\/10\/frc-a786946560dbffe004195f3b006fc054.jpg",18,12,false],"woocommerce_thumbnail":["https:\/\/www.laiko.net\/wp-content\/uploads\/2023\/10\/frc-a786946560dbffe004195f3b006fc054-300x175.jpg",300,175,true],"woocommerce_single":["https:\/\/www.laiko.net\/wp-content\/uploads\/2023\/10\/frc-a786946560dbffe004195f3b006fc054.jpg",600,350,false],"woocommerce_gallery_thumbnail":["https:\/\/www.laiko.net\/wp-content\/uploads\/2023\/10\/frc-a786946560dbffe004195f3b006fc054-100x100.jpg",100,100,true]},"post_excerpt_stackable":"<p>Vane Type Mist Eliminator is usually used in dirty or blocking operating condition. The vanes can be divided into polygonal and streamlined by geometry.<\/p>\n","category_list":"","author_info":{"name":"","url":""},"comments_num":"0 comments","_links":{"self":[{"href":"https:\/\/www.laiko.net\/pt\/wp-json\/wp\/v2\/product\/3507","targetHints":{"allow":["GET"]}}],"collection":[{"href":"https:\/\/www.laiko.net\/pt\/wp-json\/wp\/v2\/product"}],"about":[{"href":"https:\/\/www.laiko.net\/pt\/wp-json\/wp\/v2\/types\/product"}],"wp:featuredmedia":[{"embeddable":true,"href":"https:\/\/www.laiko.net\/pt\/wp-json\/wp\/v2\/media\/1655"}],"wp:attachment":[{"href":"https:\/\/www.laiko.net\/pt\/wp-json\/wp\/v2\/media?parent=3507"}],"wp:term":[{"taxonomy":"product_cat","embeddable":true,"href":"https:\/\/www.laiko.net\/pt\/wp-json\/wp\/v2\/product_cat?post=3507"},{"taxonomy":"product_tag","embeddable":true,"href":"https:\/\/www.laiko.net\/pt\/wp-json\/wp\/v2\/product_tag?post=3507"}],"curies":[{"name":"wp","href":"https:\/\/api.w.org\/{rel}","templated":true}]}}