{"id":3506,"date":"2023-11-09T14:01:03","date_gmt":"2023-11-09T06:01:03","guid":{"rendered":"http:\/\/www3.laiko.net\/?post_type=product&#038;p=3506"},"modified":"2023-11-10T14:46:02","modified_gmt":"2023-11-10T06:46:02","slug":"pad-demister-mist-eliminator","status":"publish","type":"product","link":"https:\/\/www.laiko.net\/pt\/produto\/eliminador-de-nevoa-para-almofadas\/","title":{"rendered":"Desembaciador de almofadas\/eliminador de n\u00e9voa"},"content":{"rendered":"<p><strong>Par\u00e2metros do Desemba\u00e7ador de Almofadas\/Eliminador de N\u00e9voa<\/strong><\/p>\n<div class=\"overflow_x\">\n<table>\n<colgroup>\n<col \/>\n<col \/>\n<col \/>\n<col \/>\n<col \/>\n<col \/>\n<col \/>\n<col \/><\/colgroup>\n<tbody>\n<tr class=\"firstRow\">\n<td colspan=\"4\" height=\"15\">Bloco l\u00edquido<\/td>\n<td colspan=\"4\" height=\"15\">Grelha<\/td>\n<\/tr>\n<tr>\n<td height=\"15\">Material<\/td>\n<td colspan=\"2\" height=\"15\">C\u00f3digo<\/td>\n<td height=\"15\">Norma NO.<\/td>\n<td height=\"15\">Material<\/td>\n<td height=\"15\">C\u00f3digo<\/td>\n<td colspan=\"2\" height=\"15\">Norma NO.<\/td>\n<\/tr>\n<tr>\n<td height=\"15\">Q235-A<\/td>\n<td colspan=\"2\" height=\"15\">Q235-A<\/td>\n<td height=\"15\">GB434<\/td>\n<td height=\"15\">Q235-A<\/td>\n<td height=\"15\">Q235-A<\/td>\n<td colspan=\"2\" height=\"15\">GB327<\/td>\n<\/tr>\n<tr>\n<td height=\"15\">20<\/td>\n<td colspan=\"2\" height=\"15\">20<\/td>\n<td height=\"15\">BG3206<\/td>\n<td height=\"15\">20<\/td>\n<td height=\"15\">20<\/td>\n<td colspan=\"2\" height=\"15\">GB711<\/td>\n<\/tr>\n<tr>\n<td height=\"15\">0Gr18Ni10Ti<\/td>\n<td colspan=\"2\" height=\"15\">321<\/td>\n<td height=\"15\">0Gr18Ni9<\/td>\n<td height=\"15\">304<\/td>\n<td colspan=\"2\" rowspan=\"5\" height=\"75\">GB423<\/td>\n<td colspan=\"1\" rowspan=\"1\" height=\"75\"><\/td>\n<\/tr>\n<tr>\n<td height=\"15\">0Gr17Ni12Mo2<\/td>\n<td colspan=\"2\" height=\"15\">316<\/td>\n<td height=\"15\">0Gr18Ni10Ti<\/td>\n<td height=\"15\">321<\/td>\n<td height=\"15\"><\/td>\n<\/tr>\n<tr>\n<td height=\"15\">00Gr19Ni11<\/td>\n<td colspan=\"2\" height=\"15\">304L<\/td>\n<td height=\"15\">00Gr17Ni12Mo2<\/td>\n<td height=\"15\">316<\/td>\n<td height=\"15\"><\/td>\n<\/tr>\n<tr>\n<td height=\"15\">00Gr17Ni14Mo2<\/td>\n<td colspan=\"2\" height=\"15\">316L<\/td>\n<td height=\"15\">00Gr17Ni14Mo2<\/td>\n<td height=\"15\">316L<\/td>\n<td height=\"15\"><\/td>\n<\/tr>\n<tr>\n<td height=\"15\">RS-2<\/td>\n<td colspan=\"2\" height=\"15\">RS-2<\/td>\n<td rowspan=\"3\" height=\"45\">Graus de a\u00e7o<\/td>\n<td height=\"15\">00Gr17Ni14Mo2<\/td>\n<td height=\"15\">316L<\/td>\n<\/tr>\n<tr>\n<td height=\"15\">NS-8<\/td>\n<td colspan=\"2\" height=\"15\">NS-80<\/td>\n<td colspan=\"4\" rowspan=\"6\" height=\"90\">Materiais n\u00e3o met\u00e1licos: PTFE (F6), polietileno, polipropileno, fio de nylon, fibra de vidro e PVC, etc.<br \/>\nNota: utilizar outros materiais que ostentem a nota aquando da encomenda<\/td>\n<\/tr>\n<tr>\n<td height=\"15\">NS-80A<\/td>\n<td colspan=\"2\" height=\"15\">NS-80A<\/td>\n<\/tr>\n<tr>\n<td height=\"15\">Fio de lat\u00e3o<\/td>\n<td colspan=\"2\" height=\"15\">H68, H65<\/td>\n<td height=\"15\">GB310<\/td>\n<\/tr>\n<tr>\n<td height=\"15\">Fio de estanho-cobre<\/td>\n<td colspan=\"2\" height=\"15\">QSn<\/td>\n<td height=\"15\">GB3128<\/td>\n<\/tr>\n<tr>\n<td height=\"15\">N\u00edquel<\/td>\n<td colspan=\"2\" height=\"15\">N4, N6, N7, N8<\/td>\n<td height=\"15\">GB3120<\/td>\n<\/tr>\n<tr>\n<td height=\"15\">Tit\u00e2nio e liga de tit\u00e2nio<\/td>\n<td colspan=\"2\" height=\"15\">TA2, TA3, TC3, TC4<\/td>\n<td height=\"15\">GB3623<\/td>\n<\/tr>\n<\/tbody>\n<\/table>\n<\/div>\n<h2>Material:<\/h2>\n<p>302,304,304 L, 316,316 L, 317, PP, PVC, CPVC, PVDF, Nylon, FRP, etc...<\/p>\n<h2>Embalagem:<\/h2>\n<p>Embalado em caixa de madeira ou caixa de cart\u00e3o; ou de acordo com as exig\u00eancias do cliente<\/p>\n<p><img loading=\"lazy\" decoding=\"async\" title=\"Desembaciador de almofadas\/eliminador de n\u00e9voa\" src=\"https:\/\/laiko.net\/uploads\/image\/20210123\/image.png\" alt=\"Desembaciador de almofadas\/eliminador de n\u00e9voa\" width=\"637\" height=\"234\" border=\"0\" vspace=\"0\" \/><\/p>","protected":false},"excerpt":{"rendered":"<p>O desemba\u00e7ador de malha de arame, tamb\u00e9m conhecido como um eliminador de n\u00e9voa de malha de arame, \u00e9 um tipo de dispositivo de separa\u00e7\u00e3o de l\u00edquido de vapor. \u00c9 amplamente utilizado nas ind\u00fastrias qu\u00edmica, petrol\u00edfera, m\u00e9dica, ligeira, metal\u00fargica e de prote\u00e7\u00e3o ambiental. \u00c9 mais frequentemente utilizado para separar gotas de l\u00edquido com um di\u00e2metro superior a 3-5 \u03bcm na torre de separa\u00e7\u00e3o.<\/p>","protected":false},"featured_media":4010,"template":"","meta":{"_seopress_robots_primary_cat":"","_monsterinsights_skip_tracking":false,"_monsterinsights_sitenote_active":false,"_monsterinsights_sitenote_note":"","_monsterinsights_sitenote_category":0,"_joinchat":[]},"product_cat":[90],"product_tag":[],"class_list":["post-3506","product","type-product","status-publish","has-post-thumbnail","hentry","product_cat-column-internals"],"featured_image_urls":{"full":["https:\/\/www.laiko.net\/wp-content\/uploads\/2023\/10\/Pad-Demister-1.jpg",600,350,false],"thumbnail":["https:\/\/www.laiko.net\/wp-content\/uploads\/2023\/10\/Pad-Demister-1-150x150.jpg",150,150,true],"medium":["https:\/\/www.laiko.net\/wp-content\/uploads\/2023\/10\/Pad-Demister-1-300x175.jpg",300,175,true],"medium_large":["https:\/\/www.laiko.net\/wp-content\/uploads\/2023\/10\/Pad-Demister-1.jpg",600,350,false],"large":["https:\/\/www.laiko.net\/wp-content\/uploads\/2023\/10\/Pad-Demister-1.jpg",600,350,false],"1536x1536":["https:\/\/www.laiko.net\/wp-content\/uploads\/2023\/10\/Pad-Demister-1.jpg",600,350,false],"2048x2048":["https:\/\/www.laiko.net\/wp-content\/uploads\/2023\/10\/Pad-Demister-1.jpg",600,350,false],"trp-custom-language-flag":["https:\/\/www.laiko.net\/wp-content\/uploads\/2023\/10\/Pad-Demister-1.jpg",18,12,false],"woocommerce_thumbnail":["https:\/\/www.laiko.net\/wp-content\/uploads\/2023\/10\/Pad-Demister-1-300x175.jpg",300,175,true],"woocommerce_single":["https:\/\/www.laiko.net\/wp-content\/uploads\/2023\/10\/Pad-Demister-1.jpg",600,350,false],"woocommerce_gallery_thumbnail":["https:\/\/www.laiko.net\/wp-content\/uploads\/2023\/10\/Pad-Demister-1-100x100.jpg",100,100,true]},"post_excerpt_stackable":"<p>Wire mesh demister, also known as a wire mesh mist eliminator, is a kind of vapor liquid separating device. It is widely used in the chemical, petroleum, medical, light, metallurgy and environmental protection industries. It is most often used to separate liquid drop with a diameter of more than 3-5 \u03bcm in the separation tower.<\/p>\n","category_list":"","author_info":{"name":"","url":""},"comments_num":"0 comments","_links":{"self":[{"href":"https:\/\/www.laiko.net\/pt\/wp-json\/wp\/v2\/product\/3506","targetHints":{"allow":["GET"]}}],"collection":[{"href":"https:\/\/www.laiko.net\/pt\/wp-json\/wp\/v2\/product"}],"about":[{"href":"https:\/\/www.laiko.net\/pt\/wp-json\/wp\/v2\/types\/product"}],"wp:featuredmedia":[{"embeddable":true,"href":"https:\/\/www.laiko.net\/pt\/wp-json\/wp\/v2\/media\/4010"}],"wp:attachment":[{"href":"https:\/\/www.laiko.net\/pt\/wp-json\/wp\/v2\/media?parent=3506"}],"wp:term":[{"taxonomy":"product_cat","embeddable":true,"href":"https:\/\/www.laiko.net\/pt\/wp-json\/wp\/v2\/product_cat?post=3506"},{"taxonomy":"product_tag","embeddable":true,"href":"https:\/\/www.laiko.net\/pt\/wp-json\/wp\/v2\/product_tag?post=3506"}],"curies":[{"name":"wp","href":"https:\/\/api.w.org\/{rel}","templated":true}]}}