{"id":3505,"date":"2023-10-28T14:08:24","date_gmt":"2023-10-28T06:08:24","guid":{"rendered":"http:\/\/www3.laiko.net\/?post_type=product&#038;p=3505"},"modified":"2023-11-29T11:29:19","modified_gmt":"2023-11-29T03:29:19","slug":"metal-gauze-packing","status":"publish","type":"product","link":"https:\/\/www.laiko.net\/pt\/produto\/embalagem-de-gaze-metalica\/","title":{"rendered":"Embalagem de gaze met\u00e1lica"},"content":{"rendered":"<p><strong>Par\u00e2metros da embalagem de gaze met\u00e1lica<\/strong><\/p>\n<div class=\"overflow_x\">\n<table cellspacing=\"0\" cellpadding=\"0\">\n<colgroup>\n<col \/>\n<col \/>\n<col \/>\n<col \/>\n<col \/>\n<col \/>\n<col span=\"2\" \/><\/colgroup>\n<tbody>\n<tr class=\"firstRow\">\n<td rowspan=\"2\" height=\"44\">Nome<\/td>\n<td>Tipo<\/td>\n<td>altura do pico<\/td>\n<td>\u00c1rea de superf\u00edcie<\/td>\n<td>Espa\u00e7o vazio<\/td>\n<td>Folha de teoria N\u00fameros<\/td>\n<td>Queda de press\u00e3o<\/td>\n<td>Fator de embalagem<\/td>\n<\/tr>\n<tr>\n<td><\/td>\n<td>mm<\/td>\n<td>m2\/m3<\/td>\n<td>%<\/td>\n<td>1\/m<\/td>\n<td>Mpa\/m<\/td>\n<td>m-1<\/td>\n<\/tr>\n<tr>\n<td rowspan=\"5\" height=\"110\">Embalagem de gaze de arame met\u00e1lico<\/td>\n<td>AX250<\/td>\n<td>12<\/td>\n<td>250<\/td>\n<td>97<\/td>\n<td>2.5-3.0<\/td>\n<td>1.05*10<\/td>\n<td>2.5-3.5<\/td>\n<\/tr>\n<tr>\n<td>BX500<\/td>\n<td>6.3<\/td>\n<td>500<\/td>\n<td>95<\/td>\n<td>4.5-5.5<\/td>\n<td>3.0*10<\/td>\n<td>2<\/td>\n<\/tr>\n<tr>\n<td>CY700<\/td>\n<td>4.3<\/td>\n<td>700<\/td>\n<td>87<\/td>\n<td>8-10<\/td>\n<td>4.5*6.5*10<\/td>\n<td>1.3=2.4<\/td>\n<\/tr>\n<tr>\n<td>DY1000<\/td>\n<td>3<\/td>\n<td>1000<\/td>\n<td>82<\/td>\n<td>12-14<\/td>\n<td>8.0-9.5*10<\/td>\n<td>0.8-1.0<\/td>\n<\/tr>\n<tr>\n<td>EY1500<\/td>\n<td>2<\/td>\n<td>1500<\/td>\n<td>75<\/td>\n<td>15-17<\/td>\n<td>10-12*10<\/td>\n<td>0.4-0.6<\/td>\n<\/tr>\n<\/tbody>\n<\/table>\n<\/div>","protected":false},"excerpt":{"rendered":"<p>A embalagem de gaze met\u00e1lica \u00e9 um marco importante no desenvolvimento do enchimento claro e limpo. Este tipo de enchimento consiste em pe\u00e7as de rede dispostas e prensadas em corruga\u00e7\u00f5es. A ondula\u00e7\u00e3o \u00e9 de 30 ou 45 e as duas pe\u00e7as vizinhas s\u00e3o de direc\u00e7\u00f5es opostas. Ao encher a coluna, os tabuleiros de enchimento superior e inferior cruzam-se a 90. Tem vantagens de elevada efic\u00e1cia, baixa queda de press\u00e3o e grande caudal. Este produto inclui os tipos BX e CY, geralmente utilizados na destila\u00e7\u00e3o sob v\u00e1cuo, na destila\u00e7\u00e3o a press\u00e3o normal e nos processos de absor\u00e7\u00e3o de mat\u00e9rias dif\u00edceis de separar ou sens\u00edveis ao calor.<\/p>","protected":false},"featured_media":2868,"template":"","meta":{"_seopress_robots_primary_cat":"none","_monsterinsights_skip_tracking":false,"_monsterinsights_sitenote_active":false,"_monsterinsights_sitenote_note":"","_monsterinsights_sitenote_category":0,"_joinchat":[]},"product_cat":[103,91],"product_tag":[],"class_list":["post-3505","product","type-product","status-publish","has-post-thumbnail","hentry","product_cat-metal-tower-packing","product_cat-wire-gauze-packing"],"featured_image_urls":{"full":["https:\/\/www.laiko.net\/wp-content\/uploads\/2023\/10\/frc-2da439aa0a42443c533f6323e4a4d741.jpg",600,350,false],"thumbnail":["https:\/\/www.laiko.net\/wp-content\/uploads\/2023\/10\/frc-2da439aa0a42443c533f6323e4a4d741-150x150.jpg",150,150,true],"medium":["https:\/\/www.laiko.net\/wp-content\/uploads\/2023\/10\/frc-2da439aa0a42443c533f6323e4a4d741-300x175.jpg",300,175,true],"medium_large":["https:\/\/www.laiko.net\/wp-content\/uploads\/2023\/10\/frc-2da439aa0a42443c533f6323e4a4d741.jpg",600,350,false],"large":["https:\/\/www.laiko.net\/wp-content\/uploads\/2023\/10\/frc-2da439aa0a42443c533f6323e4a4d741.jpg",600,350,false],"1536x1536":["https:\/\/www.laiko.net\/wp-content\/uploads\/2023\/10\/frc-2da439aa0a42443c533f6323e4a4d741.jpg",600,350,false],"2048x2048":["https:\/\/www.laiko.net\/wp-content\/uploads\/2023\/10\/frc-2da439aa0a42443c533f6323e4a4d741.jpg",600,350,false],"trp-custom-language-flag":["https:\/\/www.laiko.net\/wp-content\/uploads\/2023\/10\/frc-2da439aa0a42443c533f6323e4a4d741.jpg",18,12,false],"woocommerce_thumbnail":["https:\/\/www.laiko.net\/wp-content\/uploads\/2023\/10\/frc-2da439aa0a42443c533f6323e4a4d741-300x175.jpg",300,175,true],"woocommerce_single":["https:\/\/www.laiko.net\/wp-content\/uploads\/2023\/10\/frc-2da439aa0a42443c533f6323e4a4d741.jpg",600,350,false],"woocommerce_gallery_thumbnail":["https:\/\/www.laiko.net\/wp-content\/uploads\/2023\/10\/frc-2da439aa0a42443c533f6323e4a4d741-100x100.jpg",100,100,true]},"post_excerpt_stackable":"<p>Metallic wire gauze packing is an important milestone of the development of clear and neat filling. This kind of filling consists of arranged web pieces pressed into corrugation. Ubiquity of corrugation is 30 or 45 and the neighbor two pieces are of opposite directions. When filling into the column, upper and lower filling trays cross bv 90. It has advantages of high effectiveness, low pressure drop and large flow rate. This product includes BX, and CY types, generally used in vacuum Distillation, normal pressure distillation and absorption processes of matters hard to separate or thermal sensitive.<\/p>\n","category_list":"","author_info":{"name":"","url":""},"comments_num":"0 comments","_links":{"self":[{"href":"https:\/\/www.laiko.net\/pt\/wp-json\/wp\/v2\/product\/3505","targetHints":{"allow":["GET"]}}],"collection":[{"href":"https:\/\/www.laiko.net\/pt\/wp-json\/wp\/v2\/product"}],"about":[{"href":"https:\/\/www.laiko.net\/pt\/wp-json\/wp\/v2\/types\/product"}],"wp:featuredmedia":[{"embeddable":true,"href":"https:\/\/www.laiko.net\/pt\/wp-json\/wp\/v2\/media\/2868"}],"wp:attachment":[{"href":"https:\/\/www.laiko.net\/pt\/wp-json\/wp\/v2\/media?parent=3505"}],"wp:term":[{"taxonomy":"product_cat","embeddable":true,"href":"https:\/\/www.laiko.net\/pt\/wp-json\/wp\/v2\/product_cat?post=3505"},{"taxonomy":"product_tag","embeddable":true,"href":"https:\/\/www.laiko.net\/pt\/wp-json\/wp\/v2\/product_tag?post=3505"}],"curies":[{"name":"wp","href":"https:\/\/api.w.org\/{rel}","templated":true}]}}