{"id":3500,"date":"2023-10-27T17:15:38","date_gmt":"2023-10-27T09:15:38","guid":{"rendered":"http:\/\/www3.laiko.net\/?post_type=product&#038;p=3500"},"modified":"2023-10-31T15:58:40","modified_gmt":"2023-10-31T07:58:40","slug":"ceramic-cascade-ring","status":"publish","type":"product","link":"https:\/\/www.laiko.net\/pt\/produto\/anel-de-cascata-em-ceramica\/","title":{"rendered":"Anel em cascata de cer\u00e2mica"},"content":{"rendered":"<h2>Vantagens do anel em cascata de cer\u00e2mica<\/h2>\n<p>Tem uma excelente resist\u00eancia aos \u00e1cidos e ao calor. Pode resistir \u00e0 corros\u00e3o de v\u00e1rios \u00e1cidos inorg\u00e2nicos, \u00e1cidos org\u00e2nicos e solventes org\u00e2nicos, exceto o \u00e1cido fluor\u00eddrico, e pode ser utilizado em condi\u00e7\u00f5es de alta ou baixa temperatura.<\/p>","protected":false},"excerpt":{"rendered":"<p>O Ceramic CascadeRing \u00e9 um tipo de empacotamento aleat\u00f3rio desenvolvido com base no Pall Ring e no Raschig Ring. O r\u00e1cio entre a altura do anel e o seu di\u00e2metro \u00e9 de \u00bd e \u00e9 adicionado um bordo c\u00f3nico laminado \u00e0 extremidade do anel.<\/p>\n<div class=\"summary\">\n<p>A altura do anel \u00e9 reduzida e a parede do tubo \u00e9 mais fina. Devido ao bordo c\u00f3nico adicional laminado, a resist\u00eancia mec\u00e2nica do anel \u00e9 melhorada e a simetria do anel \u00e9 destru\u00edda. Por conseguinte, o vazio de acumula\u00e7\u00e3o aumenta significativamente. A resist\u00eancia ao vapor \u00e9 reduzida e o fluxo aumenta muito quando o vapor-l\u00edquido flui atrav\u00e9s do leito de empacotamento. A distribui\u00e7\u00e3o de vapor-l\u00edquido \u00e9 distribu\u00edda de forma mais uniforme e a interface entre vapor e l\u00edquido \u00e9 aumentada de modo a melhorar a efici\u00eancia da transfer\u00eancia de massa.<\/p>\n<p>Com caracter\u00edsticas de elevada resist\u00eancia mec\u00e2nica, elevada estabilidade qu\u00edmica e excelente resist\u00eancia ao calor, o CascadeRing pode resistir a altas temperaturas, \u00e1cidos (exceto HF), \u00e1lcalis, sal e v\u00e1rios solventes org\u00e2nicos. \u00c9 amplamente aplicado em v\u00e1rias torres de embalagem de desseca\u00e7\u00e3o, absor\u00e7\u00e3o, arrefecimento, lavagem e regenera\u00e7\u00e3o nas ind\u00fastrias petroqu\u00edmica, qu\u00edmica, metal\u00fargica, de g\u00e1s e de gera\u00e7\u00e3o de oxig\u00e9nio.<\/p>\n<\/div>","protected":false},"featured_media":2837,"template":"","meta":{"_seopress_robots_primary_cat":"","_monsterinsights_skip_tracking":false,"_monsterinsights_sitenote_active":false,"_monsterinsights_sitenote_note":"","_monsterinsights_sitenote_category":0,"_joinchat":[]},"product_cat":[88,102],"product_tag":[],"class_list":["post-3500","product","type-product","status-publish","has-post-thumbnail","hentry","product_cat-cascade-ring-packing","product_cat-ceramic-tower-packing"],"featured_image_urls":{"full":["https:\/\/www.laiko.net\/wp-content\/uploads\/2023\/10\/frc-234a583ca1d640addc4cfea6d56a033a.jpg",600,350,false],"thumbnail":["https:\/\/www.laiko.net\/wp-content\/uploads\/2023\/10\/frc-234a583ca1d640addc4cfea6d56a033a-150x150.jpg",150,150,true],"medium":["https:\/\/www.laiko.net\/wp-content\/uploads\/2023\/10\/frc-234a583ca1d640addc4cfea6d56a033a-300x175.jpg",300,175,true],"medium_large":["https:\/\/www.laiko.net\/wp-content\/uploads\/2023\/10\/frc-234a583ca1d640addc4cfea6d56a033a.jpg",600,350,false],"large":["https:\/\/www.laiko.net\/wp-content\/uploads\/2023\/10\/frc-234a583ca1d640addc4cfea6d56a033a.jpg",600,350,false],"1536x1536":["https:\/\/www.laiko.net\/wp-content\/uploads\/2023\/10\/frc-234a583ca1d640addc4cfea6d56a033a.jpg",600,350,false],"2048x2048":["https:\/\/www.laiko.net\/wp-content\/uploads\/2023\/10\/frc-234a583ca1d640addc4cfea6d56a033a.jpg",600,350,false],"trp-custom-language-flag":["https:\/\/www.laiko.net\/wp-content\/uploads\/2023\/10\/frc-234a583ca1d640addc4cfea6d56a033a.jpg",18,12,false],"woocommerce_thumbnail":["https:\/\/www.laiko.net\/wp-content\/uploads\/2023\/10\/frc-234a583ca1d640addc4cfea6d56a033a-300x175.jpg",300,175,true],"woocommerce_single":["https:\/\/www.laiko.net\/wp-content\/uploads\/2023\/10\/frc-234a583ca1d640addc4cfea6d56a033a.jpg",600,350,false],"woocommerce_gallery_thumbnail":["https:\/\/www.laiko.net\/wp-content\/uploads\/2023\/10\/frc-234a583ca1d640addc4cfea6d56a033a-100x100.jpg",100,100,true]},"post_excerpt_stackable":"<p>Ceramic CascadeRing is a kind of random packing further developed on the basis of Pall Ring and Raschig Ring. The ratio of ring height to its diameter is \u00bd and a conical rolled edge is added to the ring&#8217;s end.<\/p>\n<div class=\"summary\">\n<p>The ring\u2019s height is decreased and tube wall is thinned. Due to the additional conical rolled edge, the mechanical strength of the ring is improved and the ring\u2019s symmetry is destroyed. Therefore, accumulation voidage is increased significantly. The resistance to vapor is decreased and flux is increased a lot when vapor-liquid flows through the packing bed. Distribution of vapor-liquid is distributed more evenly and the interface between vapor and liquid is increased so as to improve the mass transfer efficiency.<\/p>\n<p>With the characters of high mechanical strength, high chemical stability, and excellent heat endurance, CascadeRing can resist high temperature, acid (except HF), alkali, salt and various organic solvents. It&#8217;s widely applied in various packing towers of desiccation, absorption, cooling, washing, and regeneration in industries of petrochemical, chemical, metallurgy, gas and oxygen generation.<\/p>\n<\/div>\n","category_list":"","author_info":{"name":"","url":""},"comments_num":"0 comments","_links":{"self":[{"href":"https:\/\/www.laiko.net\/pt\/wp-json\/wp\/v2\/product\/3500","targetHints":{"allow":["GET"]}}],"collection":[{"href":"https:\/\/www.laiko.net\/pt\/wp-json\/wp\/v2\/product"}],"about":[{"href":"https:\/\/www.laiko.net\/pt\/wp-json\/wp\/v2\/types\/product"}],"wp:featuredmedia":[{"embeddable":true,"href":"https:\/\/www.laiko.net\/pt\/wp-json\/wp\/v2\/media\/2837"}],"wp:attachment":[{"href":"https:\/\/www.laiko.net\/pt\/wp-json\/wp\/v2\/media?parent=3500"}],"wp:term":[{"taxonomy":"product_cat","embeddable":true,"href":"https:\/\/www.laiko.net\/pt\/wp-json\/wp\/v2\/product_cat?post=3500"},{"taxonomy":"product_tag","embeddable":true,"href":"https:\/\/www.laiko.net\/pt\/wp-json\/wp\/v2\/product_tag?post=3500"}],"curies":[{"name":"wp","href":"https:\/\/api.w.org\/{rel}","templated":true}]}}