{"id":3485,"date":"2023-10-27T16:43:19","date_gmt":"2023-10-27T08:43:19","guid":{"rendered":"http:\/\/www3.laiko.net\/?post_type=product&#038;p=3485"},"modified":"2023-10-31T16:08:31","modified_gmt":"2023-10-31T08:08:31","slug":"ceramic-raschig-ring","status":"publish","type":"product","link":"https:\/\/www.laiko.net\/pt\/produto\/anel-raschig-em-ceramica\/","title":{"rendered":"Anel Raschig em cer\u00e2mica"},"content":{"rendered":"<h2>Par\u00e2metros do anel Raschig em cer\u00e2mica<\/h2>\n<div class=\"overflow_x\">\n<table cellspacing=\"0\" cellpadding=\"0\">\n<tbody>\n<tr class=\"firstRow\">\n<td>Nome<\/td>\n<td>Normal<br \/>\nmm<\/td>\n<td>Di\u00e2metro*Altura*<br \/>\nEspessura mm<\/td>\n<td>\u00c1rea de superf\u00edcie<br \/>\nm<sup>2<\/sup>\/m<sup>3<\/sup><\/td>\n<td>Espa\u00e7o vazio<br \/>\n%<\/td>\n<td>Densidade aparente<br \/>\nkg\/m<sup>3<\/sup><\/td>\n<td>N\u00e3o h\u00e1 elementos<br \/>\npor\/m<sup>3<\/sup><\/td>\n<td>Fator de embalagem<br \/>\nm<sup>-1<\/sup><\/td>\n<\/tr>\n<tr>\n<td rowspan=\"5\">Anel de Raschig<\/td>\n<td>\u00f816<\/td>\n<td>16*16*3<\/td>\n<td>250<\/td>\n<td>66<\/td>\n<td>820<\/td>\n<td>178000<\/td>\n<td>870<\/td>\n<\/tr>\n<tr>\n<td>\u00f825<\/td>\n<td>25*25*3<\/td>\n<td>147<\/td>\n<td>78<\/td>\n<td>510<\/td>\n<td>42000<\/td>\n<td>310<\/td>\n<\/tr>\n<tr>\n<td>\u00f838<\/td>\n<td>38*38*4<\/td>\n<td>100<\/td>\n<td>80<\/td>\n<td>458<\/td>\n<td>12000<\/td>\n<td>195<\/td>\n<\/tr>\n<tr>\n<td>\u00f850<\/td>\n<td>50*50*5<\/td>\n<td>80<\/td>\n<td>81<\/td>\n<td>465<\/td>\n<td>5600<\/td>\n<td>156<\/td>\n<\/tr>\n<tr>\n<td>\u00f876<\/td>\n<td>76*76*9<\/td>\n<td>62<\/td>\n<td>75<\/td>\n<td>575<\/td>\n<td>1700<\/td>\n<td>147<\/td>\n<\/tr>\n<\/tbody>\n<\/table>\n<\/div>\n<h2>Vantagens do anel Raschig em cer\u00e2mica<\/h2>\n<ul class=\"list-paddingleft-2\">\n<li>O\u00a0<a href=\"https:\/\/www.laiko.net\/products\/ceramic-tower-packing\/\" target=\"_self\" rel=\"noopener\">embalagem em torre de cer\u00e2mica<\/a>\u00a0\u00e9 econ\u00f3mico e de baixo pre\u00e7o.<\/li>\n<li>Estrutura simples.<\/li>\n<li><span data-spm-anchor-id=\"a2700.details.pronpeci14.i1.6091803eulRMwn\">Resist\u00eancia a \u00e1cidos e \u00e1lcalis.<\/span><\/li>\n<li>Resist\u00eancia a altas ou baixas temperaturas.<\/li>\n<\/ul>","protected":false},"excerpt":{"rendered":"<p>O anel de rascunho cer\u00e2mico tem uma excelente resist\u00eancia aos \u00e1cidos e ao calor. Pode resistir \u00e0 corros\u00e3o de v\u00e1rios \u00e1cidos inorg\u00e2nicos, \u00e1cidos org\u00e2nicos e solventes org\u00e2nicos, exceto o \u00e1cido fluor\u00eddrico, e pode ser utilizado em condi\u00e7\u00f5es de alta ou baixa temperatura. Por conseguinte, a gama de aplica\u00e7\u00f5es \u00e9 muito vasta. O enchimento pode ser utilizado em colunas de secagem, colunas de absor\u00e7\u00e3o, torres de arrefecimento, torres de depura\u00e7\u00e3o e colunas de ativa\u00e7\u00e3o na ind\u00fastria qu\u00edmica, na ind\u00fastria metal\u00fargica, na ind\u00fastria de g\u00e1s de carv\u00e3o, na ind\u00fastria de produ\u00e7\u00e3o de oxig\u00e9nio, etc.<\/p>","protected":false},"featured_media":2733,"template":"","meta":{"_seopress_robots_primary_cat":"","_monsterinsights_skip_tracking":false,"_monsterinsights_sitenote_active":false,"_monsterinsights_sitenote_note":"","_monsterinsights_sitenote_category":0,"_joinchat":[]},"product_cat":[102,86],"product_tag":[],"class_list":["post-3485","product","type-product","status-publish","has-post-thumbnail","hentry","product_cat-ceramic-tower-packing","product_cat-raschig-ring"],"featured_image_urls":{"full":["https:\/\/www.laiko.net\/wp-content\/uploads\/2023\/10\/frc-b4ee53bb6c92efe53addee68b0a867af.jpg",600,350,false],"thumbnail":["https:\/\/www.laiko.net\/wp-content\/uploads\/2023\/10\/frc-b4ee53bb6c92efe53addee68b0a867af-150x150.jpg",150,150,true],"medium":["https:\/\/www.laiko.net\/wp-content\/uploads\/2023\/10\/frc-b4ee53bb6c92efe53addee68b0a867af-300x175.jpg",300,175,true],"medium_large":["https:\/\/www.laiko.net\/wp-content\/uploads\/2023\/10\/frc-b4ee53bb6c92efe53addee68b0a867af.jpg",600,350,false],"large":["https:\/\/www.laiko.net\/wp-content\/uploads\/2023\/10\/frc-b4ee53bb6c92efe53addee68b0a867af.jpg",600,350,false],"1536x1536":["https:\/\/www.laiko.net\/wp-content\/uploads\/2023\/10\/frc-b4ee53bb6c92efe53addee68b0a867af.jpg",600,350,false],"2048x2048":["https:\/\/www.laiko.net\/wp-content\/uploads\/2023\/10\/frc-b4ee53bb6c92efe53addee68b0a867af.jpg",600,350,false],"trp-custom-language-flag":["https:\/\/www.laiko.net\/wp-content\/uploads\/2023\/10\/frc-b4ee53bb6c92efe53addee68b0a867af.jpg",18,12,false],"woocommerce_thumbnail":["https:\/\/www.laiko.net\/wp-content\/uploads\/2023\/10\/frc-b4ee53bb6c92efe53addee68b0a867af-300x175.jpg",300,175,true],"woocommerce_single":["https:\/\/www.laiko.net\/wp-content\/uploads\/2023\/10\/frc-b4ee53bb6c92efe53addee68b0a867af.jpg",600,350,false],"woocommerce_gallery_thumbnail":["https:\/\/www.laiko.net\/wp-content\/uploads\/2023\/10\/frc-b4ee53bb6c92efe53addee68b0a867af-100x100.jpg",100,100,true]},"post_excerpt_stackable":"<p>Ceramic Rasching Ring has excellent acid resistance and heat resistance. It can resist to corrosion of various inorganic acids, organic acids and organic solvents except for hydrofluoric acid, and can be used in high or low-temperature conditions. Consequently, the application range is very wide. The packing can be used in the drying columns, absorbing columns, cooling towers, scrubbing towers and actifier columns in the chemical industry, metallurgy industry, coal gas industry, oxygen producing industry, etc.<\/p>\n","category_list":"","author_info":{"name":"","url":""},"comments_num":"0 comments","_links":{"self":[{"href":"https:\/\/www.laiko.net\/pt\/wp-json\/wp\/v2\/product\/3485","targetHints":{"allow":["GET"]}}],"collection":[{"href":"https:\/\/www.laiko.net\/pt\/wp-json\/wp\/v2\/product"}],"about":[{"href":"https:\/\/www.laiko.net\/pt\/wp-json\/wp\/v2\/types\/product"}],"wp:featuredmedia":[{"embeddable":true,"href":"https:\/\/www.laiko.net\/pt\/wp-json\/wp\/v2\/media\/2733"}],"wp:attachment":[{"href":"https:\/\/www.laiko.net\/pt\/wp-json\/wp\/v2\/media?parent=3485"}],"wp:term":[{"taxonomy":"product_cat","embeddable":true,"href":"https:\/\/www.laiko.net\/pt\/wp-json\/wp\/v2\/product_cat?post=3485"},{"taxonomy":"product_tag","embeddable":true,"href":"https:\/\/www.laiko.net\/pt\/wp-json\/wp\/v2\/product_tag?post=3485"}],"curies":[{"name":"wp","href":"https:\/\/api.w.org\/{rel}","templated":true}]}}