{"id":3481,"date":"2023-11-10T16:26:39","date_gmt":"2023-11-10T08:26:39","guid":{"rendered":"http:\/\/www3.laiko.net\/?post_type=product&#038;p=3481"},"modified":"2024-01-10T10:28:49","modified_gmt":"2024-01-10T02:28:49","slug":"metal-pall-ring","status":"publish","type":"product","link":"https:\/\/www.laiko.net\/pt\/produto\/anel-metalico-pall\/","title":{"rendered":"Anel met\u00e1lico Pall"},"content":{"rendered":"<h2>Par\u00e2metros do anel met\u00e1lico Pall<\/h2>\n<div class=\"overflow_x\">\n<table cellspacing=\"0\" cellpadding=\"0\">\n<colgroup>\n<col \/>\n<col \/>\n<col \/>\n<col \/>\n<col \/>\n<col \/>\n<col \/>\n<col \/>\n<col \/><\/colgroup>\n<tbody>\n<tr class=\"firstRow\">\n<td colspan=\"9\" height=\"27\">\u00a0 \u00a0 \u00a0 \u00a0 \u00a0 \u00a0 \u00a0 \u00a0 \u00a0 \u00a0 \u00a0 \u00a0 \u00a0 \u00a0 \u00a0 \u00a0 \u00a0 \u00a0 \u00a0 \u00a0 \u00a0 \u00a0 \u00a0 \u00a0 \u00a0 \u00a0 \u00a0 \u00a0 \u00a0 \u00a0 \u00a0 \u00a0 \u00a0 \u00a0 \u00a0 \u00a0 \u00a0 \u00a0 \u00a0 \u00a0 \u00a0Especifica\u00e7\u00e3o<\/td>\n<\/tr>\n<tr>\n<td rowspan=\"2\" height=\"55\">Nome<\/td>\n<td>Normal<\/td>\n<td colspan=\"2\">Di\u00e2metro*Altura*Espessura<\/td>\n<td>\u00c1rea de superf\u00edcie<\/td>\n<td>Espa\u00e7o vazio<\/td>\n<td>Densidade aparente<\/td>\n<td>N\u00e3o h\u00e1 elementos<\/td>\n<td>Fator de embalagem<\/td>\n<\/tr>\n<tr>\n<td>mm<\/td>\n<td colspan=\"2\">mm<\/td>\n<td>m2\/m3<\/td>\n<td>%<\/td>\n<td>kg\/m3<\/td>\n<td>por\/m3<\/td>\n<td>m-1<\/td>\n<\/tr>\n<tr>\n<td rowspan=\"4\" height=\"76\">Anel Pall<\/td>\n<td>\u00f816<\/td>\n<td colspan=\"2\">16*16*0.4<\/td>\n<td>239<\/td>\n<td>92.8<\/td>\n<td>365<\/td>\n<td>205000<\/td>\n<td>299<\/td>\n<\/tr>\n<tr>\n<td>\u00f825<\/td>\n<td colspan=\"2\">25*25*0.6<\/td>\n<td>219<\/td>\n<td>93.4<\/td>\n<td>427<\/td>\n<td>55900<\/td>\n<td>269<\/td>\n<\/tr>\n<tr>\n<td>\u00f838<\/td>\n<td colspan=\"2\">38*38*0.8<\/td>\n<td>129<\/td>\n<td>94.5<\/td>\n<td>365<\/td>\n<td>13000<\/td>\n<td>153<\/td>\n<\/tr>\n<tr>\n<td>\u00f850<\/td>\n<td colspan=\"2\">50*50*1.0<\/td>\n<td>112.3<\/td>\n<td>94.9<\/td>\n<td>395<\/td>\n<td>6500<\/td>\n<td>131<\/td>\n<\/tr>\n<\/tbody>\n<\/table>\n<\/div>\n<p>Nota:<\/p>\n<p>Os dados acima s\u00e3o uma refer\u00eancia ao material a\u00e7o inoxid\u00e1vel na espessura de material apresentada.<\/p>\n<p>Outros materiais dispon\u00edveis: a\u00e7o carbono, alum\u00ednio, bronze, a\u00e7o inoxid\u00e1vel, incluindo 304, 304L, 410, 316, 316L.<\/p>\n<h2>Vantagens do anel met\u00e1lico Pall<\/h2>\n<ul class=\"list-paddingleft-2\">\n<li>Este\u00a0<a href=\"https:\/\/www.laiko.net\/products\/pall-ring\/\" target=\"_self\" rel=\"noopener\">embalagem de anel pall<\/a>\u00a0possui um elevado carregamento e rendimento<\/li>\n<li>Facilmente molh\u00e1vel<\/li>\n<li>O\u00a0<a href=\"https:\/\/www.laiko.net\/product-category\/tower-packing-column-packing\/random-packing\/\" target=\"_self\" rel=\"noopener\">embalagem em torre aleat\u00f3ria<\/a>\u00a0tem alta resist\u00eancia a incrusta\u00e7\u00f5es e aplica\u00e7\u00f5es de temperatura<\/li>\n<li>Pequena gravidade espec\u00edfica<\/li>\n<li>Mecanicamente robusto e adequado para camas mais profundas<\/li>\n<li>Boa distribui\u00e7\u00e3o de l\u00edquidos e gases<\/li>\n<li>Elevada efici\u00eancia de transfer\u00eancia de massa<\/li>\n<\/ul>\n<h2>Aplica\u00e7\u00e3o do anel met\u00e1lico Pall<\/h2>\n<p>Como profissional\u00a0<a href=\"https:\/\/www.laiko.net\/product-category\/tower-packing-column-packing\/\" target=\"_self\" rel=\"noopener\">fabricante de embalagem em torre<\/a>A nossa oferta de an\u00e9is de metal para palas pode ser utilizada em v\u00e1rias situa\u00e7\u00f5es.<\/p>\n<ul class=\"list-paddingleft-2\">\n<li>V\u00e1rias aplica\u00e7\u00f5es de separa\u00e7\u00e3o e absor\u00e7\u00e3o<\/li>\n<li>Servi\u00e7os de absor\u00e7\u00e3o e decapagem<\/li>\n<li>Decapagem a vapor<\/li>\n<li>Torres de resfriamento<\/li>\n<li>Arrefecimento por contacto direto<\/li>\n<li>Torres de rea\u00e7\u00e3o<\/li>\n<li>Colunas de destila\u00e7\u00e3o<\/li>\n<li>Embalagem em torre<\/li>\n<\/ul>","protected":false},"excerpt":{"rendered":"<p>Os an\u00e9is met\u00e1licos Pall s\u00e3o um avan\u00e7o do anel Raschig, com dimens\u00f5es cil\u00edndricas semelhantes, mas com duas filas de orif\u00edcios perfurados, com dedos ou teias viradas para o centro do cilindro. Isto tem o impacto de aumentar significativamente o desempenho da embalagem, tanto em termos de rendimento, efici\u00eancia e queda de press\u00e3o.<\/p>","protected":false},"featured_media":2615,"template":"","meta":{"_seopress_robots_primary_cat":"none","_monsterinsights_skip_tracking":false,"_monsterinsights_sitenote_active":false,"_monsterinsights_sitenote_note":"","_monsterinsights_sitenote_category":0,"_joinchat":[]},"product_cat":[103,85],"product_tag":[],"class_list":["post-3481","product","type-product","status-publish","has-post-thumbnail","hentry","product_cat-metal-tower-packing","product_cat-pall-ring"],"featured_image_urls":{"full":["https:\/\/www.laiko.net\/wp-content\/uploads\/2023\/10\/frc-6f35884bbde95f141d96eba824f60eea.jpg",600,350,false],"thumbnail":["https:\/\/www.laiko.net\/wp-content\/uploads\/2023\/10\/frc-6f35884bbde95f141d96eba824f60eea-150x150.jpg",150,150,true],"medium":["https:\/\/www.laiko.net\/wp-content\/uploads\/2023\/10\/frc-6f35884bbde95f141d96eba824f60eea-300x175.jpg",300,175,true],"medium_large":["https:\/\/www.laiko.net\/wp-content\/uploads\/2023\/10\/frc-6f35884bbde95f141d96eba824f60eea.jpg",600,350,false],"large":["https:\/\/www.laiko.net\/wp-content\/uploads\/2023\/10\/frc-6f35884bbde95f141d96eba824f60eea.jpg",600,350,false],"1536x1536":["https:\/\/www.laiko.net\/wp-content\/uploads\/2023\/10\/frc-6f35884bbde95f141d96eba824f60eea.jpg",600,350,false],"2048x2048":["https:\/\/www.laiko.net\/wp-content\/uploads\/2023\/10\/frc-6f35884bbde95f141d96eba824f60eea.jpg",600,350,false],"trp-custom-language-flag":["https:\/\/www.laiko.net\/wp-content\/uploads\/2023\/10\/frc-6f35884bbde95f141d96eba824f60eea.jpg",18,12,false],"woocommerce_thumbnail":["https:\/\/www.laiko.net\/wp-content\/uploads\/2023\/10\/frc-6f35884bbde95f141d96eba824f60eea-300x175.jpg",300,175,true],"woocommerce_single":["https:\/\/www.laiko.net\/wp-content\/uploads\/2023\/10\/frc-6f35884bbde95f141d96eba824f60eea.jpg",600,350,false],"woocommerce_gallery_thumbnail":["https:\/\/www.laiko.net\/wp-content\/uploads\/2023\/10\/frc-6f35884bbde95f141d96eba824f60eea-100x100.jpg",100,100,true]},"post_excerpt_stackable":"<p>Metallic Pall Rings are an advancement on the Raschig Ring, with similar cylindrical dimensions but with two rows of punched out holes, with fingers or webs turned into the centre of the cylinder. This has the impact of significantly increasing the performance of the packing, both in terms of throughput, efficiency and pressure drop.<\/p>\n","category_list":"","author_info":{"name":"","url":""},"comments_num":"0 comments","_links":{"self":[{"href":"https:\/\/www.laiko.net\/pt\/wp-json\/wp\/v2\/product\/3481","targetHints":{"allow":["GET"]}}],"collection":[{"href":"https:\/\/www.laiko.net\/pt\/wp-json\/wp\/v2\/product"}],"about":[{"href":"https:\/\/www.laiko.net\/pt\/wp-json\/wp\/v2\/types\/product"}],"wp:featuredmedia":[{"embeddable":true,"href":"https:\/\/www.laiko.net\/pt\/wp-json\/wp\/v2\/media\/2615"}],"wp:attachment":[{"href":"https:\/\/www.laiko.net\/pt\/wp-json\/wp\/v2\/media?parent=3481"}],"wp:term":[{"taxonomy":"product_cat","embeddable":true,"href":"https:\/\/www.laiko.net\/pt\/wp-json\/wp\/v2\/product_cat?post=3481"},{"taxonomy":"product_tag","embeddable":true,"href":"https:\/\/www.laiko.net\/pt\/wp-json\/wp\/v2\/product_tag?post=3481"}],"curies":[{"name":"wp","href":"https:\/\/api.w.org\/{rel}","templated":true}]}}