{"id":3479,"date":"2023-10-27T16:08:18","date_gmt":"2023-10-27T08:08:18","guid":{"rendered":"http:\/\/www3.laiko.net\/?post_type=product&#038;p=3479"},"modified":"2023-10-31T16:06:49","modified_gmt":"2023-10-31T08:06:49","slug":"ceramic-structured-packing","status":"publish","type":"product","link":"https:\/\/www.laiko.net\/pt\/produto\/embalagem-estruturada-em-ceramica\/","title":{"rendered":"Embalagem estruturada em cer\u00e2mica"},"content":{"rendered":"<h2>Par\u00e2metros da embalagem estruturada em cer\u00e2mica<\/h2>\n<div class=\"overflow_x\">\n<table cellspacing=\"0\" cellpadding=\"0\">\n<tbody>\n<tr class=\"firstRow\">\n<td valign=\"top\" height=\"29\">Tipo<\/td>\n<td valign=\"top\" height=\"29\">\u00c1rea de superf\u00edcie espec\u00edfica<sup>2<\/sup>\/m<sup>3<\/sup><\/td>\n<td valign=\"top\" height=\"29\">CorrugadoEspessura da placa mm<\/td>\n<td valign=\"top\" height=\"29\">Peso de amontoamentoKg\/m<sup>3<\/sup><\/td>\n<td valign=\"top\" height=\"29\">Volume nulo%<\/td>\n<td valign=\"top\" height=\"29\">Queda de press\u00e3o mmHg\/m<\/td>\n<td valign=\"top\" height=\"29\">Pe\u00e7as te\u00f3ricas<sup>-1<\/sup><\/td>\n<td valign=\"top\" height=\"29\">LiquidLoad m<sup>3<\/sup>\/m<sup>2<\/sup>h<\/td>\n<td valign=\"top\" height=\"29\">MaxFactorm\/s (kg\/m3)-1<\/td>\n<\/tr>\n<tr>\n<td valign=\"top\" height=\"29\">100Y<\/td>\n<td valign=\"top\" height=\"29\">100<\/td>\n<td valign=\"top\" height=\"29\">2.5\u00b10.5<\/td>\n<td valign=\"top\" height=\"29\">300<\/td>\n<td valign=\"top\" height=\"29\">87.5<\/td>\n<td valign=\"top\" height=\"29\">1.6<\/td>\n<td valign=\"top\" height=\"29\">1<\/td>\n<td valign=\"top\" height=\"29\">0.2-100<\/td>\n<td valign=\"top\" height=\"29\">3.2<\/td>\n<\/tr>\n<tr>\n<td valign=\"top\" height=\"29\">125Y<\/td>\n<td valign=\"top\" height=\"29\">125<\/td>\n<td valign=\"top\" height=\"29\">2.5\u00b10.5<\/td>\n<td valign=\"top\" height=\"29\">330<\/td>\n<td valign=\"top\" height=\"29\">85<\/td>\n<td valign=\"top\" height=\"29\">1.8<\/td>\n<td valign=\"top\" height=\"29\">1-1.5<\/td>\n<td valign=\"top\" height=\"29\">0.2-100<\/td>\n<td valign=\"top\" height=\"29\">3.0<\/td>\n<\/tr>\n<tr>\n<td valign=\"top\" height=\"29\">160Y<\/td>\n<td valign=\"top\" height=\"29\">160<\/td>\n<td valign=\"top\" height=\"29\">2.2\u00b10.5<\/td>\n<td valign=\"top\" height=\"29\">370<\/td>\n<td valign=\"top\" height=\"29\">84<\/td>\n<td valign=\"top\" height=\"29\">2<\/td>\n<td valign=\"top\" height=\"29\">1.5-2<\/td>\n<td valign=\"top\" height=\"29\">0.2-100<\/td>\n<td valign=\"top\" height=\"29\">2.8<\/td>\n<\/tr>\n<tr>\n<td valign=\"top\" height=\"29\">250Y<\/td>\n<td valign=\"top\" height=\"29\">250<\/td>\n<td valign=\"top\" height=\"29\">1.4\u00b10.5<\/td>\n<td valign=\"top\" height=\"29\">420<\/td>\n<td valign=\"top\" height=\"29\">80<\/td>\n<td valign=\"top\" height=\"29\">2<\/td>\n<td valign=\"top\" height=\"29\">2.2<\/td>\n<td valign=\"top\" height=\"29\">0.2-100<\/td>\n<td valign=\"top\" height=\"29\">2.6<\/td>\n<\/tr>\n<tr>\n<td valign=\"top\" height=\"29\">350Y<\/td>\n<td valign=\"top\" height=\"29\">350<\/td>\n<td valign=\"top\" height=\"29\">1.2\u00b10.5<\/td>\n<td valign=\"top\" height=\"29\">470<\/td>\n<td valign=\"top\" height=\"29\">78<\/td>\n<td valign=\"top\" height=\"29\">2.5<\/td>\n<td valign=\"top\" height=\"29\">2.8<\/td>\n<td valign=\"top\" height=\"29\">0.2-100<\/td>\n<td valign=\"top\" height=\"29\">2.5<\/td>\n<\/tr>\n<tr>\n<td valign=\"top\" height=\"29\">400Y<\/td>\n<td valign=\"top\" height=\"29\">400<\/td>\n<td valign=\"top\" height=\"29\">1.2\u00b10.2<\/td>\n<td valign=\"top\" height=\"29\">500<\/td>\n<td valign=\"top\" height=\"29\">75<\/td>\n<td valign=\"top\" height=\"29\">3<\/td>\n<td valign=\"top\" height=\"29\">3<\/td>\n<td valign=\"top\" height=\"29\">0.2-100<\/td>\n<td valign=\"top\" height=\"29\">2.0<\/td>\n<\/tr>\n<tr>\n<td valign=\"top\" height=\"29\">450Y<\/td>\n<td valign=\"top\" height=\"29\">450<\/td>\n<td valign=\"top\" height=\"29\">1.0\u00b10.2<\/td>\n<td valign=\"top\" height=\"29\">520<\/td>\n<td valign=\"top\" height=\"29\">72<\/td>\n<td valign=\"top\" height=\"29\">4<\/td>\n<td valign=\"top\" height=\"29\">4<\/td>\n<td valign=\"top\" height=\"29\">0.2-100<\/td>\n<td valign=\"top\" height=\"29\">1.8<\/td>\n<\/tr>\n<tr>\n<td valign=\"top\" height=\"29\">550Y<\/td>\n<td valign=\"top\" height=\"29\">550<\/td>\n<td valign=\"top\" height=\"29\">0.8\u00b10.2<\/td>\n<td valign=\"top\" height=\"29\">620<\/td>\n<td valign=\"top\" height=\"29\">74<\/td>\n<td valign=\"top\" height=\"29\">5.5<\/td>\n<td valign=\"top\" height=\"29\">5-6<\/td>\n<td valign=\"top\" height=\"29\">0.18-100<\/td>\n<td valign=\"top\" height=\"29\">1.4<\/td>\n<\/tr>\n<tr>\n<td valign=\"top\" height=\"29\">\u00a0 \u00a0700Y<\/td>\n<td valign=\"top\" height=\"29\">700<\/td>\n<td valign=\"top\" height=\"29\">0.8\u00b10.2<\/td>\n<td valign=\"top\" height=\"29\">650<\/td>\n<td valign=\"top\" height=\"29\">72<\/td>\n<td valign=\"top\" height=\"29\">6<\/td>\n<td valign=\"top\" height=\"29\">7<\/td>\n<td valign=\"top\" height=\"29\">0.15-100<\/td>\n<td valign=\"top\" height=\"29\">1.3<\/td>\n<\/tr>\n<tr>\n<td valign=\"top\" height=\"29\">100X<\/td>\n<td valign=\"top\" height=\"29\">100<\/td>\n<td valign=\"top\" height=\"29\">2.5\u00b10.5<\/td>\n<td valign=\"top\" height=\"29\">280<\/td>\n<td valign=\"top\" height=\"29\">92<\/td>\n<td valign=\"top\" height=\"29\">1.5<\/td>\n<td valign=\"top\" height=\"29\">1<\/td>\n<td valign=\"top\" height=\"29\">0.2-100<\/td>\n<td valign=\"top\" height=\"29\">3.5<\/td>\n<\/tr>\n<tr>\n<td valign=\"top\" height=\"29\">125X<\/td>\n<td valign=\"top\" height=\"29\">125<\/td>\n<td valign=\"top\" height=\"29\">2.2\u00b10.5<\/td>\n<td valign=\"top\" height=\"29\">300<\/td>\n<td valign=\"top\" height=\"29\">90<\/td>\n<td valign=\"top\" height=\"29\">1.8<\/td>\n<td valign=\"top\" height=\"29\">1.5<\/td>\n<td valign=\"top\" height=\"29\">0.2-100<\/td>\n<td valign=\"top\" height=\"29\">3.2<\/td>\n<\/tr>\n<tr>\n<td valign=\"top\" height=\"29\">\u00a0 \u00a0160X<\/td>\n<td valign=\"top\" height=\"29\">160<\/td>\n<td valign=\"top\" height=\"29\">1.4\u00b10.5<\/td>\n<td valign=\"top\" height=\"29\">350<\/td>\n<td valign=\"top\" height=\"29\">85<\/td>\n<td valign=\"top\" height=\"29\">2<\/td>\n<td valign=\"top\" height=\"29\">1.8<\/td>\n<td valign=\"top\" height=\"29\">0.2-100<\/td>\n<td valign=\"top\" height=\"29\">3.0<\/td>\n<\/tr>\n<tr>\n<td valign=\"top\" height=\"29\">\u00a0 \u00a0250X<\/td>\n<td valign=\"top\" height=\"29\">250<\/td>\n<td valign=\"top\" height=\"29\">1.2\u00b10.5<\/td>\n<td valign=\"top\" height=\"29\">380<\/td>\n<td valign=\"top\" height=\"29\">80<\/td>\n<td valign=\"top\" height=\"29\">2.5<\/td>\n<td valign=\"top\" height=\"29\">2.3<\/td>\n<td valign=\"top\" height=\"29\">0.2-100<\/td>\n<td valign=\"top\" height=\"29\">2.8<\/td>\n<\/tr>\n<tr>\n<td valign=\"top\" height=\"29\">\u00a0 350X<\/td>\n<td valign=\"top\" height=\"29\">350<\/td>\n<td valign=\"top\" height=\"29\">1.2\u00b10.5<\/td>\n<td valign=\"top\" height=\"29\">450<\/td>\n<td valign=\"top\" height=\"29\">78<\/td>\n<td valign=\"top\" height=\"29\">3<\/td>\n<td valign=\"top\" height=\"29\">2.5<\/td>\n<td valign=\"top\" height=\"29\">0.2-100<\/td>\n<td valign=\"top\" height=\"29\">2.6<\/td>\n<\/tr>\n<tr>\n<td valign=\"top\" height=\"29\">\u00a0 400X<\/td>\n<td valign=\"top\" height=\"29\">400<\/td>\n<td valign=\"top\" height=\"29\">1.2\u00b10.2<\/td>\n<td valign=\"top\" height=\"29\">480<\/td>\n<td valign=\"top\" height=\"29\">75<\/td>\n<td valign=\"top\" height=\"29\">4<\/td>\n<td valign=\"top\" height=\"29\">2.8<\/td>\n<td valign=\"top\" height=\"29\">0.2-100<\/td>\n<td valign=\"top\" height=\"29\">2.2<\/td>\n<\/tr>\n<tr>\n<td valign=\"top\" height=\"29\">\u00a0 450X<\/td>\n<td valign=\"top\" height=\"29\">450<\/td>\n<td valign=\"top\" height=\"29\">1.0\u00b10.2<\/td>\n<td valign=\"top\" height=\"29\">500<\/td>\n<td valign=\"top\" height=\"29\">72<\/td>\n<td valign=\"top\" height=\"29\">4.5<\/td>\n<td valign=\"top\" height=\"29\">3-4<\/td>\n<td valign=\"top\" height=\"29\">0.2-100<\/td>\n<td valign=\"top\" height=\"29\">2.0<\/td>\n<\/tr>\n<tr>\n<td valign=\"top\" height=\"29\">\u00a0 470X<\/td>\n<td valign=\"top\" height=\"29\">470<\/td>\n<td valign=\"top\" height=\"29\">1.0\u00b10.2<\/td>\n<td valign=\"top\" height=\"29\">440<\/td>\n<td valign=\"top\" height=\"29\">75<\/td>\n<td valign=\"top\" height=\"29\">5<\/td>\n<td valign=\"top\" height=\"29\">5<\/td>\n<td valign=\"top\" height=\"29\">0.2-100<\/td>\n<td valign=\"top\" height=\"29\">1.8<\/td>\n<\/tr>\n<tr>\n<td valign=\"top\" height=\"29\">\u00a0 550X<\/td>\n<td valign=\"top\" height=\"29\">550<\/td>\n<td valign=\"top\" height=\"29\">0.8\u00b10.2<\/td>\n<td valign=\"top\" height=\"29\">620<\/td>\n<td valign=\"top\" height=\"29\">74<\/td>\n<td valign=\"top\" height=\"29\">5.5<\/td>\n<td valign=\"top\" height=\"29\">5-6<\/td>\n<td valign=\"top\" height=\"29\">0.18-100<\/td>\n<td valign=\"top\" height=\"29\">1.4<\/td>\n<\/tr>\n<tr>\n<td valign=\"top\" height=\"29\">\u00a0 700X<\/td>\n<td valign=\"top\" height=\"29\">700<\/td>\n<td valign=\"top\" height=\"29\">0.8\u00b10.2<\/td>\n<td valign=\"top\" height=\"29\">650<\/td>\n<td valign=\"top\" height=\"29\">72<\/td>\n<td valign=\"top\" height=\"29\">6<\/td>\n<td valign=\"top\" height=\"29\">7<\/td>\n<td valign=\"top\" height=\"29\">0.15-100<\/td>\n<td valign=\"top\" height=\"29\">1.3<\/td>\n<\/tr>\n<\/tbody>\n<\/table>\n<p>&nbsp;<\/p>\n<\/div>\n<div class=\"overflow_x\">\n<table cellspacing=\"0\" cellpadding=\"0\">\n<tbody>\n<tr class=\"firstRow\">\n<td valign=\"top\" height=\"30\">SiO<sub>2<\/sub><\/td>\n<td valign=\"top\" height=\"30\">Al<sub>2<\/sub>O<sub>3<\/sub><\/td>\n<td valign=\"top\" height=\"30\">Fe<sub>2<\/sub>O<sub>3<\/sub><\/td>\n<td valign=\"top\" height=\"30\">CaO<\/td>\n<td valign=\"top\" height=\"30\">MgO<\/td>\n<td valign=\"top\" height=\"30\">Outros<\/td>\n<\/tr>\n<tr>\n<td valign=\"top\" height=\"30\">\u226572%<\/td>\n<td valign=\"top\" height=\"30\">\u226523%<\/td>\n<td valign=\"top\" height=\"30\">\u22640,5%<\/td>\n<td valign=\"top\" height=\"30\">\u22641.0%<\/td>\n<td valign=\"top\" height=\"30\">\u22640.1%<\/td>\n<td valign=\"top\" height=\"30\">2.0%<\/td>\n<\/tr>\n<\/tbody>\n<\/table>\n<p>&nbsp;<\/p>\n<\/div>\n<div class=\"overflow_x\">\n<table cellspacing=\"0\" cellpadding=\"0\">\n<tbody>\n<tr class=\"firstRow\">\n<td valign=\"top\" height=\"30\">Peso espec\u00edfico<\/td>\n<td valign=\"top\" height=\"30\">Adsor\u00e7\u00e3o de \u00e1gua<\/td>\n<td valign=\"top\" height=\"30\">Resist\u00eancia aos \u00e1cidos<\/td>\n<td valign=\"top\" height=\"30\">Resist\u00eancia ao esmagamento<\/td>\n<td valign=\"top\" height=\"30\">Temperatura de funcionamento<\/td>\n<td valign=\"top\" height=\"30\">Dureza de Moh<\/td>\n<td valign=\"top\" height=\"30\">Perda de igni\u00e7\u00e3o<\/td>\n<\/tr>\n<tr>\n<td valign=\"top\" height=\"30\">2,5g\/cm<sup>3<\/sup><\/td>\n<td valign=\"top\" height=\"30\">\u22640,5%<\/td>\n<td valign=\"top\" height=\"30\">&gt;99,5%<\/td>\n<td valign=\"top\" height=\"30\">\u22641000\u2103<\/td>\n<td valign=\"top\" height=\"30\">\u2265130Mpa<\/td>\n<td valign=\"top\" height=\"30\">\u22657<\/td>\n<td valign=\"top\" height=\"30\">\u22645.0%<\/td>\n<\/tr>\n<\/tbody>\n<\/table>\n<\/div>\n<h2>Vantagens da embalagem estruturada em cer\u00e2mica<\/h2>\n<ul class=\"list-paddingleft-2\">\n<li>A gama mais econ\u00f3mica deste\u00a0<a href=\"https:\/\/www.laiko.net\/products\/structured-packing\/\" target=\"_self\" rel=\"noopener\">embalagem de torre estruturada<\/a>\u00a0\u00e9 o fator F 1,5-2,0<\/li>\n<li>A queda de press\u00e3o de cada folha te\u00f3rica \u00e9 de 0,3-1 mbar<\/li>\n<li>A carga l\u00edquida m\u00ednima do\u00a0<a href=\"https:\/\/www.laiko.net\/products\/ceramic-tower-packing\/\" target=\"_self\" rel=\"noopener\">embalagem em torre de cer\u00e2mica<\/a>\u00a0\u00e9 de 2001\/m2h<\/li>\n<li>Deve ser instalado um distribuidor por cada 3-4 metros no interior das torres de embalagem com di\u00e2metros superiores a 300 mm<\/li>\n<\/ul>\n<h2>Aplica\u00e7\u00e3o de embalagens cer\u00e2micas com baixo teor de ferro<\/h2>\n<ul class=\"list-paddingleft-2\">\n<li>Processo de acabamento de misturas corrosivas, que t\u00eam requisitos rigorosos em termos de queda de press\u00e3o e n\u00famero de folhas te\u00f3ricas.<\/li>\n<li>Tratamento sob v\u00e1cuo a uma press\u00e3o absoluta superior a 1 mbar.<\/li>\n<li>Refina\u00e7\u00e3o e destila\u00e7\u00e3o de compostos org\u00e2nicos halogenados.<\/li>\n<\/ul>","protected":false},"excerpt":{"rendered":"<p>A embalagem estruturada em cer\u00e2mica \u00e9 composta por muitos corpos de unidades de embalagem que partilham a mesma forma geom\u00e9trica. A embalagem de cer\u00e2mica ondulada \u00e9 chamada de embalagem Kelapak no estrangeiro, tamb\u00e9m \u00e9 chamada de embalagem de alta efici\u00eancia, porque a sua efici\u00eancia de separa\u00e7\u00e3o \u00e9 v\u00e1rias vezes superior a dez vezes a embalagem de pol\u00edcias soltos. Em compara\u00e7\u00e3o com a embalagem de torre de placa de pol\u00edcias soltos. A embalagem de cer\u00e2mica de placa ondulada tem um grande n\u00famero de vantagens, como alta efici\u00eancia, grande rendimento, baixa reten\u00e7\u00e3o de l\u00edquido, amplifica\u00e7\u00e3o sem nitidez e boa operabilidade.<\/p>\n<ul class=\"list-paddingleft-2\">\n<li>Teor normal de ferro<\/li>\n<li>Baixo teor de ferro<\/li>\n<\/ul>","protected":false},"featured_media":1261,"template":"","meta":{"_seopress_robots_primary_cat":"","_monsterinsights_skip_tracking":false,"_monsterinsights_sitenote_active":false,"_monsterinsights_sitenote_note":"","_monsterinsights_sitenote_category":0,"_joinchat":[]},"product_cat":[102,82],"product_tag":[],"class_list":["post-3479","product","type-product","status-publish","has-post-thumbnail","hentry","product_cat-ceramic-tower-packing","product_cat-structured-packing"],"featured_image_urls":{"full":["https:\/\/www.laiko.net\/wp-content\/uploads\/2023\/10\/frc-a6077e6c686c30322e165dc653fbe930.jpg",600,350,false],"thumbnail":["https:\/\/www.laiko.net\/wp-content\/uploads\/2023\/10\/frc-a6077e6c686c30322e165dc653fbe930-150x150.jpg",150,150,true],"medium":["https:\/\/www.laiko.net\/wp-content\/uploads\/2023\/10\/frc-a6077e6c686c30322e165dc653fbe930-300x175.jpg",300,175,true],"medium_large":["https:\/\/www.laiko.net\/wp-content\/uploads\/2023\/10\/frc-a6077e6c686c30322e165dc653fbe930.jpg",600,350,false],"large":["https:\/\/www.laiko.net\/wp-content\/uploads\/2023\/10\/frc-a6077e6c686c30322e165dc653fbe930.jpg",600,350,false],"1536x1536":["https:\/\/www.laiko.net\/wp-content\/uploads\/2023\/10\/frc-a6077e6c686c30322e165dc653fbe930.jpg",600,350,false],"2048x2048":["https:\/\/www.laiko.net\/wp-content\/uploads\/2023\/10\/frc-a6077e6c686c30322e165dc653fbe930.jpg",600,350,false],"trp-custom-language-flag":["https:\/\/www.laiko.net\/wp-content\/uploads\/2023\/10\/frc-a6077e6c686c30322e165dc653fbe930.jpg",18,12,false],"woocommerce_thumbnail":["https:\/\/www.laiko.net\/wp-content\/uploads\/2023\/10\/frc-a6077e6c686c30322e165dc653fbe930-300x175.jpg",300,175,true],"woocommerce_single":["https:\/\/www.laiko.net\/wp-content\/uploads\/2023\/10\/frc-a6077e6c686c30322e165dc653fbe930.jpg",600,350,false],"woocommerce_gallery_thumbnail":["https:\/\/www.laiko.net\/wp-content\/uploads\/2023\/10\/frc-a6077e6c686c30322e165dc653fbe930-100x100.jpg",100,100,true]},"post_excerpt_stackable":"<p>Ceramic structured packing is made up of many packing unit bodies that share the same geometry shape. Corrugated ceramic packing is called Kelapak packing abroad, it is also called high-efficiency packing, because its separation-efficiency is several times more than ten times of loose cops packing. Compared with loose cops plate Tower Packing. Corrugated plate ceramic packing has a great number of advantages such as high-efficiency, large thruput, low liquid holdup, unsharp amplification and good operability.<\/p>\n<ul class=\" list-paddingleft-2\">\n<li>Normal iron content<\/li>\n<li>Low iron content<\/li>\n<\/ul>\n","category_list":"","author_info":{"name":"","url":""},"comments_num":"0 comments","_links":{"self":[{"href":"https:\/\/www.laiko.net\/pt\/wp-json\/wp\/v2\/product\/3479","targetHints":{"allow":["GET"]}}],"collection":[{"href":"https:\/\/www.laiko.net\/pt\/wp-json\/wp\/v2\/product"}],"about":[{"href":"https:\/\/www.laiko.net\/pt\/wp-json\/wp\/v2\/types\/product"}],"wp:featuredmedia":[{"embeddable":true,"href":"https:\/\/www.laiko.net\/pt\/wp-json\/wp\/v2\/media\/1261"}],"wp:attachment":[{"href":"https:\/\/www.laiko.net\/pt\/wp-json\/wp\/v2\/media?parent=3479"}],"wp:term":[{"taxonomy":"product_cat","embeddable":true,"href":"https:\/\/www.laiko.net\/pt\/wp-json\/wp\/v2\/product_cat?post=3479"},{"taxonomy":"product_tag","embeddable":true,"href":"https:\/\/www.laiko.net\/pt\/wp-json\/wp\/v2\/product_tag?post=3479"}],"curies":[{"name":"wp","href":"https:\/\/api.w.org\/{rel}","templated":true}]}}