{"id":3477,"date":"2023-10-27T15:45:27","date_gmt":"2023-10-27T07:45:27","guid":{"rendered":"http:\/\/www3.laiko.net\/?post_type=product&#038;p=3477"},"modified":"2023-10-27T15:45:27","modified_gmt":"2023-10-27T07:45:27","slug":"fenske-spiral","status":"publish","type":"product","link":"https:\/\/www.laiko.net\/pt\/produto\/espiral-fenske\/","title":{"rendered":"Espiral Fenske"},"content":{"rendered":"<p><strong>Par\u00e2metros da embalagem em espiral Fenske<\/strong><\/p>\n<div class=\"overflow_x\">\n<table cellspacing=\"0\">\n<tbody>\n<tr class=\"firstRow\">\n<td valign=\"top\">Especifica\u00e7\u00f5es (mm)<\/td>\n<td valign=\"top\">di\u00e2metro da torre (mm\uff09<\/td>\n<td valign=\"top\">Densidade da embalagem (kg\/m3)<\/td>\n<td valign=\"top\">Sistema<\/td>\n<td valign=\"top\">press\u00e3o<\/td>\n<\/tr>\n<tr>\n<td valign=\"top\">\u03981.75*1.75<\/td>\n<td valign=\"top\">50<\/td>\n<td valign=\"top\">60-70<\/td>\n<td valign=\"top\">Benzeno\u3001Tetracloreto<\/td>\n<td valign=\"top\">press\u00e3o normal<\/td>\n<\/tr>\n<tr>\n<td valign=\"top\">\u03983*3<\/td>\n<td valign=\"top\">18<\/td>\n<td valign=\"top\">50-80<\/td>\n<td valign=\"top\">Benzeno\u3001Tetracloreto<\/td>\n<td valign=\"top\">press\u00e3o normal<\/td>\n<\/tr>\n<tr>\n<td valign=\"top\">\u03984*4<\/td>\n<td valign=\"top\">50<\/td>\n<td valign=\"top\">25-40<\/td>\n<td valign=\"top\">Benzeno\u3001Tetracloreto<\/td>\n<td valign=\"top\">press\u00e3o normal<\/td>\n<\/tr>\n<tr>\n<td valign=\"top\">\u03985*5<\/td>\n<td valign=\"top\">50<\/td>\n<td valign=\"top\">20-30<\/td>\n<td valign=\"top\">Benzeno\u3001Tetracloreto<\/td>\n<td valign=\"top\">press\u00e3o normal<\/td>\n<\/tr>\n<\/tbody>\n<\/table>\n<\/div>","protected":false},"excerpt":{"rendered":"<p>A gaxeta prism\u00e1tica espiral Fenske \u00e9 feita de arame e tem uma forma semelhante \u00e0 de uma mola, tamb\u00e9m conhecida como gaxeta de mola triangular. A sua diferen\u00e7a em rela\u00e7\u00e3o a uma mola reside no facto de cada volta do enrolamento n\u00e3o ser um c\u00edrculo, mas um tri\u00e2ngulo, e o tri\u00e2ngulo entre o anel e o anel ser deslocado de um certo \u00e2ngulo, de modo a constituir um pol\u00edgono quando visto da face final. Este empacotamento em espiral \u00e9 mais eficiente, mas tem uma resist\u00eancia ligeiramente superior \u00e0 do empacotamento anular e \u00e9 amplamente utilizado em estudos de separa\u00e7\u00e3o de is\u00f3topos \u00e0 escala laboratorial.<\/p>","protected":false},"featured_media":1170,"template":"","meta":{"_seopress_robots_primary_cat":"","_monsterinsights_skip_tracking":false,"_monsterinsights_sitenote_active":false,"_monsterinsights_sitenote_note":"","_monsterinsights_sitenote_category":0,"_joinchat":[]},"product_cat":[80],"product_tag":[],"class_list":["post-3477","product","type-product","status-publish","has-post-thumbnail","hentry","product_cat-laboratory-packing"],"featured_image_urls":{"full":["https:\/\/www.laiko.net\/wp-content\/uploads\/2023\/10\/frc-8275382590e09992cb453993f4d45432.jpg",600,350,false],"thumbnail":["https:\/\/www.laiko.net\/wp-content\/uploads\/2023\/10\/frc-8275382590e09992cb453993f4d45432-150x150.jpg",150,150,true],"medium":["https:\/\/www.laiko.net\/wp-content\/uploads\/2023\/10\/frc-8275382590e09992cb453993f4d45432-300x175.jpg",300,175,true],"medium_large":["https:\/\/www.laiko.net\/wp-content\/uploads\/2023\/10\/frc-8275382590e09992cb453993f4d45432.jpg",600,350,false],"large":["https:\/\/www.laiko.net\/wp-content\/uploads\/2023\/10\/frc-8275382590e09992cb453993f4d45432.jpg",600,350,false],"1536x1536":["https:\/\/www.laiko.net\/wp-content\/uploads\/2023\/10\/frc-8275382590e09992cb453993f4d45432.jpg",600,350,false],"2048x2048":["https:\/\/www.laiko.net\/wp-content\/uploads\/2023\/10\/frc-8275382590e09992cb453993f4d45432.jpg",600,350,false],"trp-custom-language-flag":["https:\/\/www.laiko.net\/wp-content\/uploads\/2023\/10\/frc-8275382590e09992cb453993f4d45432.jpg",18,12,false],"woocommerce_thumbnail":["https:\/\/www.laiko.net\/wp-content\/uploads\/2023\/10\/frc-8275382590e09992cb453993f4d45432-300x175.jpg",300,175,true],"woocommerce_single":["https:\/\/www.laiko.net\/wp-content\/uploads\/2023\/10\/frc-8275382590e09992cb453993f4d45432.jpg",600,350,false],"woocommerce_gallery_thumbnail":["https:\/\/www.laiko.net\/wp-content\/uploads\/2023\/10\/frc-8275382590e09992cb453993f4d45432-100x100.jpg",100,100,true]},"post_excerpt_stackable":"<p>The Fenske spiral prismatic packing is made of wire and has a shape similar to that of a spring, also known as a triangular spring Packing. Its differences from a spring in that each turn of the winding is not a circle but a triangular, and the triangular between the ring and the ring is offset by a certain angle, so that it is a polygon when viewed from the end face. This spiral packing is more efficient, but has a slightly higher resistance than the annular packing and is widely used in laboratory-scale isotope separation studies.<\/p>\n","category_list":"","author_info":{"name":"","url":""},"comments_num":"0 comments","_links":{"self":[{"href":"https:\/\/www.laiko.net\/pt\/wp-json\/wp\/v2\/product\/3477","targetHints":{"allow":["GET"]}}],"collection":[{"href":"https:\/\/www.laiko.net\/pt\/wp-json\/wp\/v2\/product"}],"about":[{"href":"https:\/\/www.laiko.net\/pt\/wp-json\/wp\/v2\/types\/product"}],"wp:featuredmedia":[{"embeddable":true,"href":"https:\/\/www.laiko.net\/pt\/wp-json\/wp\/v2\/media\/1170"}],"wp:attachment":[{"href":"https:\/\/www.laiko.net\/pt\/wp-json\/wp\/v2\/media?parent=3477"}],"wp:term":[{"taxonomy":"product_cat","embeddable":true,"href":"https:\/\/www.laiko.net\/pt\/wp-json\/wp\/v2\/product_cat?post=3477"},{"taxonomy":"product_tag","embeddable":true,"href":"https:\/\/www.laiko.net\/pt\/wp-json\/wp\/v2\/product_tag?post=3477"}],"curies":[{"name":"wp","href":"https:\/\/api.w.org\/{rel}","templated":true}]}}