{"id":3471,"date":"2023-10-27T15:33:32","date_gmt":"2023-10-27T07:33:32","guid":{"rendered":"http:\/\/www3.laiko.net\/?post_type=product&#038;p=3471"},"modified":"2023-11-07T16:04:56","modified_gmt":"2023-11-07T08:04:56","slug":"cannon-ring-propak","status":"publish","type":"product","link":"https:\/\/www.laiko.net\/pt\/produto\/anel-de-canhao-propak\/","title":{"rendered":"Anel de canh\u00e3o\/Propak"},"content":{"rendered":"<h2>Par\u00e2metros do Cannon Ring\/Propak<\/h2>\n<div class=\"overflow_x\">\n<table cellspacing=\"0\">\n<tbody>\n<tr class=\"firstRow\">\n<td valign=\"top\">Especifica\u00e7\u00f5es (mm)<\/td>\n<td valign=\"top\">Tamanho (mm)<\/td>\n<td valign=\"top\">\u00e1rea de superf\u00edcie (m2\/m3)<\/td>\n<td valign=\"top\">Porosidade (m3\/m3)<\/td>\n<td valign=\"top\">Densidade da embalagem (kg\/m3)<\/td>\n<td valign=\"center\">N\u00famero te\u00f3rico de placas\/m<\/td>\n<td valign=\"center\">valores de perda de carga mm(H2)\/m<\/td>\n<\/tr>\n<tr>\n<td valign=\"center\">2\u00d72<\/td>\n<td valign=\"center\">2\u00d72\u00d70.1<\/td>\n<td valign=\"center\">1500<\/td>\n<td valign=\"center\">0.93<\/td>\n<td valign=\"center\">570<\/td>\n<td valign=\"center\">22\uff5e23<\/td>\n<td valign=\"center\">23<\/td>\n<\/tr>\n<tr>\n<td valign=\"center\">3\u00d73<\/td>\n<td valign=\"center\">3\u00d73\u00d70.1<\/td>\n<td valign=\"center\">1380<\/td>\n<td valign=\"center\">0.93<\/td>\n<td valign=\"center\">540<\/td>\n<td valign=\"center\">20\uff5e22<\/td>\n<td valign=\"center\">30<\/td>\n<\/tr>\n<tr>\n<td valign=\"center\">4\u00d74<\/td>\n<td valign=\"center\">4\u00d74\u00d70.1<\/td>\n<td valign=\"center\">1340<\/td>\n<td valign=\"center\">0.93<\/td>\n<td valign=\"center\">480<\/td>\n<td valign=\"center\">14.5\uff5e15.5<\/td>\n<td valign=\"center\">147<\/td>\n<\/tr>\n<tr>\n<td valign=\"center\">5\u00d75<\/td>\n<td valign=\"center\">5\u00d75\u00d70.1<\/td>\n<td valign=\"center\">1029<\/td>\n<td valign=\"center\">0.94<\/td>\n<td valign=\"center\">410<\/td>\n<td valign=\"center\">14\uff5e15<\/td>\n<td valign=\"center\">95<\/td>\n<\/tr>\n<tr>\n<td valign=\"center\">6\u00d76<\/td>\n<td valign=\"center\">6\u00d76\u00d70.1<\/td>\n<td valign=\"center\">910<\/td>\n<td valign=\"center\">0.95<\/td>\n<td valign=\"center\">360<\/td>\n<td valign=\"center\">12\uff5e14<\/td>\n<td valign=\"center\">86<\/td>\n<\/tr>\n<tr>\n<td valign=\"center\">7\u00d77<\/td>\n<td valign=\"center\">7\u00d77\u00d70.1<\/td>\n<td valign=\"center\">670<\/td>\n<td valign=\"center\">0.96<\/td>\n<td valign=\"center\">290<\/td>\n<td valign=\"center\">6\uff5e7<\/td>\n<td valign=\"center\">65<\/td>\n<\/tr>\n<tr>\n<td valign=\"center\">8\u00d78<\/td>\n<td valign=\"center\">8\u00d78\u00d70.1<\/td>\n<td valign=\"center\">540<\/td>\n<td valign=\"center\">0.97<\/td>\n<td valign=\"center\">240<\/td>\n<td valign=\"center\">5\uff5e6<\/td>\n<td valign=\"center\">13<\/td>\n<\/tr>\n<tr>\n<td valign=\"center\">9\u00d79<\/td>\n<td valign=\"center\">9\u00d79\u00d70.1<\/td>\n<td valign=\"center\">360<\/td>\n<td valign=\"center\">0.975<\/td>\n<td valign=\"center\">140<\/td>\n<td valign=\"center\">5<\/td>\n<td valign=\"center\">9<\/td>\n<\/tr>\n<\/tbody>\n<\/table>\n<\/div>\n<h2>Caracter\u00edstica do anel de canh\u00e3o\/Propak<\/h2>\n<ul class=\"list-paddingleft-2\">\n<li>Excelente molhabilidade<\/li>\n<li>Superf\u00edcie super grande<\/li>\n<li>Espa\u00e7o livre elevado<\/li>\n<li>Elevada taxa de inunda\u00e7\u00e3o<\/li>\n<li>Aumento da efici\u00eancia do v\u00e1cuo<\/li>\n<li>Mais reten\u00e7\u00e3o de l\u00edquidos<\/li>\n<\/ul>","protected":false},"excerpt":{"rendered":"<p>O anel Propak Cannon \u00e9 um chip de placa perfurada, a forma \u00e9 um anel meio cil\u00edndrico com muitos orif\u00edcios salientes. A Naike Chemical fornece a melhor qualidade de embalagem de destila\u00e7\u00e3o de metal saliente com a melhor percentagem perfurada do mundo.<\/p>\n<p>Tamb\u00e9m conhecido como Cannon Packing, consiste num conjunto de placas finas de a\u00e7o inoxid\u00e1vel com pequenos orif\u00edcios, mas a perfura\u00e7\u00e3o n\u00e3o remove o metal, antes o faz sobressair para uma superf\u00edcie rugosa, o que facilita a humidifica\u00e7\u00e3o da superf\u00edcie met\u00e1lica pelo l\u00edquido. Utilizado principalmente no processo de separa\u00e7\u00e3o de produtos de laborat\u00f3rio e de pequenos lotes de elevada pureza. A sua resist\u00eancia \u00e9 superior \u00e0 de outras cargas experimentais.<\/p>","protected":false},"featured_media":3987,"template":"","meta":{"_seopress_robots_primary_cat":"","_monsterinsights_skip_tracking":false,"_monsterinsights_sitenote_active":false,"_monsterinsights_sitenote_note":"","_monsterinsights_sitenote_category":0,"_joinchat":[]},"product_cat":[80],"product_tag":[],"class_list":["post-3471","product","type-product","status-publish","has-post-thumbnail","hentry","product_cat-laboratory-packing"],"featured_image_urls":{"full":["https:\/\/www.laiko.net\/wp-content\/uploads\/2023\/10\/propak.jpg",600,350,false],"thumbnail":["https:\/\/www.laiko.net\/wp-content\/uploads\/2023\/10\/propak-150x150.jpg",150,150,true],"medium":["https:\/\/www.laiko.net\/wp-content\/uploads\/2023\/10\/propak-300x175.jpg",300,175,true],"medium_large":["https:\/\/www.laiko.net\/wp-content\/uploads\/2023\/10\/propak.jpg",600,350,false],"large":["https:\/\/www.laiko.net\/wp-content\/uploads\/2023\/10\/propak.jpg",600,350,false],"1536x1536":["https:\/\/www.laiko.net\/wp-content\/uploads\/2023\/10\/propak.jpg",600,350,false],"2048x2048":["https:\/\/www.laiko.net\/wp-content\/uploads\/2023\/10\/propak.jpg",600,350,false],"trp-custom-language-flag":["https:\/\/www.laiko.net\/wp-content\/uploads\/2023\/10\/propak.jpg",18,12,false],"woocommerce_thumbnail":["https:\/\/www.laiko.net\/wp-content\/uploads\/2023\/10\/propak-300x175.jpg",300,175,true],"woocommerce_single":["https:\/\/www.laiko.net\/wp-content\/uploads\/2023\/10\/propak.jpg",600,350,false],"woocommerce_gallery_thumbnail":["https:\/\/www.laiko.net\/wp-content\/uploads\/2023\/10\/propak-100x100.jpg",100,100,true]},"post_excerpt_stackable":"<p>Propak Cannon ring is a perforated plate chip, the shape is a half-cylindrical ring with many protruded holes. Naike Chemical supplies the finest quality of protruded metal distillation packing with the best-perforated percentage in the world.<\/p>\n<p>Also known as Cannon Packing, it consists of a number of thin stainless steel plates with small holes, but the punching does not remove the metal, but rather causes it to protrude into a rough surface, which facilitates the wetting of the metal surface by the liquid. Mainly used in the separation process of laboratory and small-batch, high purity products. Its strength is greater than other experimental fillers.<\/p>\n","category_list":"","author_info":{"name":"","url":""},"comments_num":"0 comments","_links":{"self":[{"href":"https:\/\/www.laiko.net\/pt\/wp-json\/wp\/v2\/product\/3471","targetHints":{"allow":["GET"]}}],"collection":[{"href":"https:\/\/www.laiko.net\/pt\/wp-json\/wp\/v2\/product"}],"about":[{"href":"https:\/\/www.laiko.net\/pt\/wp-json\/wp\/v2\/types\/product"}],"wp:featuredmedia":[{"embeddable":true,"href":"https:\/\/www.laiko.net\/pt\/wp-json\/wp\/v2\/media\/3987"}],"wp:attachment":[{"href":"https:\/\/www.laiko.net\/pt\/wp-json\/wp\/v2\/media?parent=3471"}],"wp:term":[{"taxonomy":"product_cat","embeddable":true,"href":"https:\/\/www.laiko.net\/pt\/wp-json\/wp\/v2\/product_cat?post=3471"},{"taxonomy":"product_tag","embeddable":true,"href":"https:\/\/www.laiko.net\/pt\/wp-json\/wp\/v2\/product_tag?post=3471"}],"curies":[{"name":"wp","href":"https:\/\/api.w.org\/{rel}","templated":true}]}}