{"id":3470,"date":"2023-10-27T14:53:34","date_gmt":"2023-10-27T06:53:34","guid":{"rendered":"http:\/\/www3.laiko.net\/?post_type=product&#038;p=3470"},"modified":"2023-11-11T17:37:02","modified_gmt":"2023-11-11T09:37:02","slug":"dixon-ring","status":"publish","type":"product","link":"https:\/\/www.laiko.net\/pt\/produto\/anel-dixon\/","title":{"rendered":"Anel Dixon"},"content":{"rendered":"<h2>Descri\u00e7\u00e3o geral do anel de Dixon<\/h2>\n<p>Tamb\u00e9m conhecida como embalagem Dixon (Dixon), \u00e9 uma pequena part\u00edcula de embalagem eficiente, feita de malha de arame ou placa de orif\u00edcio perfurante, o di\u00e2metro e a altura da embalagem s\u00e3o iguais, usada principalmente no laborat\u00f3rio e na embalagem de pequenos lotes, processo de separa\u00e7\u00e3o de produtos de alta pureza.<\/p>\n<p>A queda de press\u00e3o dos enchimentos est\u00e1 relacionada com factores como a velocidade do g\u00e1s, a quantidade de l\u00edquido pulverizado, o peso do sistema de materiais, a tens\u00e3o superficial, a viscosidade e as propriedades dos enchimentos, bem como com o tratamento de pr\u00e9-inunda\u00e7\u00e3o dos enchimentos. As condi\u00e7\u00f5es dos dados seguintes s\u00e3o operadas sob refluxo total e a press\u00e3o de funcionamento \u00e9 a press\u00e3o normal para refer\u00eancia.<\/p>\n<p>\u03a6 1,5 x 1,5 \u03a6 queda de press\u00e3o na torre de 13 mm \u03a6 \u00e9 de 70 ~ 400 mmh2o\/m (cresil etano)<\/p>\n<p>\u03a6 2,5 x 2,5 na torre de 50 mm \u03a6 a queda de press\u00e3o \u00e9 de 55 ~ 250 mmh2o\/m (cresil etano)<\/p>\n<p>\u03a6 4 x 4 queda de press\u00e3o na torre de 50 mm \u03a6 \u00e9 de 30 ~ 200 mmh2o\/m (\u00e1gua)<\/p>\n<p>Al\u00e9m disso, a quantidade de histerese dos enchimentos de an\u00e9is de reorganiza\u00e7\u00e3o \u00e9 maior do que a dos enchimentos s\u00f3lidos do mesmo tipo, indicando que a humidifica\u00e7\u00e3o da superf\u00edcie dos an\u00e9is de reorganiza\u00e7\u00e3o \u00e9 mais completa do que a dos an\u00e9is de porcelana em geral, levando a uma maior taxa de forma\u00e7\u00e3o de pel\u00edcula e a uma maior efici\u00eancia. No caso de cargas com di\u00e2metros mais pequenos, este facto \u00e9 mais evidente.<\/p>\n<p>\u00c0 medida que o di\u00e2metro da torre aumenta, o n\u00famero de placas te\u00f3ricas diminui muito (HETP = 0,8 ~ 1,2dr em Dr\/d&gt;10, mas a efici\u00eancia de empacotamento diminui significativamente em Dr\/d&gt;70). O n\u00famero de placas te\u00f3ricas aumenta \u00e0 medida que a velocidade do g\u00e1s aumenta, mas diminui \u00e0 medida que a taxa de humidifica\u00e7\u00e3o da superf\u00edcie diminui.15.<\/p>\n<p>A minha empresa produz enchimentos para uma \u00fanica camada de serigrafia.<\/p>\n<h2>Par\u00e2metros do anel de Dixon<\/h2>\n<div class=\"overflow_x\">\n<table cellspacing=\"0\">\n<tbody>\n<tr class=\"firstRow\">\n<td valign=\"center\">Especifica\u00e7\u00f5es<\/td>\n<td valign=\"center\">Malha<\/td>\n<td valign=\"center\">Di\u00e2metro da torre (mm)<\/td>\n<td valign=\"center\">N\u00famero te\u00f3rico de placas\/m<\/td>\n<td valign=\"center\">Densidade da embalagem (kg\/m3)<\/td>\n<td valign=\"center\">Porosidade (%)<\/td>\n<td valign=\"center\">R\u00e1cio de press\u00e3o (mbar\/m)<\/td>\n<\/tr>\n<tr>\n<td valign=\"center\">\u03b82X2<\/td>\n<td valign=\"center\">100<\/td>\n<td valign=\"center\">\u03b810-\u03b835<\/td>\n<td valign=\"center\">60-65<\/td>\n<td valign=\"center\">670<\/td>\n<td valign=\"center\">91<\/td>\n<td valign=\"center\">30<\/td>\n<\/tr>\n<tr>\n<td valign=\"center\">\u03b83\u00d73<\/td>\n<td valign=\"center\">100<\/td>\n<td valign=\"center\">\u03b820-\u03b850<\/td>\n<td valign=\"center\">50-55<\/td>\n<td valign=\"center\">520<\/td>\n<td valign=\"center\">93<\/td>\n<td valign=\"center\">15<\/td>\n<\/tr>\n<tr>\n<td valign=\"center\">\u03b84\u00d74<\/td>\n<td valign=\"center\">100<\/td>\n<td valign=\"center\">\u03b820-\u03b870<\/td>\n<td valign=\"center\">30-32<\/td>\n<td valign=\"center\">380<\/td>\n<td valign=\"center\">95<\/td>\n<td valign=\"center\">10<\/td>\n<\/tr>\n<tr>\n<td valign=\"center\">\u03b85\u00d75<\/td>\n<td valign=\"center\">100<\/td>\n<td valign=\"center\">\u03b820-\u03b8100<\/td>\n<td valign=\"center\">15-20<\/td>\n<td valign=\"center\">295<\/td>\n<td valign=\"center\">95<\/td>\n<td valign=\"center\">10<\/td>\n<\/tr>\n<tr>\n<td valign=\"center\">\u03b86\u00d76<\/td>\n<td valign=\"center\">80<\/td>\n<td valign=\"center\">\u03b820-\u03b8150<\/td>\n<td valign=\"center\">12-15<\/td>\n<td valign=\"center\">280<\/td>\n<td valign=\"center\">95<\/td>\n<td valign=\"center\">10<\/td>\n<\/tr>\n<tr>\n<td valign=\"center\">\u03b87\u00d77<\/td>\n<td valign=\"center\">80<\/td>\n<td valign=\"center\">\u03b820-\u03b8200<\/td>\n<td valign=\"center\">14-17<\/td>\n<td valign=\"center\">265<\/td>\n<td valign=\"center\">95<\/td>\n<td valign=\"center\">8<\/td>\n<\/tr>\n<tr>\n<td valign=\"center\">\u03b88\u00d78<\/td>\n<td valign=\"center\">80<\/td>\n<td valign=\"center\">\u03b820-\u03b8250<\/td>\n<td valign=\"center\">10-12<\/td>\n<td valign=\"center\">235<\/td>\n<td valign=\"center\">95<\/td>\n<td valign=\"center\">8<\/td>\n<\/tr>\n<tr>\n<td valign=\"center\">\u03b810\u00d710<\/td>\n<td valign=\"center\">80<\/td>\n<td valign=\"center\">\u03b820-\u03b8300<\/td>\n<td valign=\"center\">7-8<\/td>\n<td valign=\"center\">200<\/td>\n<td valign=\"center\">95<\/td>\n<td valign=\"center\">8<\/td>\n<\/tr>\n<\/tbody>\n<\/table>\n<\/div>","protected":false},"excerpt":{"rendered":"<p>O anel Dixon foi originalmente concebido pelo Dr. George Olaf Dixon em 1946, \u00e9 um grande desenvolvimento do anel de parti\u00e7\u00e3o cruzada de cer\u00e2mica. Desde o seu nascimento, o anel Dixon era feito \u00e0 m\u00e3o, mesmo depois do processo automatizado ter surgido, o anel Dixon de melhor qualidade continua a ser feito \u00e0 m\u00e3o. A vantagem do anel Dixon \u00e9 a transfer\u00eancia de massa de alta efici\u00eancia e as quedas de press\u00e3o extremamente baixas.<\/p>","protected":false},"featured_media":4061,"template":"","meta":{"_seopress_robots_primary_cat":"","_monsterinsights_skip_tracking":false,"_monsterinsights_sitenote_active":false,"_monsterinsights_sitenote_note":"","_monsterinsights_sitenote_category":0,"_joinchat":[]},"product_cat":[80],"product_tag":[],"class_list":["post-3470","product","type-product","status-publish","has-post-thumbnail","hentry","product_cat-laboratory-packing"],"featured_image_urls":{"full":["https:\/\/www.laiko.net\/wp-content\/uploads\/2023\/10\/dixon-ring.jpg",600,350,false],"thumbnail":["https:\/\/www.laiko.net\/wp-content\/uploads\/2023\/10\/dixon-ring-150x150.jpg",150,150,true],"medium":["https:\/\/www.laiko.net\/wp-content\/uploads\/2023\/10\/dixon-ring-300x175.jpg",300,175,true],"medium_large":["https:\/\/www.laiko.net\/wp-content\/uploads\/2023\/10\/dixon-ring.jpg",600,350,false],"large":["https:\/\/www.laiko.net\/wp-content\/uploads\/2023\/10\/dixon-ring.jpg",600,350,false],"1536x1536":["https:\/\/www.laiko.net\/wp-content\/uploads\/2023\/10\/dixon-ring.jpg",600,350,false],"2048x2048":["https:\/\/www.laiko.net\/wp-content\/uploads\/2023\/10\/dixon-ring.jpg",600,350,false],"trp-custom-language-flag":["https:\/\/www.laiko.net\/wp-content\/uploads\/2023\/10\/dixon-ring.jpg",18,12,false],"woocommerce_thumbnail":["https:\/\/www.laiko.net\/wp-content\/uploads\/2023\/10\/dixon-ring-300x175.jpg",300,175,true],"woocommerce_single":["https:\/\/www.laiko.net\/wp-content\/uploads\/2023\/10\/dixon-ring.jpg",600,350,false],"woocommerce_gallery_thumbnail":["https:\/\/www.laiko.net\/wp-content\/uploads\/2023\/10\/dixon-ring-100x100.jpg",100,100,true]},"post_excerpt_stackable":"<p>Dixon ring was Originally designed by Dr George Olaf Dixon in 1946, it is a large development from Ceramic cross partition ring. Since it was born, Dixon ring was fine handmade, even after the automated process came up, the best quality Dixon ring is still fine handmade. The advantage of Dixon ring is high-efficiency mass transfer and extremely low-pressure drops.<\/p>\n","category_list":"","author_info":{"name":"","url":""},"comments_num":"0 comments","_links":{"self":[{"href":"https:\/\/www.laiko.net\/pt\/wp-json\/wp\/v2\/product\/3470","targetHints":{"allow":["GET"]}}],"collection":[{"href":"https:\/\/www.laiko.net\/pt\/wp-json\/wp\/v2\/product"}],"about":[{"href":"https:\/\/www.laiko.net\/pt\/wp-json\/wp\/v2\/types\/product"}],"wp:featuredmedia":[{"embeddable":true,"href":"https:\/\/www.laiko.net\/pt\/wp-json\/wp\/v2\/media\/4061"}],"wp:attachment":[{"href":"https:\/\/www.laiko.net\/pt\/wp-json\/wp\/v2\/media?parent=3470"}],"wp:term":[{"taxonomy":"product_cat","embeddable":true,"href":"https:\/\/www.laiko.net\/pt\/wp-json\/wp\/v2\/product_cat?post=3470"},{"taxonomy":"product_tag","embeddable":true,"href":"https:\/\/www.laiko.net\/pt\/wp-json\/wp\/v2\/product_tag?post=3470"}],"curies":[{"name":"wp","href":"https:\/\/api.w.org\/{rel}","templated":true}]}}