{"id":3464,"date":"2023-10-27T14:42:23","date_gmt":"2023-10-27T06:42:23","guid":{"rendered":"http:\/\/www3.laiko.net\/?post_type=product&#038;p=3464"},"modified":"2023-11-11T17:40:41","modified_gmt":"2023-11-11T09:40:41","slug":"laboratory-structured-packing","status":"publish","type":"product","link":"https:\/\/www.laiko.net\/pt\/produto\/embalagem-estruturada-para-laboratorio\/","title":{"rendered":"Embalagem estruturada para laborat\u00f3rio"},"content":{"rendered":"<h2>Caracter\u00edsticas<\/h2>\n<ul class=\"list-paddingleft-2\">\n<li>Elevado n\u00famero de fases te\u00f3ricas por metro.<\/li>\n<li>Baixa queda de press\u00e3o<\/li>\n<li>Elevada efici\u00eancia de separa\u00e7\u00e3o<\/li>\n<li>Pequena reten\u00e7\u00e3o<\/li>\n<li>Aumento fi\u00e1vel da escala<\/li>\n<\/ul>\n<h2>Aplica\u00e7\u00e3o<\/h2>\n<ul class=\"list-paddingleft-2\">\n<li>Quando \u00e9 necess\u00e1rio um elevado n\u00famero de fases te\u00f3ricas com uma carga l\u00edquida reduzida<\/li>\n<li>Colunas de instala\u00e7\u00f5es-piloto.<\/li>\n<li>Colunas de laborat\u00f3rio de 20 a 100 mm.<\/li>\n<li>Tarefa de separa\u00e7\u00e3o de alta pureza.<\/li>\n<li>Deriva\u00e7\u00e3o de regras fi\u00e1veis de aumento de escala.<\/li>\n<\/ul>\n<h2>Par\u00e2metros<\/h2>\n<table>\n<tbody>\n<tr>\n<td colspan=\"8\" width=\"761\"><strong><b>Caracter\u00edsticas geom\u00e9tricas de quatro tipos de embalagens de gaze de a\u00e7o inoxid\u00e1vel com elevada \u00e1rea espec\u00edfica<\/b><\/strong><\/td>\n<\/tr>\n<tr>\n<td>Tipo<\/td>\n<td>\u00a0\u00e1rea de superf\u00edcie \u03b1<sub>p<\/sub>\/m<sup>-1\u00a0<\/sup><\/td>\n<td width=\"103\">queda de press\u00e3o Mpa\/m<\/td>\n<td width=\"77\">Teoria<br \/>\nfolha<\/td>\n<td width=\"68\">H\/mm<\/td>\n<td width=\"82\">altura m\u00e1xima<br \/>\nh\/mm<\/td>\n<td width=\"74\">inclina\u00e7\u00e3o das ondas<br \/>\nb\/mm<\/td>\n<td>R\u00e1cio de vazios (%)<\/td>\n<\/tr>\n<tr>\n<td>900Y<\/td>\n<td>900<\/td>\n<td width=\"103\">6-7*10<sup>-4<\/sup><\/td>\n<td>9-11<\/td>\n<td width=\"68\">30<\/td>\n<td width=\"82\">3.1<\/td>\n<td>6.3<\/td>\n<td>91<\/td>\n<\/tr>\n<tr>\n<td>1100Y<\/td>\n<td>1100<\/td>\n<td width=\"103\">8.2-10*10<sup>-4<\/sup><\/td>\n<td>13-14<\/td>\n<td width=\"68\">30<\/td>\n<td width=\"82\">2.6<\/td>\n<td>5.1<\/td>\n<td>89<\/td>\n<\/tr>\n<tr>\n<td width=\"75\">1700Y<\/td>\n<td>1700<\/td>\n<td width=\"103\">16-25*10<sup>-4<\/sup><\/td>\n<td>26-30<\/td>\n<td width=\"68\">30<\/td>\n<td width=\"82\">1.7<\/td>\n<td>3.3<\/td>\n<td>83<\/td>\n<\/tr>\n<tr>\n<td>2500Y<\/td>\n<td>2500<\/td>\n<td width=\"103\">27-31*10<sup>-4<\/sup><\/td>\n<td>34-39<\/td>\n<td width=\"68\">30<\/td>\n<td width=\"82\">1.2<\/td>\n<td>2.3<\/td>\n<td>75<\/td>\n<\/tr>\n<\/tbody>\n<\/table>","protected":false},"excerpt":{"rendered":"<p>A embalagem estruturada de laborat\u00f3rio \u00e9 um tipo de embalagem estruturada com um di\u00e2metro pequeno que varia entre 20 mm e 100 mm. A embalagem estruturada de gaze de arame met\u00e1lico consiste em m\u00faltiplos fios de arame muito fino. Tem uma grande \u00e1rea de superf\u00edcie que varia de 900m2\/m3-2500m2\/m3.<\/p>\n<p>Para pequenos di\u00e2metros de coluna de laborat\u00f3rio, podemos oferecer tipos de embalagem especialmente concebidos (900Y, 1100Y, 1700Y e 2500Y) para uma avalia\u00e7\u00e3o preliminar de uma tarefa de separa\u00e7\u00e3o. Pode fornecer o maior n\u00famero de est\u00e1gios te\u00f3ricos, mantendo uma pequena queda de press\u00e3o. O material pode ser a\u00e7o inoxid\u00e1vel e diferentes ligas.<\/p>","protected":false},"featured_media":4062,"template":"","meta":{"_seopress_robots_primary_cat":"","_monsterinsights_skip_tracking":false,"_monsterinsights_sitenote_active":false,"_monsterinsights_sitenote_note":"","_monsterinsights_sitenote_category":0,"_joinchat":[]},"product_cat":[80],"product_tag":[],"class_list":["post-3464","product","type-product","status-publish","has-post-thumbnail","hentry","product_cat-laboratory-packing"],"featured_image_urls":{"full":["https:\/\/www.laiko.net\/wp-content\/uploads\/2023\/10\/Laboratory-Structured-Packing.jpg",600,350,false],"thumbnail":["https:\/\/www.laiko.net\/wp-content\/uploads\/2023\/10\/Laboratory-Structured-Packing-150x150.jpg",150,150,true],"medium":["https:\/\/www.laiko.net\/wp-content\/uploads\/2023\/10\/Laboratory-Structured-Packing-300x175.jpg",300,175,true],"medium_large":["https:\/\/www.laiko.net\/wp-content\/uploads\/2023\/10\/Laboratory-Structured-Packing.jpg",600,350,false],"large":["https:\/\/www.laiko.net\/wp-content\/uploads\/2023\/10\/Laboratory-Structured-Packing.jpg",600,350,false],"1536x1536":["https:\/\/www.laiko.net\/wp-content\/uploads\/2023\/10\/Laboratory-Structured-Packing.jpg",600,350,false],"2048x2048":["https:\/\/www.laiko.net\/wp-content\/uploads\/2023\/10\/Laboratory-Structured-Packing.jpg",600,350,false],"trp-custom-language-flag":["https:\/\/www.laiko.net\/wp-content\/uploads\/2023\/10\/Laboratory-Structured-Packing.jpg",18,12,false],"woocommerce_thumbnail":["https:\/\/www.laiko.net\/wp-content\/uploads\/2023\/10\/Laboratory-Structured-Packing-300x175.jpg",300,175,true],"woocommerce_single":["https:\/\/www.laiko.net\/wp-content\/uploads\/2023\/10\/Laboratory-Structured-Packing.jpg",600,350,false],"woocommerce_gallery_thumbnail":["https:\/\/www.laiko.net\/wp-content\/uploads\/2023\/10\/Laboratory-Structured-Packing-100x100.jpg",100,100,true]},"post_excerpt_stackable":"<p>Laboratory structured packing is a kind of structured packing\u00a0with small diameter\u00a0which is range from 20 mm to 100\u00a0mm. The metal wire gauze structured packing consists of multiple strands of very fine wire. It has a large surface area range from 900m2\/m3-2500m2\/m3.<\/p>\n<p>For small laboratory column diameters we can offer specially designed packing types (900Y, 1100Y, 1700Y and 2500Y) for a preliminary assessment of a separation task. It can provide the highest number of theoretical stages while keeping a small pressure drop. The material could be stainless steel and different alloys.<\/p>\n","category_list":"","author_info":{"name":"","url":""},"comments_num":"0 comments","_links":{"self":[{"href":"https:\/\/www.laiko.net\/pt\/wp-json\/wp\/v2\/product\/3464","targetHints":{"allow":["GET"]}}],"collection":[{"href":"https:\/\/www.laiko.net\/pt\/wp-json\/wp\/v2\/product"}],"about":[{"href":"https:\/\/www.laiko.net\/pt\/wp-json\/wp\/v2\/types\/product"}],"wp:featuredmedia":[{"embeddable":true,"href":"https:\/\/www.laiko.net\/pt\/wp-json\/wp\/v2\/media\/4062"}],"wp:attachment":[{"href":"https:\/\/www.laiko.net\/pt\/wp-json\/wp\/v2\/media?parent=3464"}],"wp:term":[{"taxonomy":"product_cat","embeddable":true,"href":"https:\/\/www.laiko.net\/pt\/wp-json\/wp\/v2\/product_cat?post=3464"},{"taxonomy":"product_tag","embeddable":true,"href":"https:\/\/www.laiko.net\/pt\/wp-json\/wp\/v2\/product_tag?post=3464"}],"curies":[{"name":"wp","href":"https:\/\/api.w.org\/{rel}","templated":true}]}}