{"id":3463,"date":"2023-10-27T14:03:28","date_gmt":"2023-10-27T06:03:28","guid":{"rendered":"http:\/\/www3.laiko.net\/?post_type=product&#038;p=3463"},"modified":"2023-10-27T14:03:44","modified_gmt":"2023-10-27T06:03:44","slug":"insulating-glass-molecular-sieve","status":"publish","type":"product","link":"https:\/\/www.laiko.net\/pt\/produto\/peneira-molecular-de-vidro-isolante\/","title":{"rendered":"Vidro isolante Peneira molecular"},"content":{"rendered":"<h2>Par\u00e2metros do crivo molecular de vidro isolante<\/h2>\n<div class=\"overflow_x\">\n<table cellspacing=\"0\" cellpadding=\"0\">\n<colgroup>\n<col \/>\n<col \/>\n<col \/>\n<col \/>\n<col \/><\/colgroup>\n<tbody>\n<tr class=\"firstRow\">\n<td height=\"24\">Shpe<\/td>\n<td><\/td>\n<td colspan=\"3\">Esfera<\/td>\n<\/tr>\n<tr>\n<td height=\"24\">Di\u00e2metro<\/td>\n<td>mm<\/td>\n<td>0.5-0.8<\/td>\n<td>1.0-1.5<\/td>\n<td>1.5-2.0<\/td>\n<\/tr>\n<tr>\n<td height=\"24\">Volume dos poros<\/td>\n<td>\u00c5<\/td>\n<td>3<\/td>\n<td>3<\/td>\n<td>3<\/td>\n<\/tr>\n<tr>\n<td height=\"24\">Densidade aparente<\/td>\n<td>g\/ml<\/td>\n<td>0.74-0.80<\/td>\n<td>0.72-0.78<\/td>\n<td>0.72-0.78<\/td>\n<\/tr>\n<tr>\n<td height=\"24\">Absor\u00e7\u00e3o est\u00e1tica de \u00e1gua<\/td>\n<td>%<\/td>\n<td>\u226520.0<\/td>\n<td>\u226520.0<\/td>\n<td>\u226520.0<\/td>\n<\/tr>\n<tr>\n<td height=\"24\">Resist\u00eancia ao esmagamento<\/td>\n<td>N\/pe\u00e7a<\/td>\n<td>\u22655<\/td>\n<td>\u226515<\/td>\n<td>\u226520<\/td>\n<\/tr>\n<tr>\n<td height=\"24\">Poeiras (Turbid\u00edmetro)<\/td>\n<td>ppm<\/td>\n<td>\u226430<\/td>\n<td>\u226430<\/td>\n<td>\u226430<\/td>\n<\/tr>\n<tr>\n<td height=\"25\">Delta T (10 g \/10ml)<\/td>\n<td>\u2103<\/td>\n<td>\u226538<\/td>\n<td>\u226538<\/td>\n<td>\u226538<\/td>\n<\/tr>\n<tr>\n<td height=\"24\">Capacidade de equil\u00edbrio de N2<\/td>\n<td>%<\/td>\n<td>\u22640.2<\/td>\n<td>\u22640.2<\/td>\n<td>\u22640.2<\/td>\n<\/tr>\n<tr>\n<td height=\"25\">Ponto de orvalho<\/td>\n<td>\u2103<\/td>\n<td>&lt;-73<\/td>\n<td>&lt;-73<\/td>\n<td>&lt;-73<\/td>\n<\/tr>\n<tr>\n<td height=\"24\">R\u00e1cio de dimens\u00e3o<\/td>\n<td>%<\/td>\n<td>\u226598.0<\/td>\n<td>\u226598.0<\/td>\n<td>\u226598.0<\/td>\n<\/tr>\n<tr>\n<td height=\"24\">Teor de \u00e1gua, tal como expedido<\/td>\n<td>%<\/td>\n<td>&lt;1.5<\/td>\n<td>&lt;1.5<\/td>\n<td>&lt;1.5<\/td>\n<\/tr>\n<\/tbody>\n<\/table>\n<\/div>\n<h2>Vantagens da peneira molecular de vidro isolante<\/h2>\n<ul class=\"list-paddingleft-2\">\n<li>Adsor\u00e7\u00e3o muito selectiva<\/li>\n<\/ul>\n<p>Vidro isolante\u00a0<a href=\"https:\/\/www.laiko.net\/molecular-sieve-zeolite\/\" target=\"_self\" rel=\"noopener\">material de peneira molecular<\/a>\u00a0foi concebido como um adsorvente de elevada capacidade de \u00e1gua com a mais baixa capacidade para ar ou outros gases. A estrutura de poros altamente selectiva assegura uma excelente prote\u00e7\u00e3o do ponto de orvalho da \u00e1gua, eliminando simultaneamente a co-adsor\u00e7\u00e3o de gases no espa\u00e7o de ar vedado.<\/p>\n<ul class=\"list-paddingleft-2\">\n<li>Baixa deflex\u00e3o<\/li>\n<\/ul>\n<p>Como a peneira molecular de vidro isolante minimiza a recolha de outros gases, reduz a deflex\u00e3o e o stress da unidade de contribui\u00e7\u00e3o do adsorvente em condi\u00e7\u00f5es clim\u00e1ticas severas.<\/p>\n<ul class=\"list-paddingleft-2\">\n<li>Economia e desempenho<\/li>\n<\/ul>\n<p>A peneira molecular de vidro isolante aumenta as taxas de produ\u00e7\u00e3o de nitrog\u00e9nio cheio de g\u00e1s, uma vez que as unidades podem ser seladas imediatamente ap\u00f3s o enchimento. Al\u00e9m disso, a utiliza\u00e7\u00e3o da peneira molecular de vidro isolante mant\u00e9m os valores de isolamento ac\u00fastico e t\u00e9rmico da unidade, minimizando a adsor\u00e7\u00e3o de gases do espa\u00e7o selado.<\/p>\n<ul class=\"list-paddingleft-2\">\n<li>Homog\u00e9neo e n\u00e3o separ\u00e1vel<\/li>\n<\/ul>\n<p>Ao contr\u00e1rio das misturas de dois dessecantes diferentes que se separam devido \u00e0s diferentes densidades dos componentes, a peneira molecular de vidro isolante \u00e9 homog\u00e9nea e uniforme. Cada gr\u00e2nulo \u00e9 igual a todos os outros. N\u00e3o h\u00e1 necessidade de se preocupar com a varia\u00e7\u00e3o de unidade para unidade, que pode ocorrer com as misturas.<\/p>\n<ul class=\"list-paddingleft-2\">\n<li>Humidade residual<\/li>\n<\/ul>\n<p>O crivo molecular de vidro isolante \u00e9 fornecido como um adsorvente de vidro isolante totalmente ativado, pronto a ser utilizado em opera\u00e7\u00f5es de enchimento de espa\u00e7adores.<\/p>","protected":false},"excerpt":{"rendered":"<p>A peneira molecular para vidro isolante \u00e9 o produto que fornece \u00e0 ind\u00fastria do vidro isolante a maior capacidade de \u00e1gua e a menor adsor\u00e7\u00e3o de g\u00e1s para sistemas sem solventes.<\/p>","protected":false},"featured_media":836,"template":"","meta":{"_seopress_robots_primary_cat":"","_monsterinsights_skip_tracking":false,"_monsterinsights_sitenote_active":false,"_monsterinsights_sitenote_note":"","_monsterinsights_sitenote_category":0,"_joinchat":[]},"product_cat":[79],"product_tag":[],"class_list":["post-3463","product","type-product","status-publish","has-post-thumbnail","hentry","product_cat-molecular-sieve-zeolite"],"featured_image_urls":{"full":["https:\/\/www.laiko.net\/wp-content\/uploads\/2023\/10\/frc-824211b8941a7f30ecdf1ef59b60447a.jpg",600,350,false],"thumbnail":["https:\/\/www.laiko.net\/wp-content\/uploads\/2023\/10\/frc-824211b8941a7f30ecdf1ef59b60447a-150x150.jpg",150,150,true],"medium":["https:\/\/www.laiko.net\/wp-content\/uploads\/2023\/10\/frc-824211b8941a7f30ecdf1ef59b60447a-300x175.jpg",300,175,true],"medium_large":["https:\/\/www.laiko.net\/wp-content\/uploads\/2023\/10\/frc-824211b8941a7f30ecdf1ef59b60447a.jpg",600,350,false],"large":["https:\/\/www.laiko.net\/wp-content\/uploads\/2023\/10\/frc-824211b8941a7f30ecdf1ef59b60447a.jpg",600,350,false],"1536x1536":["https:\/\/www.laiko.net\/wp-content\/uploads\/2023\/10\/frc-824211b8941a7f30ecdf1ef59b60447a.jpg",600,350,false],"2048x2048":["https:\/\/www.laiko.net\/wp-content\/uploads\/2023\/10\/frc-824211b8941a7f30ecdf1ef59b60447a.jpg",600,350,false],"trp-custom-language-flag":["https:\/\/www.laiko.net\/wp-content\/uploads\/2023\/10\/frc-824211b8941a7f30ecdf1ef59b60447a.jpg",18,12,false],"woocommerce_thumbnail":["https:\/\/www.laiko.net\/wp-content\/uploads\/2023\/10\/frc-824211b8941a7f30ecdf1ef59b60447a-300x175.jpg",300,175,true],"woocommerce_single":["https:\/\/www.laiko.net\/wp-content\/uploads\/2023\/10\/frc-824211b8941a7f30ecdf1ef59b60447a.jpg",600,350,false],"woocommerce_gallery_thumbnail":["https:\/\/www.laiko.net\/wp-content\/uploads\/2023\/10\/frc-824211b8941a7f30ecdf1ef59b60447a-100x100.jpg",100,100,true]},"post_excerpt_stackable":"<p>Insulating glass molecular sieve is the product to provide the insulating glass industry with the highest water capacity and lowest gas adsorption for solvent-free systems.<\/p>\n","category_list":"","author_info":{"name":"","url":""},"comments_num":"0 comments","_links":{"self":[{"href":"https:\/\/www.laiko.net\/pt\/wp-json\/wp\/v2\/product\/3463","targetHints":{"allow":["GET"]}}],"collection":[{"href":"https:\/\/www.laiko.net\/pt\/wp-json\/wp\/v2\/product"}],"about":[{"href":"https:\/\/www.laiko.net\/pt\/wp-json\/wp\/v2\/types\/product"}],"wp:featuredmedia":[{"embeddable":true,"href":"https:\/\/www.laiko.net\/pt\/wp-json\/wp\/v2\/media\/836"}],"wp:attachment":[{"href":"https:\/\/www.laiko.net\/pt\/wp-json\/wp\/v2\/media?parent=3463"}],"wp:term":[{"taxonomy":"product_cat","embeddable":true,"href":"https:\/\/www.laiko.net\/pt\/wp-json\/wp\/v2\/product_cat?post=3463"},{"taxonomy":"product_tag","embeddable":true,"href":"https:\/\/www.laiko.net\/pt\/wp-json\/wp\/v2\/product_tag?post=3463"}],"curies":[{"name":"wp","href":"https:\/\/api.w.org\/{rel}","templated":true}]}}