{"id":3461,"date":"2023-09-27T13:49:11","date_gmt":"2023-09-27T05:49:11","guid":{"rendered":"http:\/\/www3.laiko.net\/?post_type=product&#038;p=3461"},"modified":"2023-11-14T16:02:55","modified_gmt":"2023-11-14T08:02:55","slug":"zeolite-4a-detergent-powder","status":"publish","type":"product","link":"https:\/\/www.laiko.net\/pt\/produto\/detergente-em-po-zeolite-4a\/","title":{"rendered":"Detergente em p\u00f3 Zeolite 4A"},"content":{"rendered":"<h2>Caracter\u00edsticas do detergente em p\u00f3 zeolite 4a<\/h2>\n<p>A designa\u00e7\u00e3o qu\u00edmica do detergente em p\u00f3 zeolite 4a \u00e9 silicato de alum\u00ednio e s\u00f3dio. Trata-se de um p\u00f3 branco, n\u00e3o t\u00f3xico, inodoro e com boa fluidez<\/p>\n<h2><\/h2>\n<h2>Par\u00e2metros do detergente em p\u00f3 zeolite 4a<\/h2>\n<div class=\"overflow_x\">\n<table cellspacing=\"0\" cellpadding=\"0\">\n<colgroup>\n<col \/>\n<col \/>\n<col \/>\n<col \/>\n<col \/>\n<col \/>\n<col \/><\/colgroup>\n<tbody>\n<tr class=\"firstRow\">\n<td colspan=\"4\" height=\"20\">Artigo<\/td>\n<td colspan=\"3\">\u00cdndice<\/td>\n<\/tr>\n<tr>\n<td colspan=\"4\" height=\"20\">Tipo<\/td>\n<td colspan=\"3\">Gr\u00e2nulos<\/td>\n<\/tr>\n<tr>\n<td colspan=\"4\" height=\"20\">Odor<\/td>\n<td colspan=\"3\">Inodoro<\/td>\n<\/tr>\n<tr>\n<td colspan=\"4\" height=\"20\">Apar\u00eancia<\/td>\n<td colspan=\"3\">p\u00f3 fino branco<\/td>\n<\/tr>\n<tr>\n<td colspan=\"4\" height=\"20\">Perda de igni\u00e7\u00e3o (800\u00baC Clh)<\/td>\n<td colspan=\"3\">20\u58eb0.5%<\/td>\n<\/tr>\n<tr>\n<td colspan=\"4\" height=\"20\">Capacidade de permuta i\u00f3nica de Ca (seco) (mg CaCO3\/g)<\/td>\n<td colspan=\"3\">320\u58eb10<\/td>\n<\/tr>\n<tr>\n<td colspan=\"4\" height=\"20\">PH<\/td>\n<td colspan=\"3\">\u226411.0<\/td>\n<\/tr>\n<tr>\n<td colspan=\"4\" height=\"20\">Grau de brancura\uff08w=y)<\/td>\n<td colspan=\"3\">\u226596.5<\/td>\n<\/tr>\n<tr>\n<td colspan=\"4\" height=\"20\">Tamanho da part\u00edcula\uff08D50\uff09<\/td>\n<td colspan=\"3\">2-3um<\/td>\n<\/tr>\n<tr>\n<td colspan=\"4\" height=\"20\">Cristalino<\/td>\n<td colspan=\"3\">\u226597.0%<\/td>\n<\/tr>\n<tr>\n<td colspan=\"4\" height=\"20\">Alum\u00ednio (seco)<\/td>\n<td colspan=\"3\">\u226518.0%<\/td>\n<\/tr>\n<tr>\n<td colspan=\"4\" height=\"20\">Peneira h\u00famida de 325mesh \uff1e45\u03bcm<\/td>\n<td colspan=\"3\">\u22640,60%<\/td>\n<\/tr>\n<tr>\n<td colspan=\"4\" height=\"20\">Menos de\uff08\uff1c4\u00b5m\uff09<\/td>\n<td colspan=\"3\">\uff1e90%<\/td>\n<\/tr>\n<tr>\n<td colspan=\"4\" height=\"20\">Menos de\uff08\uff1c1\u00b5m\uff09<\/td>\n<td colspan=\"3\">\u226410%<\/td>\n<\/tr>\n<tr>\n<td colspan=\"4\" height=\"20\">Densidade a granel g\/l<\/td>\n<td colspan=\"3\">300-400<\/td>\n<\/tr>\n<tr>\n<td colspan=\"4\" height=\"20\">Capacidade de absor\u00e7\u00e3o<\/td>\n<td colspan=\"3\">35%<\/td>\n<\/tr>\n<\/tbody>\n<\/table>\n<\/div>\n<h2>Embalagem e armazenagem do detergente em p\u00f3 zeolite 4a<\/h2>\n<p>25kg\/saco, 40kg\/saco, 750kg\/saco<\/p>\n<h2>Aten\u00e7\u00e3o<\/h2>\n<p>Preven\u00e7\u00e3o contra a \u00e1gua, Aberto at\u00e9 \u00e0 utiliza\u00e7\u00e3o.<\/p>","protected":false},"excerpt":{"rendered":"<p>O detergente de ze\u00f3lito \u00e9 o principal construtor de detergente sem f\u00f3sforo ou com baixo teor de f\u00f3sforo. Este produto 3 em 1 configurado principalmente com detergente de ze\u00f3lito, carbonato de s\u00f3dio moderado e construtor de pol\u00edmero org\u00e2nico, e tem a mesma efic\u00e1cia que o fosfato de s\u00f3dio. N\u00e3o \u00e9 necess\u00e1rio preocupar-se com a quest\u00e3o da qualidade. O auxiliar de detergente de ze\u00f3lito pode ser configurado com muitos tensioactivos, como o alquibenzenosufonato linear (LAS), o sulfactante-AE e o sulfonato de a-olefina, se configurado com o \u00faltimo, a efic\u00e1cia seria especialmente melhor.<\/p>","protected":false},"featured_media":856,"template":"","meta":{"_seopress_robots_primary_cat":"none","_monsterinsights_skip_tracking":false,"_monsterinsights_sitenote_active":false,"_monsterinsights_sitenote_note":"","_monsterinsights_sitenote_category":0,"_joinchat":[]},"product_cat":[79],"product_tag":[],"class_list":["post-3461","product","type-product","status-publish","has-post-thumbnail","hentry","product_cat-molecular-sieve-zeolite"],"featured_image_urls":{"full":["https:\/\/www.laiko.net\/wp-content\/uploads\/2023\/10\/frc-4e6f5fbb356f97f0504ffac4d3d4e46e.jpg",600,350,false],"thumbnail":["https:\/\/www.laiko.net\/wp-content\/uploads\/2023\/10\/frc-4e6f5fbb356f97f0504ffac4d3d4e46e-150x150.jpg",150,150,true],"medium":["https:\/\/www.laiko.net\/wp-content\/uploads\/2023\/10\/frc-4e6f5fbb356f97f0504ffac4d3d4e46e-300x175.jpg",300,175,true],"medium_large":["https:\/\/www.laiko.net\/wp-content\/uploads\/2023\/10\/frc-4e6f5fbb356f97f0504ffac4d3d4e46e.jpg",600,350,false],"large":["https:\/\/www.laiko.net\/wp-content\/uploads\/2023\/10\/frc-4e6f5fbb356f97f0504ffac4d3d4e46e.jpg",600,350,false],"1536x1536":["https:\/\/www.laiko.net\/wp-content\/uploads\/2023\/10\/frc-4e6f5fbb356f97f0504ffac4d3d4e46e.jpg",600,350,false],"2048x2048":["https:\/\/www.laiko.net\/wp-content\/uploads\/2023\/10\/frc-4e6f5fbb356f97f0504ffac4d3d4e46e.jpg",600,350,false],"trp-custom-language-flag":["https:\/\/www.laiko.net\/wp-content\/uploads\/2023\/10\/frc-4e6f5fbb356f97f0504ffac4d3d4e46e.jpg",18,12,false],"woocommerce_thumbnail":["https:\/\/www.laiko.net\/wp-content\/uploads\/2023\/10\/frc-4e6f5fbb356f97f0504ffac4d3d4e46e-300x175.jpg",300,175,true],"woocommerce_single":["https:\/\/www.laiko.net\/wp-content\/uploads\/2023\/10\/frc-4e6f5fbb356f97f0504ffac4d3d4e46e.jpg",600,350,false],"woocommerce_gallery_thumbnail":["https:\/\/www.laiko.net\/wp-content\/uploads\/2023\/10\/frc-4e6f5fbb356f97f0504ffac4d3d4e46e-100x100.jpg",100,100,true]},"post_excerpt_stackable":"<p>Zeolite Detergent is the major builder of none phosphorus or low phosphorus detergent. this 3 in 1 product configured majorly with zeolite detergent, moderate sodium carbonate and organic polymer builder, and has the same efficacy as sodium phosphate. It is not necessary to worry about the question of quality. Zeolite detergent auxiliary can be configured with many surfactants, such as linear alkybenzenesufonate (LAS), sulfactant-AE, and a-olefin sulfonate, if configured with the last one, the efficacy would be especially better.<\/p>\n","category_list":"","author_info":{"name":"","url":""},"comments_num":"0 comments","_links":{"self":[{"href":"https:\/\/www.laiko.net\/pt\/wp-json\/wp\/v2\/product\/3461","targetHints":{"allow":["GET"]}}],"collection":[{"href":"https:\/\/www.laiko.net\/pt\/wp-json\/wp\/v2\/product"}],"about":[{"href":"https:\/\/www.laiko.net\/pt\/wp-json\/wp\/v2\/types\/product"}],"wp:featuredmedia":[{"embeddable":true,"href":"https:\/\/www.laiko.net\/pt\/wp-json\/wp\/v2\/media\/856"}],"wp:attachment":[{"href":"https:\/\/www.laiko.net\/pt\/wp-json\/wp\/v2\/media?parent=3461"}],"wp:term":[{"taxonomy":"product_cat","embeddable":true,"href":"https:\/\/www.laiko.net\/pt\/wp-json\/wp\/v2\/product_cat?post=3461"},{"taxonomy":"product_tag","embeddable":true,"href":"https:\/\/www.laiko.net\/pt\/wp-json\/wp\/v2\/product_tag?post=3461"}],"curies":[{"name":"wp","href":"https:\/\/api.w.org\/{rel}","templated":true}]}}