{"id":3459,"date":"2023-10-27T11:48:50","date_gmt":"2023-10-27T03:48:50","guid":{"rendered":"http:\/\/www3.laiko.net\/?post_type=product&#038;p=3459"},"modified":"2023-11-28T15:15:00","modified_gmt":"2023-11-28T07:15:00","slug":"carbon-molecular-sieve","status":"publish","type":"product","link":"https:\/\/www.laiko.net\/pt\/produto\/peneira-molecular-de-carbono\/","title":{"rendered":"Peneira molecular de carbono"},"content":{"rendered":"<h2>Propriedades da peneira molecular de carbono<\/h2>\n<div class=\"overflow_x\">\n<table>\n<tbody>\n<tr>\n<td width=\"94\">Modelo<\/td>\n<td width=\"94\">Di\u00e2metro do gr\u00e3o<\/td>\n<td width=\"94\">Resist\u00eancia do rolamento<\/td>\n<td width=\"94\">Propor\u00e7\u00e3o da pilha<\/td>\n<td width=\"94\">Temperatura de ensaio<\/td>\n<td width=\"94\">Per\u00edodos de absor\u00e7\u00e3o<\/td>\n<td width=\"94\">Press\u00e3o de adsor\u00e7\u00e3o<\/td>\n<td width=\"94\">Pureza(%)<\/td>\n<td width=\"94\">Produtividade (Nm3\/h.t)<\/td>\n<td width=\"94\">Recupera\u00e7\u00e3o de azoto\uff08%\uff09(N2\/Ar)<\/td>\n<\/tr>\n<tr>\n<td rowspan=\"12\" width=\"94\">CMS-240<\/td>\n<td rowspan=\"12\" width=\"94\">1,0~1,2 mm<\/td>\n<td rowspan=\"12\" width=\"94\">255N\/gr\u00e3o<\/td>\n<td rowspan=\"12\" width=\"94\">660~680 g\/l<\/td>\n<td rowspan=\"12\" width=\"94\">20\u00b0C<\/td>\n<td rowspan=\"12\" width=\"94\">58+2+58+2= 120 segundos<\/td>\n<td rowspan=\"6\" width=\"94\">0,6MPa<\/td>\n<td width=\"94\">99.99<\/td>\n<td width=\"94\">99.99<\/td>\n<td width=\"94\">\u226521<\/td>\n<\/tr>\n<tr>\n<td width=\"94\">99.9<\/td>\n<td width=\"94\">99.9<\/td>\n<td width=\"94\">\u226531<\/td>\n<\/tr>\n<tr>\n<td width=\"94\">99.5<\/td>\n<td width=\"94\">99.5<\/td>\n<td width=\"94\">\u226540<\/td>\n<\/tr>\n<tr>\n<td width=\"94\">99<\/td>\n<td width=\"94\">99<\/td>\n<td width=\"94\">\u226545<\/td>\n<\/tr>\n<tr>\n<td width=\"94\">98<\/td>\n<td width=\"94\">98<\/td>\n<td width=\"94\">\u226546<\/td>\n<\/tr>\n<tr>\n<td width=\"94\">97<\/td>\n<td width=\"94\">97<\/td>\n<td width=\"94\">\u226548<\/td>\n<\/tr>\n<tr>\n<td rowspan=\"6\" width=\"94\">0,8MPa<\/td>\n<td width=\"94\">99.99<\/td>\n<td width=\"94\">100<\/td>\n<td width=\"94\">\u226521<\/td>\n<\/tr>\n<tr>\n<td width=\"94\">99.9<\/td>\n<td width=\"94\">160<\/td>\n<td width=\"94\">\u226531<\/td>\n<\/tr>\n<tr>\n<td width=\"94\">99.5<\/td>\n<td width=\"94\">220<\/td>\n<td width=\"94\">\u226540<\/td>\n<\/tr>\n<tr>\n<td width=\"94\">99<\/td>\n<td width=\"94\">255<\/td>\n<td width=\"94\">\u226545<\/td>\n<\/tr>\n<tr>\n<td width=\"94\">98<\/td>\n<td width=\"94\">295<\/td>\n<td width=\"94\">\u226546<\/td>\n<\/tr>\n<tr>\n<td width=\"94\">97<\/td>\n<td width=\"94\">335<\/td>\n<td width=\"94\">\u226548<\/td>\n<\/tr>\n<\/tbody>\n<\/table>\n<p>&nbsp;<\/p>\n<\/div>\n<h2>Par\u00e2metros t\u00e9cnicos<\/h2>\n<div class=\"overflow_x\">\n<table>\n<tbody>\n<tr>\n<td colspan=\"2\">Modelo<\/td>\n<td colspan=\"3\">Peneira molecular de carbono<\/td>\n<\/tr>\n<tr>\n<td colspan=\"2\">Apar\u00eancia<\/td>\n<td colspan=\"3\">Preto, extrudido (pellets)<\/td>\n<\/tr>\n<tr>\n<td colspan=\"2\">Di\u00e2metro<\/td>\n<td colspan=\"3\">1.0- 1.2mm, 1.3- 1.5mm ou personalizado<\/td>\n<\/tr>\n<tr>\n<td colspan=\"2\">Resist\u00eancia ao esmagamento<\/td>\n<td colspan=\"3\">100N\/P min<\/td>\n<\/tr>\n<tr>\n<td colspan=\"2\">Densidade a granel (g\/l)<\/td>\n<td colspan=\"3\">650-690<\/td>\n<\/tr>\n<tr>\n<td colspan=\"2\">Teor de \u00e1gua (wt.%)<\/td>\n<td colspan=\"3\">1+-0.5<\/td>\n<\/tr>\n<tr>\n<td colspan=\"2\">N\u00edvel de poeira<\/td>\n<td colspan=\"3\">100PPM M\u00e1ximo<\/td>\n<\/tr>\n<tr>\n<td rowspan=\"2\">Tipo<\/td>\n<td>Press\u00e3o do adsorvente<\/td>\n<td>Pureza do azoto<\/td>\n<td>Quantidade de azoto<\/td>\n<td>N2\/Ar<\/td>\n<\/tr>\n<tr>\n<td>(MPa)<\/td>\n<td>(N2%)<\/td>\n<td>(NH3\/h.t)<\/td>\n<td>(%)<\/td>\n<\/tr>\n<tr>\n<td rowspan=\"5\">CMS-200<\/td>\n<td rowspan=\"5\">0.8<\/td>\n<td>99.99<\/td>\n<td>70<\/td>\n<td>21<\/td>\n<\/tr>\n<tr>\n<td>99.9<\/td>\n<td>140<\/td>\n<td>27<\/td>\n<\/tr>\n<tr>\n<td>99.5<\/td>\n<td>200<\/td>\n<td>36<\/td>\n<\/tr>\n<tr>\n<td>99<\/td>\n<td>260<\/td>\n<td>41<\/td>\n<\/tr>\n<tr>\n<td>98<\/td>\n<td>330<\/td>\n<td>48<\/td>\n<\/tr>\n<tr>\n<td rowspan=\"5\">CMS-220<\/td>\n<td rowspan=\"5\">0.8<\/td>\n<td>99.99<\/td>\n<td>90<\/td>\n<td>25<\/td>\n<\/tr>\n<tr>\n<td>99.9<\/td>\n<td>160<\/td>\n<td>34<\/td>\n<\/tr>\n<tr>\n<td>99.5<\/td>\n<td>220<\/td>\n<td>43<\/td>\n<\/tr>\n<tr>\n<td>99<\/td>\n<td>290<\/td>\n<td>48<\/td>\n<\/tr>\n<tr>\n<td>98<\/td>\n<td>360<\/td>\n<td>54<\/td>\n<\/tr>\n<tr>\n<td rowspan=\"5\">CMS-240<\/td>\n<td rowspan=\"5\">0.8<\/td>\n<td>99.99<\/td>\n<td>100<\/td>\n<td>26<\/td>\n<\/tr>\n<tr>\n<td>99.9<\/td>\n<td>175<\/td>\n<td>35<\/td>\n<\/tr>\n<tr>\n<td>99.5<\/td>\n<td>240<\/td>\n<td>44<\/td>\n<\/tr>\n<tr>\n<td>99<\/td>\n<td>300<\/td>\n<td>49<\/td>\n<\/tr>\n<tr>\n<td>98<\/td>\n<td>370<\/td>\n<td>55<\/td>\n<\/tr>\n<tr>\n<td rowspan=\"3\">CMS-260<\/td>\n<td rowspan=\"3\">0.8<\/td>\n<td>99.99<\/td>\n<td>120<\/td>\n<td>23<\/td>\n<\/tr>\n<tr>\n<td>99.9<\/td>\n<td>180<\/td>\n<td>27<\/td>\n<\/tr>\n<tr>\n<td>99.5<\/td>\n<td>260<\/td>\n<td>32<\/td>\n<\/tr>\n<tr>\n<td colspan=\"2\">Embalagem:<\/td>\n<td colspan=\"3\">20kg\/40kg\/ 137kg Tambor de pl\u00e1stico, barril de cart\u00e3o<\/td>\n<\/tr>\n<tr>\n<td colspan=\"2\">MOQ:<\/td>\n<td colspan=\"3\">500KG<\/td>\n<\/tr>\n<tr>\n<td colspan=\"2\">Condi\u00e7\u00f5es de pagamento:<\/td>\n<td colspan=\"3\">T\/T;L\/C;Western Union<\/td>\n<\/tr>\n<tr>\n<td colspan=\"2\" rowspan=\"2\">Garantia:<\/td>\n<td colspan=\"3\">a) tempo de armazenamento: &gt; 3 anos<\/td>\n<\/tr>\n<tr>\n<td colspan=\"3\">b)Oferecer consulta vital\u00edcia sobre os problemas ocorridos<\/td>\n<\/tr>\n<tr>\n<td colspan=\"2\">Contentor<\/td>\n<td>20GP<\/td>\n<td>40GP<\/td>\n<td>Encomenda de amostras<\/td>\n<\/tr>\n<tr>\n<td colspan=\"2\">Quantidade<\/td>\n<td>10.8MT<\/td>\n<td>21.6MT<\/td>\n<td>&lt;5kg<\/td>\n<\/tr>\n<tr>\n<td colspan=\"2\">Prazo de entrega<\/td>\n<td>5 dias<\/td>\n<td>10 dias<\/td>\n<td>Stock dispon\u00edvel<\/td>\n<\/tr>\n<\/tbody>\n<\/table>\n<\/div>\n<h2>\u00c2mbito do servi\u00e7o<\/h2>\n<p>Os seguintes m\u00e9ritos de servi\u00e7o:<\/p>\n<ul class=\"list-paddingleft-2\">\n<li>\u00a0 \u00a0 Elevada rela\u00e7\u00e3o entre desempenho e pre\u00e7o, reduzindo o custo de investimento e o custo de opera\u00e7\u00e3o.<\/li>\n<li>\u00a0 \u00a0 Grande dureza, pouca cinza, longa vida \u00fatil, part\u00edculas uniformes que protestam contra o impacto da corrente de ar.<\/li>\n<li>\u00a0 \u00a0 Qualidade est\u00e1vel: Testes estritamente de acordo com a norma 100% de produ\u00e7\u00e3o e gest\u00e3o de testes \u00e0 sa\u00edda da f\u00e1brica.<\/li>\n<li>\u00a0 \u00a0A resina \u00e9 utilizada na produ\u00e7\u00e3o de azoto de elevada pureza com bom desempenho que substitui os produtos de importa\u00e7\u00e3o semelhantes.<\/li>\n<\/ul>","protected":false},"excerpt":{"rendered":"<p>A gera\u00e7\u00e3o de azoto PSA (adsor\u00e7\u00e3o por oscila\u00e7\u00e3o de press\u00e3o) \u00e9 implementada pela carater\u00edstica de adsor\u00e7\u00e3o selectiva da CMS, e diferentes capacidades de adsor\u00e7\u00e3o sob diferentes press\u00f5es. Quando a press\u00e3o aumenta, o oxig\u00e9nio \u00e9 absorvido por\u00a0<a href=\"https:\/\/www.laiko.net\/product-category\/molecular-sieve-zeolite\/\" target=\"_self\" rel=\"noopener\">material de peneira molecular<\/a>\u00a0devido \u00e0 sua velocidade de expans\u00e3o mais r\u00e1pida na estrutura de microporos da CMS, separando assim o oxig\u00e9nio gasoso do azoto gasoso. Quando a press\u00e3o diminui, o oxig\u00e9nio \u00e9 dessorvido e a CMS \u00e9 regenerada. Esta opera\u00e7\u00e3o c\u00edclica permite a produ\u00e7\u00e3o sucessiva de azoto.<\/p>","protected":false},"featured_media":905,"template":"","meta":{"_seopress_robots_primary_cat":"none","_monsterinsights_skip_tracking":false,"_monsterinsights_sitenote_active":false,"_monsterinsights_sitenote_note":"","_monsterinsights_sitenote_category":0,"_joinchat":[]},"product_cat":[79],"product_tag":[],"class_list":["post-3459","product","type-product","status-publish","has-post-thumbnail","hentry","product_cat-molecular-sieve-zeolite"],"featured_image_urls":{"full":["https:\/\/www.laiko.net\/wp-content\/uploads\/2023\/10\/frc-96d383ddd1c27aa7711b12652c9cd568.jpg",600,350,false],"thumbnail":["https:\/\/www.laiko.net\/wp-content\/uploads\/2023\/10\/frc-96d383ddd1c27aa7711b12652c9cd568-150x150.jpg",150,150,true],"medium":["https:\/\/www.laiko.net\/wp-content\/uploads\/2023\/10\/frc-96d383ddd1c27aa7711b12652c9cd568-300x175.jpg",300,175,true],"medium_large":["https:\/\/www.laiko.net\/wp-content\/uploads\/2023\/10\/frc-96d383ddd1c27aa7711b12652c9cd568.jpg",600,350,false],"large":["https:\/\/www.laiko.net\/wp-content\/uploads\/2023\/10\/frc-96d383ddd1c27aa7711b12652c9cd568.jpg",600,350,false],"1536x1536":["https:\/\/www.laiko.net\/wp-content\/uploads\/2023\/10\/frc-96d383ddd1c27aa7711b12652c9cd568.jpg",600,350,false],"2048x2048":["https:\/\/www.laiko.net\/wp-content\/uploads\/2023\/10\/frc-96d383ddd1c27aa7711b12652c9cd568.jpg",600,350,false],"trp-custom-language-flag":["https:\/\/www.laiko.net\/wp-content\/uploads\/2023\/10\/frc-96d383ddd1c27aa7711b12652c9cd568.jpg",18,12,false],"woocommerce_thumbnail":["https:\/\/www.laiko.net\/wp-content\/uploads\/2023\/10\/frc-96d383ddd1c27aa7711b12652c9cd568-300x175.jpg",300,175,true],"woocommerce_single":["https:\/\/www.laiko.net\/wp-content\/uploads\/2023\/10\/frc-96d383ddd1c27aa7711b12652c9cd568.jpg",600,350,false],"woocommerce_gallery_thumbnail":["https:\/\/www.laiko.net\/wp-content\/uploads\/2023\/10\/frc-96d383ddd1c27aa7711b12652c9cd568-100x100.jpg",100,100,true]},"post_excerpt_stackable":"<p>PSA (pressure swing adsorption) nitrogen generation is implemented by the selective adsorb characteristic of CMS, and different adsorption capacities under different pressure. When pressure rises, the oxygen will be absorbed by\u00a0<a href=\"https:\/\/www.laiko.net\/product-category\/molecular-sieve-zeolite\/\" target=\"_self\" rel=\"noopener\">molecular sieve material<\/a>\u00a0because of its faster expansion speed in the micropore structure of CMS, thus oxygen gas and nitrogen gas are separated. While pressure reduces, the oxygen is desorbed, and CMS regenerated. This cyclic operation lets the nitrogen generation in succession.<\/p>\n","category_list":"","author_info":{"name":"","url":""},"comments_num":"0 comments","_links":{"self":[{"href":"https:\/\/www.laiko.net\/pt\/wp-json\/wp\/v2\/product\/3459","targetHints":{"allow":["GET"]}}],"collection":[{"href":"https:\/\/www.laiko.net\/pt\/wp-json\/wp\/v2\/product"}],"about":[{"href":"https:\/\/www.laiko.net\/pt\/wp-json\/wp\/v2\/types\/product"}],"wp:featuredmedia":[{"embeddable":true,"href":"https:\/\/www.laiko.net\/pt\/wp-json\/wp\/v2\/media\/905"}],"wp:attachment":[{"href":"https:\/\/www.laiko.net\/pt\/wp-json\/wp\/v2\/media?parent=3459"}],"wp:term":[{"taxonomy":"product_cat","embeddable":true,"href":"https:\/\/www.laiko.net\/pt\/wp-json\/wp\/v2\/product_cat?post=3459"},{"taxonomy":"product_tag","embeddable":true,"href":"https:\/\/www.laiko.net\/pt\/wp-json\/wp\/v2\/product_tag?post=3459"}],"curies":[{"name":"wp","href":"https:\/\/api.w.org\/{rel}","templated":true}]}}