{"id":3457,"date":"2023-11-06T11:24:44","date_gmt":"2023-11-06T03:24:44","guid":{"rendered":"http:\/\/www3.laiko.net\/?post_type=product&#038;p=3457"},"modified":"2023-11-14T16:14:16","modified_gmt":"2023-11-14T08:14:16","slug":"4a-molecular-sieve","status":"publish","type":"product","link":"https:\/\/www.laiko.net\/pt\/produto\/peneira-molecular-4a\/","title":{"rendered":"4A Peneira molecular"},"content":{"rendered":"<h2>Par\u00e2metros do crivo molecular 4A<\/h2>\n<div class=\"overflow_x\">\n<table cellspacing=\"0\" cellpadding=\"0\">\n<colgroup>\n<col \/>\n<col \/>\n<col \/>\n<col \/>\n<col \/>\n<col span=\"2\" \/><\/colgroup>\n<tbody>\n<tr class=\"firstRow\">\n<td colspan=\"3\" height=\"13\">Modelo<\/td>\n<td colspan=\"4\">4A<\/td>\n<\/tr>\n<tr>\n<td colspan=\"3\" height=\"13\">Di\u00e2metro nominal do poro<\/td>\n<td colspan=\"4\">4 angstroms<\/td>\n<\/tr>\n<tr>\n<td colspan=\"3\" height=\"13\">Forma<\/td>\n<td colspan=\"2\">Esfera(bola)<\/td>\n<td colspan=\"2\">Pellets<\/td>\n<\/tr>\n<tr>\n<td colspan=\"3\" height=\"13\">Di\u00e2metro<\/td>\n<td>1.7-2.5<\/td>\n<td>3.0-5.0<\/td>\n<td align=\"right\">1.6<\/td>\n<td align=\"right\">3.2<\/td>\n<\/tr>\n<tr>\n<td colspan=\"3\" height=\"13\">R\u00e1cio de dimens\u00e3o at\u00e9 ao grau (%)<\/td>\n<td>\u226598<\/td>\n<td>\u226598<\/td>\n<td>\u226596<\/td>\n<td>\u226596<\/td>\n<\/tr>\n<tr>\n<td colspan=\"3\" height=\"13\">Densidade aparente (g\/ml)<\/td>\n<td>\u22650.72<\/td>\n<td>\u22650.75<\/td>\n<td>\u22650.66<\/td>\n<td align=\"right\">0.66<\/td>\n<\/tr>\n<tr>\n<td colspan=\"3\" height=\"13\">R\u00e1cio de desgaste (%)<\/td>\n<td>\u22640.20<\/td>\n<td>\u22640.20<\/td>\n<td>\u22640.20<\/td>\n<td>\u22640.20<\/td>\n<\/tr>\n<tr>\n<td colspan=\"3\" height=\"13\">Resist\u00eancia ao esmagamento (N)<\/td>\n<td>\u226545\/pe\u00e7a<\/td>\n<td>\u226585\/pe\u00e7a<\/td>\n<td>\u226530\/pe\u00e7a<\/td>\n<td>\u226560\/pe\u00e7a<\/td>\n<\/tr>\n<tr>\n<td colspan=\"3\" height=\"13\">Adsor\u00e7\u00e3o est\u00e1tica de H2O (%)<\/td>\n<td>\u226521.5<\/td>\n<td>\u226521.5<\/td>\n<td>\u226521.5<\/td>\n<td>\u226521.5<\/td>\n<\/tr>\n<tr>\n<td colspan=\"3\" height=\"13\">Teor de \u00e1gua (%)<\/td>\n<td>\u22641.0<\/td>\n<td>\u22641.0<\/td>\n<td>\u22641.0<\/td>\n<td>\u22641.0<\/td>\n<\/tr>\n<\/tbody>\n<\/table>\n<\/div>\n<h2>Aplica\u00e7\u00f5es do crivo molecular de tipo 4A<\/h2>\n<div class=\"overflow_x\">\n<table>\n<tbody>\n<tr class=\"firstRow\">\n<td colspan=\"3\" rowspan=\"2\" height=\"27\">F\u00f3rmula qu\u00edmica t\u00edpica<\/td>\n<td colspan=\"4\">Na2O. Al2O3. 2SiO2. 4,5 H2O<\/td>\n<\/tr>\n<tr>\n<td colspan=\"4\">SiO2: Al2O3\u22482<\/td>\n<\/tr>\n<tr>\n<td colspan=\"3\" rowspan=\"4\" height=\"54\">Aplica\u00e7\u00e3o t\u00edpica<\/td>\n<td colspan=\"4\">a) Secagem e remo\u00e7\u00e3o de CO2 de g\u00e1s natural, GPL, ar, gases inertes e atmosf\u00e9ricos, etc.<\/td>\n<\/tr>\n<tr>\n<td colspan=\"4\">b) Remo\u00e7\u00e3o de hidrocarbonetos, amon\u00edaco e metanol de fluxos gasosos (tratamento de g\u00e1s de s\u00edntese com amon\u00edaco)<\/td>\n<\/tr>\n<tr>\n<td colspan=\"4\">c) S\u00e3o utilizados tipos especiais nas unidades de rutura de ar dos autocarros, cami\u00f5es e locomotivas.<\/td>\n<\/tr>\n<tr>\n<td colspan=\"4\">d) Embalado em pequenos sacos, pode ser utilizado simplesmente como dessecante de embalagens.<\/td>\n<\/tr>\n<\/tbody>\n<\/table>\n<\/div>\n<h2>4A Zeolite Condi\u00e7\u00f5es de entrega<\/h2>\n<div class=\"overflow_x\">\n<table>\n<tbody>\n<tr>\n<td>Embalagem:<\/td>\n<td colspan=\"3\">Caixa de cart\u00e3o; Tambor de cart\u00e3o; Tambor de a\u00e7o<\/td>\n<\/tr>\n<tr>\n<td>MOQ:<\/td>\n<td colspan=\"3\">1 tonelada m\u00e9trica<\/td>\n<\/tr>\n<tr>\n<td>Condi\u00e7\u00f5es de pagamento:<\/td>\n<td colspan=\"3\">T\/T; L\/C; Western Union<\/td>\n<\/tr>\n<tr>\n<td rowspan=\"2\">Garantia:<\/td>\n<td colspan=\"3\">a) Pela Norma Nacional HGT 2524-2010<\/td>\n<\/tr>\n<tr>\n<td colspan=\"3\">b)Oferecer consulta vital\u00edcia sobre problemas ocorridos<\/td>\n<\/tr>\n<tr>\n<td>Contentor<\/td>\n<td>20GP<\/td>\n<td>40GP<\/td>\n<td>Encomenda de amostras<\/td>\n<\/tr>\n<tr>\n<td>Quantidade<\/td>\n<td>12MT<\/td>\n<td>24MT<\/td>\n<td>&lt;5kg<\/td>\n<\/tr>\n<tr>\n<td>Prazo de entrega<\/td>\n<td>5 dias<\/td>\n<td>7 dias<\/td>\n<td>Stock dispon\u00edvel<\/td>\n<\/tr>\n<\/tbody>\n<\/table>\n<\/div>","protected":false},"excerpt":{"rendered":"<p>O crivo molecular 4A da NAIKE \u00e9 um silicato de alumino alcalino; \u00e9 a forma de s\u00f3dio da estrutura cristalina do tipo A. A peneira molecular 4A tem uma abertura de poro efectiva de cerca de 4 angstroms (0,4nm). O material do crivo molecular tipo 4A da NAIKE adsorve a maioria das mol\u00e9culas com um di\u00e2metro cin\u00e9tico inferior a 4 angstroms e exclui as maiores. Estas mol\u00e9culas adsorv\u00edveis incluem mol\u00e9culas de g\u00e1s simples, como o oxig\u00e9nio, o azoto, o di\u00f3xido de carbono e os hidrocarbonetos de cadeia linear. Os hidrocarbonetos de cadeia ramificada e os arom\u00e1ticos s\u00e3o exclu\u00eddos.<\/p>","protected":false},"featured_media":958,"template":"","meta":{"_seopress_robots_primary_cat":"none","_monsterinsights_skip_tracking":false,"_monsterinsights_sitenote_active":false,"_monsterinsights_sitenote_note":"","_monsterinsights_sitenote_category":0,"_joinchat":[]},"product_cat":[79],"product_tag":[],"class_list":["post-3457","product","type-product","status-publish","has-post-thumbnail","hentry","product_cat-molecular-sieve-zeolite"],"featured_image_urls":{"full":["https:\/\/www.laiko.net\/wp-content\/uploads\/2023\/10\/frc-ebe8e9a61b046726d1f1aa52dea0ff40.jpg",600,350,false],"thumbnail":["https:\/\/www.laiko.net\/wp-content\/uploads\/2023\/10\/frc-ebe8e9a61b046726d1f1aa52dea0ff40-150x150.jpg",150,150,true],"medium":["https:\/\/www.laiko.net\/wp-content\/uploads\/2023\/10\/frc-ebe8e9a61b046726d1f1aa52dea0ff40-300x175.jpg",300,175,true],"medium_large":["https:\/\/www.laiko.net\/wp-content\/uploads\/2023\/10\/frc-ebe8e9a61b046726d1f1aa52dea0ff40.jpg",600,350,false],"large":["https:\/\/www.laiko.net\/wp-content\/uploads\/2023\/10\/frc-ebe8e9a61b046726d1f1aa52dea0ff40.jpg",600,350,false],"1536x1536":["https:\/\/www.laiko.net\/wp-content\/uploads\/2023\/10\/frc-ebe8e9a61b046726d1f1aa52dea0ff40.jpg",600,350,false],"2048x2048":["https:\/\/www.laiko.net\/wp-content\/uploads\/2023\/10\/frc-ebe8e9a61b046726d1f1aa52dea0ff40.jpg",600,350,false],"trp-custom-language-flag":["https:\/\/www.laiko.net\/wp-content\/uploads\/2023\/10\/frc-ebe8e9a61b046726d1f1aa52dea0ff40.jpg",18,12,false],"woocommerce_thumbnail":["https:\/\/www.laiko.net\/wp-content\/uploads\/2023\/10\/frc-ebe8e9a61b046726d1f1aa52dea0ff40-300x175.jpg",300,175,true],"woocommerce_single":["https:\/\/www.laiko.net\/wp-content\/uploads\/2023\/10\/frc-ebe8e9a61b046726d1f1aa52dea0ff40.jpg",600,350,false],"woocommerce_gallery_thumbnail":["https:\/\/www.laiko.net\/wp-content\/uploads\/2023\/10\/frc-ebe8e9a61b046726d1f1aa52dea0ff40-100x100.jpg",100,100,true]},"post_excerpt_stackable":"<p>NAIKE Molecular Sieve 4A is an alkali alumino silicate; it is the sodium form of the Type A crystal structure. 4A molecular sieve has an effective pore opening of about 4 angstroms (0.4nm). NAIKE type 4A molecular sieve material will adsorb most molecules with a kinetic diameter of fewer than 4 angstroms and exclude those larger. Such adsorbable molecules include simple gas molecules such as oxygen, nitrogen, carbon dioxide and straight chain hydrocarbons. Branched chain hydrocarbons and aromatics are excluded.<\/p>\n","category_list":"","author_info":{"name":"","url":""},"comments_num":"0 comments","_links":{"self":[{"href":"https:\/\/www.laiko.net\/pt\/wp-json\/wp\/v2\/product\/3457","targetHints":{"allow":["GET"]}}],"collection":[{"href":"https:\/\/www.laiko.net\/pt\/wp-json\/wp\/v2\/product"}],"about":[{"href":"https:\/\/www.laiko.net\/pt\/wp-json\/wp\/v2\/types\/product"}],"wp:featuredmedia":[{"embeddable":true,"href":"https:\/\/www.laiko.net\/pt\/wp-json\/wp\/v2\/media\/958"}],"wp:attachment":[{"href":"https:\/\/www.laiko.net\/pt\/wp-json\/wp\/v2\/media?parent=3457"}],"wp:term":[{"taxonomy":"product_cat","embeddable":true,"href":"https:\/\/www.laiko.net\/pt\/wp-json\/wp\/v2\/product_cat?post=3457"},{"taxonomy":"product_tag","embeddable":true,"href":"https:\/\/www.laiko.net\/pt\/wp-json\/wp\/v2\/product_tag?post=3457"}],"curies":[{"name":"wp","href":"https:\/\/api.w.org\/{rel}","templated":true}]}}