{"id":3456,"date":"2023-11-07T11:18:46","date_gmt":"2023-11-07T03:18:46","guid":{"rendered":"http:\/\/www3.laiko.net\/?post_type=product&#038;p=3456"},"modified":"2023-11-28T11:26:17","modified_gmt":"2023-11-28T03:26:17","slug":"5a-molecular-sieve-2","status":"publish","type":"product","link":"https:\/\/www.laiko.net\/pt\/produto\/5a-peneira-molecular-2\/","title":{"rendered":"Peneira molecular 5A"},"content":{"rendered":"<h2>Par\u00e2metros do crivo molecular 5A<\/h2>\n<div class=\"overflow_x\">\n<table cellspacing=\"0\" cellpadding=\"0\">\n<colgroup>\n<col \/>\n<col \/>\n<col \/>\n<col \/>\n<col \/>\n<col \/><\/colgroup>\n<tbody>\n<tr class=\"firstRow\">\n<td height=\"18\">Artigo<\/td>\n<td>Unidade<\/td>\n<td colspan=\"4\">Dados t\u00e9cnicos<\/td>\n<\/tr>\n<tr>\n<td height=\"18\">Forma<\/td>\n<td><\/td>\n<td colspan=\"2\">Pellets<\/td>\n<td colspan=\"2\">Esfera<\/td>\n<\/tr>\n<tr>\n<td height=\"18\">Di\u00e2metro<\/td>\n<td>mm<\/td>\n<td>1.5-1.7<\/td>\n<td>3.0-3.3<\/td>\n<td>1.7-2.5<\/td>\n<td>3.0-5.0<\/td>\n<\/tr>\n<tr>\n<td height=\"18\">R\u00e1cio de dimens\u00e3o at\u00e9 ao grau<\/td>\n<td>%<\/td>\n<td>\u226598<\/td>\n<td>\u226598<\/td>\n<td>\u226596<\/td>\n<td>\u226596<\/td>\n<\/tr>\n<tr>\n<td height=\"18\">Densidade aparente<\/td>\n<td>g\/ml<\/td>\n<td>\u22650.64<\/td>\n<td>\u22650.64<\/td>\n<td>\u22650.66<\/td>\n<td>\u22650.66<\/td>\n<\/tr>\n<tr>\n<td height=\"18\">R\u00e1cio de desgaste<\/td>\n<td>%<\/td>\n<td>\u22640.20<\/td>\n<td>\u22640.40<\/td>\n<td>\u22640.20<\/td>\n<td>\u22640.20<\/td>\n<\/tr>\n<tr>\n<td height=\"54\">Resist\u00eancia ao esmagamento<\/td>\n<td>N<\/td>\n<td>\u226530\/cm<\/td>\n<td>\u226545\/cm<\/td>\n<td>\u226530\/pe\u00e7a<\/td>\n<td>\u226560\/pe\u00e7a<\/td>\n<\/tr>\n<tr>\n<td height=\"18\">Adsor\u00e7\u00e3o est\u00e1tica de \u00e1gua<\/td>\n<td>%<\/td>\n<td>\u226521.5<\/td>\n<td>\u226521.5<\/td>\n<td>\u226521.5<\/td>\n<td>\u226521.5<\/td>\n<\/tr>\n<tr>\n<td height=\"18\">Teor de \u00e1gua, tal como expedido<\/td>\n<td>%<\/td>\n<td>\u22641.5<\/td>\n<td>\u22641.5<\/td>\n<td>\u22641.5<\/td>\n<td>\u22641.5<\/td>\n<\/tr>\n<\/tbody>\n<\/table>\n<\/div>","protected":false},"excerpt":{"rendered":"<p>O crivo molecular 5A \u00e9 um alumino-silicato alcalino; o crivo molecular 5A \u00e9 a forma c\u00e1lcica da estrutura cristalina do tipo A. O crivo molecular 5A tem uma abertura efectiva dos poros de 5 angstroms (0,5 nm). O crivo molecular 5A adsorve mol\u00e9culas com um di\u00e2metro cin\u00e9tico inferior a 5 angstrom e exclui as maiores.<\/p>\n<p>5A\u00a0<a href=\"https:\/\/www.laiko.net\/product-category\/molecular-sieve-zeolite\/\" target=\"_self\" rel=\"noopener\">material de peneira molecular<\/a>\u00a0\u00e9 especialmente adequado para aplica\u00e7\u00f5es de adsor\u00e7\u00e3o PSA, onde pode ser utilizado para a separa\u00e7\u00e3o de parafinas normais e iso-parafinas (esp\u00e9cies C4 a C6), na purifica\u00e7\u00e3o de hidrog\u00e9nio PSA e em concentradores de oxig\u00e9nio.<\/p>","protected":false},"featured_media":992,"template":"","meta":{"_seopress_robots_primary_cat":"none","_monsterinsights_skip_tracking":false,"_monsterinsights_sitenote_active":false,"_monsterinsights_sitenote_note":"","_monsterinsights_sitenote_category":0,"_joinchat":[]},"product_cat":[79],"product_tag":[],"class_list":["post-3456","product","type-product","status-publish","has-post-thumbnail","hentry","product_cat-molecular-sieve-zeolite"],"featured_image_urls":{"full":["https:\/\/www.laiko.net\/wp-content\/uploads\/2023\/10\/frc-792f06997393814e985f62ef23605688.jpg",600,350,false],"thumbnail":["https:\/\/www.laiko.net\/wp-content\/uploads\/2023\/10\/frc-792f06997393814e985f62ef23605688-150x150.jpg",150,150,true],"medium":["https:\/\/www.laiko.net\/wp-content\/uploads\/2023\/10\/frc-792f06997393814e985f62ef23605688-300x175.jpg",300,175,true],"medium_large":["https:\/\/www.laiko.net\/wp-content\/uploads\/2023\/10\/frc-792f06997393814e985f62ef23605688.jpg",600,350,false],"large":["https:\/\/www.laiko.net\/wp-content\/uploads\/2023\/10\/frc-792f06997393814e985f62ef23605688.jpg",600,350,false],"1536x1536":["https:\/\/www.laiko.net\/wp-content\/uploads\/2023\/10\/frc-792f06997393814e985f62ef23605688.jpg",600,350,false],"2048x2048":["https:\/\/www.laiko.net\/wp-content\/uploads\/2023\/10\/frc-792f06997393814e985f62ef23605688.jpg",600,350,false],"trp-custom-language-flag":["https:\/\/www.laiko.net\/wp-content\/uploads\/2023\/10\/frc-792f06997393814e985f62ef23605688.jpg",18,12,false],"woocommerce_thumbnail":["https:\/\/www.laiko.net\/wp-content\/uploads\/2023\/10\/frc-792f06997393814e985f62ef23605688-300x175.jpg",300,175,true],"woocommerce_single":["https:\/\/www.laiko.net\/wp-content\/uploads\/2023\/10\/frc-792f06997393814e985f62ef23605688.jpg",600,350,false],"woocommerce_gallery_thumbnail":["https:\/\/www.laiko.net\/wp-content\/uploads\/2023\/10\/frc-792f06997393814e985f62ef23605688-100x100.jpg",100,100,true]},"post_excerpt_stackable":"<p>5A Molecular Sieve is an alkali alumino silicate; 5A Molecular Sieve is the calcium form of the Type A crystal structure. 5A Molecular Sieve has an effective pore opening of \u00a05 angstroms (0.5 nm). 5A Molecular sieve will adsorb molecules with a kinetic diameter of less than 5 Angstrom and exclude those larger.<\/p>\n<p>5A\u00a0<a href=\"https:\/\/www.laiko.net\/product-category\/molecular-sieve-zeolite\/\" target=\"_self\" rel=\"noopener\">molecular sieve material<\/a>\u00a0is especially suitable for PSA adsorber applications where it may be used for the separation of normal- and iso-paraffins (C4 to C6 species), in PSA hydrogen purification and in oxygen concentrators.<\/p>\n","category_list":"","author_info":{"name":"","url":""},"comments_num":"0 comments","_links":{"self":[{"href":"https:\/\/www.laiko.net\/pt\/wp-json\/wp\/v2\/product\/3456","targetHints":{"allow":["GET"]}}],"collection":[{"href":"https:\/\/www.laiko.net\/pt\/wp-json\/wp\/v2\/product"}],"about":[{"href":"https:\/\/www.laiko.net\/pt\/wp-json\/wp\/v2\/types\/product"}],"wp:featuredmedia":[{"embeddable":true,"href":"https:\/\/www.laiko.net\/pt\/wp-json\/wp\/v2\/media\/992"}],"wp:attachment":[{"href":"https:\/\/www.laiko.net\/pt\/wp-json\/wp\/v2\/media?parent=3456"}],"wp:term":[{"taxonomy":"product_cat","embeddable":true,"href":"https:\/\/www.laiko.net\/pt\/wp-json\/wp\/v2\/product_cat?post=3456"},{"taxonomy":"product_tag","embeddable":true,"href":"https:\/\/www.laiko.net\/pt\/wp-json\/wp\/v2\/product_tag?post=3456"}],"curies":[{"name":"wp","href":"https:\/\/api.w.org\/{rel}","templated":true}]}}