{"id":3453,"date":"2023-11-09T11:09:23","date_gmt":"2023-11-09T03:09:23","guid":{"rendered":"http:\/\/www3.laiko.net\/?post_type=product&#038;p=3453"},"modified":"2023-12-26T16:23:23","modified_gmt":"2023-12-26T08:23:23","slug":"13x-molecular-sieve","status":"publish","type":"product","link":"https:\/\/www.laiko.net\/pt\/produto\/peneira-molecular-13x\/","title":{"rendered":"Peneira molecular 13X"},"content":{"rendered":"<h2>Especifica\u00e7\u00f5es da peneira molecular 13x<\/h2>\n<div class=\"overflow_x\">\n<table cellspacing=\"0\" cellpadding=\"0\">\n<colgroup>\n<col \/>\n<col \/>\n<col \/>\n<col \/>\n<col \/>\n<col \/><\/colgroup>\n<tbody>\n<tr class=\"firstRow\">\n<td height=\"18\">Forma<\/td>\n<td><\/td>\n<td colspan=\"2\">Pellets<\/td>\n<td colspan=\"2\">Esfera<\/td>\n<\/tr>\n<tr>\n<td height=\"18\">Di\u00e2metro<\/td>\n<td>mm<\/td>\n<td>1.5-1.7<\/td>\n<td>3.0-3.3<\/td>\n<td>1.7-2.5<\/td>\n<td>3.0-5.0<\/td>\n<\/tr>\n<tr>\n<td height=\"18\">R\u00e1cio de dimens\u00e3o at\u00e9 ao grau<\/td>\n<td>%<\/td>\n<td>\u226598<\/td>\n<td>\u226598<\/td>\n<td>\u226596<\/td>\n<td>\u226596<\/td>\n<\/tr>\n<tr>\n<td height=\"18\">Densidade aparente<\/td>\n<td>g\/ml<\/td>\n<td>\u22650.61<\/td>\n<td>\u22650.61<\/td>\n<td>\u22650.64<\/td>\n<td>\u22650.64<\/td>\n<\/tr>\n<tr>\n<td height=\"18\">R\u00e1cio de desgaste<\/td>\n<td>%<\/td>\n<td>\u22640.10<\/td>\n<td>\u22640.20<\/td>\n<td>\u22640.10<\/td>\n<td>\u22640.10<\/td>\n<\/tr>\n<tr>\n<td height=\"54\">Resist\u00eancia ao esmagamento<\/td>\n<td>N<\/td>\n<td>\u226530\/cm<\/td>\n<td>\u226545\/cm<\/td>\n<td>\u226525\/pe\u00e7a<\/td>\n<td>\u226565\/pe\u00e7a<\/td>\n<\/tr>\n<tr>\n<td height=\"18\">Adsor\u00e7\u00e3o est\u00e1tica de \u00e1gua<\/td>\n<td>%<\/td>\n<td>\u226523.5<\/td>\n<td>\u226523.5<\/td>\n<td>\u226523.5<\/td>\n<td>\u226523.5<\/td>\n<\/tr>\n<tr>\n<td height=\"18\">Adsor\u00e7\u00e3o est\u00e1tica de CO2<\/td>\n<td>%<\/td>\n<td>\u226518<\/td>\n<td>\u226518<\/td>\n<td>\u226518<\/td>\n<td>\u226518<\/td>\n<\/tr>\n<tr>\n<td height=\"18\">Teor de \u00e1gua, tal como expedido<\/td>\n<td>%<\/td>\n<td>\u22641.5<\/td>\n<td>\u22641.5<\/td>\n<td>\u22641.5<\/td>\n<td>\u22641.5<\/td>\n<\/tr>\n<\/tbody>\n<\/table>\n<\/div>\n<h2>Tipos de crivo molecular 13x<\/h2>\n<p>Categoria de dessecante industrial: Utilizado principalmente para a utiliza\u00e7\u00e3o de embalagens de dessecante de equipamento, secagem profunda do secador de compressor de ar, tipo de peneira molecular 3A normalmente utilizado, a especifica\u00e7\u00e3o normalmente utilizada \u00e9 de 3-5 mm, o tipo principal de processo de vidro isolante \u00e9 a peneira molecular 3A, a especifica\u00e7\u00e3o principal \u00e9 o tamanho de 1,5-2,5 mm.<\/p>\n<p>Peneira molecular para a produ\u00e7\u00e3o de oxig\u00e9nio: A peneira molecular \u00e9 uma boa escolha para a produ\u00e7\u00e3o de oxig\u00e9nio. A concentra\u00e7\u00e3o da produ\u00e7\u00e3o de oxig\u00e9nio \u00e9 de 93-96%. De acordo com diferentes indicadores do equipamento, o crivo molecular para a produ\u00e7\u00e3o de oxig\u00e9nio \u00e9 geralmente um crivo molecular do tipo 13X com um tamanho convencional de 1,6-2,5 mm.<\/p>\n<p>Tipo de equipamento de separa\u00e7\u00e3o de ar: Equipamento de separa\u00e7\u00e3o de ar, que separa principalmente gases raros no ar, como h\u00e9lio, nitrog\u00e9nio, \u00e1rgon, etc. O tipo mais utilizado \u00e9 o crivo molecular 13x com uma especifica\u00e7\u00e3o de 1,6x-2,5 mm.<\/p>\n<p><a href=\"https:\/\/www.laiko.net\/product\/molecular-sieves-13x-hp\/\" target=\"_self\" rel=\"noopener\">Peneira molecular 13X-HP<\/a>: Um novo tipo de peneira molecular de ze\u00f3lito X, uma peneira molecular especial para a produ\u00e7\u00e3o de oxig\u00e9nio. O princ\u00edpio da produ\u00e7\u00e3o de oxig\u00e9nio: o ar \u00e9 absorvido pelo compressor para absorver o ar, e o ar \u00e9 extra\u00eddo para o crivo molecular 13X-HP. A peneira molecular de ze\u00f3lito 13x absorve o azoto, o di\u00f3xido de carbono e outros gases residuais no ar, e apenas o oxig\u00e9nio \u00e9 deixado na garrafa de recolha de g\u00e1s. O oxig\u00e9nio do ze\u00f3lito 13x \u00e9 purificado pela v\u00e1lvula de alta press\u00e3o, e o oxig\u00e9nio \u00e9 produzido depois de aumentar a concentra\u00e7\u00e3o da m\u00e1quina de produ\u00e7\u00e3o de oxig\u00e9nio para o padr\u00e3o.<\/p>\n<h2>Como \u00e9 que as peneiras moleculares 13x removem a \u00e1gua?<\/h2>\n<p>A peneira molecular 13x adsorve \u00e1gua, pode fazer com que o g\u00e1s seque muito rapidamente. De acordo com a investiga\u00e7\u00e3o, na dessulfuriza\u00e7\u00e3o por peneira molecular, porque a peneira molecular tem uma capacidade de adsor\u00e7\u00e3o muito forte para a \u00e1gua e outras pequenas mol\u00e9culas polares, portanto, o processo de remo\u00e7\u00e3o de mercaptano de GPL deve controlar rigorosamente o teor de \u00e1gua. Devido \u00e0 limita\u00e7\u00e3o da remo\u00e7\u00e3o de mercaptano de GPL, \u00e9 amplamente utilizado na Europa e nos Estados Unidos, e h\u00e1 tamb\u00e9m uma aplica\u00e7\u00e3o preliminar na China.<\/p>\n<p>A peneira molecular 13x \u00e9 utilizada como um adsorvente s\u00f3lido na ind\u00fastria qu\u00edmica, a subst\u00e2ncia adsorvida pela peneira molecular 13x pode ser dessorvida e o adsorvente da peneira molecular de carbono pode ser regenerado. Ao mesmo tempo, as peneiras moleculares s\u00e3o tamb\u00e9m utilizadas para a secagem, separa\u00e7\u00e3o, purifica\u00e7\u00e3o e recupera\u00e7\u00e3o de gases e l\u00edquidos. Na ind\u00fastria petrol\u00edfera, uma peneira molecular modificada do tipo X ou Y, trocada por cati\u00f5es met\u00e1licos de alta val\u00eancia, como o lant\u00e2nio, elementos mistos de terras raras leves e c\u00e9rio, \u00e9 fisicamente adsorvida para remover sulfuretos org\u00e2nicos do g\u00e1s de petr\u00f3leo liquefeito.<\/p>\n<h2>Peneira molecular 13x\/ze\u00f3lito 13x Utiliza\u00e7\u00f5es<\/h2>\n<p>Como material adsorvente polar, a peneira molecular tem propriedades hidrof\u00edlicas muito fortes e \u00e9 um excelente material para desidrata\u00e7\u00e3o e secagem. O tamanho dos poros das peneiras moleculares 13X \u00e9 maior do que o das peneiras moleculares do tipo A, resultando em propriedades de absor\u00e7\u00e3o de \u00e1gua mais fortes e maiores.<\/p>\n<p>As peneiras moleculares produzidas pela Naike Chemical s\u00e3o produzidas atrav\u00e9s de todo o processo de equipamento automatizado fechado, que pode atingir um teor de \u00e1gua mais baixo do que a ind\u00fastria, melhor do que a capacidade de adsor\u00e7\u00e3o de \u00e1gua padr\u00e3o nacional, e tem uma capacidade de absor\u00e7\u00e3o de \u00e1gua muito forte \u00e0 temperatura e press\u00e3o ambiente.<\/p>\n<p>A secagem e desidrata\u00e7\u00e3o por peneira molecular 13x, utilizada principalmente em v\u00e1rios tipos de secadores de ar, atende a uma variedade de requisitos de alto teor de \u00e1gua da ind\u00fastria. Na ind\u00fastria petrol\u00edfera, a ind\u00fastria do g\u00e1s natural e o tratamento de secagem de hidrocarbonetos l\u00edquidos podem ser utilizados como tratamento de desidrata\u00e7\u00e3o por adsor\u00e7\u00e3o por peneira molecular.<\/p>\n<p>A peneira molecular 13x pode secar o g\u00e1s muito rapidamente porque a peneira molecular tem uma forte capacidade de adsor\u00e7\u00e3o de \u00e1gua e di\u00f3xido de carbono, o que satisfaz profundamente as necessidades especiais da ind\u00fastria de separa\u00e7\u00e3o de ar de arrefecimento profundo. A peneira molecular 13x absorve \u00e1gua para secar o g\u00e1s muito rapidamente porque \u00e9 um tipo de ze\u00f3lito sint\u00e9tico. A carater\u00edstica da seletividade da adsor\u00e7\u00e3o \u00e9 que o H2S e o enxofre org\u00e2nico podem ser removidos para um n\u00edvel inferior ao mesmo tempo. Caracteriza-se por adsor\u00e7\u00e3o f\u00edsica e nenhuma rea\u00e7\u00e3o qu\u00edmica.<\/p>\n<p>A peneira molecular 13x, tamb\u00e9m conhecida como ze\u00f3lita e ze\u00f3lita de peneira molecular 13x, \u00e9 um tipo de aluminossilicato cristalino com poros regulares e uniformes em sua estrutura cristalina. \u00c9 o melhor adsorvente para ado\u00e7ar. O m\u00e9todo de peneira molecular tem as vantagens de n\u00e3o prescrubar c\u00e1ustico, n\u00e3o poluir, e pode ser adsorvido \u00e0 temperatura ambiente. Ao mesmo tempo, porque s\u00f3 pode ser regenerado a cerca de 300C, ter\u00e1 de aumentar o custo de entrada da empresa. Uma vez que a dimens\u00e3o dos poros do crivo molecular \u00e9 da ordem de grandeza da dimens\u00e3o molecular, s\u00f3 permite a entrada de mol\u00e9culas com um di\u00e2metro inferior \u00e0 dimens\u00e3o dos poros, pelo que as mol\u00e9culas da mistura podem ser seleccionadas de acordo com a dimens\u00e3o e, em seguida, podem ser obtidos produtos da melhor qualidade.<\/p>\n<p>Nota: O p\u00f3 de ze\u00f3lito 13x n\u00e3o deve adsorver gases ou l\u00edquidos org\u00e2nicos antes da utiliza\u00e7\u00e3o, caso contr\u00e1rio o crivo molecular 13x tem de ser regenerado.<\/p>\n<h2>Pacote de peneira molecular 13X<\/h2>\n<p><img loading=\"lazy\" decoding=\"async\" class=\"alignnone size-medium wp-image-4389\" src=\"https:\/\/www.laiko.net\/wp-content\/uploads\/2023\/11\/13x-zeolite-molecular-sieve-package-230x300.png\" alt=\"\" width=\"230\" height=\"300\" srcset=\"https:\/\/www.laiko.net\/wp-content\/uploads\/2023\/11\/13x-zeolite-molecular-sieve-package-230x300.png 230w, https:\/\/www.laiko.net\/wp-content\/uploads\/2023\/11\/13x-zeolite-molecular-sieve-package-9x12.png 9w, https:\/\/www.laiko.net\/wp-content\/uploads\/2023\/11\/13x-zeolite-molecular-sieve-package-300x391.png 300w, https:\/\/www.laiko.net\/wp-content\/uploads\/2023\/11\/13x-zeolite-molecular-sieve-package.png 330w\" sizes=\"auto, (max-width: 230px) 100vw, 230px\" \/> <img loading=\"lazy\" decoding=\"async\" class=\"alignnone size-medium wp-image-4390\" src=\"https:\/\/www.laiko.net\/wp-content\/uploads\/2023\/11\/package-in-molecular-sieve-factory-230x300.jpg\" alt=\"\" width=\"230\" height=\"300\" srcset=\"https:\/\/www.laiko.net\/wp-content\/uploads\/2023\/11\/package-in-molecular-sieve-factory-230x300.jpg 230w, https:\/\/www.laiko.net\/wp-content\/uploads\/2023\/11\/package-in-molecular-sieve-factory-9x12.jpg 9w, https:\/\/www.laiko.net\/wp-content\/uploads\/2023\/11\/package-in-molecular-sieve-factory-300x391.jpg 300w, https:\/\/www.laiko.net\/wp-content\/uploads\/2023\/11\/package-in-molecular-sieve-factory.jpg 330w\" sizes=\"auto, (max-width: 230px) 100vw, 230px\" \/><img loading=\"lazy\" decoding=\"async\" class=\"alignnone size-medium wp-image-4401\" src=\"https:\/\/www.laiko.net\/wp-content\/uploads\/2023\/11\/13x-molecular-sieve-package-225x300.jpg\" alt=\"\" width=\"225\" height=\"300\" srcset=\"https:\/\/www.laiko.net\/wp-content\/uploads\/2023\/11\/13x-molecular-sieve-package-225x300.jpg 225w, https:\/\/www.laiko.net\/wp-content\/uploads\/2023\/11\/13x-molecular-sieve-package-9x12.jpg 9w, https:\/\/www.laiko.net\/wp-content\/uploads\/2023\/11\/13x-molecular-sieve-package-300x400.jpg 300w, https:\/\/www.laiko.net\/wp-content\/uploads\/2023\/11\/13x-molecular-sieve-package.jpg 448w\" sizes=\"auto, (max-width: 225px) 100vw, 225px\" \/><\/p>\n<p>&nbsp;<\/p>\n<p>&nbsp;<\/p>","protected":false},"excerpt":{"rendered":"<p>O crivo molecular 13X \u00e9 a forma de s\u00f3dio do cristal de tipo X e tem uma abertura de poro muito maior do que os cristais de tipo A. O crivo molecular 13X adsorver\u00e1 mol\u00e9culas com um di\u00e2metro cin\u00e9tico inferior a 9 Angstrom (0,9 nm) e excluir\u00e1 as maiores.<\/p>\n<p>13X\u00a0<a href=\"https:\/\/www.laiko.net\/product-category\/molecular-sieve-zeolite\/\" target=\"_self\" rel=\"noopener\">material de peneira molecular<\/a>\u00a0tamb\u00e9m tem a maior capacidade te\u00f3rica dos adsorventes comuns e taxas de transfer\u00eancia de massa muito boas. O crivo molecular 13x fornecido pela NAIKE CHEMICAL, um dos fornecedores profissionais de ze\u00f3lito 13x na China, pode remover impurezas demasiado grandes para caberem num cristal de tipo A e \u00e9 normalmente utilizado para separar o azoto do oxig\u00e9nio.<\/p>","protected":false},"featured_media":1013,"template":"","meta":{"_seopress_robots_primary_cat":"none","_monsterinsights_skip_tracking":false,"_monsterinsights_sitenote_active":false,"_monsterinsights_sitenote_note":"","_monsterinsights_sitenote_category":0,"_joinchat":[]},"product_cat":[79],"product_tag":[],"class_list":["post-3453","product","type-product","status-publish","has-post-thumbnail","hentry","product_cat-molecular-sieve-zeolite"],"featured_image_urls":{"full":["https:\/\/www.laiko.net\/wp-content\/uploads\/2023\/10\/frc-7ac5c842cb81699b0a6a746c94b74559.jpg",600,350,false],"thumbnail":["https:\/\/www.laiko.net\/wp-content\/uploads\/2023\/10\/frc-7ac5c842cb81699b0a6a746c94b74559-150x150.jpg",150,150,true],"medium":["https:\/\/www.laiko.net\/wp-content\/uploads\/2023\/10\/frc-7ac5c842cb81699b0a6a746c94b74559-300x175.jpg",300,175,true],"medium_large":["https:\/\/www.laiko.net\/wp-content\/uploads\/2023\/10\/frc-7ac5c842cb81699b0a6a746c94b74559.jpg",600,350,false],"large":["https:\/\/www.laiko.net\/wp-content\/uploads\/2023\/10\/frc-7ac5c842cb81699b0a6a746c94b74559.jpg",600,350,false],"1536x1536":["https:\/\/www.laiko.net\/wp-content\/uploads\/2023\/10\/frc-7ac5c842cb81699b0a6a746c94b74559.jpg",600,350,false],"2048x2048":["https:\/\/www.laiko.net\/wp-content\/uploads\/2023\/10\/frc-7ac5c842cb81699b0a6a746c94b74559.jpg",600,350,false],"trp-custom-language-flag":["https:\/\/www.laiko.net\/wp-content\/uploads\/2023\/10\/frc-7ac5c842cb81699b0a6a746c94b74559.jpg",18,12,false],"woocommerce_thumbnail":["https:\/\/www.laiko.net\/wp-content\/uploads\/2023\/10\/frc-7ac5c842cb81699b0a6a746c94b74559-300x175.jpg",300,175,true],"woocommerce_single":["https:\/\/www.laiko.net\/wp-content\/uploads\/2023\/10\/frc-7ac5c842cb81699b0a6a746c94b74559.jpg",600,350,false],"woocommerce_gallery_thumbnail":["https:\/\/www.laiko.net\/wp-content\/uploads\/2023\/10\/frc-7ac5c842cb81699b0a6a746c94b74559-100x100.jpg",100,100,true]},"post_excerpt_stackable":"<p>13X Molecular Sieve is the sodium form of the type X crystal and has a much larger pore opening than the type A crystals. 13X Molecular Sieve will adsorb molecules with a kinetic diameter of less than 9 Angstrom (0.9 nm) and exclude those larger.<\/p>\n<p>13X\u00a0<a href=\"https:\/\/www.laiko.net\/product-category\/molecular-sieve-zeolite\/\" target=\"_self\" rel=\"noopener\">molecular sieve material<\/a>\u00a0also has the highest theoretical capacity of the common adsorbents and very good mass transfer rates. Molecular sieve 13x provided by NAIKE CHEMICAL, one of the professional zeolite 13x suppliers in China, can remove impurities too large to fit into a type A crystal and is commonly used to separate nitrogen from oxygen.<\/p>\n","category_list":"","author_info":{"name":"","url":""},"comments_num":"0 comments","_links":{"self":[{"href":"https:\/\/www.laiko.net\/pt\/wp-json\/wp\/v2\/product\/3453","targetHints":{"allow":["GET"]}}],"collection":[{"href":"https:\/\/www.laiko.net\/pt\/wp-json\/wp\/v2\/product"}],"about":[{"href":"https:\/\/www.laiko.net\/pt\/wp-json\/wp\/v2\/types\/product"}],"wp:featuredmedia":[{"embeddable":true,"href":"https:\/\/www.laiko.net\/pt\/wp-json\/wp\/v2\/media\/1013"}],"wp:attachment":[{"href":"https:\/\/www.laiko.net\/pt\/wp-json\/wp\/v2\/media?parent=3453"}],"wp:term":[{"taxonomy":"product_cat","embeddable":true,"href":"https:\/\/www.laiko.net\/pt\/wp-json\/wp\/v2\/product_cat?post=3453"},{"taxonomy":"product_tag","embeddable":true,"href":"https:\/\/www.laiko.net\/pt\/wp-json\/wp\/v2\/product_tag?post=3453"}],"curies":[{"name":"wp","href":"https:\/\/api.w.org\/{rel}","templated":true}]}}