{"id":3452,"date":"2023-11-10T10:48:20","date_gmt":"2023-11-10T02:48:20","guid":{"rendered":"http:\/\/www3.laiko.net\/?post_type=product&#038;p=3452"},"modified":"2023-11-14T16:10:35","modified_gmt":"2023-11-14T08:10:35","slug":"psa-molecular-sieve","status":"publish","type":"product","link":"https:\/\/www.laiko.net\/pt\/produto\/peneira-molecular-psa\/","title":{"rendered":"Peneira molecular PSA"},"content":{"rendered":"<h2>Par\u00e2metros do crivo molecular PSA<\/h2>\n<div class=\"overflow_x\">\n<table cellspacing=\"0\" cellpadding=\"0\">\n<tbody>\n<tr class=\"firstRow\">\n<td valign=\"bottom\" height=\"24\">Artigo<\/td>\n<td valign=\"bottom\" height=\"24\">unidade<\/td>\n<td colspan=\"4\" valign=\"bottom\" height=\"24\">Dados t\u00e9cnicos<\/td>\n<\/tr>\n<tr>\n<td valign=\"bottom\" height=\"22\">Forma<\/td>\n<td valign=\"bottom\" height=\"22\"><\/td>\n<td colspan=\"2\" valign=\"bottom\" height=\"22\">Esfera<\/td>\n<td colspan=\"2\" valign=\"bottom\" height=\"22\">Extrudado<\/td>\n<\/tr>\n<tr>\n<td valign=\"bottom\" height=\"26\">Dia<\/td>\n<td valign=\"bottom\" height=\"26\">mm<\/td>\n<td valign=\"bottom\" height=\"26\">1.6-2.5<\/td>\n<td valign=\"bottom\" height=\"26\">3.0-5.0<\/td>\n<td valign=\"bottom\" height=\"26\">1.5-1.7<\/td>\n<td valign=\"bottom\" height=\"26\">3.0-3.3<\/td>\n<\/tr>\n<tr>\n<td valign=\"bottom\" height=\"26\">Granularidade<\/td>\n<td valign=\"bottom\" height=\"26\">%<\/td>\n<td valign=\"bottom\" height=\"26\">\u226596<\/td>\n<td valign=\"bottom\" height=\"26\">\u226596<\/td>\n<td valign=\"bottom\" height=\"26\">\u226598<\/td>\n<td valign=\"bottom\" height=\"26\">\u226598<\/td>\n<\/tr>\n<tr>\n<td valign=\"bottom\" height=\"27\">Densidade aparente<\/td>\n<td valign=\"bottom\" height=\"27\">g\/ml<\/td>\n<td valign=\"bottom\" height=\"27\">\u22650.60<\/td>\n<td valign=\"bottom\" height=\"27\">\u22650.60<\/td>\n<td valign=\"bottom\" height=\"27\">\u22650.60<\/td>\n<td valign=\"bottom\" height=\"27\">\u22650.60<\/td>\n<\/tr>\n<tr>\n<td valign=\"bottom\" height=\"25\">abras\u00e3o<\/td>\n<td valign=\"bottom\" height=\"25\">%<\/td>\n<td valign=\"bottom\" height=\"25\">\u22640.20<\/td>\n<td valign=\"bottom\" height=\"25\">\u22640.20<\/td>\n<td valign=\"bottom\" height=\"25\">\u22640.20<\/td>\n<td valign=\"bottom\" height=\"25\">\u22640.25<\/td>\n<\/tr>\n<tr>\n<td valign=\"bottom\" height=\"26\">Resist\u00eancia ao esmagamento<\/td>\n<td valign=\"bottom\" height=\"26\">N<\/td>\n<td valign=\"bottom\" height=\"26\">\u226530<\/td>\n<td valign=\"bottom\" height=\"26\">\u226560<\/td>\n<td valign=\"bottom\" height=\"26\">\u226530<\/td>\n<td valign=\"bottom\" height=\"26\">\u226570<\/td>\n<\/tr>\n<tr>\n<td valign=\"bottom\" height=\"26\">Adsor\u00e7\u00e3o est\u00e1tica de H2O<\/td>\n<td valign=\"bottom\" height=\"26\">%<\/td>\n<td valign=\"bottom\" height=\"26\">\u226525.0<\/td>\n<td valign=\"bottom\" height=\"26\">\u226525.0<\/td>\n<td valign=\"bottom\" height=\"26\">\u226525.0<\/td>\n<td valign=\"bottom\" height=\"26\">\u226525.0<\/td>\n<\/tr>\n<tr>\n<td valign=\"bottom\" height=\"31\">Adsor\u00e7\u00e3o de Co2<\/td>\n<td valign=\"bottom\" height=\"31\">NL\/g<\/td>\n<td valign=\"bottom\" height=\"31\">\u226517.5<\/td>\n<td valign=\"bottom\" height=\"31\">\u226517.5<\/td>\n<td valign=\"bottom\" height=\"31\">\u226517.0<\/td>\n<td valign=\"bottom\" height=\"31\">\u226517.0<\/td>\n<\/tr>\n<\/tbody>\n<\/table>\n<\/div>\n<p>Nota: Os dados acima referidos s\u00e3o\u00a0<a href=\"https:\/\/www.laiko.net\/molecular-sieve-zeolite\/\" target=\"_self\" rel=\"noopener\">material de peneira molecular<\/a>\u00a0dados t\u00edpicos. Tamb\u00e9m podemos produzir a pedido do cliente.<\/p>","protected":false},"excerpt":{"rendered":"<p>Utilizado para a produ\u00e7\u00e3o de oxig\u00e9nio rico, separa\u00e7\u00e3o de oxig\u00e9nio\/nitrog\u00e9nio no processo de separa\u00e7\u00e3o do ar. Em compara\u00e7\u00e3o com o crivo molecular comum do tipo c\u00e1lcio e s\u00f3dio para a produ\u00e7\u00e3o de oxig\u00e9nio, o PSA aplica-se a v\u00e1rios dispositivos VPSA com melhor capacidade e efici\u00eancia de separa\u00e7\u00e3o.<\/p>","protected":false},"featured_media":3779,"template":"","meta":{"_seopress_robots_primary_cat":"none","_monsterinsights_skip_tracking":false,"_monsterinsights_sitenote_active":false,"_monsterinsights_sitenote_note":"","_monsterinsights_sitenote_category":0,"_joinchat":[]},"product_cat":[79],"product_tag":[],"class_list":["post-3452","product","type-product","status-publish","has-post-thumbnail","hentry","product_cat-molecular-sieve-zeolite"],"featured_image_urls":{"full":["https:\/\/www.laiko.net\/wp-content\/uploads\/2023\/10\/PSA-molecular-sieve1.jpg",600,350,false],"thumbnail":["https:\/\/www.laiko.net\/wp-content\/uploads\/2023\/10\/PSA-molecular-sieve1-150x150.jpg",150,150,true],"medium":["https:\/\/www.laiko.net\/wp-content\/uploads\/2023\/10\/PSA-molecular-sieve1-300x175.jpg",300,175,true],"medium_large":["https:\/\/www.laiko.net\/wp-content\/uploads\/2023\/10\/PSA-molecular-sieve1.jpg",600,350,false],"large":["https:\/\/www.laiko.net\/wp-content\/uploads\/2023\/10\/PSA-molecular-sieve1.jpg",600,350,false],"1536x1536":["https:\/\/www.laiko.net\/wp-content\/uploads\/2023\/10\/PSA-molecular-sieve1.jpg",600,350,false],"2048x2048":["https:\/\/www.laiko.net\/wp-content\/uploads\/2023\/10\/PSA-molecular-sieve1.jpg",600,350,false],"trp-custom-language-flag":["https:\/\/www.laiko.net\/wp-content\/uploads\/2023\/10\/PSA-molecular-sieve1.jpg",18,12,false],"woocommerce_thumbnail":["https:\/\/www.laiko.net\/wp-content\/uploads\/2023\/10\/PSA-molecular-sieve1-300x175.jpg",300,175,true],"woocommerce_single":["https:\/\/www.laiko.net\/wp-content\/uploads\/2023\/10\/PSA-molecular-sieve1.jpg",600,350,false],"woocommerce_gallery_thumbnail":["https:\/\/www.laiko.net\/wp-content\/uploads\/2023\/10\/PSA-molecular-sieve1-100x100.jpg",100,100,true]},"post_excerpt_stackable":"<p>Used for rich oxygen generation, oxygen\/nitrogen separation in the air separation process. Compared with common calcium-type and sodium-type molecular sieve for oxygen generation, PSA applies to various VPSA devices with better capacity and separation efficiency.<\/p>\n","category_list":"","author_info":{"name":"","url":""},"comments_num":"0 comments","_links":{"self":[{"href":"https:\/\/www.laiko.net\/pt\/wp-json\/wp\/v2\/product\/3452","targetHints":{"allow":["GET"]}}],"collection":[{"href":"https:\/\/www.laiko.net\/pt\/wp-json\/wp\/v2\/product"}],"about":[{"href":"https:\/\/www.laiko.net\/pt\/wp-json\/wp\/v2\/types\/product"}],"wp:featuredmedia":[{"embeddable":true,"href":"https:\/\/www.laiko.net\/pt\/wp-json\/wp\/v2\/media\/3779"}],"wp:attachment":[{"href":"https:\/\/www.laiko.net\/pt\/wp-json\/wp\/v2\/media?parent=3452"}],"wp:term":[{"taxonomy":"product_cat","embeddable":true,"href":"https:\/\/www.laiko.net\/pt\/wp-json\/wp\/v2\/product_cat?post=3452"},{"taxonomy":"product_tag","embeddable":true,"href":"https:\/\/www.laiko.net\/pt\/wp-json\/wp\/v2\/product_tag?post=3452"}],"curies":[{"name":"wp","href":"https:\/\/api.w.org\/{rel}","templated":true}]}}