{"id":3451,"date":"2023-11-11T10:35:30","date_gmt":"2023-11-11T02:35:30","guid":{"rendered":"http:\/\/www3.laiko.net\/?post_type=product&#038;p=3451"},"modified":"2023-11-14T16:08:29","modified_gmt":"2023-11-14T08:08:29","slug":"molecular-sieves-13x-hp","status":"publish","type":"product","link":"https:\/\/www.laiko.net\/pt\/produto\/peneiras-moleculares-13x-hp\/","title":{"rendered":"Peneiras moleculares 13X HP"},"content":{"rendered":"<h2>Especifica\u00e7\u00f5es t\u00e9cnicas<\/h2>\n<div class=\"overflow_x\">\n<table data-sort=\"sortDisabled\">\n<tbody>\n<tr class=\"firstRow\">\n<td valign=\"top\">Produto<\/td>\n<td colspan=\"2\" rowspan=\"1\" valign=\"top\">13X HP<\/td>\n<\/tr>\n<tr>\n<td valign=\"top\">Cor<\/td>\n<td colspan=\"2\" rowspan=\"1\" valign=\"top\">Cinzento claro<\/td>\n<\/tr>\n<tr>\n<td valign=\"top\">Di\u00e2metro normal dos poros 10 ang<\/td>\n<td colspan=\"2\" rowspan=\"1\" valign=\"top\">10 angstroms<\/td>\n<\/tr>\n<tr>\n<td valign=\"top\">Di\u00e2metro (mm)<\/td>\n<td valign=\"top\">0.4-0.8<\/td>\n<td valign=\"top\">1.6-2.5<\/td>\n<\/tr>\n<tr>\n<td valign=\"top\">Perda na igni\u00e7\u00e3o (wt%.575\u2103, 1hr)<\/td>\n<td valign=\"top\">\u22641.0<\/td>\n<td valign=\"top\">\u22641.0<\/td>\n<\/tr>\n<tr>\n<td valign=\"top\">Densidade a granel (g\/ml)<\/td>\n<td valign=\"top\">\u22650.62<\/td>\n<td valign=\"top\">\u22650.62<\/td>\n<\/tr>\n<tr>\n<td valign=\"top\">Resist\u00eancia ao esmagamento (N)<\/td>\n<td valign=\"top\">\/<\/td>\n<td valign=\"top\">\u226530\/pe\u00e7a<\/td>\n<\/tr>\n<tr>\n<td valign=\"top\">Est\u00e1tico H<sub>2<\/sub>Absor\u00e7\u00e3o de O (wt% RH60%,25\u2103)<\/td>\n<td valign=\"top\">\u226530<\/td>\n<td valign=\"top\">\u226530<\/td>\n<\/tr>\n<tr>\n<td valign=\"top\">CO est\u00e1tico<sub>2\u00a0<\/sub>adsor\u00e7\u00e3o (wt% 250mmHg, 25 \u2103)<\/td>\n<td valign=\"top\">\uff1e20.5<\/td>\n<td valign=\"top\">\uff1e20.5<\/td>\n<\/tr>\n<tr>\n<td valign=\"top\">Atrito (wt%)<\/td>\n<td valign=\"top\">\u22640.2<\/td>\n<td valign=\"top\">\u22640.2<\/td>\n<\/tr>\n<tr>\n<td colspan=\"1\" rowspan=\"1\" valign=\"top\">Ra\u00e7\u00e3o de part\u00edculas (%)<\/td>\n<td colspan=\"1\" rowspan=\"1\" valign=\"top\">\u226595<\/td>\n<td colspan=\"1\" rowspan=\"1\" valign=\"top\">\u226597<\/td>\n<\/tr>\n<tr>\n<td colspan=\"1\" rowspan=\"1\" valign=\"top\">N<sub>2\u00a0<\/sub>adsor\u00e7\u00e3o (ml\/g)<\/td>\n<td colspan=\"1\" rowspan=\"1\" valign=\"top\">8.5~9<\/td>\n<td colspan=\"1\" rowspan=\"1\" valign=\"top\">8.5~9<\/td>\n<\/tr>\n<tr>\n<td colspan=\"1\" rowspan=\"1\" valign=\"top\">N<sub>2<\/sub>\u00a0\/O<sub>2<\/sub>\u00a0coeficiente de separa\u00e7\u00e3o (a)<\/td>\n<td colspan=\"1\" rowspan=\"1\" valign=\"top\">&gt;3.4<\/td>\n<td colspan=\"1\" rowspan=\"1\" valign=\"top\">&gt;3.4<\/td>\n<\/tr>\n<\/tbody>\n<\/table>\n<\/div>\n<h2>Vantagens<\/h2>\n<p>1. O mais alto desempenho de adsor\u00e7\u00e3o.<\/p>\n<p>2. Microporosidade 10A.<\/p>\n<p>3. Taxas de transfer\u00eancia r\u00e1pidas.<\/p>\n<p>4. Adsor\u00e7\u00e3o de longa dura\u00e7\u00e3o.<\/p>\n<h2>Aplica\u00e7\u00e3o<\/h2>\n<p>\u00c9 amplamente utilizado na gera\u00e7\u00e3o industrial de oxig\u00e9nio PSA e como Concertartor de oxig\u00e9nio m\u00e9dico que tem a capacidade de separar o oxig\u00e9nio das correntes de ar.<\/p>","protected":false},"excerpt":{"rendered":"<p>A peneira molecular de enriquecimento de oxig\u00e9nio 13X HP \u00e9 uma nova peneira molecular do tipo X para o concentrador de oxig\u00e9nio PSA. S\u00e3o amplamente utilizados como catalisadores para remover o nitrog\u00e9nio do oxig\u00e9nio e obter oxig\u00e9nio puro. T\u00eam maior capacidade de adsor\u00e7\u00e3o de N2 e melhor efeito no processo de separa\u00e7\u00e3o N2 \/O2. \u00c9 tamb\u00e9m utilizado como agente dessecante para absorver a \u00e1gua, a humidade e a humidade de l\u00edquidos, \u00f3leos e gases.<\/p>","protected":false},"featured_media":3776,"template":"","meta":{"_seopress_robots_primary_cat":"none","_monsterinsights_skip_tracking":false,"_monsterinsights_sitenote_active":false,"_monsterinsights_sitenote_note":"","_monsterinsights_sitenote_category":0,"_joinchat":[]},"product_cat":[99,79],"product_tag":[],"class_list":["post-3451","product","type-product","status-publish","has-post-thumbnail","hentry","product_cat-hot-sale-products","product_cat-molecular-sieve-zeolite"],"featured_image_urls":{"full":["https:\/\/www.laiko.net\/wp-content\/uploads\/2023\/10\/13X-HP-molecular-sieve-3.jpg",600,350,false],"thumbnail":["https:\/\/www.laiko.net\/wp-content\/uploads\/2023\/10\/13X-HP-molecular-sieve-3-150x150.jpg",150,150,true],"medium":["https:\/\/www.laiko.net\/wp-content\/uploads\/2023\/10\/13X-HP-molecular-sieve-3-300x175.jpg",300,175,true],"medium_large":["https:\/\/www.laiko.net\/wp-content\/uploads\/2023\/10\/13X-HP-molecular-sieve-3.jpg",600,350,false],"large":["https:\/\/www.laiko.net\/wp-content\/uploads\/2023\/10\/13X-HP-molecular-sieve-3.jpg",600,350,false],"1536x1536":["https:\/\/www.laiko.net\/wp-content\/uploads\/2023\/10\/13X-HP-molecular-sieve-3.jpg",600,350,false],"2048x2048":["https:\/\/www.laiko.net\/wp-content\/uploads\/2023\/10\/13X-HP-molecular-sieve-3.jpg",600,350,false],"trp-custom-language-flag":["https:\/\/www.laiko.net\/wp-content\/uploads\/2023\/10\/13X-HP-molecular-sieve-3.jpg",18,12,false],"woocommerce_thumbnail":["https:\/\/www.laiko.net\/wp-content\/uploads\/2023\/10\/13X-HP-molecular-sieve-3-300x175.jpg",300,175,true],"woocommerce_single":["https:\/\/www.laiko.net\/wp-content\/uploads\/2023\/10\/13X-HP-molecular-sieve-3.jpg",600,350,false],"woocommerce_gallery_thumbnail":["https:\/\/www.laiko.net\/wp-content\/uploads\/2023\/10\/13X-HP-molecular-sieve-3-100x100.jpg",100,100,true]},"post_excerpt_stackable":"<p>Molecular sieves 13X HP oxygen enriching molecular sieve is a new type X molecular sieve for PSA oxygen concertrator. They are widely used as catalysts to remove the nitrogen from oxygen to obtain pure oxygen. which has higher N2 adsorption capacity and better effect in the N2 \/O2 separation process. It&#8217;s also used as a desiccant agent to absorb the water, moisture, and humidity from liquids, oils and gases.<\/p>\n","category_list":"","author_info":{"name":"","url":""},"comments_num":"0 comments","_links":{"self":[{"href":"https:\/\/www.laiko.net\/pt\/wp-json\/wp\/v2\/product\/3451","targetHints":{"allow":["GET"]}}],"collection":[{"href":"https:\/\/www.laiko.net\/pt\/wp-json\/wp\/v2\/product"}],"about":[{"href":"https:\/\/www.laiko.net\/pt\/wp-json\/wp\/v2\/types\/product"}],"wp:featuredmedia":[{"embeddable":true,"href":"https:\/\/www.laiko.net\/pt\/wp-json\/wp\/v2\/media\/3776"}],"wp:attachment":[{"href":"https:\/\/www.laiko.net\/pt\/wp-json\/wp\/v2\/media?parent=3451"}],"wp:term":[{"taxonomy":"product_cat","embeddable":true,"href":"https:\/\/www.laiko.net\/pt\/wp-json\/wp\/v2\/product_cat?post=3451"},{"taxonomy":"product_tag","embeddable":true,"href":"https:\/\/www.laiko.net\/pt\/wp-json\/wp\/v2\/product_tag?post=3451"}],"curies":[{"name":"wp","href":"https:\/\/api.w.org\/{rel}","templated":true}]}}