{"id":3450,"date":"2023-11-12T10:13:04","date_gmt":"2023-11-12T02:13:04","guid":{"rendered":"http:\/\/www3.laiko.net\/?post_type=product&#038;p=3450"},"modified":"2023-11-14T16:07:06","modified_gmt":"2023-11-14T08:07:06","slug":"cax-molecular-sieve","status":"publish","type":"product","link":"https:\/\/www.laiko.net\/pt\/produto\/peneira-molecular-cax\/","title":{"rendered":"Peneira molecular CaX"},"content":{"rendered":"<h2>Especifica\u00e7\u00e3o da peneira molecular CaX<\/h2>\n<div class=\"overflow_x\">\n<table>\n<tbody>\n<tr>\n<td width=\"283\">Artigo<\/td>\n<td width=\"164\">Unidade<\/td>\n<td colspan=\"2\" width=\"178\">Cax<\/td>\n<\/tr>\n<tr>\n<td width=\"283\">Forma<\/td>\n<td width=\"164\"><\/td>\n<td colspan=\"2\" width=\"178\">Esfera\uff08granular\uff09<\/td>\n<\/tr>\n<tr>\n<td width=\"283\">Di\u00e2metro<\/td>\n<td width=\"164\">mm<\/td>\n<td width=\"112\">\u03b81.2~1.8<\/td>\n<td width=\"66\">\u03b81.6~2.5<\/td>\n<\/tr>\n<tr>\n<td width=\"283\">Densidade a granel<\/td>\n<td width=\"164\">kg\/L<\/td>\n<td width=\"112\">0.62~0.68<\/td>\n<td width=\"66\">0.62~0.68<\/td>\n<\/tr>\n<tr>\n<td width=\"283\">Resist\u00eancia ao esmagamento<\/td>\n<td width=\"164\">N\/Pellet<\/td>\n<td width=\"112\">\u226512<\/td>\n<td width=\"66\">\u226518<\/td>\n<\/tr>\n<tr>\n<td width=\"283\">R\u00e1cio de abras\u00e3o<\/td>\n<td width=\"164\">%wt<\/td>\n<td colspan=\"2\" width=\"178\">\u22640.3<\/td>\n<\/tr>\n<tr>\n<td width=\"283\">Absor\u00e7\u00e3o est\u00e1tica de N2<\/td>\n<td width=\"164\">ml\/g<\/td>\n<td colspan=\"2\" width=\"178\">\u226522.0<\/td>\n<\/tr>\n<tr>\n<td width=\"283\">Coeficiente de separa\u00e7\u00e3o N2 \/O2<\/td>\n<td width=\"164\"><\/td>\n<td colspan=\"2\" width=\"178\">\u22654.1<\/td>\n<\/tr>\n<tr>\n<td width=\"283\">Absor\u00e7\u00e3o est\u00e1tica de \u00e1gua<\/td>\n<td width=\"164\">%wt<\/td>\n<td colspan=\"2\" width=\"178\">\u226528.0<\/td>\n<\/tr>\n<tr>\n<td width=\"283\">Teor de \u00e1gua<\/td>\n<td width=\"164\">%wt<\/td>\n<td colspan=\"2\" width=\"178\">\u22641.0<\/td>\n<\/tr>\n<tr>\n<td width=\"283\">Press\u00e3o de absor\u00e7\u00e3o para a produ\u00e7\u00e3o de oxig\u00e9nio<\/td>\n<td width=\"164\">KP<\/td>\n<td colspan=\"2\" width=\"178\">50<\/td>\n<\/tr>\n<tr>\n<td width=\"283\">Press\u00e3o de dessor\u00e7\u00e3o<\/td>\n<td width=\"164\">KP<\/td>\n<td colspan=\"2\" width=\"178\">-50<\/td>\n<\/tr>\n<tr>\n<td width=\"283\">Concentra\u00e7\u00e3o de oxig\u00e9nio \u00e0 sa\u00edda<\/td>\n<td width=\"164\">%<\/td>\n<td colspan=\"2\" width=\"178\">93<\/td>\n<\/tr>\n<tr>\n<td width=\"283\">Capacidade de produ\u00e7\u00e3o de oxig\u00e9nio<\/td>\n<td width=\"164\">\/ton Peneira molecular<\/td>\n<td colspan=\"2\" width=\"178\">45m3<\/td>\n<\/tr>\n<\/tbody>\n<\/table>\n<\/div>\n<p>Aten\u00e7\u00e3o: O CaX n\u00e3o pode ser exposto ao ar livre e deve ser armazenado em condi\u00e7\u00f5es secas numa embalagem \u00e0 prova de ar. Pode ser regenerado ap\u00f3s um determinado per\u00edodo de adsor\u00e7\u00e3o. A temperatura adequada para a regenera\u00e7\u00e3o \u00e9 inferior a 350\u00b0C.<\/p>\n<h2>Principal aplica\u00e7\u00e3o da peneira molecular CaX<\/h2>\n<p>\u00c9 utilizado principalmente para a produ\u00e7\u00e3o de oxig\u00e9nio na separa\u00e7\u00e3o de ar de adsor\u00e7\u00e3o por oscila\u00e7\u00e3o de press\u00e3o.<\/p>","protected":false},"excerpt":{"rendered":"<p>O CaX \u00e9 um aluminossilicato de metal alcalino cujo cristal \u00e9 uma estrutura do tipo X de c\u00e1lcio. O crivo molecular pode adsorver mol\u00e9culas com um di\u00e2metro cr\u00edtico de 9A. \u00c9 um crivo molecular especial para adsor\u00e7\u00e3o por oscila\u00e7\u00e3o de press\u00e3o e produ\u00e7\u00e3o de oxig\u00e9nio.<\/p>","protected":false},"featured_media":1037,"template":"","meta":{"_seopress_robots_primary_cat":"none","_monsterinsights_skip_tracking":false,"_monsterinsights_sitenote_active":false,"_monsterinsights_sitenote_note":"","_monsterinsights_sitenote_category":0,"_joinchat":[]},"product_cat":[79],"product_tag":[],"class_list":["post-3450","product","type-product","status-publish","has-post-thumbnail","hentry","product_cat-molecular-sieve-zeolite"],"featured_image_urls":{"full":["https:\/\/www.laiko.net\/wp-content\/uploads\/2023\/10\/frc-e042769be74bf156b3c25e54849f8551.jpg",600,350,false],"thumbnail":["https:\/\/www.laiko.net\/wp-content\/uploads\/2023\/10\/frc-e042769be74bf156b3c25e54849f8551-150x150.jpg",150,150,true],"medium":["https:\/\/www.laiko.net\/wp-content\/uploads\/2023\/10\/frc-e042769be74bf156b3c25e54849f8551-300x175.jpg",300,175,true],"medium_large":["https:\/\/www.laiko.net\/wp-content\/uploads\/2023\/10\/frc-e042769be74bf156b3c25e54849f8551.jpg",600,350,false],"large":["https:\/\/www.laiko.net\/wp-content\/uploads\/2023\/10\/frc-e042769be74bf156b3c25e54849f8551.jpg",600,350,false],"1536x1536":["https:\/\/www.laiko.net\/wp-content\/uploads\/2023\/10\/frc-e042769be74bf156b3c25e54849f8551.jpg",600,350,false],"2048x2048":["https:\/\/www.laiko.net\/wp-content\/uploads\/2023\/10\/frc-e042769be74bf156b3c25e54849f8551.jpg",600,350,false],"trp-custom-language-flag":["https:\/\/www.laiko.net\/wp-content\/uploads\/2023\/10\/frc-e042769be74bf156b3c25e54849f8551.jpg",18,12,false],"woocommerce_thumbnail":["https:\/\/www.laiko.net\/wp-content\/uploads\/2023\/10\/frc-e042769be74bf156b3c25e54849f8551-300x175.jpg",300,175,true],"woocommerce_single":["https:\/\/www.laiko.net\/wp-content\/uploads\/2023\/10\/frc-e042769be74bf156b3c25e54849f8551.jpg",600,350,false],"woocommerce_gallery_thumbnail":["https:\/\/www.laiko.net\/wp-content\/uploads\/2023\/10\/frc-e042769be74bf156b3c25e54849f8551-100x100.jpg",100,100,true]},"post_excerpt_stackable":"<p>CaX is an alkali metal aluminosilicate whose crystal is a calcium X-type structure. The molecular sieve can adsorb molecules with a critical diameter of 9A. It is a special molecular sieve for pressure swing adsorption and oxygen production.<\/p>\n","category_list":"","author_info":{"name":"","url":""},"comments_num":"0 comments","_links":{"self":[{"href":"https:\/\/www.laiko.net\/pt\/wp-json\/wp\/v2\/product\/3450","targetHints":{"allow":["GET"]}}],"collection":[{"href":"https:\/\/www.laiko.net\/pt\/wp-json\/wp\/v2\/product"}],"about":[{"href":"https:\/\/www.laiko.net\/pt\/wp-json\/wp\/v2\/types\/product"}],"wp:featuredmedia":[{"embeddable":true,"href":"https:\/\/www.laiko.net\/pt\/wp-json\/wp\/v2\/media\/1037"}],"wp:attachment":[{"href":"https:\/\/www.laiko.net\/pt\/wp-json\/wp\/v2\/media?parent=3450"}],"wp:term":[{"taxonomy":"product_cat","embeddable":true,"href":"https:\/\/www.laiko.net\/pt\/wp-json\/wp\/v2\/product_cat?post=3450"},{"taxonomy":"product_tag","embeddable":true,"href":"https:\/\/www.laiko.net\/pt\/wp-json\/wp\/v2\/product_tag?post=3450"}],"curies":[{"name":"wp","href":"https:\/\/api.w.org\/{rel}","templated":true}]}}