{"id":3449,"date":"2023-11-13T18:04:12","date_gmt":"2023-11-13T10:04:12","guid":{"rendered":"http:\/\/www3.laiko.net\/?post_type=product&#038;p=3449"},"modified":"2023-12-26T16:27:37","modified_gmt":"2023-12-26T08:27:37","slug":"lithium-molecular-sieve","status":"publish","type":"product","link":"https:\/\/www.laiko.net\/pt\/produto\/peneira-molecular-de-litio\/","title":{"rendered":"Peneira molecular de l\u00edtio"},"content":{"rendered":"<h2>Par\u00e2metros do ze\u00f3lito de l\u00edtio\/peneira molecular<\/h2>\n<p>Naike Chemical \u00e9 um fabricante profissional de peneira molecular de ze\u00f3lita para gerador de oxig\u00e9nio, fornecendo v\u00e1rias peneiras moleculares para venda. H\u00e1 principalmente quatro tipos de peneira molecular \u00e0 base de l\u00edtio para concentrador de oxig\u00e9nio: NKOX-100, NKOX-101, NKOX-102 e NKOX-103. Os par\u00e2metros da peneira molecular de l\u00edtio s\u00e3o os seguintes:<\/p>\n<div class=\"overflow_x\">\n<table cellspacing=\"0\" cellpadding=\"0\">\n<colgroup>\n<col \/>\n<col \/>\n<col \/>\n<col span=\"3\" \/><\/colgroup>\n<tbody>\n<tr class=\"firstRow\">\n<td rowspan=\"2\" height=\"44\">Os itens do teste<\/td>\n<td rowspan=\"2\">unidade<\/td>\n<td colspan=\"4\">LiX<\/td>\n<td rowspan=\"2\">Nota<\/td>\n<\/tr>\n<tr>\n<td>NKOX-100<\/td>\n<td>NKOX-101<\/td>\n<td colspan=\"1\" rowspan=\"1\" valign=\"null\">NKOX-102<\/td>\n<td>NKOX-103<\/td>\n<\/tr>\n<tr>\n<td height=\"22\">Diametro<\/td>\n<td>mm<\/td>\n<td>1.6-2.5<\/td>\n<td>0.4-0.8<\/td>\n<td colspan=\"1\" rowspan=\"1\" valign=\"null\">0.8-1.2<\/td>\n<td>1.3-1.7<\/td>\n<td>~<\/td>\n<\/tr>\n<tr>\n<td height=\"22\">Adsor\u00e7\u00e3o est\u00e1tica de azoto<\/td>\n<td>ml\/g<\/td>\n<td>\u226525<\/td>\n<td>\u226528<\/td>\n<td colspan=\"1\" rowspan=\"1\" valign=\"null\">\u226528<\/td>\n<td>\u226526<\/td>\n<td>1bar, 25\u00b0C<\/td>\n<\/tr>\n<tr>\n<td height=\"22\">Coeficiente de separa\u00e7\u00e3o azoto\/oxig\u00e9nio<\/td>\n<td>~<\/td>\n<td>\u22656.2<\/td>\n<td>\u22656.2<\/td>\n<td colspan=\"1\" rowspan=\"1\" valign=\"null\">\u22656.2<\/td>\n<td>\u22656.3<\/td>\n<td>1bar, 25\u00b0C<\/td>\n<\/tr>\n<tr>\n<td height=\"32\">Resist\u00eancia ao esmagamento<\/td>\n<td>N<\/td>\n<td>\u226517<\/td>\n<td>~<\/td>\n<td colspan=\"1\" rowspan=\"1\" valign=\"null\">\u22658<\/td>\n<td>\u226516<\/td>\n<td>A m\u00e9dia<\/td>\n<\/tr>\n<tr>\n<td height=\"18\">Densidade aparente<\/td>\n<td>kg\/m3<\/td>\n<td>610-640<\/td>\n<td>610-640<\/td>\n<td colspan=\"1\" rowspan=\"1\" valign=\"null\">610-640<\/td>\n<td>610-640<\/td>\n<td><\/td>\n<\/tr>\n<tr>\n<td colspan=\"1\" rowspan=\"1\">Tamanho das part\u00edculas<\/td>\n<td colspan=\"1\" rowspan=\"1\">%wt<\/td>\n<td colspan=\"1\" rowspan=\"1\">\u226598<\/td>\n<td colspan=\"1\" rowspan=\"1\">\u226595<\/td>\n<td colspan=\"1\" rowspan=\"1\">\u226598<\/td>\n<td colspan=\"1\" rowspan=\"1\">\u226598<\/td>\n<td colspan=\"1\" rowspan=\"1\">550\u00b0C, 1 hora<\/td>\n<\/tr>\n<tr>\n<td height=\"32\">Coeficiente de varia\u00e7\u00e3o<\/td>\n<td><\/td>\n<td>\u22640.4<\/td>\n<td>\u22640.4<\/td>\n<td colspan=\"1\" rowspan=\"1\" valign=\"null\">\u22640.4<\/td>\n<td>\u22640.4<\/td>\n<td><\/td>\n<\/tr>\n<tr>\n<td height=\"18\">\u00c1gua residual<\/td>\n<td>%wt<\/td>\n<td>\u22640.2<\/td>\n<td>\u22640.15<\/td>\n<td colspan=\"1\" rowspan=\"1\" valign=\"null\">\u22640.15<\/td>\n<td>\u22640.13<\/td>\n<td>575\u00b0C,1 hora<\/td>\n<\/tr>\n<\/tbody>\n<\/table>\n<\/div>\n<h2>Ze\u00f3lito em p\u00f3 de peneira molecular de l\u00edtio<\/h2>\n<h2>para concentrador de oxig\u00e9nio<\/h2>\n<p>As peneiras moleculares de l\u00edtio podem ser utilizadas na ind\u00fastria qu\u00edmica e nos sectores da sa\u00fade. A fim de satisfazer os elevados requisitos actuais da oxigenoterapia e reduzir as desvantagens, a peneira molecular de ze\u00f3lito \u00e9 utilizada em cl\u00ednicas como um novo tipo de chip de oxig\u00e9nio medicinal. De um modo geral, o equipamento m\u00e9dico de produ\u00e7\u00e3o de oxig\u00e9nio por peneira molecular utiliza o ar como mat\u00e9ria-prima, enquanto a peneira molecular de ze\u00f3lito (ZMS) \u00e9 utilizada como adsorvente para produzir oxig\u00e9nio por adsor\u00e7\u00e3o por oscila\u00e7\u00e3o de press\u00e3o (PSA). A concentra\u00e7\u00e3o de oxig\u00e9nio \u00e9 geralmente de 93 \u00b1 3%.<\/p>\n<p>Atualmente, existem principalmente dois tipos de peneiras moleculares de ze\u00f3lito utilizadas em concentradores de oxig\u00e9nio no mercado: tipo de s\u00f3dio e tipo de l\u00edtio. A empresa de crivo molecular Naike pode fornecer ze\u00f3lito PSA profissional para concentradores de oxig\u00e9nio. A peneira molecular de ze\u00f3lito de l\u00edtio \u00e9 mais eficiente do que a peneira molecular de ze\u00f3lito de s\u00f3dio, o que pode reduzir muito o volume do gerador de oxig\u00e9nio e tornar o concentrador de oxig\u00e9nio mais pequeno e mais f\u00e1cil de transportar.<\/p>\n<h2>Peneira molecular de l\u00edtio para concentrador de oxig\u00e9nio<\/h2>\n<h2>Utiliza\u00e7\u00f5es<\/h2>\n<p>3A: Secagem de g\u00e1s de craqueamento do petr\u00f3leo e olefinas.<\/p>\n<p>4A: Secagem de g\u00e1s natural e separa\u00e7\u00e3o de alcanos.<\/p>\n<p>5A: Secagem e purifica\u00e7\u00e3o do ar, desidrata\u00e7\u00e3o e dessulfura\u00e7\u00e3o do g\u00e1s natural, dessulfura\u00e7\u00e3o do g\u00e1s de petr\u00f3leo liquefeito e produ\u00e7\u00e3o de oxig\u00e9nio por adsor\u00e7\u00e3o por oscila\u00e7\u00e3o de press\u00e3o e produ\u00e7\u00e3o de hidrog\u00e9nio.<\/p>\n<p>5A-DW: Desparafinagem, depress\u00e3o do ponto de fluidez e separa\u00e7\u00e3o de parafinas do querosene de avia\u00e7\u00e3o e do gas\u00f3leo.<\/p>\n<p>10X: Adsorvente eficiente para secagem de gases e l\u00edquidos, dessulfura\u00e7\u00e3o, descarbonata\u00e7\u00e3o e separa\u00e7\u00e3o de arom\u00e1ticos.<\/p>\n<p><a href=\"https:\/\/www.laiko.net\/product\/13x-molecular-sieve\/\" target=\"_self\" rel=\"noopener\">Peneiras moleculares 13X<\/a>: Secagem, dessulfura\u00e7\u00e3o e purifica\u00e7\u00e3o de GPL e g\u00e1s natural.<\/p>\n<p>Peneiras moleculares 13X-AS: Descarboniza\u00e7\u00e3o e secagem de separa\u00e7\u00e3o de ar.<\/p>\n<h2>Caracter\u00edsticas da peneira molecular de l\u00edtio<\/h2>\n<h2>para concentrador de oxig\u00e9nio<\/h2>\n<ul class=\"list-paddingleft-2\">\n<li>A peneira molecular \u00e0 base de l\u00edtio \u00e9 um ze\u00f3lito sint\u00e9tico com estrutura cristalina do tipo l\u00edtio, grande capacidade de adsor\u00e7\u00e3o de azoto, elevada efici\u00eancia de separa\u00e7\u00e3o de oxig\u00e9nio\/nitrog\u00e9nio.<\/li>\n<li>Assim, \u00e9 poss\u00edvel utilizar este sistema tamb\u00e9m em opera\u00e7\u00f5es futuras.<\/li>\n<li>A peneira molecular \u00e0 base de l\u00edtio apresenta uma elevada separa\u00e7\u00e3o N2\/O2 a uma press\u00e3o muito baixa, o que reduz o consumo de oxig\u00e9nio produzido.<\/li>\n<li>A vantagem da capacidade de adsor\u00e7\u00e3o em equil\u00edbrio e da peneira molecular de l\u00edtio \u00e9 aplicada a v\u00e1rios dispositivos VPSA para concentradores de oxig\u00e9nio.<\/li>\n<\/ul>\n<h2>Pacote de peneira molecular de l\u00edtio<\/h2>\n<p><img loading=\"lazy\" decoding=\"async\" class=\"alignnone size-medium wp-image-3187\" src=\"https:\/\/www.laiko.net\/wp-content\/uploads\/2023\/10\/lithium-zeolite-for-oxygen-concentrator-1-e1697715152249-300x167.webp\" alt=\"\" width=\"300\" height=\"167\" srcset=\"https:\/\/www.laiko.net\/wp-content\/uploads\/2023\/10\/lithium-zeolite-for-oxygen-concentrator-1-e1697715152249-300x167.webp 300w, https:\/\/www.laiko.net\/wp-content\/uploads\/2023\/10\/lithium-zeolite-for-oxygen-concentrator-1-e1697715152249.webp 360w\" sizes=\"auto, (max-width: 300px) 100vw, 300px\" \/><\/p>\n<p><img loading=\"lazy\" decoding=\"async\" class=\"alignnone size-medium wp-image-1047\" src=\"https:\/\/www.laiko.net\/wp-content\/uploads\/2023\/10\/frc-5a02aa25c27c0d3ef2dde146d6f328a1-300x194.png\" alt=\"\" width=\"300\" height=\"194\" srcset=\"https:\/\/www.laiko.net\/wp-content\/uploads\/2023\/10\/frc-5a02aa25c27c0d3ef2dde146d6f328a1-300x194.png 300w, https:\/\/www.laiko.net\/wp-content\/uploads\/2023\/10\/frc-5a02aa25c27c0d3ef2dde146d6f328a1.png 425w\" sizes=\"auto, (max-width: 300px) 100vw, 300px\" \/><\/p>\n<p><img loading=\"lazy\" decoding=\"async\" class=\"alignnone size-medium wp-image-1044\" src=\"https:\/\/www.laiko.net\/wp-content\/uploads\/2023\/10\/frc-8901f5492d0b83e752d9e3213864411e-300x135.png\" alt=\"\" width=\"300\" height=\"135\" srcset=\"https:\/\/www.laiko.net\/wp-content\/uploads\/2023\/10\/frc-8901f5492d0b83e752d9e3213864411e-300x135.png 300w, https:\/\/www.laiko.net\/wp-content\/uploads\/2023\/10\/frc-8901f5492d0b83e752d9e3213864411e-600x270.png 600w, https:\/\/www.laiko.net\/wp-content\/uploads\/2023\/10\/frc-8901f5492d0b83e752d9e3213864411e-1024x461.png 1024w, https:\/\/www.laiko.net\/wp-content\/uploads\/2023\/10\/frc-8901f5492d0b83e752d9e3213864411e-768x346.png 768w, https:\/\/www.laiko.net\/wp-content\/uploads\/2023\/10\/frc-8901f5492d0b83e752d9e3213864411e-1536x691.png 1536w, https:\/\/www.laiko.net\/wp-content\/uploads\/2023\/10\/frc-8901f5492d0b83e752d9e3213864411e.png 1920w\" sizes=\"auto, (max-width: 300px) 100vw, 300px\" \/><\/p>\n<p><img loading=\"lazy\" decoding=\"async\" class=\"alignnone size-medium wp-image-1045\" src=\"https:\/\/www.laiko.net\/wp-content\/uploads\/2023\/10\/frc-dff4748b5c9c73bfeb7f58b1c1bd663b-300x194.png\" alt=\"\" width=\"300\" height=\"194\" srcset=\"https:\/\/www.laiko.net\/wp-content\/uploads\/2023\/10\/frc-dff4748b5c9c73bfeb7f58b1c1bd663b-300x194.png 300w, https:\/\/www.laiko.net\/wp-content\/uploads\/2023\/10\/frc-dff4748b5c9c73bfeb7f58b1c1bd663b.png 425w\" sizes=\"auto, (max-width: 300px) 100vw, 300px\" \/><\/p>\n<p>&nbsp;<\/p>\n<p>&nbsp;<\/p>","protected":false},"excerpt":{"rendered":"<p>O crivo molecular de l\u00edtio \u00e9 uma forma de baixo teor de s\u00edlica com troca de l\u00edtio de alto desempenho do ze\u00f3lito de tipo X com uma capacidade excecional de azoto para proporcionar um desempenho \u00f3timo na separa\u00e7\u00e3o do oxig\u00e9nio do ar em concentradores de oxig\u00e9nio medicinal. O\u00a0<a href=\"https:\/\/www.laiko.net\/product-category\/molecular-sieve-zeolite\/\" target=\"_self\" rel=\"noopener\">material de peneira molecular<\/a>\u00a0foi desenvolvido e concebido para a produ\u00e7\u00e3o de fluxos de ar ricos em oxig\u00e9nio at\u00e9 95% em concentradores de oxig\u00e9nio m\u00e9dico com fluxos de ar at\u00e9 10 litros por minuto. Existem tr\u00eas mecanismos de separa\u00e7\u00e3o por adsor\u00e7\u00e3o: efeito de impedimento est\u00e9rico, efeito cin\u00e9tico e efeito de equil\u00edbrio.<\/p>","protected":false},"featured_media":3187,"template":"","meta":{"_seopress_robots_primary_cat":"none","_monsterinsights_skip_tracking":false,"_monsterinsights_sitenote_active":false,"_monsterinsights_sitenote_note":"","_monsterinsights_sitenote_category":0,"_joinchat":[]},"product_cat":[99,79],"product_tag":[],"class_list":["post-3449","product","type-product","status-publish","has-post-thumbnail","hentry","product_cat-hot-sale-products","product_cat-molecular-sieve-zeolite"],"featured_image_urls":{"full":["https:\/\/www.laiko.net\/wp-content\/uploads\/2023\/10\/lithium-zeolite-for-oxygen-concentrator-1-e1697715152249.webp",360,200,false],"thumbnail":["https:\/\/www.laiko.net\/wp-content\/uploads\/2023\/10\/lithium-zeolite-for-oxygen-concentrator-1-e1697715152249-150x150.webp",150,150,true],"medium":["https:\/\/www.laiko.net\/wp-content\/uploads\/2023\/10\/lithium-zeolite-for-oxygen-concentrator-1-e1697715152249-300x167.webp",300,167,true],"medium_large":["https:\/\/www.laiko.net\/wp-content\/uploads\/2023\/10\/lithium-zeolite-for-oxygen-concentrator-1-e1697715152249.webp",360,200,false],"large":["https:\/\/www.laiko.net\/wp-content\/uploads\/2023\/10\/lithium-zeolite-for-oxygen-concentrator-1-e1697715152249.webp",360,200,false],"1536x1536":["https:\/\/www.laiko.net\/wp-content\/uploads\/2023\/10\/lithium-zeolite-for-oxygen-concentrator-1-e1697715152249.webp",360,200,false],"2048x2048":["https:\/\/www.laiko.net\/wp-content\/uploads\/2023\/10\/lithium-zeolite-for-oxygen-concentrator-1-e1697715152249.webp",360,200,false],"trp-custom-language-flag":["https:\/\/www.laiko.net\/wp-content\/uploads\/2023\/10\/lithium-zeolite-for-oxygen-concentrator-1-e1697715152249.webp",18,10,false],"woocommerce_thumbnail":["https:\/\/www.laiko.net\/wp-content\/uploads\/2023\/10\/lithium-zeolite-for-oxygen-concentrator-1-e1697715152249-300x167.webp",300,167,true],"woocommerce_single":["https:\/\/www.laiko.net\/wp-content\/uploads\/2023\/10\/lithium-zeolite-for-oxygen-concentrator-1-e1697715152249.webp",360,200,false],"woocommerce_gallery_thumbnail":["https:\/\/www.laiko.net\/wp-content\/uploads\/2023\/10\/lithium-zeolite-for-oxygen-concentrator-1-e1697715152249-100x100.webp",100,100,true]},"post_excerpt_stackable":"<p>Lithium molecular sieve is high-performance lithium exchanged low silica form of the X-type zeolite with exceptional nitrogen capacity to provide optimal performance in the separation of oxygen from the air in medical oxygen concentrators. The\u00a0<a href=\"https:\/\/www.laiko.net\/product-category\/molecular-sieve-zeolite\/\" target=\"_self\" rel=\"noopener\">molecular sieve material<\/a>\u00a0is developed and designed for the production of up to 95% oxygen-rich airstreams in medical oxygen concentrators with air flows up to 10 liters per minute. There are three mechanisms of adsorption separation: steric hindrance effect, kinetic effect, and equilibrium effect.<\/p>\n","category_list":"","author_info":{"name":"","url":""},"comments_num":"0 comments","_links":{"self":[{"href":"https:\/\/www.laiko.net\/pt\/wp-json\/wp\/v2\/product\/3449","targetHints":{"allow":["GET"]}}],"collection":[{"href":"https:\/\/www.laiko.net\/pt\/wp-json\/wp\/v2\/product"}],"about":[{"href":"https:\/\/www.laiko.net\/pt\/wp-json\/wp\/v2\/types\/product"}],"wp:featuredmedia":[{"embeddable":true,"href":"https:\/\/www.laiko.net\/pt\/wp-json\/wp\/v2\/media\/3187"}],"wp:attachment":[{"href":"https:\/\/www.laiko.net\/pt\/wp-json\/wp\/v2\/media?parent=3449"}],"wp:term":[{"taxonomy":"product_cat","embeddable":true,"href":"https:\/\/www.laiko.net\/pt\/wp-json\/wp\/v2\/product_cat?post=3449"},{"taxonomy":"product_tag","embeddable":true,"href":"https:\/\/www.laiko.net\/pt\/wp-json\/wp\/v2\/product_tag?post=3449"}],"curies":[{"name":"wp","href":"https:\/\/api.w.org\/{rel}","templated":true}]}}