{"id":3447,"date":"2023-10-26T17:57:30","date_gmt":"2023-10-26T09:57:30","guid":{"rendered":"http:\/\/www3.laiko.net\/?post_type=product&#038;p=3447"},"modified":"2023-10-28T17:59:06","modified_gmt":"2023-10-28T09:59:06","slug":"mcm-41-zeolite","status":"publish","type":"product","link":"https:\/\/www.laiko.net\/pt\/produto\/mcm-41-zeolite\/","title":{"rendered":"Ze\u00f3lito MCM-41"},"content":{"rendered":"<p><strong>Par\u00e2metros do ze\u00f3lito MCM-41<\/strong><\/p>\n<div class=\"overflow_x\">\n<table style=\"height: 281px;\" width=\"636\">\n<tbody>\n<tr class=\"firstRow\">\n<td colspan=\"1\" rowspan=\"1\" height=\"20\">\n<div>Forma<\/div>\n<\/td>\n<td colspan=\"1\" rowspan=\"1\" height=\"20\">\n<div>P\u00f3 branco<\/div>\n<\/td>\n<\/tr>\n<tr>\n<td colspan=\"1\" rowspan=\"1\" height=\"20\">\n<div>Tipo de cati\u00e3o<\/div>\n<\/td>\n<td colspan=\"1\" rowspan=\"1\" height=\"20\">\n<div>H<\/div>\n<\/td>\n<\/tr>\n<tr>\n<td colspan=\"1\" rowspan=\"1\" height=\"20\">\n<div>SiO2\/Al2O3, mol\/mol<\/div>\n<\/td>\n<td colspan=\"1\" rowspan=\"1\" height=\"20\">\n<div>Tudo em sil\u00edcio<\/div>\n<\/td>\n<\/tr>\n<tr>\n<td colspan=\"1\" rowspan=\"1\" height=\"20\">\n<div>Cristalinidade, %<\/div>\n<\/td>\n<td colspan=\"1\" rowspan=\"1\" height=\"20\">\n<div>\u226595<\/div>\n<\/td>\n<\/tr>\n<tr>\n<td colspan=\"1\" rowspan=\"1\" height=\"20\">\n<div>\u00c1rea de superf\u00edcie, BET, m2\/g<\/div>\n<\/td>\n<td colspan=\"1\" rowspan=\"1\" height=\"20\">\n<div>\u22651000<\/div>\n<\/td>\n<\/tr>\n<tr>\n<td colspan=\"1\" rowspan=\"1\" height=\"20\">\n<div>Tamanho dos poros, nm<\/div>\n<\/td>\n<td colspan=\"1\" rowspan=\"1\" height=\"20\">\n<div>4<\/div>\n<\/td>\n<\/tr>\n<tr>\n<td colspan=\"1\" rowspan=\"1\" height=\"20\">\n<div>Densidade, g\/ml<\/div>\n<\/td>\n<td colspan=\"1\" rowspan=\"1\" height=\"20\">\n<div>0.25~0.40<\/div>\n<\/td>\n<\/tr>\n<tr>\n<td colspan=\"1\" rowspan=\"1\" height=\"20\">\n<div>D0.5, Tamanho m\u00e9dio das part\u00edculas, \u03bcm<\/div>\n<\/td>\n<td colspan=\"1\" rowspan=\"1\" height=\"20\">\n<div>\u22645<\/div>\n<\/td>\n<\/tr>\n<tr>\n<td colspan=\"1\" rowspan=\"1\" height=\"20\">\n<div>Na2O, % m\/m<\/div>\n<\/td>\n<td colspan=\"1\" rowspan=\"1\" height=\"20\">\n<div>\u22640.05<\/div>\n<\/td>\n<\/tr>\n<tr>\n<td colspan=\"1\" rowspan=\"1\" height=\"20\">\n<div>LOI, % m\/m<\/div>\n<\/td>\n<td colspan=\"1\" rowspan=\"1\" height=\"20\">\n<div>\u226420<\/div>\n<\/td>\n<\/tr>\n<\/tbody>\n<\/table>\n<\/div>","protected":false},"excerpt":{"rendered":"<p>O MCM-41 apresenta potencial para o craqueamento catal\u00edtico, o hidrocraqueamento de res\u00edduos, o hidroacabamento de \u00f3leos lubrificantes, a alquila\u00e7\u00e3o, a polimeriza\u00e7\u00e3o de olefinas, a separa\u00e7\u00e3o de CO2 e CH4 e outros dom\u00ednios relacionados com a cat\u00e1lise \u00e1cida. Al\u00e9m disso, o MCM-41 tem um bom desempenho em cat\u00e1lise heterog\u00e9nea, permuta i\u00f3nica, tecnologia de dete\u00e7\u00e3o, adsor\u00e7\u00e3o e separa\u00e7\u00e3o, etc.<\/p>","protected":false},"featured_media":3567,"template":"","meta":{"_seopress_robots_primary_cat":"","_monsterinsights_skip_tracking":false,"_monsterinsights_sitenote_active":false,"_monsterinsights_sitenote_note":"","_monsterinsights_sitenote_category":0,"_joinchat":[]},"product_cat":[78],"product_tag":[],"class_list":["post-3447","product","type-product","status-publish","has-post-thumbnail","hentry","product_cat-fcc-catalyst"],"featured_image_urls":{"full":["https:\/\/www.laiko.net\/wp-content\/uploads\/2023\/10\/MCM-41-Zeolite.jpg",1080,720,false],"thumbnail":["https:\/\/www.laiko.net\/wp-content\/uploads\/2023\/10\/MCM-41-Zeolite-150x150.jpg",150,150,true],"medium":["https:\/\/www.laiko.net\/wp-content\/uploads\/2023\/10\/MCM-41-Zeolite-300x200.jpg",300,200,true],"medium_large":["https:\/\/www.laiko.net\/wp-content\/uploads\/2023\/10\/MCM-41-Zeolite-768x512.jpg",768,512,true],"large":["https:\/\/www.laiko.net\/wp-content\/uploads\/2023\/10\/MCM-41-Zeolite-1024x683.jpg",1024,683,true],"1536x1536":["https:\/\/www.laiko.net\/wp-content\/uploads\/2023\/10\/MCM-41-Zeolite.jpg",1080,720,false],"2048x2048":["https:\/\/www.laiko.net\/wp-content\/uploads\/2023\/10\/MCM-41-Zeolite.jpg",1080,720,false],"trp-custom-language-flag":["https:\/\/www.laiko.net\/wp-content\/uploads\/2023\/10\/MCM-41-Zeolite.jpg",18,12,false],"woocommerce_thumbnail":["https:\/\/www.laiko.net\/wp-content\/uploads\/2023\/10\/MCM-41-Zeolite-300x200.jpg",300,200,true],"woocommerce_single":["https:\/\/www.laiko.net\/wp-content\/uploads\/2023\/10\/MCM-41-Zeolite-600x400.jpg",600,400,true],"woocommerce_gallery_thumbnail":["https:\/\/www.laiko.net\/wp-content\/uploads\/2023\/10\/MCM-41-Zeolite-100x100.jpg",100,100,true]},"post_excerpt_stackable":"<p>MCM-41 show potential on catalytic cracking, residue hydrocracking, lube oil hydro finishing, alkylation, olefin polymerisation, separation of CO2 and CH4, and other acid catalysis related fields. In addition, MCM-41 performs well on heterogeneous catalysis, ion exchange, sensing technology, adsorption and separating etc.<\/p>\n","category_list":"","author_info":{"name":"","url":""},"comments_num":"0 comments","_links":{"self":[{"href":"https:\/\/www.laiko.net\/pt\/wp-json\/wp\/v2\/product\/3447","targetHints":{"allow":["GET"]}}],"collection":[{"href":"https:\/\/www.laiko.net\/pt\/wp-json\/wp\/v2\/product"}],"about":[{"href":"https:\/\/www.laiko.net\/pt\/wp-json\/wp\/v2\/types\/product"}],"wp:featuredmedia":[{"embeddable":true,"href":"https:\/\/www.laiko.net\/pt\/wp-json\/wp\/v2\/media\/3567"}],"wp:attachment":[{"href":"https:\/\/www.laiko.net\/pt\/wp-json\/wp\/v2\/media?parent=3447"}],"wp:term":[{"taxonomy":"product_cat","embeddable":true,"href":"https:\/\/www.laiko.net\/pt\/wp-json\/wp\/v2\/product_cat?post=3447"},{"taxonomy":"product_tag","embeddable":true,"href":"https:\/\/www.laiko.net\/pt\/wp-json\/wp\/v2\/product_tag?post=3447"}],"curies":[{"name":"wp","href":"https:\/\/api.w.org\/{rel}","templated":true}]}}