{"id":3446,"date":"2023-10-26T17:55:41","date_gmt":"2023-10-26T09:55:41","guid":{"rendered":"http:\/\/www3.laiko.net\/?post_type=product&#038;p=3446"},"modified":"2023-10-31T18:01:37","modified_gmt":"2023-10-31T10:01:37","slug":"sapo-11-zeolite","status":"publish","type":"product","link":"https:\/\/www.laiko.net\/pt\/produto\/sapo-11-zeolite\/","title":{"rendered":"Ze\u00f3lito Sapo-11"},"content":{"rendered":"<p><strong>Par\u00e2metros da ze\u00f3lita Sapo-11<\/strong><\/p>\n<div class=\"overflow_x\">\n<table style=\"height: 222px;\" width=\"625\" cellspacing=\"0\" cellpadding=\"0\">\n<colgroup>\n<col \/>\n<col \/><\/colgroup>\n<tbody>\n<tr class=\"firstRow\">\n<td height=\"22\">apar\u00eancia<\/td>\n<td>P\u00f3 branco<\/td>\n<\/tr>\n<tr>\n<td height=\"22\">Tamanho m\u00e9dio das part\u00edculas (\u03bcm)<\/td>\n<td>1.5<\/td>\n<\/tr>\n<tr>\n<td height=\"22\">Abertura (nm)<\/td>\n<td>0.4<\/td>\n<\/tr>\n<tr>\n<td height=\"22\">Superf\u00edcie espec\u00edfica (m2 \/ g)<\/td>\n<td>\u22651802\/g<\/td>\n<\/tr>\n<tr>\n<td height=\"22\">Capacidade do orif\u00edcio (cm3 \/ g)<\/td>\n<td>0.28<\/td>\n<\/tr>\n<tr>\n<td height=\"22\">R\u00e1cio de f\u00f3sforo e alum\u00ednio<\/td>\n<td>1<\/td>\n<\/tr>\n<tr>\n<td height=\"22\">F\u00f3rmula molecular<\/td>\n<td>(sio2)x(AL2O3)y(P2O5)z<\/td>\n<\/tr>\n<tr>\n<td height=\"18\">sio2<\/td>\n<td>\u224810%<\/td>\n<\/tr>\n<tr>\n<td height=\"18\">AL2O3<\/td>\n<td>\u224842%<\/td>\n<\/tr>\n<\/tbody>\n<\/table>\n<\/div>","protected":false},"excerpt":{"rendered":"<p>Peneira molecular de pre\u00e7o de f\u00e1brica SAPO-11 ze\u00f3lito catalisador em p\u00f3 para craqueamento \u00e9 composto de PO2, ALO2, SIO2 tr\u00eas tetraedro conectados uns com os outros, com anel octogonal de oxig\u00eanio composto de gaiola elipsoidal, estrutura redonda ou enrugada, o di\u00e2metro da abertura \u00e9 mantido entre 0,43-0,50nm.<\/p>","protected":false},"featured_media":3777,"template":"","meta":{"_seopress_robots_primary_cat":"","_monsterinsights_skip_tracking":false,"_monsterinsights_sitenote_active":false,"_monsterinsights_sitenote_note":"","_monsterinsights_sitenote_category":0,"_joinchat":[]},"product_cat":[78],"product_tag":[],"class_list":["post-3446","product","type-product","status-publish","has-post-thumbnail","hentry","product_cat-fcc-catalyst"],"featured_image_urls":{"full":["https:\/\/www.laiko.net\/wp-content\/uploads\/2023\/10\/Sapo-11-Zeolite-2.jpg",600,350,false],"thumbnail":["https:\/\/www.laiko.net\/wp-content\/uploads\/2023\/10\/Sapo-11-Zeolite-2-150x150.jpg",150,150,true],"medium":["https:\/\/www.laiko.net\/wp-content\/uploads\/2023\/10\/Sapo-11-Zeolite-2-300x175.jpg",300,175,true],"medium_large":["https:\/\/www.laiko.net\/wp-content\/uploads\/2023\/10\/Sapo-11-Zeolite-2.jpg",600,350,false],"large":["https:\/\/www.laiko.net\/wp-content\/uploads\/2023\/10\/Sapo-11-Zeolite-2.jpg",600,350,false],"1536x1536":["https:\/\/www.laiko.net\/wp-content\/uploads\/2023\/10\/Sapo-11-Zeolite-2.jpg",600,350,false],"2048x2048":["https:\/\/www.laiko.net\/wp-content\/uploads\/2023\/10\/Sapo-11-Zeolite-2.jpg",600,350,false],"trp-custom-language-flag":["https:\/\/www.laiko.net\/wp-content\/uploads\/2023\/10\/Sapo-11-Zeolite-2.jpg",18,12,false],"woocommerce_thumbnail":["https:\/\/www.laiko.net\/wp-content\/uploads\/2023\/10\/Sapo-11-Zeolite-2-300x175.jpg",300,175,true],"woocommerce_single":["https:\/\/www.laiko.net\/wp-content\/uploads\/2023\/10\/Sapo-11-Zeolite-2.jpg",600,350,false],"woocommerce_gallery_thumbnail":["https:\/\/www.laiko.net\/wp-content\/uploads\/2023\/10\/Sapo-11-Zeolite-2-100x100.jpg",100,100,true]},"post_excerpt_stackable":"<p>Factory Price Molecular Sieve SAPO-11 zeolite Catalyst Powder for Cracking is composed of PO2, ALO2, SIO2 three tetrahedron connected with each other, with oxygen octagonal ring composed of ellipsoidal cage, round or wrinkled structure, the aperture diameter is maintained at between 0.43-0.50nm.<\/p>\n","category_list":"","author_info":{"name":"","url":""},"comments_num":"0 comments","_links":{"self":[{"href":"https:\/\/www.laiko.net\/pt\/wp-json\/wp\/v2\/product\/3446","targetHints":{"allow":["GET"]}}],"collection":[{"href":"https:\/\/www.laiko.net\/pt\/wp-json\/wp\/v2\/product"}],"about":[{"href":"https:\/\/www.laiko.net\/pt\/wp-json\/wp\/v2\/types\/product"}],"wp:featuredmedia":[{"embeddable":true,"href":"https:\/\/www.laiko.net\/pt\/wp-json\/wp\/v2\/media\/3777"}],"wp:attachment":[{"href":"https:\/\/www.laiko.net\/pt\/wp-json\/wp\/v2\/media?parent=3446"}],"wp:term":[{"taxonomy":"product_cat","embeddable":true,"href":"https:\/\/www.laiko.net\/pt\/wp-json\/wp\/v2\/product_cat?post=3446"},{"taxonomy":"product_tag","embeddable":true,"href":"https:\/\/www.laiko.net\/pt\/wp-json\/wp\/v2\/product_tag?post=3446"}],"curies":[{"name":"wp","href":"https:\/\/api.w.org\/{rel}","templated":true}]}}