{"id":3391,"date":"2023-10-26T11:09:59","date_gmt":"2023-10-26T03:09:59","guid":{"rendered":"http:\/\/www3.laiko.net\/?post_type=product&#038;p=3391"},"modified":"2023-10-30T10:19:38","modified_gmt":"2023-10-30T02:19:38","slug":"zsm-5-zeolite","status":"publish","type":"product","link":"https:\/\/www.laiko.net\/pt\/produto\/zeolito-zsm-5\/","title":{"rendered":"Ze\u00f3lito ZSM-5"},"content":{"rendered":"<div class=\"overflow_x\">\n<h2><strong>Par\u00e2metros do ze\u00f3lito ZSM-5<\/strong><\/h2>\n<table>\n<tbody>\n<tr class=\"firstRow\" align=\"left\">\n<td>Produtos Zeolyst<\/td>\n<td><span data-spm-anchor-id=\"a2700.details.pronpeci14.i3.6f7a5154Ap0reL\">Raz\u00e3o molar SiO2\/Al2O3<\/span><\/td>\n<td>Forma nominal do cati\u00e3o<\/td>\n<td>Na2O Peso %<\/td>\n<td>\u00c1rea de superf\u00edcie m2\/g<\/td>\n<\/tr>\n<tr align=\"left\">\n<td>CBV 2314<\/td>\n<td>23<\/td>\n<td>Am\u00f3nio<\/td>\n<td>0.05<\/td>\n<td>425<\/td>\n<\/tr>\n<tr align=\"left\">\n<td>CBV 3024E<\/td>\n<td>30<\/td>\n<td>Am\u00f3nio<\/td>\n<td>0.05<\/td>\n<td>405<\/td>\n<\/tr>\n<tr align=\"left\">\n<td>CBV 5524G<\/td>\n<td>50<\/td>\n<td>Am\u00f3nio<\/td>\n<td>0.05<\/td>\n<td>425<\/td>\n<\/tr>\n<tr align=\"left\">\n<td>CBV 8014<\/td>\n<td>80<\/td>\n<td>Am\u00f3nio<\/td>\n<td>0.05<\/td>\n<td>425<\/td>\n<\/tr>\n<tr align=\"left\">\n<td>CBV 28014<\/td>\n<td>280<\/td>\n<td>Am\u00f3nio<\/td>\n<td>0.05<\/td>\n<td>400<\/td>\n<\/tr>\n<\/tbody>\n<\/table>\n<\/div>","protected":false},"excerpt":{"rendered":"<p>O catalisador de crivo molecular de ze\u00f3lito ZSM-5 tem sido utilizado como catalisador de alquila\u00e7\u00e3o, isomera\u00e7\u00e3o, aromatiza\u00e7\u00e3o e desparafinagem, entre outros. O catalisador de peneira molecular de ze\u00f3lito ZSM-5, carater\u00edstico do processo de s\u00edntese mais simples, qualidade mais est\u00e1vel, livre de polui\u00e7\u00e3o, menor custo, melhor hidrotermicamente, em compara\u00e7\u00e3o com os catalisadores de peneira molecular ZSM-5 sintetizados usando compostos org\u00e2nicos no exterior, ganhou o segundo lugar do pr\u00e9mio de inven\u00e7\u00e3o estatal da R.P.C.<\/p>","protected":false},"featured_media":1467,"template":"","meta":{"_seopress_robots_primary_cat":"","_monsterinsights_skip_tracking":false,"_monsterinsights_sitenote_active":false,"_monsterinsights_sitenote_note":"","_monsterinsights_sitenote_category":0,"_joinchat":[]},"product_cat":[78,99],"product_tag":[],"class_list":["post-3391","product","type-product","status-publish","has-post-thumbnail","hentry","product_cat-fcc-catalyst","product_cat-hot-sale-products"],"featured_image_urls":{"full":["https:\/\/www.laiko.net\/wp-content\/uploads\/2023\/10\/frc-c29c19a0078056bef7abc0ba746cd585.jpg",600,350,false],"thumbnail":["https:\/\/www.laiko.net\/wp-content\/uploads\/2023\/10\/frc-c29c19a0078056bef7abc0ba746cd585-150x150.jpg",150,150,true],"medium":["https:\/\/www.laiko.net\/wp-content\/uploads\/2023\/10\/frc-c29c19a0078056bef7abc0ba746cd585-300x175.jpg",300,175,true],"medium_large":["https:\/\/www.laiko.net\/wp-content\/uploads\/2023\/10\/frc-c29c19a0078056bef7abc0ba746cd585.jpg",600,350,false],"large":["https:\/\/www.laiko.net\/wp-content\/uploads\/2023\/10\/frc-c29c19a0078056bef7abc0ba746cd585.jpg",600,350,false],"1536x1536":["https:\/\/www.laiko.net\/wp-content\/uploads\/2023\/10\/frc-c29c19a0078056bef7abc0ba746cd585.jpg",600,350,false],"2048x2048":["https:\/\/www.laiko.net\/wp-content\/uploads\/2023\/10\/frc-c29c19a0078056bef7abc0ba746cd585.jpg",600,350,false],"trp-custom-language-flag":["https:\/\/www.laiko.net\/wp-content\/uploads\/2023\/10\/frc-c29c19a0078056bef7abc0ba746cd585.jpg",18,12,false],"woocommerce_thumbnail":["https:\/\/www.laiko.net\/wp-content\/uploads\/2023\/10\/frc-c29c19a0078056bef7abc0ba746cd585-300x175.jpg",300,175,true],"woocommerce_single":["https:\/\/www.laiko.net\/wp-content\/uploads\/2023\/10\/frc-c29c19a0078056bef7abc0ba746cd585.jpg",600,350,false],"woocommerce_gallery_thumbnail":["https:\/\/www.laiko.net\/wp-content\/uploads\/2023\/10\/frc-c29c19a0078056bef7abc0ba746cd585-100x100.jpg",100,100,true]},"post_excerpt_stackable":"<p>Zeolite ZSM-5 molecular sieve catalyst has been used as the parent of alkylationm, isomeration, aromatization and dewaxing catalysts and so on. The zeolite ZSM-5 molecular sieve catalyst, characteristic of the simpler synthesis process, stabler quality, free of pollution, less cost, better hydrothermally, compared to those of ZSM-5 molecular sieve catalyst synthesized using organic compounds overseas, won the second place of the state inbvention prize of P.R.C.<\/p>\n","category_list":"","author_info":{"name":"","url":""},"comments_num":"0 comments","_links":{"self":[{"href":"https:\/\/www.laiko.net\/pt\/wp-json\/wp\/v2\/product\/3391","targetHints":{"allow":["GET"]}}],"collection":[{"href":"https:\/\/www.laiko.net\/pt\/wp-json\/wp\/v2\/product"}],"about":[{"href":"https:\/\/www.laiko.net\/pt\/wp-json\/wp\/v2\/types\/product"}],"wp:featuredmedia":[{"embeddable":true,"href":"https:\/\/www.laiko.net\/pt\/wp-json\/wp\/v2\/media\/1467"}],"wp:attachment":[{"href":"https:\/\/www.laiko.net\/pt\/wp-json\/wp\/v2\/media?parent=3391"}],"wp:term":[{"taxonomy":"product_cat","embeddable":true,"href":"https:\/\/www.laiko.net\/pt\/wp-json\/wp\/v2\/product_cat?post=3391"},{"taxonomy":"product_tag","embeddable":true,"href":"https:\/\/www.laiko.net\/pt\/wp-json\/wp\/v2\/product_tag?post=3391"}],"curies":[{"name":"wp","href":"https:\/\/api.w.org\/{rel}","templated":true}]}}