{"id":3501,"date":"2023-10-27T17:19:54","date_gmt":"2023-10-27T09:19:54","guid":{"rendered":"http:\/\/www3.laiko.net\/?post_type=product&#038;p=3501"},"modified":"2023-10-31T16:16:38","modified_gmt":"2023-10-31T08:16:38","slug":"metal-cascade-mini-ring","status":"publish","type":"product","link":"https:\/\/www.laiko.net\/ko\/product\/\uba54\ud0c8-\uce90\uc2a4\ucf00\uc774\ub4dc-\ubbf8\ub2c8-\ub9c1\/","title":{"rendered":"\uba54\ud0c8 \uce90\uc2a4\ucf00\uc774\ub4dc \ubbf8\ub2c8 \ub9c1"},"content":{"rendered":"<h2>\uba54\ud0c8 \uce90\uc2a4\ucf00\uc774\ub4dc \ubbf8\ub2c8 \ub9c1\uc758 \ub9e4\uac1c \ubcc0\uc218<\/h2>\n<div class=\"overflow_x\">\n<table cellspacing=\"0\" cellpadding=\"0\">\n<colgroup>\n<col \/>\n<col \/>\n<col \/>\n<col span=\"6\" \/><\/colgroup>\n<tbody>\n<tr class=\"firstRow\">\n<td rowspan=\"2\" height=\"54\">\ud3ec\uc7a5 \ud06c\uae30<\/td>\n<td colspan=\"2\" rowspan=\"2\">\uce58\uc218 mm(OD*ID*THK)<\/td>\n<td>\ubc8c\ud06c \ubc00\ub3c4<\/td>\n<td colspan=\"2\">\ub300\ub7c9 \uc218\ub7c9<\/td>\n<td>\ud2b9\uc815 \uc601\uc5ed<\/td>\n<td>Void<\/td>\n<td>\ud329\ud130<\/td>\n<\/tr>\n<tr>\n<td>kg\/m3<\/td>\n<td colspan=\"2\">PC\/M3<\/td>\n<td>m2\/m3<\/td>\n<td>%<\/td>\n<td>m-1<\/td>\n<\/tr>\n<tr>\n<td height=\"19\">0P<\/td>\n<td colspan=\"2\">\u00d817\u00d7\u00d815\u00d7H6\u00d70.3<\/td>\n<td>472<\/td>\n<td colspan=\"2\">530000<\/td>\n<td>427<\/td>\n<td>94<\/td>\n<td>55<\/td>\n<\/tr>\n<tr>\n<td height=\"19\">1P<\/td>\n<td colspan=\"2\">\u00d825\u00d7\u00d822\u00d7H8\u00d70.3<\/td>\n<td>270<\/td>\n<td colspan=\"2\">150000<\/td>\n<td>230<\/td>\n<td>96<\/td>\n<td>40<\/td>\n<\/tr>\n<tr>\n<td height=\"19\">1.5P<\/td>\n<td colspan=\"2\">\u00d834\u00d7\u00d829\u00d7H11\u00d70.3<\/td>\n<td>201<\/td>\n<td colspan=\"2\">60910<\/td>\n<td>198<\/td>\n<td>97<\/td>\n<td>29<\/td>\n<\/tr>\n<tr>\n<td height=\"19\">2P<\/td>\n<td colspan=\"2\">\u00d843\u00d7\u00d838\u00d7H14\u00d70.4<\/td>\n<td>230<\/td>\n<td colspan=\"2\">33170<\/td>\n<td>164<\/td>\n<td>97<\/td>\n<td>22<\/td>\n<\/tr>\n<tr>\n<td height=\"19\">2.5P<\/td>\n<td colspan=\"2\">\u00d851\u00d7\u00d844\u00d7H17\u00d70.4<\/td>\n<td>186<\/td>\n<td colspan=\"2\">17900<\/td>\n<td>127<\/td>\n<td>97<\/td>\n<td>17<\/td>\n<\/tr>\n<tr>\n<td height=\"19\">3P<\/td>\n<td colspan=\"2\">\u00d866\u00d7\u00d857\u00d7H21\u00d70.4<\/td>\n<td>139<\/td>\n<td colspan=\"2\">8800<\/td>\n<td>105<\/td>\n<td>98<\/td>\n<td>14<\/td>\n<\/tr>\n<tr>\n<td height=\"19\">4P<\/td>\n<td colspan=\"2\">\u00d886\u00d7\u00d876\u00d7H29\u00d70.4<\/td>\n<td>143<\/td>\n<td colspan=\"2\">5000<\/td>\n<td>90<\/td>\n<td>98<\/td>\n<td>10<\/td>\n<\/tr>\n<tr>\n<td height=\"19\">5P<\/td>\n<td colspan=\"2\">\u00d8131\u00d7\u00d8118\u00d7H41\u00d70.6<\/td>\n<td>136<\/td>\n<td colspan=\"2\">1480<\/td>\n<td>65<\/td>\n<td>98<\/td>\n<td>7<\/td>\n<\/tr>\n<\/tbody>\n<\/table>\n<\/div>\n<h2>\uba54\ud0c8 \uce90\uc2a4\ucf00\uc774\ub4dc \ubbf8\ub2c8 \ub9c1\uc758 \uc7a5\uc810<\/h2>\n<ul class=\"list-paddingleft-2\">\n<li><strong>\uc555\ub825 \uac15\ud558 \uac10\uc18c<\/strong><\/li>\n<\/ul>\n<p>\uce90\uc2a4\ucf00\uc774\ub4dc \ubbf8\ub2c8 \ub9c1\uc740 \uc8fc\ub85c \uc99d\uae30\/\uc561\uccb4 \ud750\ub984 \ubc29\ud5a5\uc73c\ub85c \uac00\uc7a5 \ud070 \uad6c\uba4d\uc774 \uc788\uc5b4 \uc27d\uac8c \ud1b5\uacfc\ud560 \uc218 \uc788\uae30 \ub54c\ubb38\uc5d0 \uc555\ub825 \uac15\ud558\uac00 \ud06c\uac8c \uac10\uc18c\ud569\ub2c8\ub2e4.<\/p>\n<ul class=\"list-paddingleft-2\">\n<li><strong>\ud50c\ub79c\ud2b8 \uc6a9\ub7c9 \uc99d\uac00<\/strong><\/li>\n<\/ul>\n<p>\uce90\uc2a4\ucf00\uc774\ub4dc \ubbf8\ub2c8 \ub9c1\uc774 \uc81c\uacf5\ud558\ub294 \uc555\ub825 \uac15\ud558 \uac10\uc18c\uc758 \uc9c1\uc811\uc801\uc778 \uacb0\uacfc\ub85c \ud50c\ub79c\ud2b8 \uc6a9\ub7c9\uc774 \uc99d\uac00\ud558\ub294\ub370, \uc774\ub294 \uc791\ub3d9 \uc9c0\uc810\uc744 \ud64d\uc218\uac00 \ubc1c\uc0dd\ud558\ub294 \uc784\uacc4 \uc555\ub825 \uac15\ud558 \uc9c0\uc810\uc5d0\uc11c \ub354 \uba40\ub9ac \uc774\ub3d9\uc2dc\ud0a4\uae30 \ub54c\ubb38\uc785\ub2c8\ub2e4. \uc774 \ud6a8\uacfc\ub294 \ucd94\uac00\uc801\uc778 \uc99d\uae30\/\uc561\uccb4 \ucc98\ub9ac\ub97c \ud5c8\uc6a9\ud558\uc5ec \ud50c\ub79c\ud2b8 \uc6a9\ub7c9\uc744 \uc99d\uac00\uc2dc\ud0b5\ub2c8\ub2e4.<\/p>\n<ul class=\"list-paddingleft-2\">\n<li><strong>\ud30c\uc6b8\uc5d0 \ub300\ud55c \uc800\ud56d\ub825 \ud5a5\uc0c1<\/strong><\/li>\n<\/ul>\n<p>\ub9c1\uc758 \ubc29\ud5a5\uc131 \uc704\uce58(\ud750\ub984 \ubc29\ud5a5\uc73c\ub85c \uac00\uc7a5 \ud070 \uad6c\uba4d)\ub85c \uc778\ud574 \ud3ec\uc7a5 \ubca0\ub4dc\uc5d0 \uc720\uc785\ub418\ub294 \uace0\ud615\ubb3c\uc774 \ud3ec\uc7a5 \ub9e4\ud2b8\ub9ad\uc2a4\ub97c \ud1b5\ud574 \ub354 \uc27d\uac8c \uc53b\uaca8 \ub098\uac00\uae30 \ub54c\ubb38\uc5d0 \uc624\uc5fc\uc5d0 \ub300\ud55c \uc800\ud56d\uc131\uc774 \ud5a5\uc0c1\ub429\ub2c8\ub2e4.<\/p>\n<ul class=\"list-paddingleft-2\">\n<li><strong>\uc6b4\uc601 \ud6a8\uc728\uc131 \ud5a5\uc0c1<\/strong><\/li>\n<\/ul>\n<p>\ub300\ubd80\ubd84\uc758 \ub9c1 \ud45c\uba74\uc774 \uc218\ud3c9\uc774 \uc544\ub2cc \uc218\uc9c1\uc73c\ub85c \ubc30\uce58\ub418\ub294 \uc6b0\uc120\uc801 \ubc30\ud5a5\uc73c\ub85c \uc778\ud574 \uc791\ub3d9 \ud6a8\uc728\uc774 \ub192\uc544\uc9c0\uba70, \uc774\ub294 \uc9c8\ub7c9 \uc804\ub2ec\uc5d0\ub3c4 \uc720\ub9ac\ud569\ub2c8\ub2e4. \ub192\uc740 \ud6a8\uc728\uc740 \uc0ac\uc6a9 \uac00\ub2a5\ud55c \ud45c\uba74\uc801\uc744 \ucd5c\ub300\ud55c \ud6a8\uacfc\uc801\uc73c\ub85c \uc816\uac8c \ud558\ub294 \ub370 \ub2ec\ub824 \uc788\uc2b5\ub2c8\ub2e4.<\/p>","protected":false},"excerpt":{"rendered":"<p>\uae08\uc18d \uce90\uc2a4\ucf00\uc774\ub4dc \ubbf8\ub2c8 \ub9c1\uc740 \uc0c8\ub85c\uc6b4 \uc720\ud615\uc758 \uad6c\uba4d \ud615 \ud328\ud0b9\uc73c\ub85c, \uc81c\ud488\uc740 \uc587\uc740 \ubcbd, \ub0b4\uc5f4\uc131, \ub192\uc740 \uc790\uc720 \ubd80\ud53c, \uace0\uc6a9\ub7c9, \uc800 \uc800\ud56d, \ub192\uc740 \ubd84\ub9ac \ud6a8\uc728 \ub4f1\uacfc \uac19\uc740 \ud2b9\uc9d5\uc744 \uac00\uc9c0\uace0 \uc788\uc2b5\ub2c8\ub2e4.<\/p>","protected":false},"featured_media":2813,"template":"","meta":{"_seopress_robots_primary_cat":"","_monsterinsights_skip_tracking":false,"_monsterinsights_sitenote_active":false,"_monsterinsights_sitenote_note":"","_monsterinsights_sitenote_category":0,"_joinchat":[]},"product_cat":[88,103],"product_tag":[],"class_list":["post-3501","product","type-product","status-publish","has-post-thumbnail","hentry","product_cat-cascade-ring-packing","product_cat-metal-tower-packing"],"featured_image_urls":{"full":["https:\/\/www.laiko.net\/wp-content\/uploads\/2023\/10\/frc-76179148814e745a7c39e57d1b4eee4d.jpg",600,350,false],"thumbnail":["https:\/\/www.laiko.net\/wp-content\/uploads\/2023\/10\/frc-76179148814e745a7c39e57d1b4eee4d-150x150.jpg",150,150,true],"medium":["https:\/\/www.laiko.net\/wp-content\/uploads\/2023\/10\/frc-76179148814e745a7c39e57d1b4eee4d-300x175.jpg",300,175,true],"medium_large":["https:\/\/www.laiko.net\/wp-content\/uploads\/2023\/10\/frc-76179148814e745a7c39e57d1b4eee4d.jpg",600,350,false],"large":["https:\/\/www.laiko.net\/wp-content\/uploads\/2023\/10\/frc-76179148814e745a7c39e57d1b4eee4d.jpg",600,350,false],"1536x1536":["https:\/\/www.laiko.net\/wp-content\/uploads\/2023\/10\/frc-76179148814e745a7c39e57d1b4eee4d.jpg",600,350,false],"2048x2048":["https:\/\/www.laiko.net\/wp-content\/uploads\/2023\/10\/frc-76179148814e745a7c39e57d1b4eee4d.jpg",600,350,false],"trp-custom-language-flag":["https:\/\/www.laiko.net\/wp-content\/uploads\/2023\/10\/frc-76179148814e745a7c39e57d1b4eee4d.jpg",18,12,false],"woocommerce_thumbnail":["https:\/\/www.laiko.net\/wp-content\/uploads\/2023\/10\/frc-76179148814e745a7c39e57d1b4eee4d-300x175.jpg",300,175,true],"woocommerce_single":["https:\/\/www.laiko.net\/wp-content\/uploads\/2023\/10\/frc-76179148814e745a7c39e57d1b4eee4d.jpg",600,350,false],"woocommerce_gallery_thumbnail":["https:\/\/www.laiko.net\/wp-content\/uploads\/2023\/10\/frc-76179148814e745a7c39e57d1b4eee4d-100x100.jpg",100,100,true]},"post_excerpt_stackable":"<p>Metal cascade mini ring is a new type of hole-type packing, the product has features such as thin wall, heat resistant, high free volume, high capacity, low resistance, high separation efficiency and so on.<\/p>\n","category_list":"","author_info":{"name":"","url":""},"comments_num":"0 comments","_links":{"self":[{"href":"https:\/\/www.laiko.net\/ko\/wp-json\/wp\/v2\/product\/3501","targetHints":{"allow":["GET"]}}],"collection":[{"href":"https:\/\/www.laiko.net\/ko\/wp-json\/wp\/v2\/product"}],"about":[{"href":"https:\/\/www.laiko.net\/ko\/wp-json\/wp\/v2\/types\/product"}],"wp:featuredmedia":[{"embeddable":true,"href":"https:\/\/www.laiko.net\/ko\/wp-json\/wp\/v2\/media\/2813"}],"wp:attachment":[{"href":"https:\/\/www.laiko.net\/ko\/wp-json\/wp\/v2\/media?parent=3501"}],"wp:term":[{"taxonomy":"product_cat","embeddable":true,"href":"https:\/\/www.laiko.net\/ko\/wp-json\/wp\/v2\/product_cat?post=3501"},{"taxonomy":"product_tag","embeddable":true,"href":"https:\/\/www.laiko.net\/ko\/wp-json\/wp\/v2\/product_tag?post=3501"}],"curies":[{"name":"wp","href":"https:\/\/api.w.org\/{rel}","templated":true}]}}