{"id":3501,"date":"2023-10-27T17:19:54","date_gmt":"2023-10-27T09:19:54","guid":{"rendered":"http:\/\/www3.laiko.net\/?post_type=product&#038;p=3501"},"modified":"2023-10-31T16:16:38","modified_gmt":"2023-10-31T08:16:38","slug":"metal-cascade-mini-ring","status":"publish","type":"product","link":"https:\/\/www.laiko.net\/ja\/product\/\u30e1\u30bf\u30eb\u30fb\u30ab\u30b9\u30b1\u30fc\u30c9\u30fb\u30df\u30cb\u30fb\u30ea\u30f3\u30b0\/","title":{"rendered":"\u30e1\u30bf\u30eb\u30fb\u30ab\u30b9\u30b1\u30fc\u30c9\u30fb\u30df\u30cb\u30fb\u30ea\u30f3\u30b0"},"content":{"rendered":"<h2>\u30e1\u30bf\u30eb\u30fb\u30ab\u30b9\u30b1\u30fc\u30c9\u30fb\u30df\u30cb\u30fb\u30ea\u30f3\u30b0\u306e\u30d1\u30e9\u30e1\u30fc\u30bf\u30fc<\/h2>\n<div class=\"overflow_x\">\n<table cellspacing=\"0\" cellpadding=\"0\">\n<colgroup>\n<col \/>\n<col \/>\n<col \/>\n<col span=\"6\" \/><\/colgroup>\n<tbody>\n<tr class=\"firstRow\">\n<td rowspan=\"2\" height=\"54\">\u68b1\u5305\u30b5\u30a4\u30ba<\/td>\n<td colspan=\"2\" rowspan=\"2\">\u5bf8\u6cd5 mm(OD*ID*THK)<\/td>\n<td>\u304b\u3055\u5bc6\u5ea6<\/td>\n<td colspan=\"2\">\u30d0\u30eb\u30af\u91cf<\/td>\n<td>\u7279\u5b9a\u5730\u57df<\/td>\n<td>\u7121\u52b9<\/td>\n<td>\u30d5\u30a1\u30af\u30bf\u30fc<\/td>\n<\/tr>\n<tr>\n<td>kg\/m3<\/td>\n<td colspan=\"2\">\u500b\/m3<\/td>\n<td>m2\/m3<\/td>\n<td>%<\/td>\n<td>m-1<\/td>\n<\/tr>\n<tr>\n<td height=\"19\">0P<\/td>\n<td colspan=\"2\">\u00d817\u00d7\u00d815\u00d7H6\u00d70.3<\/td>\n<td>472<\/td>\n<td colspan=\"2\">530000<\/td>\n<td>427<\/td>\n<td>94<\/td>\n<td>55<\/td>\n<\/tr>\n<tr>\n<td height=\"19\">1P<\/td>\n<td colspan=\"2\">\u00d825\u00d7\u00d822\u00d7H8\u00d70.3<\/td>\n<td>270<\/td>\n<td colspan=\"2\">150000<\/td>\n<td>230<\/td>\n<td>96<\/td>\n<td>40<\/td>\n<\/tr>\n<tr>\n<td height=\"19\">1.5P<\/td>\n<td colspan=\"2\">\u03c634\u00d7\u03c629\u00d7H11\u00d70.3<\/td>\n<td>201<\/td>\n<td colspan=\"2\">60910<\/td>\n<td>198<\/td>\n<td>97<\/td>\n<td>29<\/td>\n<\/tr>\n<tr>\n<td height=\"19\">2P<\/td>\n<td colspan=\"2\">\u03c643\u00d7\u03c638\u00d7H14\u00d70.4<\/td>\n<td>230<\/td>\n<td colspan=\"2\">33170<\/td>\n<td>164<\/td>\n<td>97<\/td>\n<td>22<\/td>\n<\/tr>\n<tr>\n<td height=\"19\">2.5P<\/td>\n<td colspan=\"2\">\u03c651\u00d7\u03c644\u00d7H17\u00d70.4<\/td>\n<td>186<\/td>\n<td colspan=\"2\">17900<\/td>\n<td>127<\/td>\n<td>97<\/td>\n<td>17<\/td>\n<\/tr>\n<tr>\n<td height=\"19\">3P<\/td>\n<td colspan=\"2\">\u03c666\u00d7\u03c657\u00d7H21\u00d70.4<\/td>\n<td>139<\/td>\n<td colspan=\"2\">8800<\/td>\n<td>105<\/td>\n<td>98<\/td>\n<td>14<\/td>\n<\/tr>\n<tr>\n<td height=\"19\">4P<\/td>\n<td colspan=\"2\">\u03c686\u00d7\u03c676\u00d7H29\u00d70.4<\/td>\n<td>143<\/td>\n<td colspan=\"2\">5000<\/td>\n<td>90<\/td>\n<td>98<\/td>\n<td>10<\/td>\n<\/tr>\n<tr>\n<td height=\"19\">5P<\/td>\n<td colspan=\"2\">\u03c6131\u00d7\u03c6118\u00d7H41\u00d70.6<\/td>\n<td>136<\/td>\n<td colspan=\"2\">1480<\/td>\n<td>65<\/td>\n<td>98<\/td>\n<td>7<\/td>\n<\/tr>\n<\/tbody>\n<\/table>\n<\/div>\n<h2>\u30e1\u30bf\u30eb\u30fb\u30ab\u30b9\u30b1\u30fc\u30c9\u30fb\u30df\u30cb\u30fb\u30ea\u30f3\u30b0\u306e\u5229\u70b9<\/h2>\n<ul class=\"list-paddingleft-2\">\n<li><strong>\u5727\u529b\u640d\u5931\u306e\u4f4e\u6e1b<\/strong><\/li>\n<\/ul>\n<p>\u30ab\u30b9\u30b1\u30fc\u30c9\u30fb\u30df\u30cb\u30fb\u30ea\u30f3\u30b0\u306e\u6700\u5927\u306e\u958b\u53e3\u90e8\u306f\u3001\u4e3b\u306b\u84b8\u6c17\/\u6db2\u4f53\u306e\u6d41\u308c\u306e\u65b9\u5411\u306b\u3042\u308a\u3001\u5bb9\u6613\u306b\u901a\u904e\u3067\u304d\u308b\u305f\u3081\u3001\u5727\u529b\u640d\u5931\u304c\u5927\u5e45\u306b\u6e1b\u5c11\u3057\u307e\u3059\u3002<\/p>\n<ul class=\"list-paddingleft-2\">\n<li><strong>\u5de5\u5834\u80fd\u529b\u306e\u5411\u4e0a<\/strong><\/li>\n<\/ul>\n<p>\u30d7\u30e9\u30f3\u30c8\u5bb9\u91cf\u306e\u5897\u52a0\u306f\u3001\u30ab\u30b9\u30b1\u30fc\u30c9\u30fb\u30df\u30cb\u30fb\u30ea\u30f3\u30b0\u304c\u63d0\u4f9b\u3059\u308b\u5727\u529b\u640d\u5931\u306e\u4f4e\u6e1b\u306e\u76f4\u63a5\u7684\u306a\u7d50\u679c\u3067\u3059\u3002\u3053\u308c\u306f\u3001\u30d5\u30e9\u30c3\u30c7\u30a3\u30f3\u30b0\u304c\u767a\u751f\u3059\u308b\u81e8\u754c\u5727\u529b\u640d\u5931\u30dd\u30a4\u30f3\u30c8\u304b\u3089\u904b\u8ee2\u30dd\u30a4\u30f3\u30c8\u3092\u3055\u3089\u306b\u9060\u3056\u3051\u308b\u305f\u3081\u3067\u3059\u3002\u3053\u306e\u52b9\u679c\u306b\u3088\u308a\u3001\u84b8\u6c17\/\u6db2\u4f53\u306e\u30cf\u30f3\u30c9\u30ea\u30f3\u30b0\u304c\u5897\u52a0\u3057\u3001\u30d7\u30e9\u30f3\u30c8\u306e\u80fd\u529b\u304c\u5411\u4e0a\u3057\u307e\u3059\u3002<\/p>\n<ul class=\"list-paddingleft-2\">\n<li><strong>\u8010\u30d5\u30a1\u30a6\u30ea\u30f3\u30b0\u6027\u306e\u5411\u4e0a<\/strong><\/li>\n<\/ul>\n<p>\u30ea\u30f3\u30b0\u306e\u65b9\u5411\u6027\uff08\u6d41\u308c\u306e\u65b9\u5411\u3067\u6700\u5927\u306e\u958b\u53e3\u90e8\uff09\u306b\u3088\u308a\u3001\u5145\u586b\u5e8a\u306b\u5165\u308b\u56fa\u5f62\u7269\u304c\u5145\u586b\u30de\u30c8\u30ea\u30c3\u30af\u30b9\u3092\u901a\u3057\u3066\u3088\u308a\u5bb9\u6613\u306b\u6d41\u3055\u308c\u308b\u305f\u3081\u3001\u30d5\u30a1\u30a6\u30ea\u30f3\u30b0\u306b\u5bfe\u3059\u308b\u8010\u6027\u304c\u5411\u4e0a\u3057\u307e\u3059\u3002<\/p>\n<ul class=\"list-paddingleft-2\">\n<li><strong>\u696d\u52d9\u52b9\u7387\u306e\u5411\u4e0a<\/strong><\/li>\n<\/ul>\n<p>\u9ad8\u3044\u904b\u8ee2\u52b9\u7387\u306f\u3001\u30ea\u30f3\u30b0\u8868\u9762\u306e\u5927\u534a\u304c\u6c34\u5e73\u65b9\u5411\u3067\u306f\u306a\u304f\u5782\u76f4\u65b9\u5411\u306b\u914d\u7f6e\u3055\u308c\u308b\u512a\u5148\u7684\u914d\u5411\u306e\u305f\u3081\u3067\u3042\u308a\u3001\u3053\u308c\u306f\u7269\u8cea\u79fb\u52d5\u306b\u3082\u6709\u5229\u3067\u3042\u308b\u3002\u9ad8\u3044\u52b9\u7387\u306f\u3001\u5229\u7528\u53ef\u80fd\u306a\u8868\u9762\u7a4d\u306e\u3067\u304d\u308b\u3060\u3051\u591a\u304f\u304c\u52b9\u679c\u7684\u306b\u6fe1\u308c\u308b\u3053\u3068\u306b\u4f9d\u5b58\u3059\u308b\u3002<\/p>","protected":false},"excerpt":{"rendered":"<p>\u30e1\u30bf\u30eb\u30ab\u30b9\u30b1\u30fc\u30c9\u30df\u30cb\u30ea\u30f3\u30b0\u306f\u3001\u65b0\u3057\u3044\u30bf\u30a4\u30d7\u306e\u7a74\u578b\u30d1\u30c3\u30ad\u30f3\u3067\u3042\u308a\u3001\u88fd\u54c1\u306f\u8584\u8089\u3001\u8010\u71b1\u6027\u3001\u9ad8\u3044\u81ea\u7531\u4f53\u7a4d\u3001\u9ad8\u5bb9\u91cf\u3001\u4f4e\u62b5\u6297\u3001\u9ad8\u3044\u5206\u96e2\u52b9\u7387\u306a\u3069\u306e\u7279\u5fb4\u3092\u6301\u3063\u3066\u3044\u307e\u3059\u3002<\/p>","protected":false},"featured_media":2813,"template":"","meta":{"_seopress_robots_primary_cat":"","_monsterinsights_skip_tracking":false,"_monsterinsights_sitenote_active":false,"_monsterinsights_sitenote_note":"","_monsterinsights_sitenote_category":0,"_joinchat":[]},"product_cat":[88,103],"product_tag":[],"class_list":["post-3501","product","type-product","status-publish","has-post-thumbnail","hentry","product_cat-cascade-ring-packing","product_cat-metal-tower-packing"],"featured_image_urls":{"full":["https:\/\/www.laiko.net\/wp-content\/uploads\/2023\/10\/frc-76179148814e745a7c39e57d1b4eee4d.jpg",600,350,false],"thumbnail":["https:\/\/www.laiko.net\/wp-content\/uploads\/2023\/10\/frc-76179148814e745a7c39e57d1b4eee4d-150x150.jpg",150,150,true],"medium":["https:\/\/www.laiko.net\/wp-content\/uploads\/2023\/10\/frc-76179148814e745a7c39e57d1b4eee4d-300x175.jpg",300,175,true],"medium_large":["https:\/\/www.laiko.net\/wp-content\/uploads\/2023\/10\/frc-76179148814e745a7c39e57d1b4eee4d.jpg",600,350,false],"large":["https:\/\/www.laiko.net\/wp-content\/uploads\/2023\/10\/frc-76179148814e745a7c39e57d1b4eee4d.jpg",600,350,false],"1536x1536":["https:\/\/www.laiko.net\/wp-content\/uploads\/2023\/10\/frc-76179148814e745a7c39e57d1b4eee4d.jpg",600,350,false],"2048x2048":["https:\/\/www.laiko.net\/wp-content\/uploads\/2023\/10\/frc-76179148814e745a7c39e57d1b4eee4d.jpg",600,350,false],"trp-custom-language-flag":["https:\/\/www.laiko.net\/wp-content\/uploads\/2023\/10\/frc-76179148814e745a7c39e57d1b4eee4d.jpg",18,12,false],"woocommerce_thumbnail":["https:\/\/www.laiko.net\/wp-content\/uploads\/2023\/10\/frc-76179148814e745a7c39e57d1b4eee4d-300x175.jpg",300,175,true],"woocommerce_single":["https:\/\/www.laiko.net\/wp-content\/uploads\/2023\/10\/frc-76179148814e745a7c39e57d1b4eee4d.jpg",600,350,false],"woocommerce_gallery_thumbnail":["https:\/\/www.laiko.net\/wp-content\/uploads\/2023\/10\/frc-76179148814e745a7c39e57d1b4eee4d-100x100.jpg",100,100,true]},"post_excerpt_stackable":"<p>Metal cascade mini ring is a new type of hole-type packing, the product has features such as thin wall, heat resistant, high free volume, high capacity, low resistance, high separation efficiency and so on.<\/p>\n","category_list":"","author_info":{"name":"","url":""},"comments_num":"0 comments","_links":{"self":[{"href":"https:\/\/www.laiko.net\/ja\/wp-json\/wp\/v2\/product\/3501","targetHints":{"allow":["GET"]}}],"collection":[{"href":"https:\/\/www.laiko.net\/ja\/wp-json\/wp\/v2\/product"}],"about":[{"href":"https:\/\/www.laiko.net\/ja\/wp-json\/wp\/v2\/types\/product"}],"wp:featuredmedia":[{"embeddable":true,"href":"https:\/\/www.laiko.net\/ja\/wp-json\/wp\/v2\/media\/2813"}],"wp:attachment":[{"href":"https:\/\/www.laiko.net\/ja\/wp-json\/wp\/v2\/media?parent=3501"}],"wp:term":[{"taxonomy":"product_cat","embeddable":true,"href":"https:\/\/www.laiko.net\/ja\/wp-json\/wp\/v2\/product_cat?post=3501"},{"taxonomy":"product_tag","embeddable":true,"href":"https:\/\/www.laiko.net\/ja\/wp-json\/wp\/v2\/product_tag?post=3501"}],"curies":[{"name":"wp","href":"https:\/\/api.w.org\/{rel}","templated":true}]}}