{"id":3768,"date":"2023-10-31T16:41:41","date_gmt":"2023-10-31T08:41:41","guid":{"rendered":"http:\/\/www3.laiko.net\/?post_type=product&#038;p=3768"},"modified":"2023-10-31T16:41:41","modified_gmt":"2023-10-31T08:41:41","slug":"plastic-structured-packing","status":"publish","type":"product","link":"https:\/\/www.laiko.net\/fr\/produit\/emballage-structure-en-plastique\/","title":{"rendered":"Emballage structur\u00e9 en plastique"},"content":{"rendered":"<h2>Param\u00e8tres des emballages structur\u00e9s en plastique<\/h2>\n<div class=\"overflow_x\">\n<table cellspacing=\"0\" cellpadding=\"0\">\n<colgroup>\n<col span=\"7\" \/><\/colgroup>\n<tbody>\n<tr class=\"firstRow\">\n<td rowspan=\"2\" height=\"50\">Type<\/td>\n<td>NT<\/td>\n<td>Surface<\/td>\n<td rowspan=\"2\">Taux de vide (%)<\/td>\n<td>Densit\u00e9 apparente<\/td>\n<td rowspan=\"2\">Charge de liquide (m3\/m2.hn)<\/td>\n<td rowspan=\"2\">Facteur F max. Facteur F m\/s(Kg\/m3)0,5<\/td>\n<\/tr>\n<tr>\n<td>(m-1)<\/td>\n<td>(m2\/m3)<\/td>\n<td>(kg\/m3)<\/td>\n<\/tr>\n<tr>\n<td rowspan=\"2\" height=\"36\">125Y<\/td>\n<td>1&#8211;2<\/td>\n<td>125<\/td>\n<td>98.5<\/td>\n<td>37.5<\/td>\n<td>0.2-100<\/td>\n<td>3<\/td>\n<\/tr>\n<tr>\n<td>2-2.5<\/td>\n<td>250<\/td>\n<td>98.5<\/td>\n<td>37.5<\/td>\n<td>0.2-100<\/td>\n<td>2.6<\/td>\n<\/tr>\n<tr>\n<td rowspan=\"2\" height=\"36\">350Y<\/td>\n<td>3.5-4<\/td>\n<td>350<\/td>\n<td>95<\/td>\n<td>105<\/td>\n<td>0.2-100<\/td>\n<td>2<\/td>\n<\/tr>\n<tr>\n<td>4-4.5<\/td>\n<td>500<\/td>\n<td>95<\/td>\n<td>105<\/td>\n<td>0.2-100<\/td>\n<td>1.8<\/td>\n<\/tr>\n<tr>\n<td rowspan=\"2\" height=\"36\">125X<\/td>\n<td>0.8-0.9<\/td>\n<td>125<\/td>\n<td>98.5<\/td>\n<td>75<\/td>\n<td>0.2-100<\/td>\n<td>3.5<\/td>\n<\/tr>\n<tr>\n<td>1.5-2<\/td>\n<td>250<\/td>\n<td>98.5<\/td>\n<td>75<\/td>\n<td>0.2-100<\/td>\n<td>2.8<\/td>\n<\/tr>\n<tr>\n<td rowspan=\"2\" height=\"36\">350X<\/td>\n<td>2.3-2.8<\/td>\n<td>350<\/td>\n<td>95<\/td>\n<td>105<\/td>\n<td>0.2-100<\/td>\n<td>2.2<\/td>\n<\/tr>\n<tr>\n<td>2.8-3.2<\/td>\n<td>500<\/td>\n<td>95<\/td>\n<td>105<\/td>\n<td>0.2-100<\/td>\n<td>2<\/td>\n<\/tr>\n<tr>\n<td height=\"18\">500X<\/td>\n<td>4.5-5.5<\/td>\n<td>250<\/td>\n<td>93<\/td>\n<td>150<\/td>\n<td>0.2-100<\/td>\n<td>1.8<\/td>\n<\/tr>\n<tr>\n<td height=\"18\">500Y<\/td>\n<td>4\u67085\u65e5<\/td>\n<td>250<\/td>\n<td>93<\/td>\n<td>150<\/td>\n<td>0.2-100<\/td>\n<td>2.1<\/td>\n<\/tr>\n<tr>\n<td height=\"18\">700X<\/td>\n<td>8\u670810\u65e5<\/td>\n<td>350<\/td>\n<td>72<\/td>\n<td>650<\/td>\n<td>0.15-100<\/td>\n<td>1.3<\/td>\n<\/tr>\n<tr>\n<td height=\"18\">700Y<\/td>\n<td>6\u67087\u65e5<\/td>\n<td>350<\/td>\n<td>72<\/td>\n<td>650<\/td>\n<td>0.15-100<\/td>\n<td>2.3<\/td>\n<\/tr>\n<\/tbody>\n<\/table>\n<\/div>\n<h2>Avantages de l'emballage des tours d'\u00e9puration en plastique<\/h2>\n<p>La performance de cette\u00a0<a href=\"https:\/\/www.laiko.net\/products\/structured-packing\/\" target=\"_self\" rel=\"noopener\">emballage structur\u00e9 de la tour<\/a>\u00a0a un taux de ventilation, une faible r\u00e9sistance et une grande \u00e9lasticit\u00e9 de fonctionnement, une grande surface de contact, etc. La pression atmosph\u00e9rique et l'op\u00e9ration de soustraction sont particuli\u00e8rement importantes.<\/p>","protected":false},"excerpt":{"rendered":"<p>La garniture ondul\u00e9e \u00e0 plaque perfor\u00e9e en plastique est fabriqu\u00e9e \u00e0 partir de polypropyl\u00e8ne am\u00e9lior\u00e9 et d'autres mat\u00e9riaux, et ses performances sont similaires \u00e0 celles de la garniture ondul\u00e9e perfor\u00e9e m\u00e9tallique de m\u00eame dimension. La garniture ondul\u00e9e \u00e0 plaque en plastique pr\u00e9sente les avantages suivants : l\u00e9g\u00e8ret\u00e9, taux de transfert de masse, faible chute de pression, grande surface sp\u00e9cifique, facilit\u00e9 de remplacement.<\/p>\n<p>Une large gamme d'emballages structur\u00e9s en plastique est disponible, notamment des emballages en PP, PE, PVC, PVDF, PTFE, etc.<\/p>","protected":false},"featured_media":1234,"template":"","meta":{"_seopress_robots_primary_cat":"","_monsterinsights_skip_tracking":false,"_monsterinsights_sitenote_active":false,"_monsterinsights_sitenote_note":"","_monsterinsights_sitenote_category":0,"_joinchat":[]},"product_cat":[104,82],"product_tag":[],"class_list":["post-3768","product","type-product","status-publish","has-post-thumbnail","hentry","product_cat-plastic-tower-packing","product_cat-structured-packing"],"featured_image_urls":{"full":["https:\/\/www.laiko.net\/wp-content\/uploads\/2023\/10\/frc-0de500de3e91c94b62695b1f6bd9d553.jpg",600,350,false],"thumbnail":["https:\/\/www.laiko.net\/wp-content\/uploads\/2023\/10\/frc-0de500de3e91c94b62695b1f6bd9d553-150x150.jpg",150,150,true],"medium":["https:\/\/www.laiko.net\/wp-content\/uploads\/2023\/10\/frc-0de500de3e91c94b62695b1f6bd9d553-300x175.jpg",300,175,true],"medium_large":["https:\/\/www.laiko.net\/wp-content\/uploads\/2023\/10\/frc-0de500de3e91c94b62695b1f6bd9d553.jpg",600,350,false],"large":["https:\/\/www.laiko.net\/wp-content\/uploads\/2023\/10\/frc-0de500de3e91c94b62695b1f6bd9d553.jpg",600,350,false],"1536x1536":["https:\/\/www.laiko.net\/wp-content\/uploads\/2023\/10\/frc-0de500de3e91c94b62695b1f6bd9d553.jpg",600,350,false],"2048x2048":["https:\/\/www.laiko.net\/wp-content\/uploads\/2023\/10\/frc-0de500de3e91c94b62695b1f6bd9d553.jpg",600,350,false],"trp-custom-language-flag":["https:\/\/www.laiko.net\/wp-content\/uploads\/2023\/10\/frc-0de500de3e91c94b62695b1f6bd9d553.jpg",18,12,false],"woocommerce_thumbnail":["https:\/\/www.laiko.net\/wp-content\/uploads\/2023\/10\/frc-0de500de3e91c94b62695b1f6bd9d553-300x175.jpg",300,175,true],"woocommerce_single":["https:\/\/www.laiko.net\/wp-content\/uploads\/2023\/10\/frc-0de500de3e91c94b62695b1f6bd9d553.jpg",600,350,false],"woocommerce_gallery_thumbnail":["https:\/\/www.laiko.net\/wp-content\/uploads\/2023\/10\/frc-0de500de3e91c94b62695b1f6bd9d553-100x100.jpg",100,100,true]},"post_excerpt_stackable":"<p>Plastic Perforated Plate Corrugated Packing is made of improved polypropylene and the other material, and its performance is similar to the metallic perforated corrugated packing with the same dimension. Plastic plate corrugated packing has the advantage of lightweight, mass transfer rate, low-pressure drop, large specific surface areas, easy change.<\/p>\n<p>A wide range of plastic structured packing available including PP packing, PE packing, PVC packing, PVDF packing, PTFE\u00a0packing, etc.<\/p>\n","category_list":"","author_info":{"name":"","url":""},"comments_num":"0 commentaire","_links":{"self":[{"href":"https:\/\/www.laiko.net\/fr\/wp-json\/wp\/v2\/product\/3768","targetHints":{"allow":["GET"]}}],"collection":[{"href":"https:\/\/www.laiko.net\/fr\/wp-json\/wp\/v2\/product"}],"about":[{"href":"https:\/\/www.laiko.net\/fr\/wp-json\/wp\/v2\/types\/product"}],"wp:featuredmedia":[{"embeddable":true,"href":"https:\/\/www.laiko.net\/fr\/wp-json\/wp\/v2\/media\/1234"}],"wp:attachment":[{"href":"https:\/\/www.laiko.net\/fr\/wp-json\/wp\/v2\/media?parent=3768"}],"wp:term":[{"taxonomy":"product_cat","embeddable":true,"href":"https:\/\/www.laiko.net\/fr\/wp-json\/wp\/v2\/product_cat?post=3768"},{"taxonomy":"product_tag","embeddable":true,"href":"https:\/\/www.laiko.net\/fr\/wp-json\/wp\/v2\/product_tag?post=3768"}],"curies":[{"name":"wp","href":"https:\/\/api.w.org\/{rel}","templated":true}]}}